{"id":2357,"date":"2023-12-14T22:54:06","date_gmt":"2023-12-14T20:54:06","guid":{"rendered":"https:\/\/www.anofm.ro\/contact\/"},"modified":"2026-03-16T14:42:55","modified_gmt":"2026-03-16T12:42:55","slug":"contact","status":"publish","type":"page","link":"https:\/\/www.anofm.ro\/valcea\/contact\/","title":{"rendered":"Contact"},"content":{"rendered":"<style>.kb-row-layout-wrap.wp-block-kadence-rowlayout.kb-row-layout-id2357_d4c9ee-f0{margin-bottom:var(--global-kb-spacing-lg, 3rem);}.kb-row-layout-id2357_d4c9ee-f0 > .kt-row-column-wrap{align-content:start;}:where(.kb-row-layout-id2357_d4c9ee-f0 > .kt-row-column-wrap) > .wp-block-kadence-column{justify-content:start;}.kb-row-layout-id2357_d4c9ee-f0 > .kt-row-column-wrap{column-gap:var(--global-kb-gap-md, 2rem);row-gap:var(--global-kb-gap-none, 0rem );padding-top:var(--global-kb-spacing-sm, 1.5rem);padding-right:var(--global-kb-spacing-sm, 1.5rem);padding-bottom:var(--global-kb-spacing-sm, 1.5rem);padding-left:var(--global-kb-spacing-sm, 1.5rem);grid-template-columns:minmax(0, 1fr);}.kb-row-layout-id2357_d4c9ee-f0{background-color:#f7f7f7;}.kb-row-layout-id2357_d4c9ee-f0 > .kt-row-layout-overlay{opacity:0.30;}@media all and (max-width: 1024px){.kb-row-layout-id2357_d4c9ee-f0 > .kt-row-column-wrap{grid-template-columns:minmax(0, 1fr);}}@media all and (max-width: 767px){.kb-row-layout-id2357_d4c9ee-f0 > .kt-row-column-wrap{grid-template-columns:minmax(0, 1fr);}}<\/style><div class=\"kb-row-layout-wrap kb-row-layout-id2357_d4c9ee-f0 alignnone kt-row-has-bg wp-block-kadence-rowlayout\"><div class=\"kt-row-column-wrap kt-has-1-columns kt-row-layout-equal kt-tab-layout-inherit kt-mobile-layout-row kt-row-valign-top\">\n<style>.kadence-column2357_597541-78 > .kt-inside-inner-col,.kadence-column2357_597541-78 > .kt-inside-inner-col:before{border-top-left-radius:0px;border-top-right-radius:0px;border-bottom-right-radius:0px;border-bottom-left-radius:0px;}.kadence-column2357_597541-78 > .kt-inside-inner-col{column-gap:var(--global-kb-gap-sm, 1rem);}.kadence-column2357_597541-78 > .kt-inside-inner-col{flex-direction:column;}.kadence-column2357_597541-78 > .kt-inside-inner-col > .aligncenter{width:100%;}.kadence-column2357_597541-78 > .kt-inside-inner-col:before{opacity:0.3;}.kadence-column2357_597541-78{position:relative;}@media all and (max-width: 1024px){.kadence-column2357_597541-78 > .kt-inside-inner-col{flex-direction:column;justify-content:center;}}@media all and (max-width: 767px){.kadence-column2357_597541-78 > .kt-inside-inner-col{flex-direction:column;justify-content:center;}}<\/style>\n<div class=\"wp-block-kadence-column kadence-column2357_597541-78\"><div class=\"kt-inside-inner-col\">\n<h2 class=\"wp-block-heading\">\u00centrebarea Dvs. c\u0103tre AJOFM V\u00e2lcea<\/h2>\n\n\n\n<div class=\"wp-block-contact-form-7-contact-form-selector\">\n<div class=\"wpcf7 no-js\" id=\"wpcf7-f3085-o1\" lang=\"ro-RO\" dir=\"ltr\" data-wpcf7-id=\"3085\">\n<div class=\"screen-reader-response\"><p role=\"status\" aria-live=\"polite\" aria-atomic=\"true\"><\/p> <ul><\/ul><\/div>\n<form action=\"\/valcea\/wp-json\/wp\/v2\/pages\/2357#wpcf7-f3085-o1\" method=\"post\" class=\"wpcf7-form init\" aria-label=\"Formular de contact\" novalidate=\"novalidate\" data-status=\"init\">\n<fieldset class=\"hidden-fields-container\"><input type=\"hidden\" name=\"_wpcf7\" value=\"3085\" \/><input type=\"hidden\" name=\"_wpcf7_version\" value=\"6.1.4\" \/><input type=\"hidden\" name=\"_wpcf7_locale\" value=\"ro_RO\" \/><input type=\"hidden\" name=\"_wpcf7_unit_tag\" value=\"wpcf7-f3085-o1\" \/><input type=\"hidden\" name=\"_wpcf7_container_post\" value=\"0\" \/><input type=\"hidden\" name=\"_wpcf7_posted_data_hash\" value=\"\" \/>\n<\/fieldset>\n<p><label> Nume<br \/>\n<span class=\"wpcf7-form-control-wrap\" data-name=\"your-name\"><input size=\"40\" maxlength=\"400\" class=\"wpcf7-form-control wpcf7-text wpcf7-validates-as-required\" autocomplete=\"name\" aria-required=\"true\" aria-invalid=\"false\" value=\"\" type=\"text\" name=\"your-name\" \/><\/span> <\/label>\n<\/p>\n<p><label> Email<br \/>\n<span class=\"wpcf7-form-control-wrap\" data-name=\"your-email\"><input size=\"40\" maxlength=\"400\" class=\"wpcf7-form-control wpcf7-email wpcf7-validates-as-required wpcf7-text wpcf7-validates-as-email\" autocomplete=\"email\" aria-required=\"true\" aria-invalid=\"false\" value=\"\" type=\"email\" name=\"your-email\" \/><\/span> <\/label>\n<\/p>\n<p><label> Telefon<br \/>\n<span class=\"wpcf7-form-control-wrap\" data-name=\"your-phone\"><input size=\"40\" maxlength=\"400\" class=\"wpcf7-form-control wpcf7-tel wpcf7-validates-as-required wpcf7-text wpcf7-validates-as-tel\" aria-required=\"true\" aria-invalid=\"false\" value=\"\" type=\"tel\" name=\"your-phone\" \/><\/span> <\/label>\n<\/p>\n<p><label> Tema<br \/>\n<span class=\"wpcf7-form-control-wrap\" data-name=\"your-subject\"><input size=\"40\" maxlength=\"400\" class=\"wpcf7-form-control wpcf7-text wpcf7-validates-as-required\" aria-required=\"true\" aria-invalid=\"false\" value=\"\" type=\"text\" name=\"your-subject\" \/><\/span> <\/label>\n<\/p>\n<p><label> Intrebare<br \/>\n<span class=\"wpcf7-form-control-wrap\" data-name=\"your-message\"><textarea cols=\"40\" rows=\"10\" maxlength=\"2000\" class=\"wpcf7-form-control wpcf7-textarea\" aria-invalid=\"false\" name=\"your-message\"><\/textarea><\/span> <\/label>\n<\/p>\n<p><input class=\"wpcf7-form-control wpcf7-submit has-spinner\" type=\"submit\" value=\"Trimite\" \/>\n<\/p><div class=\"wpcf7-response-output\" aria-hidden=\"true\"><\/div>\n<\/form>\n<\/div>\n<\/div>\n<\/div><\/div>\n\n<\/div><\/div>\n\n\n<h2 class=\"wp-block-heading\">Date de contact AJOFM<strong> V\u00c2LCEA<\/strong><\/h2>\n\n\n\n<p>Sediul: Rm.V\u00e2lcea, str. Dacia, nr. 8, bloc Transcozia, scara B, etaj II &#8211; III<br>Telefon: 0250.735.608; \u00a0\u00a0 0350.414.835;\u00a0 <br>Fax: 0250.732.757<br>Email: ajofm.vl@anofm.gov.ro\u00a0\u00a0\u00a0\u00a0\u00a0\u00a0\u00a0\u00a0\u00a0\u00a0\u00a0\u00a0\u00a0\u00a0\u00a0\u00a0\u00a0\u00a0\u00a0\u00a0\u00a0\u00a0\u00a0\u00a0\u00a0 <br>Website : www.anofm.ro &#8211; sec\u021biunea &#8222;AJOFM V\u00e2lcea&#8221;<br>Pagina de Facebook: &#8222;AJOFM V\u00e2lcea&#8221;<\/p>\n\n\n\n<h2 class=\"wp-block-heading\">Puncte de lucru AJOFM V\u00e2lcea:<\/h2>\n\n\n\n<p><strong>1)<\/strong>&nbsp; <strong>Agen\u021bia Local\u0103 Rm.V\u00e2lcea<\/strong><\/p>\n\n\n\n<p>&nbsp;&nbsp;&nbsp;&nbsp;&nbsp;&nbsp;Adresa: Rm. V\u00e2lcea, str. Dacia, nr. 8, bloc Transcozia, scara B, etaj III<\/p>\n\n\n\n<p>&nbsp;&nbsp;&nbsp;&nbsp;&nbsp;Persoane de contact: \u0219ef serviciu &#8211; Mihai Marius Cr\u0103ciun;&nbsp;&nbsp; <\/p>\n\n\n\n<p>&nbsp; &nbsp; &nbsp; email: &nbsp;&nbsp; mihai.craciun.vl@anofm.gov.ro;&nbsp;&nbsp;&nbsp;<\/p>\n\n\n\n<p>&nbsp;&nbsp;&nbsp;&nbsp;&nbsp; Telefon: 0250.735.608<\/p>\n\n\n\n<p><strong>2)<\/strong> <strong>Agen\u021bia Local\u0103 Dr\u0103g\u0103\u0219ani<\/strong><\/p>\n\n\n\n<p>\u00a0\u00a0\u00a0\u00a0 Adresa: Dr\u0103g\u0103\u0219ani, Aleea Viitorului, bl. A3, scara A, ap. 2, parter<\/p>\n\n\n\n<p>&nbsp;&nbsp;&nbsp;&nbsp; Persoana de contact : Matei Steliana<\/p>\n\n\n\n<p>&nbsp;&nbsp;&nbsp;&nbsp; email: steliana.matei.vl@anofm.gov.ro<\/p>\n\n\n\n<p>&nbsp;&nbsp;&nbsp;&nbsp; Telefon: 0250.811.733<\/p>\n\n\n\n<p><strong>3)<\/strong> <strong>Agen\u021bia Local\u0103 Horezu<\/strong><\/p>\n\n\n\n<p>&nbsp;&nbsp;&nbsp; Adresa: Horezu, str. Unirii, nr. 3, etaj II<\/p>\n\n\n\n<p>&nbsp;&nbsp; Persoana de contact: Bivolaru Anisoara<\/p>\n\n\n\n<p>&nbsp;&nbsp; email: anisoara.bivolaru.vl@anofm.gov.ro<\/p>\n\n\n\n<p>&nbsp;&nbsp; Telefon: 0250.860.845<\/p>\n\n\n\n<p><strong>4) Punct de Lucru C\u0103lim\u0103ne\u0219ti<\/strong><\/p>\n\n\n\n<p>&nbsp;&nbsp;&nbsp; Adresa: C\u0103lim\u0103ne\u0219ti, str. Calea lui Traian, nr. 540<\/p>\n\n\n\n<p>&nbsp;&nbsp;&nbsp;&nbsp; Persoana de contact: Rizea Ana Irina<\/p>\n\n\n\n<p>&nbsp;&nbsp;&nbsp; email: irina.rizea.vl@anofm.gov.ro<\/p>\n\n\n\n<p>&nbsp;&nbsp;&nbsp; Telefon: 0350.412.425<\/p>\n\n\n\n<p><strong>5) Punct de Lucru Berbe\u0219ti<\/strong><\/p>\n\n\n\n<p>Adresa: Berbe\u0219ti, str. Principal\u0103, nr. 37 (Sediul Departamentului Exploatare Minier\u0103 Berbe\u0219ti)<\/p>\n\n\n\n<p>Persoana de contact: Deaconescu Dorian<\/p>\n\n\n\n<p>email: dorian. deaconescu.vl@anofm.gov.ro<\/p>\n\n\n\n<p>Telefon: 0250.735.608, interior 26<\/p>\n\n\n\n<p><strong>6) Punct de Lucru L\u0103pu\u0219ata<\/strong><\/p>\n\n\n\n<p>Adresa: L\u0103pu\u0219ata, str. Principal\u0103<\/p>\n\n\n\n<p>Persoana de contact: Cotar Lucia<\/p>\n\n\n\n<p>email: lucia.cotar.vl@anofm.gov.ro<\/p>\n\n\n\n<p>telefon: 0250.735.608, interior 26<\/p>\n\n\n\n<h2 class=\"wp-block-heading\">Program de func\u021bionare<\/h2>\n\n\n\n<p>Luni \u2013 Joi: 8<sup>00<\/sup> \u2013 16<sup>30<\/sup><\/p>\n\n\n\n<p>Vineri: 8<sup>00<\/sup> &#8211; 14<sup>00<\/sup><\/p>\n\n\n\n<h2 class=\"wp-block-heading\">Program de audien\u021be:<\/h2>\n\n\n\n<p>Director executiv: Domnul Costel Paul ENE &#8211; Miercuri: 11.00 &#8211; 13.00<\/p>\n\n\n\n<p>Director executiv adjunct: Domnul Ion Marius N\u0102FLIU &#8211; Luni: 09.00 &#8211; 11.00<\/p>\n\n\n\n<p>\u0218ef serviciu Agen\u021bii locale: Domnul Mihai Marius Cr\u0103ciun &#8211; Marti: 11.00 &#8211; 13.00<\/p>\n\n\n\n<p>Compartiment Juridic \u0219i Rela\u021bii cu Publicul: Doamna Pirnea-Voican Ionela-Raluca <\/p>\n\n\n\n<p>&#8211; Vineri: 12.00 &#8211; 14.00<\/p>\n\n\n\n<h2 class=\"wp-block-heading\">Rela\u021bii cu angajatorii (Subven\u021bii)<\/h2>\n\n\n\n<p><strong><u>Persoana responsabil\u0103, rela\u021bii cu angajatorii:<\/u><\/strong><\/p>\n\n\n\n<p>Enache Corina-responsabil rela\u021bii cu angajatorii<br>Adresa: sediu AJOFM V\u00e2lcea, Rm.V\u00e2lcea, str. Dacia, nr.8, etaj III, cam. 308<br>Telefon:0751.217.030<br>Fax: 0250.732.757<br>Email:&nbsp; corina.enache.vl@anofm.gov.ro<\/p>\n\n\n\n<h2 class=\"wp-block-heading\">Peti\u021bii<\/h2>\n\n\n\n<p>Telefon: 0250.735.608; &nbsp;&nbsp; 0350.414.835;&nbsp; <br>Fax: 0250.732.757<br>Email: ajofm.vl@anofm.gov.ro&nbsp;&nbsp;<\/p>\n\n\n\n<h2 class=\"wp-block-heading\">Rela\u021bii cu presa<\/h2>\n\n\n\n<p><strong><u>Persoana desemnat\u0103 rela\u021bia cu presa:<\/u><\/strong><\/p>\n\n\n\n<p>Ciuciulic\u0103 Angelica &#8211; Consilier superior<br>Adresa: sediu AJOFM V\u00e2lcea, Rm.V\u00e2lcea, str. Dacia, nr.8, etaj II<br>Telefon: 0250.735.608<br>Email: angelica.ciuciulica.vl@anofm.gov.ro<\/p>\n\n\n\n<p><\/p>\n\n\n\n<p><\/p>\n","protected":false},"excerpt":{"rendered":"<p>\u00centrebarea Dvs. c\u0103tre AJOFM V\u00e2lcea Date de contact AJOFM V\u00c2LCEA Sediul: Rm.V\u00e2lcea, str. Dacia, nr. 8, bloc Transcozia, scara B, etaj II &#8211; IIITelefon: 0250.735.608; \u00a0\u00a0 0350.414.835;\u00a0 Fax: 0250.732.757Email: ajofm.vl@anofm.gov.ro\u00a0\u00a0\u00a0\u00a0\u00a0\u00a0\u00a0\u00a0\u00a0\u00a0\u00a0\u00a0\u00a0\u00a0\u00a0\u00a0\u00a0\u00a0\u00a0\u00a0\u00a0\u00a0\u00a0\u00a0\u00a0<\/p>\n","protected":false},"author":1,"featured_media":0,"parent":0,"menu_order":1030,"comment_status":"closed","ping_status":"closed","template":"template-parts\/content-with-sidebar.php","meta":{"footnotes":""},"class_list":["post-2357","page","type-page","status-publish","hentry"],"_links":{"self":[{"href":"https:\/\/www.anofm.ro\/valcea\/wp-json\/wp\/v2\/pages\/2357","targetHints":{"allow":["GET"]}}],"collection":[{"href":"https:\/\/www.anofm.ro\/valcea\/wp-json\/wp\/v2\/pages"}],"about":[{"href":"https:\/\/www.anofm.ro\/valcea\/wp-json\/wp\/v2\/types\/page"}],"author":[{"embeddable":true,"href":"https:\/\/www.anofm.ro\/valcea\/wp-json\/wp\/v2\/users\/1"}],"replies":[{"embeddable":true,"href":"https:\/\/www.anofm.ro\/valcea\/wp-json\/wp\/v2\/comments?post=2357"}],"version-history":[{"count":11,"href":"https:\/\/www.anofm.ro\/valcea\/wp-json\/wp\/v2\/pages\/2357\/revisions"}],"predecessor-version":[{"id":6492,"href":"https:\/\/www.anofm.ro\/valcea\/wp-json\/wp\/v2\/pages\/2357\/revisions\/6492"}],"wp:attachment":[{"href":"https:\/\/www.anofm.ro\/valcea\/wp-json\/wp\/v2\/media?parent=2357"}],"curies":[{"name":"wp","href":"https:\/\/api.w.org\/{rel}","templated":true}]}}