{"id":2273,"date":"2023-12-14T23:54:03","date_gmt":"2023-12-14T20:54:03","guid":{"rendered":"https:\/\/www.anofm.ro\/prima-de-activare\/"},"modified":"2024-09-12T18:27:43","modified_gmt":"2024-09-12T15:27:43","slug":"prima-de-activare","status":"publish","type":"page","link":"https:\/\/www.anofm.ro\/valcea\/prima-de-activare\/","title":{"rendered":"Prima de activare"},"content":{"rendered":"\n<p><strong>Prima de activare<\/strong> prev\u0103zut\u0103 de art.73<sup>2<\/sup> din Legea nr.76\/2002 privind sistemul asigur\u0103rilor pentru \u0219omaj \u0219i stimularea ocup\u0103rii for\u021bei de munc\u0103, cu modific\u0103rile \u0219i complet\u0103rile ulterioare<\/p>\n\n\n\n<p>\u0218omerii \u00eenregistra\u0163i la agen\u0163iile pentru ocuparea for\u0163ei de munc\u0103 de cel pu\u0163in 30 de zile, care nu beneficiaz\u0103 de indemniza\u0163ie de \u015fomaj, \u00een situa\u0163ia \u00een care se angajeaz\u0103 cu norm\u0103 \u00eentreag\u0103, pentru o perioad\u0103 mai mare de 3 luni, ulterior datei \u00eenregistr\u0103rii la agen\u0163iile pentru ocuparea for\u0163ei de munc\u0103, beneficiaz\u0103 de o prim\u0103 de activare \u00een valoare de 1.000 lei, neimpozabil\u0103.<\/p>\n\n\n\n<p>Persoanele care beneficiaz\u0103 de prima de activare au dreptul la men\u0163inerea acesteia \u015fi \u00een situa\u0163ia \u00een care, \u00een perioada de 3 luni de la angajare, le \u00eenceteaz\u0103 raportul de munc\u0103 sau de serviciu la primul angajator \u015fi se \u00eencadreaz\u0103, \u00een termen de 30 de zile, la un alt angajator, \u00een acelea\u015fi condi\u0163ii.<\/p>\n\n\n\n<p><strong>Prima de activare se acord\u0103 persoanei care \u00eendepline\u0219te cumulativ urm\u0103toarele condi\u021bii:<\/strong><\/p>\n\n\n\n<ul class=\"wp-block-list\">\n<li>&nbsp;&nbsp;Este \u00eenregistrat\u0103 la agen\u0163ia pentru ocuparea for\u0163ei de munc\u0103 de cel pu\u021bin 30 de zile&nbsp; \u015fi nu beneficieaz\u0103 de indemniza\u0163ie de \u015fomaj<\/li>\n\n\n\n<li>&nbsp;S-a angajat&nbsp;cu norm\u0103 \u00eentreag\u0103, pentru o perioad\u0103&nbsp;&nbsp;mai mare de 3 luni<\/li>\n\n\n\n<li>&nbsp;&nbsp;\u00cen ultimele 12 luni anterioare angaj\u0103rii nu a lucrat la acel angajator<\/li>\n<\/ul>\n\n\n\n<ul class=\"wp-block-list\">\n<li>&nbsp;&nbsp;Nu a beneficiat de prim\u0103 de activare \u00een ultimele 12 luni.<\/li>\n<\/ul>\n\n\n\n<p><strong>Prima de activare se acord\u0103 \u00een dou\u0103 tran\u015fe, astfel:<\/strong><\/p>\n\n\n\n<p>a) o tran\u015f\u0103 egal\u0103 cu 50% din cuantumul stabilit, la data angaj\u0103rii;<\/p>\n\n\n\n<p>b) o tran\u015f\u0103 egal\u0103 cu 50% din cuantumul stabilit, dup\u0103 expirarea perioadei de 3 luni de la angajare.<\/p>\n\n\n\n<p>&nbsp;<br><strong>Nu beneficiaz\u0103 de prima de activare:<\/strong><\/p>\n\n\n\n<p>&nbsp; &nbsp; &nbsp; &nbsp; &nbsp; &nbsp;a) persoanele care se \u00eencadreaz\u0103 \u00een munc\u0103, conform legii, pe perioad\u0103 determinat\u0103 de cel mult 3 luni, iar ulterior \u00eencadr\u0103rii \u00een munc\u0103 se schimb\u0103 durata \u00eencadr\u0103rii \u00een munc\u0103 pe perioad\u0103 determinat\u0103 mai mare de 3 luni sau nedeterminat\u0103;<\/p>\n\n\n\n<p>&nbsp; &nbsp; &nbsp; &nbsp; &nbsp; &nbsp;b) persoanele care se \u00eencadreaz\u0103 \u00een munc\u0103, conform legii, pentru o perioad\u0103 mai mare de 3 luni, \u00een termen de 30 de zile de la data \u00eencet\u0103rii pl\u0103\u0163ii indemniza\u0163iei de \u015fomaj conform art. 44 lit.l) din Legea 76\/2002.<strong><br><\/strong><strong><\/strong><\/p>\n\n\n\n<p><strong>Documente necesare<\/strong><\/p>\n\n\n\n<p>Pentru acordarea primei de activare, persoanele vor depune la agen\u0163ia pentru ocuparea for\u0163ei de munc\u0103 jude\u0163ean\u0103, respectiv a municipiului Bucure\u015fti, unde se afl\u0103 \u00een eviden\u0163\u0103,<strong> \u00een termen de maximum 30 de zile de la data angaj\u0103rii<\/strong>, urm\u0103toarele documente: <strong>:<\/strong><\/p>\n\n\n\n<p>1.&nbsp; Cerere \u2013 conform model \u2013 <a href=\"\/upload\/3245\/Anexa_32_la_norme.doc\"><em>Anexa nr. 32 la norme<\/em><\/a><\/p>\n\n\n\n<p>2.&nbsp; Actul \u00een baza c\u0103rui persoana a fost \u00eencadrat\u0103 \u00een munc\u0103 sau dovada emis\u0103 de angajator \u2013 copie<\/p>\n\n\n\n<p>3.&nbsp; Angajament<\/p>\n\n\n\n<ul class=\"wp-block-list\">\n<li>confom model \u2013 <em><a href=\"\/upload\/3245\/Anexa_33_la_norme.doc\">Anexa nr. 33 la norme<\/a><\/em><\/li>\n<\/ul>\n\n\n\n<p><em>4.&nbsp; <\/em>Declara\u0163ie pe propria r\u0103spundere a angajatorului din care s\u0103 rezulte c\u0103 \u00een ultimele 12 luni anterioare angaj\u0103rii, acesta nu a mai fost \u00een raporturi de munc\u0103 sau de serviciu cu persoana respectiv\u0103<\/p>\n\n\n\n<p><em>5.&nbsp; <\/em>Declara\u0163ie pe proprie r\u0103spundere din care s\u0103 rezulte ca persoana solicitant\u0103 nu a mai beneficiat de prima de activare \u00een ultimele 12 luni anterioare angaj\u0103rii<\/p>\n\n\n\n<p><strong>Depunerea documentelor<\/strong><\/p>\n\n\n\n<p>\u2022&nbsp; Personal \u2013 la sediul agen\u0163iei<\/p>\n\n\n\n<p>\u2022&nbsp; Prin scrisoare recomandat\u0103 cu confirmare de primire<\/p>\n\n\n\n<p>\u2022&nbsp; Prin fax sau e-mail<\/p>\n","protected":false},"excerpt":{"rendered":"<p>Prima de activare prev\u0103zut\u0103 de art.732 din Legea nr.76\/2002 privind sistemul asigur\u0103rilor pentru \u0219omaj \u0219i stimularea ocup\u0103rii for\u021bei de munc\u0103, cu modific\u0103rile \u0219i complet\u0103rile ulterioare \u0218omerii \u00eenregistra\u0163i la agen\u0163iile pentru<\/p>\n","protected":false},"author":1,"featured_media":0,"parent":0,"menu_order":610,"comment_status":"closed","ping_status":"closed","template":"template-parts\/content-with-sidebar.php","meta":{"footnotes":""},"class_list":["post-2273","page","type-page","status-publish","hentry"],"_links":{"self":[{"href":"https:\/\/www.anofm.ro\/valcea\/wp-json\/wp\/v2\/pages\/2273","targetHints":{"allow":["GET"]}}],"collection":[{"href":"https:\/\/www.anofm.ro\/valcea\/wp-json\/wp\/v2\/pages"}],"about":[{"href":"https:\/\/www.anofm.ro\/valcea\/wp-json\/wp\/v2\/types\/page"}],"author":[{"embeddable":true,"href":"https:\/\/www.anofm.ro\/valcea\/wp-json\/wp\/v2\/users\/1"}],"replies":[{"embeddable":true,"href":"https:\/\/www.anofm.ro\/valcea\/wp-json\/wp\/v2\/comments?post=2273"}],"version-history":[{"count":2,"href":"https:\/\/www.anofm.ro\/valcea\/wp-json\/wp\/v2\/pages\/2273\/revisions"}],"predecessor-version":[{"id":4106,"href":"https:\/\/www.anofm.ro\/valcea\/wp-json\/wp\/v2\/pages\/2273\/revisions\/4106"}],"wp:attachment":[{"href":"https:\/\/www.anofm.ro\/valcea\/wp-json\/wp\/v2\/media?parent=2273"}],"curies":[{"name":"wp","href":"https:\/\/api.w.org\/{rel}","templated":true}]}}