{"id":2163,"date":"2023-12-14T22:54:01","date_gmt":"2023-12-14T20:54:01","guid":{"rendered":"https:\/\/www.anofm.ro\/conducere\/"},"modified":"2026-03-05T15:19:50","modified_gmt":"2026-03-05T13:19:50","slug":"conducere","status":"publish","type":"page","link":"https:\/\/www.anofm.ro\/valcea\/conducere\/","title":{"rendered":"Conducere"},"content":{"rendered":"\n<h2 class=\"wp-block-heading\">Conducere<\/h2>\n\n\n\t\t\t\t\t<div class=\"team-member\">\n\t\t\t\t\t\t<div class=\"team-member-details\">\n\n\t\t\t\t\t\t\t\t\t\t\t\t\t\t<h2>\n\t\t\t\t\t\t\t\tCostel Paul Ene\t\t\t\t\t\t\t\t<\/h2>\n\t\t\t\t\t\t\t\t\t\t\t\t\t\t\t\t\t<p class=\"h4\">Director<\/p>\n\t\t\t\t\t\t\t\t\t\n\t\t\t\t\t\t<\/div>\n\t\t\t\t\t<\/div>\n\t\t\t\t\t\t\t\t\t<div class=\"team-member\">\n\t\t\t\t\t\t<div class=\"team-member-details\">\n\n\t\t\t\t\t\t\t\t\t\t\t\t\t\t<h2>\n\t\t\t\t\t\t\t\tIon Marius Nafliu\t\t\t\t\t\t\t\t<\/h2>\n\t\t\t\t\t\t\t\t\t\t\t\t\t\t\t\t\t<p class=\"h4\">Director Adjunct<\/p>\n\t\t\t\t\t\t\t\t\t\n\t\t\t\t\t\t<\/div>\n\t\t\t\t\t<\/div>\n\t\t\t\t\n\n\n<p><a href=\"https:\/\/www.anofm.ro\/valcea\/regulamentul-de-organizare-si-functionare\/\">https:\/\/www.anofm.ro\/valcea\/regulamentul-de-organizare-si-functionare\/<\/a><\/p>\n\n\n\n<h2 class=\"wp-block-heading\">Consiliu consultativ &#8211; 05.03.2026<\/h2>\n\n\n\n<div class=\"file-list-wrap\"><p class=\"h4\">Documente desc\u0103rcabile<\/p><ul class=\"file-list\">\n<li><a href=\"https:\/\/www.anofm.ro\/valcea\/wp-content\/uploads\/sites\/41\/2025\/05\/LEGE-A-202-22-05-2006-privind-organizarea-si-functionarea-Agentiei-Nationale-pentru-Ocuparea-Fortei-de-Munca.pdf\" download>LEGEA-202-22-05-2006-privind-organizarea-si-functionarea-Agentiei-Nationale-pentru-Ocuparea-Fortei-de-Munca.pdf<\/a><\/li>\n<\/ul><\/div>\n\n\n\n<figure class=\"wp-block-table alignleft\"><table><tbody><tr><td><strong>Nr.crt<\/strong><\/td><td><strong>Nume \u015fi prenume<\/strong><\/td><td><strong>Institu\u0163ia reprezentat\u0103<\/strong><\/td><\/tr><tr><td><strong>1.<\/strong><\/td><td>L\u0102STUN BOGDAN-PAUL<\/td><td>CONSILIUL JUDE\u021aEAN V\u00c2LCEA<\/td><\/tr><tr><td><strong>2.<\/strong><\/td><td>CIOBOTOIU ALINA-MIHAELA<\/td><td>INSTITU\u0162IA PREFECTULUI V\u00c2LCEA<\/td><\/tr><tr><td><strong>3.<\/strong><\/td><td>P\u00ceRVU CRISTINA-CORA<\/td><td>AGEN\u021aIA JUDE\u021aEAN\u0102 DE PL\u0102\u021aI \u0218I INSPEC\u021aIE SOCIAL\u0102 V\u00c2LCEA<\/td><\/tr><tr><td><strong>4.<\/strong><\/td><td>ANDREIANU MIHAELA<\/td><td>INSPECTORATUL \u0218COLAR JUDE\u021aEAN V\u00c2LCEA<\/td><\/tr><tr><td><strong>5.<\/strong><\/td><td>STROE DOINA<\/td><td>CENTRUL REGIONAL PENTRU FORMAREA PROFESIONAL\u0102 A ADUL\u021aILOR V\u00c2LCEA<\/td><\/tr><tr><td><strong>6.<\/strong><\/td><td>MARINESCU LUCIAN<\/td><td>CONFEDERA\u021aIA SINDICATELOR DEMOCRATICE DIN ROM\u00c2NIA<\/td><\/tr><tr><td><strong>7.<\/strong><\/td><td>V\u00ceNCEA ION<\/td><td>CONFEDERA\u021aIA NA\u021aIONAL\u0102 SINDICAL\u0102 \u201cCARTEL ALFA\u201d<\/td><\/tr><tr><td><strong>8.<\/strong><\/td><td>POPA FLORIN<\/td><td>CONFEDERA\u021aIA NA\u021aIONAL\u0102 A SINDICATELOR LIBERE DIN ROM\u00c2NIA CNSRL \u201cFR\u0102\u0162IA\u201dCNSLR \u201cFR\u0102\u0162IA\u201d<\/td><\/tr><tr><td><strong>9.<\/strong><\/td><td>CISMARU VIOREL NICOLAE<\/td><td>CONFEDERA\u021aIA NA\u021aIONAL\u0102 A SINDICATELOR LIBERE DIN ROM\u00c2NIA CNSRL \u201cFR\u0102\u0162IA\u201d<\/td><\/tr><tr><td><strong>10.<\/strong><\/td><td>MARIA CONSTANTIN<\/td><td>BLOCUL NA\u021aIONAL SINDICAL<\/td><\/tr><tr><td><strong>11.<\/strong><\/td><td>BL\u0102JAN ADRIAN-NICOLAE<\/td><td>CONFEDERA\u021aIA NA\u021aIONAL\u0102 A \u00ceNTREPRINDERILOR PRIVATE MICI \u0218I MIJLOCII DIN ROM\u00c2NIA<\/td><\/tr><tr><td><strong>12.<\/strong><\/td><td>MIRIC\u0102 ALINA MIHAELA<strong><\/strong><\/td><td>CONFEDERA\u021aIA NA\u021aIONAL\u0102 A \u00ceNTREPRINDERILOR PRIVATE MICI \u0218I MIJLOCII DIN ROM\u00c2NIA<\/td><\/tr><tr><td><strong>13.<\/strong><\/td><td><strong>FAR\u0102 NOMINALIZARE<\/strong><\/td><td>CONFEDERA\u0162IA PATRONAL\u0102 CONCORDIA<\/td><\/tr><tr><td><strong>14.<\/strong><\/td><td><strong>FAR\u0102 NOMINALIZARE<\/strong><\/td><td>CONFEDERA\u0162IA PATRONAL\u0102 CONCORDIA<\/td><\/tr><tr><td><strong>15.<\/strong><\/td><td><strong>FAR\u0102 NOMINALIZARE<\/strong><\/td><td>CONFEDERA\u0162IA PATRONAL\u0102 CONCORDIA<\/td><\/tr><\/tbody><\/table><\/figure>\n\n\n\n<h2 class=\"wp-block-heading\">Agenda de lucru<\/h2>\n\n\n\t\t\t\t<ul class=\"recentcontent\">\n\t\t\t\t\t\t\t\t\t<li>\n\t\t\t\t\t\t<a href=\"https:\/\/www.anofm.ro\/valcea\/agenda-de-lucru-2026\/\">\n\t\t\t\t\t\t\t\t\t\t\t\t\t\t\t<img decoding=\"async\" src=\"https:\/\/www.anofm.ro\/valcea\/wp-content\/plugins\/anofm-custom-post-types\/assets\/images\/placeholder-thumb.png\" alt=\"\">\n\t\t\t\t\t\t\t\t\t\t\t\t\t\t\t\t<p class=\"h4\">AGENDA DE LUCRU 2026<\/p>\n\t\t\t\t\t\t\t\t\t\t\t\t\t\t\t<span>23\/02\/2026<\/span>\n\t\t\t\t\t\t<\/a>\n\t\t\t\t\t<\/li>\n\t\t\t\t\t\t\t\t\t\t<li>\n\t\t\t\t\t\t<a href=\"https:\/\/www.anofm.ro\/valcea\/agenda-de-lucru-2025\/\">\n\t\t\t\t\t\t\t\t\t\t\t\t\t\t\t<img decoding=\"async\" src=\"https:\/\/www.anofm.ro\/valcea\/wp-content\/plugins\/anofm-custom-post-types\/assets\/images\/placeholder-thumb.png\" alt=\"\">\n\t\t\t\t\t\t\t\t\t\t\t\t\t\t\t\t<p class=\"h4\">AGENDA DE LUCRU 2025<\/p>\n\t\t\t\t\t\t\t\t\t\t\t\t\t\t\t<span>28\/05\/2025<\/span>\n\t\t\t\t\t\t<\/a>\n\t\t\t\t\t<\/li>\n\t\t\t\t\t\t\t\t\t<\/ul>\n\t\t\t\t","protected":false},"excerpt":{"rendered":"<p>Conducere https:\/\/www.anofm.ro\/valcea\/regulamentul-de-organizare-si-functionare\/ Consiliu consultativ &#8211; 05.03.2026 Nr.crt Nume \u015fi prenume Institu\u0163ia reprezentat\u0103 1. L\u0102STUN BOGDAN-PAUL CONSILIUL JUDE\u021aEAN V\u00c2LCEA 2. CIOBOTOIU ALINA-MIHAELA INSTITU\u0162IA PREFECTULUI V\u00c2LCEA 3. P\u00ceRVU CRISTINA-CORA AGEN\u021aIA JUDE\u021aEAN\u0102 DE<\/p>\n","protected":false},"author":1,"featured_media":0,"parent":0,"menu_order":60,"comment_status":"closed","ping_status":"closed","template":"template-parts\/content-with-sidebar.php","meta":{"footnotes":""},"class_list":["post-2163","page","type-page","status-publish","hentry"],"_links":{"self":[{"href":"https:\/\/www.anofm.ro\/valcea\/wp-json\/wp\/v2\/pages\/2163","targetHints":{"allow":["GET"]}}],"collection":[{"href":"https:\/\/www.anofm.ro\/valcea\/wp-json\/wp\/v2\/pages"}],"about":[{"href":"https:\/\/www.anofm.ro\/valcea\/wp-json\/wp\/v2\/types\/page"}],"author":[{"embeddable":true,"href":"https:\/\/www.anofm.ro\/valcea\/wp-json\/wp\/v2\/users\/1"}],"replies":[{"embeddable":true,"href":"https:\/\/www.anofm.ro\/valcea\/wp-json\/wp\/v2\/comments?post=2163"}],"version-history":[{"count":12,"href":"https:\/\/www.anofm.ro\/valcea\/wp-json\/wp\/v2\/pages\/2163\/revisions"}],"predecessor-version":[{"id":6465,"href":"https:\/\/www.anofm.ro\/valcea\/wp-json\/wp\/v2\/pages\/2163\/revisions\/6465"}],"wp:attachment":[{"href":"https:\/\/www.anofm.ro\/valcea\/wp-json\/wp\/v2\/media?parent=2163"}],"curies":[{"name":"wp","href":"https:\/\/api.w.org\/{rel}","templated":true}]}}