{"id":2159,"date":"2023-12-14T22:54:01","date_gmt":"2023-12-14T20:54:01","guid":{"rendered":"https:\/\/www.anofm.ro\/misiune\/"},"modified":"2024-01-24T20:48:06","modified_gmt":"2024-01-24T18:48:06","slug":"misiune","status":"publish","type":"page","link":"https:\/\/www.anofm.ro\/valcea\/misiune\/","title":{"rendered":"Misiune"},"content":{"rendered":"\n<p>Agen\u021bia Na\u021bional\u0103 pentru Ocuparea For\u021bei de Munc\u0103 aplic\u0103 politicile \u0219i strategiile privind ocuparea for\u021bei de munc\u0103 \u0219i formarea profesional\u0103 a persoanelor \u00een c\u0103utarea unui loc de munc\u0103, elaborate de Ministerul Muncii \u0219i Justi\u021biei Sociale, \u0219i are urm\u0103toarele obiective principale:<\/p>\n\n\n\n<ul class=\"wp-block-list\">\n<li>stimularea ocup\u0103rii for\u021bei de munc\u0103 \u0219i cre\u0219terea gradului de ocupare a for\u021bei de munc\u0103;<\/li>\n\n\n\n<li>stimularea \u00eencadr\u0103rii tinerilor absolven\u021bi ai institu\u021biilor de \u00eenv\u0103\u021b\u0103m\u00e2nt \u00een cadrul unui proces coerent de tranzi\u021bie de la sistemul educa\u021bional la pia\u021ba muncii;<\/li>\n\n\n\n<li>prevenirea \u0219omajului;<\/li>\n\n\n\n<li>stimularea particip\u0103rii persoanelor aflate \u00een c\u0103utarea unui loc de munc\u0103 la serviciile de formare profesional\u0103 \u0219i de evaluare a competen\u021belor dob\u00e2ndite pe alte c\u0103i decat cele formale;<\/li>\n\n\n\n<li>cre\u015fterea \u015fanselor de ocupare \u015fi a incluziunii sociale a unor categorii de persoane care se confrunt\u0103 cu dificult\u0103\u0163i la \u00eencadrarea \u00een munc\u0103 prin servicii \u015fi m\u0103suri active de stimulare a ocup\u0103rii;<\/li>\n\n\n\n<li>protec\u0163ia persoanelor supuse riscului pierderii locului de munc\u0103 \u00een cadrul sistemului asigur\u0103rilor pentru \u015fomaj;<\/li>\n\n\n\n<li>protec\u0163ia salaria\u0163ilor angajatorilor \u00een stare de insolven\u0163\u0103, \u00een condi\u0163iile prev\u0103zute de Legea nr. 200\/2006 privind constituirea \u015fi utilizarea Fondului de garantare pentru plata crean\u0163elor salariale, cu modific\u0103rile ulterioare;<\/li>\n\n\n\n<li>facilitarea liberei circula\u0163ii a lucr\u0103torilor \u00een statele membre ale Uniunii Europene \u015fi \u00een statele semnatare ale Acordului privind Spa\u0163iul Economic European, precum \u015fi \u00een alte state cu care Rom\u00e2nia a \u00eencheiat tratate, acorduri sau conven\u0163ii.<\/li>\n<\/ul>\n","protected":false},"excerpt":{"rendered":"<p>Agen\u021bia Na\u021bional\u0103 pentru Ocuparea For\u021bei de Munc\u0103 aplic\u0103 politicile \u0219i strategiile privind ocuparea for\u021bei de munc\u0103 \u0219i formarea profesional\u0103 a persoanelor \u00een c\u0103utarea unui loc de munc\u0103, elaborate de Ministerul<\/p>\n","protected":false},"author":1,"featured_media":0,"parent":0,"menu_order":40,"comment_status":"closed","ping_status":"closed","template":"template-parts\/content-with-sidebar.php","meta":{"footnotes":""},"class_list":["post-2159","page","type-page","status-publish","hentry"],"_links":{"self":[{"href":"https:\/\/www.anofm.ro\/valcea\/wp-json\/wp\/v2\/pages\/2159","targetHints":{"allow":["GET"]}}],"collection":[{"href":"https:\/\/www.anofm.ro\/valcea\/wp-json\/wp\/v2\/pages"}],"about":[{"href":"https:\/\/www.anofm.ro\/valcea\/wp-json\/wp\/v2\/types\/page"}],"author":[{"embeddable":true,"href":"https:\/\/www.anofm.ro\/valcea\/wp-json\/wp\/v2\/users\/1"}],"replies":[{"embeddable":true,"href":"https:\/\/www.anofm.ro\/valcea\/wp-json\/wp\/v2\/comments?post=2159"}],"version-history":[{"count":1,"href":"https:\/\/www.anofm.ro\/valcea\/wp-json\/wp\/v2\/pages\/2159\/revisions"}],"predecessor-version":[{"id":3145,"href":"https:\/\/www.anofm.ro\/valcea\/wp-json\/wp\/v2\/pages\/2159\/revisions\/3145"}],"wp:attachment":[{"href":"https:\/\/www.anofm.ro\/valcea\/wp-json\/wp\/v2\/media?parent=2159"}],"curies":[{"name":"wp","href":"https:\/\/api.w.org\/{rel}","templated":true}]}}