{"id":2163,"date":"2023-12-14T22:54:01","date_gmt":"2023-12-14T20:54:01","guid":{"rendered":"https:\/\/www.anofm.ro\/conducere\/"},"modified":"2025-03-25T13:21:05","modified_gmt":"2025-03-25T11:21:05","slug":"conducere","status":"publish","type":"page","link":"https:\/\/www.anofm.ro\/tulcea\/conducere\/","title":{"rendered":"Conducere"},"content":{"rendered":"\n<h2 class=\"wp-block-heading\">Conducere<\/h2>\n\n\n\t\t\t\t\t<div class=\"team-member\">\n\t\t\t\t\t\t<div class=\"team-member-details\">\n\n\t\t\t\t\t\t\t\t\t\t\t\t\t\t<h2>\n\t\t\t\t\t\t\t\tDenusi Cristian\t\t\t\t\t\t\t\t<\/h2>\n\t\t\t\t\t\t\t\t\t\t\t\t\t\t\t\t\t<p class=\"h4\">Director Executiv<\/p>\n\t\t\t\t\t\t\t\t\t\n\t\t\t\t\t\t<\/div>\n\t\t\t\t\t<\/div>\n\t\t\t\t\n\n\n<h2 class=\"wp-block-heading\">Consiliu consultativ<\/h2>\n\n\n\n<figure class=\"wp-block-table alignleft\"><table><tbody><tr><td><strong>Nr. crt.<\/strong><\/td><td><strong>Nume \u0219i prenume<\/strong><\/td><td><strong>Institu\u021bia reprezentat\u0103<\/strong><\/td><\/tr><tr><td>1<\/td><td>LUCA ANCU\u021aA<\/td><td>INSTITU\u021aIA PREFECTULUI TULCEA<\/td><\/tr><tr><td>2<\/td><td>P\u00c2RCIOG CONSTANTIN<\/td><td>CONSILIUL&nbsp; JUDE\u021aEAN&nbsp; TULCEA<\/td><\/tr><tr><td>3<\/td><td>MADAR CIPRIAN<\/td><td>INSPECTORATUL TERITORIAL DE MUNC\u0102<\/td><\/tr><tr><td>4<\/td><td>IORDAN FLOREN\u0162A<\/td><td>AGEN\u0162IA JUDE\u0162EAN\u0102 PENTRU PL\u0102\u021aI \u0218I INSPEC\u0162IE SOCIAL\u0102<\/td><\/tr><tr><td>5<\/td><td>PAVEL VIORICA<\/td><td>INSPECTORATUL \u015eCOLAR JUDE\u021aEAN<\/td><\/tr><tr><td>6<\/td><td>F\u0102R\u0102 NOMINALIZARE<\/td><td>BNS<\/td><\/tr><tr><td>7<\/td><td>CHICIUC MARIA<\/td><td>C.S.D.R.<\/td><\/tr><tr><td>8<\/td><td>MIHAI ROMA<\/td><td>C.N.S.L.R. FR\u0102\u0162IA<\/td><\/tr><tr><td>9<\/td><td>RUSU CORNEL<\/td><td>C.N.S.L.R. FR\u0102\u0162IA<\/td><\/tr><tr><td>10<\/td><td>SOLOMENCU PETRU\u0218<\/td><td>CARTEL ALFA<\/td><\/tr><tr><td>11<\/td><td>HERDA MIOARA<\/td><td>CONFEDERA\u021aIA CONCORDIA<\/td><\/tr><tr><td>12<\/td><td>BERCARU MARIA<\/td><td>CONFEDERA\u021aIA CONCORDIA<\/td><\/tr><tr><td>13<\/td><td>BIZDU STELIAN<\/td><td>C.N.I.P.M.M.R.<\/td><\/tr><tr><td>14<\/td><td>RUSACHE AGORA<\/td><td>C.N.I.P.M.M.R.<\/td><\/tr><tr><td>15<\/td><td>AVRIGEANU SIMONA<\/td><td>C.N.I.P.M.M.R.<\/td><\/tr><\/tbody><\/table><\/figure>\n\n\n\n<h2 class=\"wp-block-heading\">Agenda de lucru<\/h2>\n\n\n\t\t\t\t<ul class=\"recentcontent\">\n\t\t\t\t\t\t\t\t\t<li>\n\t\t\t\t\t\t<a href=\"https:\/\/www.anofm.ro\/tulcea\/agenda-de-lucru-a-conducerii-ajofm-tulcea\/\">\n\t\t\t\t\t\t\t\t\t\t\t\t\t\t\t<img decoding=\"async\" src=\"https:\/\/www.anofm.ro\/tulcea\/wp-content\/plugins\/anofm-custom-post-types\/assets\/images\/placeholder-thumb.png\" alt=\"\">\n\t\t\t\t\t\t\t\t\t\t\t\t\t\t\t\t<p class=\"h4\">Agenda de lucru a conducerii AJOFM Tulcea<\/p>\n\t\t\t\t\t\t\t\t\t\t\t\t\t\t\t<span>21\/11\/2018<\/span>\n\t\t\t\t\t\t<\/a>\n\t\t\t\t\t<\/li>\n\t\t\t\t\t\t\t\t\t<\/ul>\n\t\t\t\t","protected":false},"excerpt":{"rendered":"<p>Conducere Consiliu consultativ Nr. crt. Nume \u0219i prenume Institu\u021bia reprezentat\u0103 1 LUCA ANCU\u021aA INSTITU\u021aIA PREFECTULUI TULCEA 2 P\u00c2RCIOG CONSTANTIN CONSILIUL&nbsp; JUDE\u021aEAN&nbsp; TULCEA 3 MADAR CIPRIAN INSPECTORATUL TERITORIAL DE MUNC\u0102 4<\/p>\n","protected":false},"author":1,"featured_media":0,"parent":0,"menu_order":60,"comment_status":"closed","ping_status":"closed","template":"template-parts\/content-with-sidebar.php","meta":{"footnotes":""},"class_list":["post-2163","page","type-page","status-publish","hentry"],"_links":{"self":[{"href":"https:\/\/www.anofm.ro\/tulcea\/wp-json\/wp\/v2\/pages\/2163","targetHints":{"allow":["GET"]}}],"collection":[{"href":"https:\/\/www.anofm.ro\/tulcea\/wp-json\/wp\/v2\/pages"}],"about":[{"href":"https:\/\/www.anofm.ro\/tulcea\/wp-json\/wp\/v2\/types\/page"}],"author":[{"embeddable":true,"href":"https:\/\/www.anofm.ro\/tulcea\/wp-json\/wp\/v2\/users\/1"}],"replies":[{"embeddable":true,"href":"https:\/\/www.anofm.ro\/tulcea\/wp-json\/wp\/v2\/comments?post=2163"}],"version-history":[{"count":5,"href":"https:\/\/www.anofm.ro\/tulcea\/wp-json\/wp\/v2\/pages\/2163\/revisions"}],"predecessor-version":[{"id":4779,"href":"https:\/\/www.anofm.ro\/tulcea\/wp-json\/wp\/v2\/pages\/2163\/revisions\/4779"}],"wp:attachment":[{"href":"https:\/\/www.anofm.ro\/tulcea\/wp-json\/wp\/v2\/media?parent=2163"}],"curies":[{"name":"wp","href":"https:\/\/api.w.org\/{rel}","templated":true}]}}