{"id":2357,"date":"2023-12-14T22:54:06","date_gmt":"2023-12-14T20:54:06","guid":{"rendered":"https:\/\/www.anofm.ro\/contact\/"},"modified":"2025-05-27T15:13:13","modified_gmt":"2025-05-27T12:13:13","slug":"contact","status":"publish","type":"page","link":"https:\/\/www.anofm.ro\/teleorman\/contact\/","title":{"rendered":"Contact"},"content":{"rendered":"<style>.kb-row-layout-wrap.wp-block-kadence-rowlayout.kb-row-layout-id2357_d4c9ee-f0{margin-bottom:var(--global-kb-spacing-lg, 3rem);}.kb-row-layout-id2357_d4c9ee-f0 > .kt-row-column-wrap{align-content:start;}:where(.kb-row-layout-id2357_d4c9ee-f0 > .kt-row-column-wrap) > .wp-block-kadence-column{justify-content:start;}.kb-row-layout-id2357_d4c9ee-f0 > .kt-row-column-wrap{column-gap:var(--global-kb-gap-md, 2rem);row-gap:var(--global-kb-gap-none, 0rem );padding-top:var(--global-kb-spacing-sm, 1.5rem);padding-right:var(--global-kb-spacing-sm, 1.5rem);padding-bottom:var(--global-kb-spacing-sm, 1.5rem);padding-left:var(--global-kb-spacing-sm, 1.5rem);grid-template-columns:minmax(0, 1fr);}.kb-row-layout-id2357_d4c9ee-f0{background-color:#f7f7f7;}.kb-row-layout-id2357_d4c9ee-f0 > .kt-row-layout-overlay{opacity:0.30;}@media all and (max-width: 1024px){.kb-row-layout-id2357_d4c9ee-f0 > .kt-row-column-wrap{grid-template-columns:minmax(0, 1fr);}}@media all and (max-width: 767px){.kb-row-layout-id2357_d4c9ee-f0 > .kt-row-column-wrap{grid-template-columns:minmax(0, 1fr);}}<\/style><div class=\"kb-row-layout-wrap kb-row-layout-id2357_d4c9ee-f0 alignnone kt-row-has-bg wp-block-kadence-rowlayout\"><div class=\"kt-row-column-wrap kt-has-1-columns kt-row-layout-equal kt-tab-layout-inherit kt-mobile-layout-row kt-row-valign-top\">\n<style>.kadence-column2357_597541-78 > .kt-inside-inner-col,.kadence-column2357_597541-78 > .kt-inside-inner-col:before{border-top-left-radius:0px;border-top-right-radius:0px;border-bottom-right-radius:0px;border-bottom-left-radius:0px;}.kadence-column2357_597541-78 > .kt-inside-inner-col{column-gap:var(--global-kb-gap-sm, 1rem);}.kadence-column2357_597541-78 > .kt-inside-inner-col{flex-direction:column;}.kadence-column2357_597541-78 > .kt-inside-inner-col > .aligncenter{width:100%;}.kadence-column2357_597541-78 > .kt-inside-inner-col:before{opacity:0.3;}.kadence-column2357_597541-78{position:relative;}@media all and (max-width: 1024px){.kadence-column2357_597541-78 > .kt-inside-inner-col{flex-direction:column;justify-content:center;}}@media all and (max-width: 767px){.kadence-column2357_597541-78 > .kt-inside-inner-col{flex-direction:column;justify-content:center;}}<\/style>\n<div class=\"wp-block-kadence-column kadence-column2357_597541-78\"><div class=\"kt-inside-inner-col\">\n<h2 class=\"wp-block-heading\">Intrebarea Dvs. catre AJOFM Teleorman<\/h2>\n\n\n\n<div class=\"wp-block-contact-form-7-contact-form-selector\">\n<div class=\"wpcf7 no-js\" id=\"wpcf7-f3085-o1\" lang=\"ro-RO\" dir=\"ltr\" data-wpcf7-id=\"3085\">\n<div class=\"screen-reader-response\"><p role=\"status\" aria-live=\"polite\" aria-atomic=\"true\"><\/p> <ul><\/ul><\/div>\n<form action=\"\/teleorman\/wp-json\/wp\/v2\/pages\/2357#wpcf7-f3085-o1\" method=\"post\" class=\"wpcf7-form init\" aria-label=\"Formular de contact\" novalidate=\"novalidate\" data-status=\"init\">\n<fieldset class=\"hidden-fields-container\"><input type=\"hidden\" name=\"_wpcf7\" value=\"3085\" \/><input type=\"hidden\" name=\"_wpcf7_version\" value=\"6.1.4\" \/><input type=\"hidden\" name=\"_wpcf7_locale\" value=\"ro_RO\" \/><input type=\"hidden\" name=\"_wpcf7_unit_tag\" value=\"wpcf7-f3085-o1\" \/><input type=\"hidden\" name=\"_wpcf7_container_post\" value=\"0\" \/><input type=\"hidden\" name=\"_wpcf7_posted_data_hash\" value=\"\" \/>\n<\/fieldset>\n<p><label> Nume<br \/>\n<span class=\"wpcf7-form-control-wrap\" data-name=\"your-name\"><input size=\"40\" maxlength=\"400\" class=\"wpcf7-form-control wpcf7-text wpcf7-validates-as-required\" autocomplete=\"name\" aria-required=\"true\" aria-invalid=\"false\" value=\"\" type=\"text\" name=\"your-name\" \/><\/span> <\/label>\n<\/p>\n<p><label> Email<br \/>\n<span class=\"wpcf7-form-control-wrap\" data-name=\"your-email\"><input size=\"40\" maxlength=\"400\" class=\"wpcf7-form-control wpcf7-email wpcf7-validates-as-required wpcf7-text wpcf7-validates-as-email\" autocomplete=\"email\" aria-required=\"true\" aria-invalid=\"false\" value=\"\" type=\"email\" name=\"your-email\" \/><\/span> <\/label>\n<\/p>\n<p><label> Telefon<br \/>\n<span class=\"wpcf7-form-control-wrap\" data-name=\"your-phone\"><input size=\"40\" maxlength=\"400\" class=\"wpcf7-form-control wpcf7-tel wpcf7-validates-as-required wpcf7-text wpcf7-validates-as-tel\" aria-required=\"true\" aria-invalid=\"false\" value=\"\" type=\"tel\" name=\"your-phone\" \/><\/span> <\/label>\n<\/p>\n<p><label> Tema<br \/>\n<span class=\"wpcf7-form-control-wrap\" data-name=\"your-subject\"><input size=\"40\" maxlength=\"400\" class=\"wpcf7-form-control wpcf7-text wpcf7-validates-as-required\" aria-required=\"true\" aria-invalid=\"false\" value=\"\" type=\"text\" name=\"your-subject\" \/><\/span> <\/label>\n<\/p>\n<p><label> Intrebare<br \/>\n<span class=\"wpcf7-form-control-wrap\" data-name=\"your-message\"><textarea cols=\"40\" rows=\"10\" maxlength=\"2000\" class=\"wpcf7-form-control wpcf7-textarea\" aria-invalid=\"false\" name=\"your-message\"><\/textarea><\/span> <\/label>\n<\/p>\n<p><input class=\"wpcf7-form-control wpcf7-submit has-spinner\" type=\"submit\" value=\"Trimite\" \/>\n<\/p><div class=\"wpcf7-response-output\" aria-hidden=\"true\"><\/div>\n<\/form>\n<\/div>\n<\/div>\n<\/div><\/div>\n\n<\/div><\/div>\n\n\n<h2 class=\"wp-block-heading\"><strong>AJOFM Teleorman<\/strong><\/h2>\n\n\n\n<p>Sediu: Jud. Teleorman, Mun. Alexandria, str. Dun\u0103rii, nr.1<br>Telefon: 0247\/310.155, 0247\/312.944, 0247\/315.915<strong><br><\/strong>Fax:&nbsp; 0247\/311.164<strong><br><\/strong>Adresa e-mail: ajofm.tr@anofm.gov.ro<\/p>\n\n\n\n<h2 class=\"wp-block-heading\"><strong>Program de func\u0163ionare<\/strong><\/h2>\n\n\n\n<p>Luni &#8211; Joi:&nbsp; 08.00 &#8211; 16.30<br>Vineri:&nbsp; 08.00 &#8211; 14.00<\/p>\n\n\n\n<h2 class=\"wp-block-heading\">Program de audiente<\/h2>\n\n\n\n<p><strong>Director Executiv: OPREA NELU IONEL<\/strong><\/p>\n\n\n\n<p>Luni &#8211; Joi : 08.00 &#8211; 16.30<br>Vineri : 08.00 &#8211; 14.00<\/p>\n\n\n\n<p><strong>Director Executiv Adjunct: DUMITRASCU LIVIU<\/strong><\/p>\n\n\n\n<p>Luni &#8211; Joi : 08.00 &#8211; 16.30<br>Vineri : 08.00 &#8211; 14.00<\/p>\n\n\n\n<p>Inscrierile se pot face la registratura institutiei sau la numarul de telefon 0247\/310.155<\/p>\n\n\n\n<h2 class=\"wp-block-heading\">Date de contact agentii locale\/puncte de lucru<\/h2>\n\n\n\n<p><strong><a href=\"http:\/\/www.teleorman.anofm.ro\/\"><\/a><a href=\"http:\/\/www.teleorman.anofm.ro\/\"><\/a>Agen\u0163ia local\u0103 Alexandria<\/strong><\/p>\n\n\n\n<p>Str. Dun\u0103rii, nr.1, tel.0247\/312.944; 0247\/315.915, tel\/fax: 0247\/310.155; Responsabil: Telegaru Violeta Stefania<\/p>\n\n\n\n<p><strong>Agen\u0163ia local\u0103 Ro\u015fiori de Vede<\/strong><\/p>\n\n\n\n<p>Str. Dun\u0103rii, bl. D4, et.1, tel.\/fax 0247\/460.320; Responsabil: Dobrescu Sorin<\/p>\n\n\n\n<p><strong>Agen\u0163ia local\u0103 Turnu M\u0103gurele<\/strong><\/p>\n\n\n\n<p>Str. Elena Cuza Vod\u0103, nr. 12, tel.\/fax 0247\/411.559; Responsabil: Neicu\u0163 \u015etefan<\/p>\n\n\n\n<p><strong>Punctul de lucru Zimnicea<\/strong><\/p>\n\n\n\n<p>Str. Calug\u0103reni, bl.10F, sc. A, tel.\/fax 0247\/366.433; Responsabil: Matei Ioana<\/p>\n\n\n\n<p><strong>Punctul de lucru Videle<\/strong><\/p>\n\n\n\n<p>\u015eos. Giurgiului, nr. 21, Complex Stejarul, etaj 1, tel\/fax 0247\/454.326; Responsabil: Vintil\u0103 Florian<\/p>\n\n\n\n<h2 class=\"wp-block-heading\">Relatii cu presa<\/h2>\n\n\n\n<p>Ghirtoi Oana &#8211; consilier superior<br>Compartiment Comunicare \u0219i Secretariatul CC&nbsp;<br>Contact: telefon: 0247\/310155<br>e-mail: oana.ghirtoi.tr@anofm.gov.ro<\/p>\n","protected":false},"excerpt":{"rendered":"<p>Intrebarea Dvs. catre AJOFM Teleorman AJOFM Teleorman Sediu: Jud. Teleorman, Mun. Alexandria, str. Dun\u0103rii, nr.1Telefon: 0247\/310.155, 0247\/312.944, 0247\/315.915Fax:&nbsp; 0247\/311.164Adresa e-mail: ajofm.tr@anofm.gov.ro Program de func\u0163ionare Luni &#8211; Joi:&nbsp; 08.00 &#8211; 16.30Vineri:&nbsp;<\/p>\n","protected":false},"author":1,"featured_media":0,"parent":0,"menu_order":1030,"comment_status":"closed","ping_status":"closed","template":"template-parts\/content-with-sidebar.php","meta":{"footnotes":""},"class_list":["post-2357","page","type-page","status-publish","hentry"],"_links":{"self":[{"href":"https:\/\/www.anofm.ro\/teleorman\/wp-json\/wp\/v2\/pages\/2357","targetHints":{"allow":["GET"]}}],"collection":[{"href":"https:\/\/www.anofm.ro\/teleorman\/wp-json\/wp\/v2\/pages"}],"about":[{"href":"https:\/\/www.anofm.ro\/teleorman\/wp-json\/wp\/v2\/types\/page"}],"author":[{"embeddable":true,"href":"https:\/\/www.anofm.ro\/teleorman\/wp-json\/wp\/v2\/users\/1"}],"replies":[{"embeddable":true,"href":"https:\/\/www.anofm.ro\/teleorman\/wp-json\/wp\/v2\/comments?post=2357"}],"version-history":[{"count":6,"href":"https:\/\/www.anofm.ro\/teleorman\/wp-json\/wp\/v2\/pages\/2357\/revisions"}],"predecessor-version":[{"id":5378,"href":"https:\/\/www.anofm.ro\/teleorman\/wp-json\/wp\/v2\/pages\/2357\/revisions\/5378"}],"wp:attachment":[{"href":"https:\/\/www.anofm.ro\/teleorman\/wp-json\/wp\/v2\/media?parent=2357"}],"curies":[{"name":"wp","href":"https:\/\/api.w.org\/{rel}","templated":true}]}}