{"id":2357,"date":"2023-12-14T22:54:06","date_gmt":"2023-12-14T20:54:06","guid":{"rendered":"https:\/\/www.anofm.ro\/contact\/"},"modified":"2026-03-03T12:48:22","modified_gmt":"2026-03-03T10:48:22","slug":"contact","status":"publish","type":"page","link":"https:\/\/www.anofm.ro\/suceava\/contact\/","title":{"rendered":"Contact"},"content":{"rendered":"<style>.kb-row-layout-wrap.wp-block-kadence-rowlayout.kb-row-layout-id2357_d4c9ee-f0{margin-bottom:var(--global-kb-spacing-lg, 3rem);}.kb-row-layout-id2357_d4c9ee-f0 > .kt-row-column-wrap{align-content:start;}:where(.kb-row-layout-id2357_d4c9ee-f0 > .kt-row-column-wrap) > .wp-block-kadence-column{justify-content:start;}.kb-row-layout-id2357_d4c9ee-f0 > .kt-row-column-wrap{column-gap:var(--global-kb-gap-md, 2rem);row-gap:var(--global-kb-gap-none, 0rem );padding-top:var(--global-kb-spacing-sm, 1.5rem);padding-right:var(--global-kb-spacing-sm, 1.5rem);padding-bottom:var(--global-kb-spacing-sm, 1.5rem);padding-left:var(--global-kb-spacing-sm, 1.5rem);grid-template-columns:minmax(0, 1fr);}.kb-row-layout-id2357_d4c9ee-f0{background-color:#f7f7f7;}.kb-row-layout-id2357_d4c9ee-f0 > .kt-row-layout-overlay{opacity:0.30;}@media all and (max-width: 1024px){.kb-row-layout-id2357_d4c9ee-f0 > .kt-row-column-wrap{grid-template-columns:minmax(0, 1fr);}}@media all and (max-width: 767px){.kb-row-layout-id2357_d4c9ee-f0 > .kt-row-column-wrap{grid-template-columns:minmax(0, 1fr);}}<\/style><div class=\"kb-row-layout-wrap kb-row-layout-id2357_d4c9ee-f0 alignnone kt-row-has-bg wp-block-kadence-rowlayout\"><div class=\"kt-row-column-wrap kt-has-1-columns kt-row-layout-equal kt-tab-layout-inherit kt-mobile-layout-row kt-row-valign-top\">\n<style>.kadence-column2357_597541-78 > .kt-inside-inner-col,.kadence-column2357_597541-78 > .kt-inside-inner-col:before{border-top-left-radius:0px;border-top-right-radius:0px;border-bottom-right-radius:0px;border-bottom-left-radius:0px;}.kadence-column2357_597541-78 > .kt-inside-inner-col{column-gap:var(--global-kb-gap-sm, 1rem);}.kadence-column2357_597541-78 > .kt-inside-inner-col{flex-direction:column;}.kadence-column2357_597541-78 > .kt-inside-inner-col > .aligncenter{width:100%;}.kadence-column2357_597541-78 > .kt-inside-inner-col:before{opacity:0.3;}.kadence-column2357_597541-78{position:relative;}@media all and (max-width: 1024px){.kadence-column2357_597541-78 > .kt-inside-inner-col{flex-direction:column;justify-content:center;}}@media all and (max-width: 767px){.kadence-column2357_597541-78 > .kt-inside-inner-col{flex-direction:column;justify-content:center;}}<\/style>\n<div class=\"wp-block-kadence-column kadence-column2357_597541-78\"><div class=\"kt-inside-inner-col\">\n<h2 class=\"wp-block-heading\">Intrebarea Dvs. catre AJOFM Suceava<\/h2>\n\n\n\n<div class=\"wp-block-contact-form-7-contact-form-selector\">\n<div class=\"wpcf7 no-js\" id=\"wpcf7-f3085-o1\" lang=\"ro-RO\" dir=\"ltr\" data-wpcf7-id=\"3085\">\n<div class=\"screen-reader-response\"><p role=\"status\" aria-live=\"polite\" aria-atomic=\"true\"><\/p> <ul><\/ul><\/div>\n<form action=\"\/suceava\/wp-json\/wp\/v2\/pages\/2357#wpcf7-f3085-o1\" method=\"post\" class=\"wpcf7-form init\" aria-label=\"Formular de contact\" novalidate=\"novalidate\" data-status=\"init\">\n<fieldset class=\"hidden-fields-container\"><input type=\"hidden\" name=\"_wpcf7\" value=\"3085\" \/><input type=\"hidden\" name=\"_wpcf7_version\" value=\"6.1.4\" \/><input type=\"hidden\" name=\"_wpcf7_locale\" value=\"ro_RO\" \/><input type=\"hidden\" name=\"_wpcf7_unit_tag\" value=\"wpcf7-f3085-o1\" \/><input type=\"hidden\" name=\"_wpcf7_container_post\" value=\"0\" \/><input type=\"hidden\" name=\"_wpcf7_posted_data_hash\" value=\"\" \/>\n<\/fieldset>\n<p><label> Nume<br \/>\n<span class=\"wpcf7-form-control-wrap\" data-name=\"your-name\"><input size=\"40\" maxlength=\"400\" class=\"wpcf7-form-control wpcf7-text wpcf7-validates-as-required\" autocomplete=\"name\" aria-required=\"true\" aria-invalid=\"false\" value=\"\" type=\"text\" name=\"your-name\" \/><\/span> <\/label>\n<\/p>\n<p><label> Email<br \/>\n<span class=\"wpcf7-form-control-wrap\" data-name=\"your-email\"><input size=\"40\" maxlength=\"400\" class=\"wpcf7-form-control wpcf7-email wpcf7-validates-as-required wpcf7-text wpcf7-validates-as-email\" autocomplete=\"email\" aria-required=\"true\" aria-invalid=\"false\" value=\"\" type=\"email\" name=\"your-email\" \/><\/span> <\/label>\n<\/p>\n<p><label> Telefon<br \/>\n<span class=\"wpcf7-form-control-wrap\" data-name=\"your-phone\"><input size=\"40\" maxlength=\"400\" class=\"wpcf7-form-control wpcf7-tel wpcf7-validates-as-required wpcf7-text wpcf7-validates-as-tel\" aria-required=\"true\" aria-invalid=\"false\" value=\"\" type=\"tel\" name=\"your-phone\" \/><\/span> <\/label>\n<\/p>\n<p><label> Tema<br \/>\n<span class=\"wpcf7-form-control-wrap\" data-name=\"your-subject\"><input size=\"40\" maxlength=\"400\" class=\"wpcf7-form-control wpcf7-text wpcf7-validates-as-required\" aria-required=\"true\" aria-invalid=\"false\" value=\"\" type=\"text\" name=\"your-subject\" \/><\/span> <\/label>\n<\/p>\n<p><label> Intrebare<br \/>\n<span class=\"wpcf7-form-control-wrap\" data-name=\"your-message\"><textarea cols=\"40\" rows=\"10\" maxlength=\"2000\" class=\"wpcf7-form-control wpcf7-textarea\" aria-invalid=\"false\" name=\"your-message\"><\/textarea><\/span> <\/label>\n<\/p>\n<p><input class=\"wpcf7-form-control wpcf7-submit has-spinner\" type=\"submit\" value=\"Trimite\" \/>\n<\/p><div class=\"wpcf7-response-output\" aria-hidden=\"true\"><\/div>\n<\/form>\n<\/div>\n<\/div>\n<\/div><\/div>\n\n<\/div><\/div>\n\n\n<h2 class=\"wp-block-heading\">Date de contact AJOFM SUCEAVA<\/h2>\n\n\n\n<p>Suceava, str. Tudor Vladimirescu f.n;<br>Telefon:(40)&nbsp; 0230 523279, (40) 0230 523282,&nbsp;0786232447, 0786232448;<br>E-mail: suceava@anofm.gov.ro,&nbsp;ajofm.sv@anofm.gov.ro;<\/p>\n\n\n\n<p>Pagini de internet:<\/p>\n\n\n\n<p><a href=\"http:\/\/www.anofm.ro\/suceava\">www.anofm.ro\/suceava<\/a><br><a href=\"http:\/\/www.facebook.com\/ajofmsuceava\">www.facebook.com\/ajofmsuceava<\/a><br><a href=\"http:\/\/ajofmsuceava.blogspot.com\/\">www.ajofmsuceava.blogspot.com<\/a><\/p>\n\n\n\n<h2 class=\"wp-block-heading\">PROGRAMUL DE FUNC\u0162IONARE AL INSTITU\u0162IEI:<\/h2>\n\n\n\n<p>Luni \u2013 joi: 8.00 \u2013 16.30,<br>Vineri: 8.00 \u2013 14.00,<br>S\u00eemb\u0103t\u0103, Duminic\u0103: \u00eenchis.<\/p>\n\n\n\n<h2 class=\"wp-block-heading\">PROGRAM DE AUDIEN\u0162E:<\/h2>\n\n\n\n<p>Luni \u2013 joi: 8.00 \u2013 16.30,<br>Vineri: 8.00 \u2013 14.00,<br>Pentru&nbsp; \u00eenscriere \u00een audien\u0163e contacta\u0163i secretariatul institu\u0163iei la telefon 0230 523279, int.101.<\/p>\n\n\n\n<h2 class=\"wp-block-heading\">PUNCTELE  DE LUCRU DIN SUBORDINEA AJOFM SUCEAVA<\/h2>\n\n\n\n<p>\u00b7&nbsp;&nbsp;&nbsp;&nbsp;&nbsp;&nbsp;&nbsp;&nbsp;&nbsp;<strong>AGEN\u0162IA LOCAL\u0102 SUCEAVA<\/strong>&nbsp;, str. Tudor vladimirescu f.n., tel. (40)&nbsp; 0230 523279, (40) 0230 523282,&nbsp;0786232447, 0786232448, e-mail:&nbsp; suceava@anofm.gov.ro , ajofm.sv@anofm.gov.ro&nbsp;, web: <a href=\"http:\/\/www.anofm.ro\/suceava\">www.anofm.ro\/suceava<\/a>, <a href=\"http:\/\/www.facebook.com\/ajofmsuceava\">www.facebook.com\/ajofmsuceava<\/a>, <a href=\"http:\/\/ajofmsuceava.blogspot.com\/\">ajofmsuceava.blogspot.com<\/a><\/p>\n\n\n\n<p>\u00b7&nbsp;&nbsp;&nbsp;&nbsp;&nbsp;&nbsp;&nbsp;&nbsp;&nbsp;<strong>PUNCTUL DE LUCRU R\u0102D\u0102U\u0162I<\/strong>,&nbsp;str. \u015etefan cel Mare nr.2, etaj 1, ap.8, tel.\/fax: 0230 561659, e-mail: ajofm.sv@anofm.gov.ro;<\/p>\n\n\n\n<p>\u00b7&nbsp;&nbsp;&nbsp;&nbsp;&nbsp;&nbsp;&nbsp;&nbsp;&nbsp;<strong>PUNCTUL DE LUCRU C\u00ceMPULUNG MOLDOVENESC<\/strong>,&nbsp;str. Sirenei nr.2, etaj 3, tel.: 0230 312519, fax: 0230 313243, e-mail: ajofm.sv@anofm.gov.ro;<\/p>\n\n\n\n<p>\u00b7&nbsp;&nbsp;&nbsp;&nbsp;&nbsp;&nbsp;&nbsp;&nbsp;&nbsp;<strong>PUNCTUL DE LUCRU F\u0102LTICENI<\/strong>,&nbsp;str. Matei Milo nr.4, tel.\/fax: 0230 542160, e-mail: ajofm.sv@anofm.gov.ro;<\/p>\n\n\n\n<p>\u00b7&nbsp;&nbsp;&nbsp;&nbsp;&nbsp;&nbsp;&nbsp;&nbsp;&nbsp;<strong>PUNCTUL DE LUCRU VATRA DORNEI<\/strong>,&nbsp;str. Podu Verde nr.6, tel. 0748141515, e-mail: ajofm.sv@anofm.gov.ro;<\/p>\n\n\n\n<p>\u00b7&nbsp;&nbsp;&nbsp;&nbsp;&nbsp;&nbsp;&nbsp;&nbsp;&nbsp;<strong>PUNCTUL DE LUCRU GURA HUMORULUI<\/strong>,&nbsp;str. Manastirea Humorului nr.5, tel.\/fax: 0230 234403; 0786232446 , e-mail: ajofm.sv@anofm.gov.ro&nbsp;<\/p>\n\n\n\n<p><strong>Responsabil cu protec\u021bia datelor cu caracter personal<\/strong> (Legea 190\/2018)<\/p>\n\n\n\n<p><strong>Tudos\u0103 Alina<\/strong><\/p>\n\n\n\n<p>Contact: Suceava, str.Tudor Vladimirescu f.n.<\/p>\n\n\n\n<p>telefon: (40)\u00a0\u00a00230 523279,<\/p>\n\n\n\n<p>e-mail: alina.tudosa.sv@anofm.gov.ro<\/p>\n\n\n\n<p><\/p>\n\n\n\n<h2 class=\"wp-block-heading\">Purtator de cuvant AJOFM Suceava<\/h2>\n\n\n\n<p><strong>CAPVERDE ANCA<\/strong>, inspector superior comunicare, pres\u0103 \u015fi rela\u0163ii publice<\/p>\n\n\n\n<p>Coordonatele de contact:&nbsp;<\/p>\n\n\n\n<p>Suceava, str. Tudor Vladimirescu f.n,<br>telefon: (40)&nbsp;&nbsp;0230 523279, interior 104;  0786290204<br>pagini de internet:&nbsp;www.anofm.ro\/suceava, www.facebook.com\/ajofmsuceava,&nbsp;<a href=\"http:\/\/ajofmsuceava.blogspot.com\/\">ajofmsuceava.blogspot.com<\/a><br>e-mail: ajofm.sv@anofm.gov.ro&nbsp;<br><\/p>\n\n\n\n<div class=\"file-list-wrap\"><p class=\"h4\">Documente desc\u0103rcabile<\/p><ul class=\"file-list\">\n<li><a href=\"https:\/\/www.anofm.ro\/suceava\/wp-content\/uploads\/sites\/37\/2026\/02\/Formular-acreditare-presa.docx\" download>Formular-acreditare-presa.docx<\/a><\/li>\n<\/ul><\/div>\n","protected":false},"excerpt":{"rendered":"<p>Intrebarea Dvs. catre AJOFM Suceava Date de contact AJOFM SUCEAVA Suceava, str. Tudor Vladimirescu f.n;Telefon:(40)&nbsp; 0230 523279, (40) 0230 523282,&nbsp;0786232447, 0786232448;E-mail: suceava@anofm.gov.ro,&nbsp;ajofm.sv@anofm.gov.ro; Pagini de internet: www.anofm.ro\/suceavawww.facebook.com\/ajofmsuceavawww.ajofmsuceava.blogspot.com PROGRAMUL DE FUNC\u0162IONARE AL<\/p>\n","protected":false},"author":1,"featured_media":0,"parent":0,"menu_order":1030,"comment_status":"closed","ping_status":"closed","template":"template-parts\/content-with-sidebar.php","meta":{"footnotes":""},"class_list":["post-2357","page","type-page","status-publish","hentry"],"_links":{"self":[{"href":"https:\/\/www.anofm.ro\/suceava\/wp-json\/wp\/v2\/pages\/2357","targetHints":{"allow":["GET"]}}],"collection":[{"href":"https:\/\/www.anofm.ro\/suceava\/wp-json\/wp\/v2\/pages"}],"about":[{"href":"https:\/\/www.anofm.ro\/suceava\/wp-json\/wp\/v2\/types\/page"}],"author":[{"embeddable":true,"href":"https:\/\/www.anofm.ro\/suceava\/wp-json\/wp\/v2\/users\/1"}],"replies":[{"embeddable":true,"href":"https:\/\/www.anofm.ro\/suceava\/wp-json\/wp\/v2\/comments?post=2357"}],"version-history":[{"count":13,"href":"https:\/\/www.anofm.ro\/suceava\/wp-json\/wp\/v2\/pages\/2357\/revisions"}],"predecessor-version":[{"id":6257,"href":"https:\/\/www.anofm.ro\/suceava\/wp-json\/wp\/v2\/pages\/2357\/revisions\/6257"}],"wp:attachment":[{"href":"https:\/\/www.anofm.ro\/suceava\/wp-json\/wp\/v2\/media?parent=2357"}],"curies":[{"name":"wp","href":"https:\/\/api.w.org\/{rel}","templated":true}]}}