{"id":2209,"date":"2023-12-14T22:54:02","date_gmt":"2023-12-14T20:54:02","guid":{"rendered":"https:\/\/www.anofm.ro\/lista-documentelor-produse-gestionate\/"},"modified":"2026-02-24T14:27:17","modified_gmt":"2026-02-24T12:27:17","slug":"lista-documentelor-produse-gestionate","status":"publish","type":"page","link":"https:\/\/www.anofm.ro\/suceava\/lista-documentelor-produse-gestionate\/","title":{"rendered":"Lista documentelor produse\/gestionate de AJOFM Suceava"},"content":{"rendered":"\n<p><strong>Lista documentelor produse sau gestionate de AJOFM Suceava<\/strong><\/p>\n\n\n\n<p>-Programul anual de ocupare a for\u021bei de munc\u0103;<\/p>\n\n\n\n<p>-Programul de ocupare a tinerilor cu risc de marginalizare social\u0103;<\/p>\n\n\n\n<p>-Planul anual de formare profesional\u0103;<\/p>\n\n\n\n<p>-Prognoza cursurilor de formare profesional\u0103;<\/p>\n\n\n\n<p>-Situa\u021bia statistic\u0103 a \u0219omajului \u00eenregistrat;<\/p>\n\n\n\n<p>-Situa\u021bia burselor locurilor de munc\u0103 organizate la nivel na\u021bional \u0219i la cererea pie\u021bei muncii;<\/p>\n\n\n\n<p>-Registrul unic de eviden\u021b\u0103 a \u00eentreprinderilor sociale;<\/p>\n\n\n\n<p>-Materiale informative referitoare la activitatea institu\u0163iei, la cadrul legislativ aplicabil, formulare tipizate; &nbsp;<\/p>\n\n\n\n<p>-Raportul anual de activitate;<\/p>\n\n\n\n<p>-Registrul internship;<\/p>\n\n\n\n<p>-Registrul unic de eviden\u0163\u0103 a intreprinderilor sociale;<\/p>\n\n\n\n<p>-Registrul angajatorilor de ucenici;<\/p>\n\n\n\n<p>-Registrul furnizorilor de servicii de ocupare acredita\u0163i;<\/p>\n\n\n\n<p>-Situa\u021bia locurilor de munc\u0103 la nivel local, na\u0163ional \u015fi \u00een Spa\u021biul Economic European prin re\u021beaua EURES;<\/p>\n\n\n\n<p>-Gestionarea ofertelor de munc\u0103, a solicit\u0103rilor de conven\u0163ii din partea angajatorilor \u015fi a CV-urilor persoanelor \u00een c\u0103utarea unui loc de munc\u0103 prin platfoma serviciilor digitale de ocupare PULS (www.puls.anofm.ro);&nbsp;<\/p>\n\n\n\n<p>-Comunicate de pres\u0103, materiale promo\u0163ionale pentru site, social media;<\/p>\n\n\n\n<p>-Raport privind activitatea de mediatizare a institu\u0163iei;<\/p>\n\n\n\n<p>-Protocoale de colaborare cu diferite autorit\u0103\u021bi \u0219i institu\u021bii publice;<\/p>\n\n\n\n<p>-Regulamentul de Organizare \u0219i Func\u021bionare al AJOFM Suceava;<\/p>\n\n\n\n<p>-Documente specifice implement\u0103rii proiectelor finan\u0163ate din POE 2021-2027;<\/p>\n\n\n\n<p>-Documente \u00een vederea angaj\u0103rii, \u00eencet\u0103rii raporturilor de serviciu \u015fi de munc\u0103 \u00een agen\u0163ie, adeverin\u0163e;<\/p>\n\n\n\n<p>-Comunic\u0103ri referitoare la: \u00eencadr\u0103ri, avans\u0103ri, promov\u0103ri, eliber\u0103ri din func\u0163ie, sanc\u0163ion\u0103ri, pension\u0103ri;<\/p>\n\n\n\n<p>-Declara\u021bii de avere\/interese;<\/p>\n\n\n\n<p>-Planul anual de achzi\u021bii publice;<\/p>\n\n\n\n<p>-Buletin informativ \u00eentocmit conform art. 5 alin. (2) din Legea nr. 544\/2001, privind liberul acces la informa\u0163iile de interes public, cu modific\u0103rile \u015fi complet\u0103rile ulterioare;<\/p>\n\n\n\n<p>-R\u0103spunsuri la peti\u0163ii \u015fi cereri de informa\u0163ii publice conform Legii nr.544\/2001;<\/p>\n\n\n\n<p>-Raport anual privind implementarea Legii nr. 544\/2001;<\/p>\n\n\n\n<p>-Registrul cuprinz\u00e2nd cererile \u015fi r\u0103spunsurile la solicit\u0103rile formulate \u00een baza Legii nr. 544\/2001, privind liberul acces la informa\u0163iile de interes public.<\/p>\n\n\n\n<div class=\"file-list-wrap\"><p class=\"h4\">Documente desc\u0103rcabile<\/p><ul class=\"file-list\">\n<li><a href=\"https:\/\/www.anofm.ro\/suceava\/wp-content\/uploads\/sites\/37\/2026\/02\/Lista-documentelor-produse-sau-gestionate-de-AJOFM-Suceava-2026-1.pdf\" download>Lista-documentelor-produse-sau-gestionate-de-AJOFM-Suceava-2026.pdf<\/a><\/li>\n\n\n\n<li><a href=\"https:\/\/www.anofm.ro\/suceava\/wp-content\/uploads\/sites\/37\/2026\/02\/Lista-documentelor-produse-sau-gestionate-de-AJOFM-Suceava-2025-1.pdf\" download>Lista-documentelor-produse-sau-gestionate-de-AJOFM-Suceava-2025.pdf<\/a><\/li>\n<\/ul><\/div>\n\n\n\n<p><\/p>\n\n\n\n<p><\/p>\n\n\n\n<p><\/p>\n\n\n\n<p><\/p>\n","protected":false},"excerpt":{"rendered":"<p>Lista documentelor produse sau gestionate de AJOFM Suceava -Programul anual de ocupare a for\u021bei de munc\u0103; -Programul de ocupare a tinerilor cu risc de marginalizare social\u0103; -Planul anual de formare<\/p>\n","protected":false},"author":1,"featured_media":0,"parent":0,"menu_order":290,"comment_status":"closed","ping_status":"closed","template":"template-parts\/content-with-sidebar.php","meta":{"footnotes":""},"class_list":["post-2209","page","type-page","status-publish","hentry"],"_links":{"self":[{"href":"https:\/\/www.anofm.ro\/suceava\/wp-json\/wp\/v2\/pages\/2209","targetHints":{"allow":["GET"]}}],"collection":[{"href":"https:\/\/www.anofm.ro\/suceava\/wp-json\/wp\/v2\/pages"}],"about":[{"href":"https:\/\/www.anofm.ro\/suceava\/wp-json\/wp\/v2\/types\/page"}],"author":[{"embeddable":true,"href":"https:\/\/www.anofm.ro\/suceava\/wp-json\/wp\/v2\/users\/1"}],"replies":[{"embeddable":true,"href":"https:\/\/www.anofm.ro\/suceava\/wp-json\/wp\/v2\/comments?post=2209"}],"version-history":[{"count":6,"href":"https:\/\/www.anofm.ro\/suceava\/wp-json\/wp\/v2\/pages\/2209\/revisions"}],"predecessor-version":[{"id":6232,"href":"https:\/\/www.anofm.ro\/suceava\/wp-json\/wp\/v2\/pages\/2209\/revisions\/6232"}],"wp:attachment":[{"href":"https:\/\/www.anofm.ro\/suceava\/wp-json\/wp\/v2\/media?parent=2209"}],"curies":[{"name":"wp","href":"https:\/\/api.w.org\/{rel}","templated":true}]}}