{"id":2163,"date":"2023-12-14T22:54:01","date_gmt":"2023-12-14T20:54:01","guid":{"rendered":"https:\/\/www.anofm.ro\/conducere\/"},"modified":"2026-02-24T09:45:37","modified_gmt":"2026-02-24T07:45:37","slug":"conducere","status":"publish","type":"page","link":"https:\/\/www.anofm.ro\/suceava\/conducere\/","title":{"rendered":"Conducere"},"content":{"rendered":"\n<p><strong>Conducere<\/strong><\/p>\n\n\n\n<h2 class=\"wp-block-heading\">Florea Mirela<\/h2>\n\n\n\n<p>Director executiv adjunct<\/p>\n\n\n\n<h2 class=\"wp-block-heading\">Consiliu consultativ<\/h2>\n\n\n\n<figure class=\"wp-block-table alignleft\"><table><tbody><tr><td><strong>Nume \u0219i prenume<\/strong><\/td><td><strong>Institu\u021bia reprezentat\u0103<\/strong><\/td><\/tr><tr><td>FILIP BOGDAN EUGEN&nbsp;&nbsp;&nbsp;&nbsp;<\/td><td>AGEN\u021aIA JUDE\u021aEAN\u0102 DE PL\u0102\u021aI \u0218I INSPEC\u021aIE SOCIAL\u0102 SUCEAVA<\/td><\/tr><tr><td>MACSIM IRINA<\/td><td>CONSILIUL JUDE\u021aEAN SUCEAVA<\/td><\/tr><tr><td>&nbsp;MARCHITAN NARCISA<\/td><td>PRIM\u0102RIA MUNICIPIULUI SUCEAVA<\/td><\/tr><tr><td>MATEI GABRIEL&nbsp;&nbsp;&nbsp;&nbsp;&nbsp;&nbsp;<\/td><td>INSPECTORATUL \u0218COLAR JUDE\u021aEAN SUCEAVA<\/td><\/tr><tr><td>SINESCU FLORIN&nbsp;&nbsp;&nbsp;&nbsp;&nbsp;&nbsp;&nbsp;<\/td><td>PREFECTURA SUCEAVA<\/td><\/tr><tr><td>IRIMIA DUMITRU<\/td><td>CONFEDERATIA SINDICATELOR DEMOCRATICE DIN ROMANIA- CSDR<\/td><\/tr><tr><td>SECRIERU IORD\u0102NEL&nbsp;&nbsp;&nbsp;&nbsp;&nbsp;&nbsp;&nbsp;&nbsp;&nbsp;&nbsp;&nbsp;&nbsp;&nbsp;<\/td><td>BLOCUL NATIONAL SINDICAL<\/td><\/tr><tr><td>BULIGA GABRIEL VASILIC\u0102&nbsp;&nbsp;&nbsp;&nbsp;&nbsp;<\/td><td>CONFEDERATIA NATIONALA A SINDICATELOR LIBERE DIN ROMANIA- \u201eFRATIA\u201d<\/td><\/tr><tr><td>CUSEAC SONIA<\/td><td>CONFEDERATIA NATIONALA SINDICALA \u201eCARTEL ALFA\u201d<\/td><\/tr><tr><td>STRATON MIHAI CEZAR&nbsp; &nbsp;&nbsp;&nbsp;&nbsp;&nbsp;&nbsp;&nbsp;<\/td><td>CONFEDERATIA SINDICALA NATIONALA \u201eMERIDIAN\u201d<\/td><\/tr><tr><td>AGHEORGHICESEI LILIANA<\/td><td>CONSILIUL NA\u021aIONAL AL INTREPRINDERILOR PRIVATE MICI SI MIJLOCII<\/td><\/tr><tr><td>CHIHAI LUMINI\u021aA PAULA<\/td><td>CONSILIUL NA\u021aIONAL AL INTREPRINDERILOR PRIVATE MICI SI MIJLOCII<\/td><\/tr><tr><td>IACOBAN ALEXANDRU<\/td><td>CONSILIUL NA\u021aIONAL AL INTREPRINDERILOR PRIVATE MICI SI MIJLOCII DIN ROM\u00c2NIA<\/td><\/tr><tr><td>MOCANU DAN<\/td><td>CONFEDERA\u021aIA PATRONAL\u0102 \u201dCONCORDIA\u201d<\/td><\/tr><tr><td>NEAM\u021aU IONELA  DANIELA<\/td><td>CONFEDERA\u021aIA PATRONAL\u0102 \u201dCONCORDIA\u201d<\/td><\/tr><\/tbody><\/table><\/figure>\n\n\n\n<h2 class=\"wp-block-heading\">Agenda de lucru<\/h2>\n\n\n\t\t\t\t<ul class=\"recentcontent\">\n\t\t\t\t\t\t\t\t\t<li>\n\t\t\t\t\t\t<a href=\"https:\/\/www.anofm.ro\/suceava\/sesiune-de-informare-si-orientare-in-cariera-a-elevilor-de-la-colegiul-economic-dimitrie-cantemir-suceava\/\">\n\t\t\t\t\t\t\t<img loading=\"lazy\" decoding=\"async\" width=\"150\" height=\"150\" src=\"https:\/\/www.anofm.ro\/suceava\/wp-content\/uploads\/sites\/37\/2026\/01\/622370355_1199053892416560_988261099328334515_n-150x150.jpg\" class=\"attachment-thumbnail size-thumbnail wp-post-image\" alt=\"Sesiune de informare \u0219i orientare \u00een carier\u0103 a elevilor de la Colegiul Economic \u201dDimitrie Cantemir Suceava\u201d\" \/>\t\t\t\t\t\t\t\t<p class=\"h4\">Sesiune de informare \u0219i orientare \u00een carier\u0103 a elevilor de la Colegiul Economic \u201dDimitrie Cantemir Suceava\u201d<\/p>\n\t\t\t\t\t\t\t\t\t\t\t\t\t\t\t<span>28\/01\/2026<\/span>\n\t\t\t\t\t\t<\/a>\n\t\t\t\t\t<\/li>\n\t\t\t\t\t\t\t\t\t\t<li>\n\t\t\t\t\t\t<a href=\"https:\/\/www.anofm.ro\/suceava\/oferte-de-munca-in-spania-mediate-prin-reteaua-eures\/\">\n\t\t\t\t\t\t\t<img loading=\"lazy\" decoding=\"async\" width=\"150\" height=\"150\" src=\"https:\/\/www.anofm.ro\/suceava\/wp-content\/uploads\/sites\/37\/2025\/10\/Postare-locuri-Spania-150x150.jpg\" class=\"attachment-thumbnail size-thumbnail wp-post-image\" alt=\"\" \/>\t\t\t\t\t\t\t\t<p class=\"h4\">Oferte de munc\u0103 \u00een Spania mediate prin re\u021beaua EURES<\/p>\n\t\t\t\t\t\t\t\t\t\t\t\t\t\t\t<span>27\/10\/2025<\/span>\n\t\t\t\t\t\t<\/a>\n\t\t\t\t\t<\/li>\n\t\t\t\t\t\t\t\t\t\t<li>\n\t\t\t\t\t\t<a href=\"https:\/\/www.anofm.ro\/suceava\/lansarea-oficiala-a-proiectului-tin-center-centre-pentru-tinerii-neets-din-suceava\/\">\n\t\t\t\t\t\t\t<img loading=\"lazy\" decoding=\"async\" width=\"150\" height=\"150\" src=\"https:\/\/www.anofm.ro\/suceava\/wp-content\/uploads\/sites\/37\/2025\/09\/8-150x150.jpg\" class=\"attachment-thumbnail size-thumbnail wp-post-image\" alt=\"\" \/>\t\t\t\t\t\t\t\t<p class=\"h4\">Lansarea oficial\u0103 a Proiectului  TIN CENTER -Centre pentru tinerii NEETs din Suceava<\/p>\n\t\t\t\t\t\t\t\t\t\t\t\t\t\t\t<span>17\/09\/2025<\/span>\n\t\t\t\t\t\t<\/a>\n\t\t\t\t\t<\/li>\n\t\t\t\t\t\t\t\t\t\t<li>\n\t\t\t\t\t\t<a href=\"https:\/\/www.anofm.ro\/suceava\/bursa-absolventilor\/\">\n\t\t\t\t\t\t\t<img loading=\"lazy\" decoding=\"async\" width=\"150\" height=\"150\" src=\"https:\/\/www.anofm.ro\/suceava\/wp-content\/uploads\/sites\/37\/2025\/09\/Afis-Bursa-absolventilor-2025-150x150.jpeg\" class=\"attachment-thumbnail size-thumbnail wp-post-image\" alt=\"\" \/>\t\t\t\t\t\t\t\t<p class=\"h4\">Bursa Absolven\u021bilor din 10 octombrie 2025<\/p>\n\t\t\t\t\t\t\t\t\t\t\t\t\t\t\t<span>16\/09\/2025<\/span>\n\t\t\t\t\t\t<\/a>\n\t\t\t\t\t<\/li>\n\t\t\t\t\t\t\t\t\t\t<li>\n\t\t\t\t\t\t<a href=\"https:\/\/www.anofm.ro\/suceava\/intalnire-de-lucru-in-cadrul-proiectului-tin-center-suceava\/\">\n\t\t\t\t\t\t\t<img loading=\"lazy\" decoding=\"async\" width=\"150\" height=\"150\" src=\"https:\/\/www.anofm.ro\/suceava\/wp-content\/uploads\/sites\/37\/2025\/09\/546624497_1301522701769540_7501115391798277184_n-150x150.jpg\" class=\"attachment-thumbnail size-thumbnail wp-post-image\" alt=\"\" \/>\t\t\t\t\t\t\t\t<p class=\"h4\">\u00cent\u00e2lnire de lucru \u00een cadrul Proiectului Tin Center Suceava<\/p>\n\t\t\t\t\t\t\t\t\t\t\t\t\t\t\t<span>11\/09\/2025<\/span>\n\t\t\t\t\t\t<\/a>\n\t\t\t\t\t<\/li>\n\t\t\t\t\t\t\t\t\t\t<li>\n\t\t\t\t\t\t<a href=\"https:\/\/www.anofm.ro\/suceava\/sesiune-de-informare-conditii-de-munca-si-viata-in-spania\/\">\n\t\t\t\t\t\t\t<img loading=\"lazy\" decoding=\"async\" width=\"150\" height=\"150\" src=\"https:\/\/www.anofm.ro\/suceava\/wp-content\/uploads\/sites\/37\/2025\/05\/poza-150x150.jpg\" class=\"attachment-thumbnail size-thumbnail wp-post-image\" alt=\"\" \/>\t\t\t\t\t\t\t\t<p class=\"h4\">Sesiune de informare \u201dCondi\u021bii de munc\u0103 \u0219i via\u021b\u0103 \u00een Spania\u201d<\/p>\n\t\t\t\t\t\t\t\t\t\t\t\t\t\t\t<span>26\/05\/2025<\/span>\n\t\t\t\t\t\t<\/a>\n\t\t\t\t\t<\/li>\n\t\t\t\t\t\t\t\t\t\t<li>\n\t\t\t\t\t\t<a href=\"https:\/\/www.anofm.ro\/suceava\/bursa-generala-a-locurilor-de-munca-23-05-2025\/\">\n\t\t\t\t\t\t\t<img loading=\"lazy\" decoding=\"async\" width=\"150\" height=\"150\" src=\"https:\/\/www.anofm.ro\/suceava\/wp-content\/uploads\/sites\/37\/2025\/04\/bursa-generala-150x150.jpeg\" class=\"attachment-thumbnail size-thumbnail wp-post-image\" alt=\"\" \/>\t\t\t\t\t\t\t\t<p class=\"h4\">Bursa General\u0103 a Locurilor de Munc\u0103 23.05.2025<\/p>\n\t\t\t\t\t\t\t\t\t\t\t\t\t\t\t<span>29\/04\/2025<\/span>\n\t\t\t\t\t\t<\/a>\n\t\t\t\t\t<\/li>\n\t\t\t\t\t\t\t\t\t\t<li>\n\t\t\t\t\t\t<a href=\"https:\/\/www.anofm.ro\/suceava\/buletin-informativ-un-viitor-construit-impreuna\/\">\n\t\t\t\t\t\t\t<img loading=\"lazy\" decoding=\"async\" width=\"150\" height=\"150\" src=\"https:\/\/www.anofm.ro\/suceava\/wp-content\/uploads\/sites\/37\/2025\/04\/1-150x150.jpg\" class=\"attachment-thumbnail size-thumbnail wp-post-image\" alt=\"\" \/>\t\t\t\t\t\t\t\t<p class=\"h4\">Buletin informativ &#8211; Un viitor construit \u00eempreun\u0103<\/p>\n\t\t\t\t\t\t\t\t\t\t\t\t\t\t\t<span>15\/04\/2025<\/span>\n\t\t\t\t\t\t<\/a>\n\t\t\t\t\t<\/li>\n\t\t\t\t\t\t\t\t\t\t<li>\n\t\t\t\t\t\t<a href=\"https:\/\/www.anofm.ro\/suceava\/masa-rotunda-invizibilii-in-prim-plan-incluziunea-sociala-si-profesionala-a-categoriilor\/\">\n\t\t\t\t\t\t\t<img loading=\"lazy\" decoding=\"async\" width=\"150\" height=\"150\" src=\"https:\/\/www.anofm.ro\/suceava\/wp-content\/uploads\/sites\/37\/2025\/04\/2-150x150.jpeg\" class=\"attachment-thumbnail size-thumbnail wp-post-image\" alt=\"\" \/>\t\t\t\t\t\t\t\t<p class=\"h4\">Masa rotund\u0103   \u201dInvizibilii \u00een prim-plan                                                                                                Incluziunea social\u0103 \u0219i profesional\u0103 a categoriilor        vulnerabile\u201d<\/p>\n\t\t\t\t\t\t\t\t\t\t\t\t\t\t\t<span>04\/04\/2025<\/span>\n\t\t\t\t\t\t<\/a>\n\t\t\t\t\t<\/li>\n\t\t\t\t\t\t\t\t\t\t<li>\n\t\t\t\t\t\t<a href=\"https:\/\/www.anofm.ro\/suceava\/vizita-inopinata-a-secretarului-general-al-anofm-sansa-unui-dialog-direct\/\">\n\t\t\t\t\t\t\t<img loading=\"lazy\" decoding=\"async\" width=\"150\" height=\"150\" src=\"https:\/\/www.anofm.ro\/suceava\/wp-content\/uploads\/sites\/37\/2025\/01\/Vizita-inopinata-a-secretarului-General-al-ANOFM-sansa-unui-dialog-direct-4-150x150.jpg\" class=\"attachment-thumbnail size-thumbnail wp-post-image\" alt=\"\" \/>\t\t\t\t\t\t\t\t<p class=\"h4\">Vizita inopinat\u0103 a Secretarului General al ANOFM-\u0219ansa unui dialog direct<\/p>\n\t\t\t\t\t\t\t\t\t\t\t\t\t\t\t<span>29\/01\/2025<\/span>\n\t\t\t\t\t\t<\/a>\n\t\t\t\t\t<\/li>\n\t\t\t\t\t\t\t\t\t<\/ul>\n\t\t\t\t\n\n\n<figure class=\"wp-block-image size-large is-resized\"><img loading=\"lazy\" decoding=\"async\" width=\"1024\" height=\"768\" src=\"https:\/\/www.anofm.ro\/suceava\/wp-content\/uploads\/sites\/37\/2026\/01\/622370355_1199053892416560_988261099328334515_n-1024x768.jpg\" alt=\"Sesiune de informare \u0219i orientare \u00een carier\u0103 a elevilor de la Colegiul Economic \u201dDimitrie Cantemir Suceava\u201d\" class=\"wp-image-5938\" style=\"aspect-ratio:1.3333416007341452;width:110px;height:auto\" srcset=\"https:\/\/www.anofm.ro\/suceava\/wp-content\/uploads\/sites\/37\/2026\/01\/622370355_1199053892416560_988261099328334515_n-1024x768.jpg 1024w, https:\/\/www.anofm.ro\/suceava\/wp-content\/uploads\/sites\/37\/2026\/01\/622370355_1199053892416560_988261099328334515_n-516x387.jpg 516w, https:\/\/www.anofm.ro\/suceava\/wp-content\/uploads\/sites\/37\/2026\/01\/622370355_1199053892416560_988261099328334515_n-768x576.jpg 768w, https:\/\/www.anofm.ro\/suceava\/wp-content\/uploads\/sites\/37\/2026\/01\/622370355_1199053892416560_988261099328334515_n-1536x1152.jpg 1536w, https:\/\/www.anofm.ro\/suceava\/wp-content\/uploads\/sites\/37\/2026\/01\/622370355_1199053892416560_988261099328334515_n.jpg 1600w\" sizes=\"auto, (max-width: 1024px) 100vw, 1024px\" \/><\/figure>\n\n\n\n<p><strong>Sesiune de informare \u0219i orientare \u00een carier\u0103 a elevilor de la Colegiul Economic \u201dDimitrie Cantemir Suceava\u201d<\/strong><\/p>\n","protected":false},"excerpt":{"rendered":"<p>Conducere Florea Mirela Director executiv adjunct Consiliu consultativ Nume \u0219i prenume Institu\u021bia reprezentat\u0103 FILIP BOGDAN EUGEN&nbsp;&nbsp;&nbsp;&nbsp; AGEN\u021aIA JUDE\u021aEAN\u0102 DE PL\u0102\u021aI \u0218I INSPEC\u021aIE SOCIAL\u0102 SUCEAVA MACSIM IRINA CONSILIUL JUDE\u021aEAN SUCEAVA &nbsp;MARCHITAN<\/p>\n","protected":false},"author":1,"featured_media":5938,"parent":0,"menu_order":60,"comment_status":"closed","ping_status":"closed","template":"template-parts\/content-with-sidebar.php","meta":{"footnotes":""},"class_list":["post-2163","page","type-page","status-publish","has-post-thumbnail","hentry"],"_links":{"self":[{"href":"https:\/\/www.anofm.ro\/suceava\/wp-json\/wp\/v2\/pages\/2163","targetHints":{"allow":["GET"]}}],"collection":[{"href":"https:\/\/www.anofm.ro\/suceava\/wp-json\/wp\/v2\/pages"}],"about":[{"href":"https:\/\/www.anofm.ro\/suceava\/wp-json\/wp\/v2\/types\/page"}],"author":[{"embeddable":true,"href":"https:\/\/www.anofm.ro\/suceava\/wp-json\/wp\/v2\/users\/1"}],"replies":[{"embeddable":true,"href":"https:\/\/www.anofm.ro\/suceava\/wp-json\/wp\/v2\/comments?post=2163"}],"version-history":[{"count":13,"href":"https:\/\/www.anofm.ro\/suceava\/wp-json\/wp\/v2\/pages\/2163\/revisions"}],"predecessor-version":[{"id":6204,"href":"https:\/\/www.anofm.ro\/suceava\/wp-json\/wp\/v2\/pages\/2163\/revisions\/6204"}],"wp:featuredmedia":[{"embeddable":true,"href":"https:\/\/www.anofm.ro\/suceava\/wp-json\/wp\/v2\/media\/5938"}],"wp:attachment":[{"href":"https:\/\/www.anofm.ro\/suceava\/wp-json\/wp\/v2\/media?parent=2163"}],"curies":[{"name":"wp","href":"https:\/\/api.w.org\/{rel}","templated":true}]}}