{"id":2357,"date":"2023-12-14T22:54:06","date_gmt":"2023-12-14T20:54:06","guid":{"rendered":"https:\/\/www.anofm.ro\/contact\/"},"modified":"2026-03-03T15:07:34","modified_gmt":"2026-03-03T13:07:34","slug":"contact","status":"publish","type":"page","link":"https:\/\/www.anofm.ro\/sibiu\/contact\/","title":{"rendered":"Contact"},"content":{"rendered":"<style>.kb-row-layout-wrap.wp-block-kadence-rowlayout.kb-row-layout-id2357_d4c9ee-f0{margin-bottom:var(--global-kb-spacing-lg, 3rem);}.kb-row-layout-id2357_d4c9ee-f0 > .kt-row-column-wrap{align-content:start;}:where(.kb-row-layout-id2357_d4c9ee-f0 > .kt-row-column-wrap) > .wp-block-kadence-column{justify-content:start;}.kb-row-layout-id2357_d4c9ee-f0 > .kt-row-column-wrap{column-gap:var(--global-kb-gap-md, 2rem);row-gap:var(--global-kb-gap-none, 0rem );padding-top:var(--global-kb-spacing-sm, 1.5rem);padding-right:var(--global-kb-spacing-sm, 1.5rem);padding-bottom:var(--global-kb-spacing-sm, 1.5rem);padding-left:var(--global-kb-spacing-sm, 1.5rem);grid-template-columns:minmax(0, 1fr);}.kb-row-layout-id2357_d4c9ee-f0{background-color:#f7f7f7;}.kb-row-layout-id2357_d4c9ee-f0 > .kt-row-layout-overlay{opacity:0.30;}@media all and (max-width: 1024px){.kb-row-layout-id2357_d4c9ee-f0 > .kt-row-column-wrap{grid-template-columns:minmax(0, 1fr);}}@media all and (max-width: 767px){.kb-row-layout-id2357_d4c9ee-f0 > .kt-row-column-wrap{grid-template-columns:minmax(0, 1fr);}}<\/style><div class=\"kb-row-layout-wrap kb-row-layout-id2357_d4c9ee-f0 alignnone kt-row-has-bg wp-block-kadence-rowlayout\"><div class=\"kt-row-column-wrap kt-has-1-columns kt-row-layout-equal kt-tab-layout-inherit kt-mobile-layout-row kt-row-valign-top\">\n<style>.kadence-column2357_597541-78 > .kt-inside-inner-col,.kadence-column2357_597541-78 > .kt-inside-inner-col:before{border-top-left-radius:0px;border-top-right-radius:0px;border-bottom-right-radius:0px;border-bottom-left-radius:0px;}.kadence-column2357_597541-78 > .kt-inside-inner-col{column-gap:var(--global-kb-gap-sm, 1rem);}.kadence-column2357_597541-78 > .kt-inside-inner-col{flex-direction:column;}.kadence-column2357_597541-78 > .kt-inside-inner-col > .aligncenter{width:100%;}.kadence-column2357_597541-78 > .kt-inside-inner-col:before{opacity:0.3;}.kadence-column2357_597541-78{position:relative;}@media all and (max-width: 1024px){.kadence-column2357_597541-78 > .kt-inside-inner-col{flex-direction:column;justify-content:center;}}@media all and (max-width: 767px){.kadence-column2357_597541-78 > .kt-inside-inner-col{flex-direction:column;justify-content:center;}}<\/style>\n<div class=\"wp-block-kadence-column kadence-column2357_597541-78\"><div class=\"kt-inside-inner-col\">\n<h2 class=\"wp-block-heading\">Intrebarea Dvs. catre AJOFM Sibiu<\/h2>\n\n\n\n<div class=\"wp-block-contact-form-7-contact-form-selector\">\n<div class=\"wpcf7 no-js\" id=\"wpcf7-f3085-o1\" lang=\"ro-RO\" dir=\"ltr\" data-wpcf7-id=\"3085\">\n<div class=\"screen-reader-response\"><p role=\"status\" aria-live=\"polite\" aria-atomic=\"true\"><\/p> <ul><\/ul><\/div>\n<form action=\"\/sibiu\/wp-json\/wp\/v2\/pages\/2357#wpcf7-f3085-o1\" method=\"post\" class=\"wpcf7-form init\" aria-label=\"Formular de contact\" novalidate=\"novalidate\" data-status=\"init\">\n<fieldset class=\"hidden-fields-container\"><input type=\"hidden\" name=\"_wpcf7\" value=\"3085\" \/><input type=\"hidden\" name=\"_wpcf7_version\" value=\"6.1.4\" \/><input type=\"hidden\" name=\"_wpcf7_locale\" value=\"ro_RO\" \/><input type=\"hidden\" name=\"_wpcf7_unit_tag\" value=\"wpcf7-f3085-o1\" \/><input type=\"hidden\" name=\"_wpcf7_container_post\" value=\"0\" \/><input type=\"hidden\" name=\"_wpcf7_posted_data_hash\" value=\"\" \/>\n<\/fieldset>\n<p><label> Nume<br \/>\n<span class=\"wpcf7-form-control-wrap\" data-name=\"your-name\"><input size=\"40\" maxlength=\"400\" class=\"wpcf7-form-control wpcf7-text wpcf7-validates-as-required\" autocomplete=\"name\" aria-required=\"true\" aria-invalid=\"false\" value=\"\" type=\"text\" name=\"your-name\" \/><\/span> <\/label>\n<\/p>\n<p><label> Email<br \/>\n<span class=\"wpcf7-form-control-wrap\" data-name=\"your-email\"><input size=\"40\" maxlength=\"400\" class=\"wpcf7-form-control wpcf7-email wpcf7-validates-as-required wpcf7-text wpcf7-validates-as-email\" autocomplete=\"email\" aria-required=\"true\" aria-invalid=\"false\" value=\"\" type=\"email\" name=\"your-email\" \/><\/span> <\/label>\n<\/p>\n<p><label> Telefon<br \/>\n<span class=\"wpcf7-form-control-wrap\" data-name=\"your-phone\"><input size=\"40\" maxlength=\"400\" class=\"wpcf7-form-control wpcf7-tel wpcf7-validates-as-required wpcf7-text wpcf7-validates-as-tel\" aria-required=\"true\" aria-invalid=\"false\" value=\"\" type=\"tel\" name=\"your-phone\" \/><\/span> <\/label>\n<\/p>\n<p><label> Tema<br \/>\n<span class=\"wpcf7-form-control-wrap\" data-name=\"your-subject\"><input size=\"40\" maxlength=\"400\" class=\"wpcf7-form-control wpcf7-text wpcf7-validates-as-required\" aria-required=\"true\" aria-invalid=\"false\" value=\"\" type=\"text\" name=\"your-subject\" \/><\/span> <\/label>\n<\/p>\n<p><label> Intrebare<br \/>\n<span class=\"wpcf7-form-control-wrap\" data-name=\"your-message\"><textarea cols=\"40\" rows=\"10\" maxlength=\"2000\" class=\"wpcf7-form-control wpcf7-textarea\" aria-invalid=\"false\" name=\"your-message\"><\/textarea><\/span> <\/label>\n<\/p>\n<p><input class=\"wpcf7-form-control wpcf7-submit has-spinner\" type=\"submit\" value=\"Trimite\" \/>\n<\/p><div class=\"wpcf7-response-output\" aria-hidden=\"true\"><\/div>\n<\/form>\n<\/div>\n<\/div>\n<\/div><\/div>\n\n<\/div><\/div>\n\n\n<h2 class=\"wp-block-heading\"><strong>Agen\u0163ia Jude\u0163ean\u0103 pentru Ocuparea For\u0163ei de Munc\u0103 Sibiu&nbsp;<\/strong><\/h2>\n\n\n\n<p>Sibiu, str. Morilor nr. 51 A<br>Nr. telefon: 0269.210.882<br>Nr. fax: 0269.230.089<br>E-mail: <a href=\"mailto:ajofm.sb@anofm.gov.ro\">ajofm.sb@anofm.gov.ro<\/a> &nbsp;<br>Pagina WEB: <a href=\"https:\/\/www.anofm.ro\/sibiu\/\">https:\/\/www.anofm.ro\/sibiu\/<\/a><\/p>\n\n\n\n<p><strong>Solicitari\/petitii online<\/strong>: e-mail: <a href=\"mailto:adriana.vecerdea.sb@anofm.gov.ro\">adriana.vecerdea.sb@anofm.gov.ro<\/a>; telefon: 0269\/210882 int.225<\/p>\n\n\n\n<div class=\"wp-block-group\"><div class=\"wp-block-group__inner-container is-layout-constrained wp-block-group-is-layout-constrained\">\n<div class=\"wp-block-group\"><div class=\"wp-block-group__inner-container is-layout-constrained wp-block-group-is-layout-constrained\">\n<p><strong>Persoana responsabil\u0103 cu protec\u021bia datelor<\/strong>: e-mail: <a href=\"mailto:daniela.suciu.sb@anofm.gov.ro\">daniela.suciu.sb@anofm.gov.ro<\/a>; telefon: 0269\/210882 int.101<\/p>\n<\/div><\/div>\n<\/div><\/div>\n\n\n\n<h2 class=\"wp-block-heading\">Programul de functionare<\/h2>\n\n\n\n<p>Luni &#8211; Joi:   8<sup>00<\/sup>&nbsp;\u2013 16<sup>30<\/sup> <\/p>\n\n\n\n<p>Vineri:&nbsp;&nbsp;&nbsp;&nbsp;     8<sup>00<\/sup> &#8211; 14<sup>00<\/sup><br><\/p>\n\n\n\n<h2 class=\"wp-block-heading\">Rela\u0163ii cu presa<\/h2>\n\n\n\n<p>Compartimentul Resurse Umane, Salarizare, Comunicare \u0219i Secretariatul Consiliului Consultativ.<br>Email: ajofm.sb@anofm.gov.ro<br>Tel: 0269.210.882<br><a href=\"\/upload\/4630\/Relatii_cu_presa_Formular_acreditare_mass-media-1_1.doc\">Formular acreditare mass-media<\/a><\/p>\n\n\n\n<h2 class=\"wp-block-heading\">Puncte de lucru<\/h2>\n\n\n\n<h2 class=\"wp-block-heading\"><strong>Agen\u0163ia Local\u0103 pentru Ocuparea For\u0163ei de Munc\u0103 Sibiu&nbsp;<\/strong><\/h2>\n\n\n\n<p>Sibiu, str. Morilor nr. 51 A<br>Nr. telefon: 0269.210.882<br>Nr. fax: 0269.230.089<br>E-mail: <a href=\"mailto:violeta.tersanszki.sb@anofm.gov.ro\">valentin.licaret.sb@anofm.gov.ro<\/a> &nbsp;<br><strong>\u015eef serviciu agen\u0163ie local\u0103: Valentin Licaret<\/strong><\/p>\n\n\n\n<h2 class=\"wp-block-heading\"><strong>Agen\u0163ia Local\u0103 pentru Ocuparea For\u0163ei de Munc\u0103 Media\u015f<\/strong><\/h2>\n\n\n\n<p>Aleea Comandor Dimitrie Moraru, nr. 3<br>Nr. telefon: 0269.843.731<br>Nr. fax: 0269.846.710<br>E-mail: <a href=\"mailto:lucian.fodor.sb@anofm.gov.ro\">lucian.fodor.sb@anofm.gov.ro<\/a><\/p>\n\n\n\n<h2 class=\"wp-block-heading\"><strong>Punct de lucru Avrig<\/strong><\/h2>\n\n\n\n<p>Str. Gheorghe Laz\u0103r nr. 8<br>Nr. telefon: 0269524546<br>E-mail: <a href=\"mailto:emil.simea.sb@anofm.gov.ro\">monica.vele.sb@anofm.gov.ro<\/a><\/p>\n\n\n\n<h2 class=\"wp-block-heading\"><strong>Punct de lucru Cisn\u0103die<\/strong><\/h2>\n\n\n\n<p>\u00cen prezent serviciile sunt asigurate de Agen\u0163ia Local\u0103 pentru Ocuparea For\u0163ei de Munc\u0103 Sibiu<\/p>\n\n\n\n<h2 class=\"wp-block-heading\"><strong>Punct de lucru Agnita<\/strong><\/h2>\n\n\n\n<p>Str. Spitalului nr. 16A<br>Nr. telefon: 0269.512.216<br>Nr. fax: 0269.512.216<br>E-mail: <a href=\"mailto:marius.nan.sb@anofm.gov.ro\">marius.nan.sb@anofm.gov.ro<\/a><\/p>\n\n\n\n<h2 class=\"wp-block-heading\"><strong>Punct de lucru Dumbr\u0103veni<\/strong><\/h2>\n\n\n\n<p>\u00cen prezent servicile sunt asigurate de Agen\u0163ia Local\u0103 pentru Ocuparea For\u0163ei de Munc\u0103 Media\u015f<\/p>\n\n\n\n<h2 class=\"wp-block-heading\"><strong>Punct de lucru Cop\u015fa Mic\u0103<\/strong><\/h2>\n\n\n\n<p>\u00cen prezent serviciile sunt asigurate de Agen\u0163ia Local\u0103 pentru Ocuparea For\u0163ei de Munc\u0103 Media\u015f.<\/p>\n\n\n\n<p><\/p>\n\n\n\n<p><\/p>\n","protected":false},"excerpt":{"rendered":"<p>Intrebarea Dvs. catre AJOFM Sibiu Agen\u0163ia Jude\u0163ean\u0103 pentru Ocuparea For\u0163ei de Munc\u0103 Sibiu&nbsp; Sibiu, str. Morilor nr. 51 ANr. telefon: 0269.210.882Nr. fax: 0269.230.089E-mail: ajofm.sb@anofm.gov.ro &nbsp;Pagina WEB: https:\/\/www.anofm.ro\/sibiu\/ Solicitari\/petitii online: e-mail:<\/p>\n","protected":false},"author":1,"featured_media":0,"parent":0,"menu_order":1030,"comment_status":"closed","ping_status":"closed","template":"template-parts\/content-with-sidebar.php","meta":{"footnotes":""},"class_list":["post-2357","page","type-page","status-publish","hentry"],"_links":{"self":[{"href":"https:\/\/www.anofm.ro\/sibiu\/wp-json\/wp\/v2\/pages\/2357","targetHints":{"allow":["GET"]}}],"collection":[{"href":"https:\/\/www.anofm.ro\/sibiu\/wp-json\/wp\/v2\/pages"}],"about":[{"href":"https:\/\/www.anofm.ro\/sibiu\/wp-json\/wp\/v2\/types\/page"}],"author":[{"embeddable":true,"href":"https:\/\/www.anofm.ro\/sibiu\/wp-json\/wp\/v2\/users\/1"}],"replies":[{"embeddable":true,"href":"https:\/\/www.anofm.ro\/sibiu\/wp-json\/wp\/v2\/comments?post=2357"}],"version-history":[{"count":16,"href":"https:\/\/www.anofm.ro\/sibiu\/wp-json\/wp\/v2\/pages\/2357\/revisions"}],"predecessor-version":[{"id":6066,"href":"https:\/\/www.anofm.ro\/sibiu\/wp-json\/wp\/v2\/pages\/2357\/revisions\/6066"}],"wp:attachment":[{"href":"https:\/\/www.anofm.ro\/sibiu\/wp-json\/wp\/v2\/media?parent=2357"}],"curies":[{"name":"wp","href":"https:\/\/api.w.org\/{rel}","templated":true}]}}