{"id":2207,"date":"2023-12-14T22:54:02","date_gmt":"2023-12-14T20:54:02","guid":{"rendered":"https:\/\/www.anofm.ro\/lista-documentelor-de-interes-public\/"},"modified":"2024-01-23T19:26:48","modified_gmt":"2024-01-23T17:26:48","slug":"lista-documentelor-de-interes-public","status":"publish","type":"page","link":"https:\/\/www.anofm.ro\/sibiu\/lista-documentelor-de-interes-public\/","title":{"rendered":"Lista documentelor de interes public"},"content":{"rendered":"\n<p><strong>Lista cu documentele de interes public<\/strong><\/p>\n\n\n\n<p>&#8211; Regulamentul de organizarea \u015fi func\u0163ionarea al A.J.O.F.M Sibiu;<\/p>\n\n\n\n<p>&#8211; Structura organizatoric\u0103 A.J.O.F.M Sibiu;<\/p>\n\n\n\n<p>&#8211; Programul de audien\u0163e al conducerii A.J.O.F.M Sibiu ;<\/p>\n\n\n\n<p>&#8211; Declara\u0163iile de avere \u015fi de interese ale personalului A.J.O.F.M Sibiu;<\/p>\n\n\n\n<p>&#8211; Anun\u0163urile privind organizarea, potrivit legii, a concursurilor pentru ocuparea posturilor vacante, precum \u015fi condi\u0163iile de participare \u015fi selec\u0163ie specifice cerute la concursurile organizate, potrivit legii, pentru ocuparea posturilor vacante din cadrul A.J.O.F.M Sibiu;<\/p>\n\n\n\n<p>&#8211; Situa\u0163ii \u015fi rapoarte specifice activit\u0103\u0163ii A.J.O.F.M Sibiu ;<\/p>\n\n\n\n<p>&#8211; Informa\u0163iile publicate pe site-ul A.J.O.F.M Sibiu ;<\/p>\n\n\n\n<p>&#8211; Bilan\u0163ul contabil ;<\/p>\n\n\n\n<p>&#8211; Materiale informative elaborate de A.J.O.F.M Sibiu;<\/p>\n\n\n\n<p>&#8211; Acte normative specifice domeniului de activitate;<\/p>\n\n\n\n<p>&#8211; Raport anual de activitate al A.J.O.F.M Sibiu.<\/p>\n\n\n\n<p>Potrivit art.12 alin. (1) din Legea nr. 544\/2001 privind liberul acces la informa\u0163iile de interes public, cu modific\u0103rile \u015fi complet\u0103rile ulterioare, \u201cSe excepteaz\u0103 de la accesul liber al cet\u0103\u0163enilor, prev\u0103zut la art. 1 si, respectiv, la art. 11^1, urm\u0103toarele informa\u0163ii:<\/p>\n\n\n\n<p>a) informa\u0163iile din domeniul ap\u0103r\u0103rii na\u0163ionale, siguran\u0163ei \u015fi ordinii publice, dac\u0103 fac parte din categoriile informa\u0163iilor clasificate, potrivit legii;<\/p>\n\n\n\n<p>b) informa\u0163iile privind deliber\u0103rile autorit\u0103\u0163ilor, precum \u015fi cele care privesc interesele economice \u015fi politice ale Rom\u00e2niei, daca fac parte din categoria informa\u0163iilor clasificate, potrivit legii;<\/p>\n\n\n\n<p>c) informa\u0163iile privind activit\u0103\u0163ile comerciale sau financiare, dac\u0103 publicitatea acestora aduce atingere dreptului de proprietate intelectual\u0103 ori industrial\u0103, precum \u015fi principiului concuren\u0163ei loiale, potrivit legii;<\/p>\n\n\n\n<p>d) informa\u0163iile cu privire la datele personale, potrivit legii;<\/p>\n\n\n\n<p>&nbsp;e) informa\u0163iile privind procedura in timpul anchetei penale sau disciplinare, daca se pericliteaz\u0103 rezultatul anchetei, se dezv\u0103luie surse confiden\u0163iale ori se pun \u00een pericol via\u0163a, integritatea corporal\u0103, s\u0103n\u0103tatea unei persoane \u00een urma anchetei efectuate sau \u00een curs de desf\u0103\u015furare;<\/p>\n\n\n\n<p>&nbsp;f) informa\u0163iile privind procedurile judiciare, dac\u0103 publicitatea acestora aduce atingere asigur\u0103rii unui proces echitabil ori interesului legitim al oric\u0103reia dintre p\u0103r\u0163ile implicate \u00een proces;<\/p>\n\n\n\n<p>g) informa\u0163iile a c\u0103ror publicare prejudiciaz\u0103 m\u0103surile de protec\u0163ie a tinerilor.<\/p>\n\n\n\n<p>(2) R\u0103spunderea pentru aplicarea masurilor de protejare a informa\u0163iilor apar\u0163in\u00e2nd categoriilor prev\u0103zute la alin. (1) revine persoanelor \u015fi autorit\u0103\u0163ilor publice care de\u0163in astfel de informa\u0163ii, precum \u015fi institu\u0163iilor publice abilitate prin lege s\u0103 asigure securitatea informa\u0163iilor.\u201d<\/p>\n","protected":false},"excerpt":{"rendered":"<p>Lista cu documentele de interes public &#8211; Regulamentul de organizarea \u015fi func\u0163ionarea al A.J.O.F.M Sibiu; &#8211; Structura organizatoric\u0103 A.J.O.F.M Sibiu; &#8211; Programul de audien\u0163e al conducerii A.J.O.F.M Sibiu ; &#8211;<\/p>\n","protected":false},"author":1,"featured_media":0,"parent":0,"menu_order":280,"comment_status":"closed","ping_status":"closed","template":"template-parts\/content-with-sidebar.php","meta":{"footnotes":""},"class_list":["post-2207","page","type-page","status-publish","hentry"],"_links":{"self":[{"href":"https:\/\/www.anofm.ro\/sibiu\/wp-json\/wp\/v2\/pages\/2207","targetHints":{"allow":["GET"]}}],"collection":[{"href":"https:\/\/www.anofm.ro\/sibiu\/wp-json\/wp\/v2\/pages"}],"about":[{"href":"https:\/\/www.anofm.ro\/sibiu\/wp-json\/wp\/v2\/types\/page"}],"author":[{"embeddable":true,"href":"https:\/\/www.anofm.ro\/sibiu\/wp-json\/wp\/v2\/users\/1"}],"replies":[{"embeddable":true,"href":"https:\/\/www.anofm.ro\/sibiu\/wp-json\/wp\/v2\/comments?post=2207"}],"version-history":[{"count":1,"href":"https:\/\/www.anofm.ro\/sibiu\/wp-json\/wp\/v2\/pages\/2207\/revisions"}],"predecessor-version":[{"id":3153,"href":"https:\/\/www.anofm.ro\/sibiu\/wp-json\/wp\/v2\/pages\/2207\/revisions\/3153"}],"wp:attachment":[{"href":"https:\/\/www.anofm.ro\/sibiu\/wp-json\/wp\/v2\/media?parent=2207"}],"curies":[{"name":"wp","href":"https:\/\/api.w.org\/{rel}","templated":true}]}}