{"id":2163,"date":"2023-12-14T22:54:01","date_gmt":"2023-12-14T20:54:01","guid":{"rendered":"https:\/\/www.anofm.ro\/conducere\/"},"modified":"2025-10-17T13:07:54","modified_gmt":"2025-10-17T10:07:54","slug":"conducere","status":"publish","type":"page","link":"https:\/\/www.anofm.ro\/prahova\/conducere\/","title":{"rendered":"Conducere"},"content":{"rendered":"\n<h2 class=\"wp-block-heading\">Conducere<\/h2>\n\n\n\t\t\t\t\t<div class=\"team-member\">\n\t\t\t\t\t\t<div class=\"team-member-details\">\n\n\t\t\t\t\t\t\t\t\t\t\t\t\t\t<h2>\n\t\t\t\t\t\t\t\tStoichici Cristina\t\t\t\t\t\t\t\t<\/h2>\n\t\t\t\t\t\t\t\t\t\t\t\t\t\t\t\t\t<p class=\"h4\">Director<\/p>\n\t\t\t\t\t\t\t\t\t\n\t\t\t\t\t\t<\/div>\n\t\t\t\t\t<\/div>\n\t\t\t\t\t\t\t\t\t<div class=\"team-member\">\n\t\t\t\t\t\t<div class=\"team-member-details\">\n\n\t\t\t\t\t\t\t\t\t\t\t\t\t\t<h2>\n\t\t\t\t\t\t\t\tVilau Valentina Roxana\t\t\t\t\t\t\t\t<\/h2>\n\t\t\t\t\t\t\t\t\t\t\t\t\t\t\t\t\t<p class=\"h4\">Director Adjunct<\/p>\n\t\t\t\t\t\t\t\t\t\n\t\t\t\t\t\t<\/div>\n\t\t\t\t\t<\/div>\n\t\t\t\t\n\n\n<h2 class=\"wp-block-heading\">Consiliu consultativ<\/h2>\n\n\n\n<figure class=\"wp-block-table alignleft\"><table><tbody><tr><td><strong>Nr. crt.<\/strong><\/td><td><strong>Nume \u0219i prenume<\/strong><\/td><td><strong>Institu\u021bia reprezentat\u0103<\/strong><\/td><\/tr><tr><td>1<\/td><td>LAMB\u0102 IONICA -DANIELA<strong><\/strong><\/td><td>PREFECTURA PRAHOVA<strong><\/strong><\/td><\/tr><tr><td>2<\/td><td>BIGIU HERMINA ADI<\/td><td>CONSILIUL JUDE\u0162EAN PRAHOVA<strong><\/strong><\/td><\/tr><tr><td>3<\/td><td>IANCU&nbsp; TUDOR<strong><\/strong><\/td><td>ISJ PRAHOVA<strong><\/strong><\/td><\/tr><tr><td>4<\/td><td>TEODORESCU DOINA<strong><\/strong><\/td><td>ADM. JUD. A FINAN\u0162ELOR PUBLICE<strong><\/strong><\/td><\/tr><tr><td>5<\/td><td>MAGULEANU C\u0102T\u0102LIN <strong><\/strong><\/td><td>CASA DE ASIGUR\u0102RI DE S\u0102N\u0102TATE PRAHOVA<strong><\/strong><\/td><\/tr><tr><td>6<\/td><td>MANOLESCU PAUL<strong><\/strong><\/td><td>CSN MERIDIAN<strong><\/strong><\/td><\/tr><tr><td>7<\/td><td>BOGDAN ANDREI VALENTIN<strong><\/strong><\/td><td>BNS<strong><\/strong><\/td><\/tr><tr><td>8<\/td><td>DUTA ION<strong><\/strong><\/td><td>CSDR<strong><\/strong><\/td><\/tr><tr><td>9<\/td><td>ILIE NICOLAE EUGEN<strong><\/strong><\/td><td>Cartel ALFA<strong><\/strong><\/td><\/tr><tr><td>10<\/td><td>VASILE MARIAN<\/td><td>CNSRL FRA\u0162IA<strong><\/strong><\/td><\/tr><tr><td>11<\/td><td>BACIU GABRIELA ELENA<strong><\/strong><\/td><td>CNIPMMR<\/td><\/tr><tr><td>12<\/td><td>MITESCU LIA<strong><\/strong><\/td><td>CNIPMMR<\/td><\/tr><tr><td>13<\/td><td>BOCSAN CAMELIA<strong><\/strong><\/td><td>CP CONCORDIA<strong><\/strong><\/td><\/tr><tr><td>14<\/td><td>MITEA GEORGIANA<\/td><td>CP CONCORDIA<\/td><\/tr><tr><td>15<\/td><td>nenominalizat<strong><\/strong><\/td><td>CNIPMMR<\/td><\/tr><\/tbody><\/table><\/figure>\n\n\n\n<h2 class=\"wp-block-heading\"><\/h2>\n\n\n\n<div class=\"file-list-wrap\"><p class=\"h4\">Documente desc\u0103rcabile<\/p><ul class=\"file-list\">\n<li><a href=\"https:\/\/www.anofm.ro\/prahova\/wp-content\/uploads\/sites\/33\/2025\/04\/AGENDA-CONDUCERII.pdf\" download>AGENDA-CONDUCERII.pdf<\/a><\/li>\n\n\n\n<li><a href=\"https:\/\/www.anofm.ro\/prahova\/wp-content\/uploads\/sites\/33\/2025\/04\/Atributiile-director-executiv-1.pdf\" download>Atributiile-director-executiv.pdf<\/a><\/li>\n\n\n\n<li><a href=\"https:\/\/www.anofm.ro\/prahova\/wp-content\/uploads\/sites\/33\/2025\/04\/Atributii-director-executiv-adjunct-1.pdf\" download>Atributii-director-executiv-adjunct.pdf<\/a><\/li>\n<\/ul><\/div>\n","protected":false},"excerpt":{"rendered":"<p>Conducere Consiliu consultativ Nr. crt. Nume \u0219i prenume Institu\u021bia reprezentat\u0103 1 LAMB\u0102 IONICA -DANIELA PREFECTURA PRAHOVA 2 BIGIU HERMINA ADI CONSILIUL JUDE\u0162EAN PRAHOVA 3 IANCU&nbsp; TUDOR ISJ PRAHOVA 4 TEODORESCU<\/p>\n","protected":false},"author":1,"featured_media":0,"parent":0,"menu_order":60,"comment_status":"closed","ping_status":"closed","template":"template-parts\/content-with-sidebar.php","meta":{"footnotes":""},"class_list":["post-2163","page","type-page","status-publish","hentry"],"_links":{"self":[{"href":"https:\/\/www.anofm.ro\/prahova\/wp-json\/wp\/v2\/pages\/2163","targetHints":{"allow":["GET"]}}],"collection":[{"href":"https:\/\/www.anofm.ro\/prahova\/wp-json\/wp\/v2\/pages"}],"about":[{"href":"https:\/\/www.anofm.ro\/prahova\/wp-json\/wp\/v2\/types\/page"}],"author":[{"embeddable":true,"href":"https:\/\/www.anofm.ro\/prahova\/wp-json\/wp\/v2\/users\/1"}],"replies":[{"embeddable":true,"href":"https:\/\/www.anofm.ro\/prahova\/wp-json\/wp\/v2\/comments?post=2163"}],"version-history":[{"count":9,"href":"https:\/\/www.anofm.ro\/prahova\/wp-json\/wp\/v2\/pages\/2163\/revisions"}],"predecessor-version":[{"id":6193,"href":"https:\/\/www.anofm.ro\/prahova\/wp-json\/wp\/v2\/pages\/2163\/revisions\/6193"}],"wp:attachment":[{"href":"https:\/\/www.anofm.ro\/prahova\/wp-json\/wp\/v2\/media?parent=2163"}],"curies":[{"name":"wp","href":"https:\/\/api.w.org\/{rel}","templated":true}]}}