{"id":2209,"date":"2023-12-14T22:54:02","date_gmt":"2023-12-14T20:54:02","guid":{"rendered":"https:\/\/www.anofm.ro\/lista-documentelor-produse-gestionate\/"},"modified":"2024-01-22T23:46:09","modified_gmt":"2024-01-22T21:46:09","slug":"lista-documentelor-produse-gestionate","status":"publish","type":"page","link":"https:\/\/www.anofm.ro\/olt\/lista-documentelor-produse-gestionate\/","title":{"rendered":"Lista documentelor produse\/gestionate"},"content":{"rendered":"\n<p>LISTA CUPRINZ\u00c2ND CATEGORIILE DE DOCUMENTE DE INTERES PUBLIC PRODUSE SI \/ SAU GESTIONATE POTRIVIT LEGII DE CATRE AGEN\u0162IA JUDE\u0162EANA PENTRU OCUPAREA FOR\u0162EI DE MUNC\u0102 OLT<\/p>\n\n\n\n<ul class=\"wp-block-list\">\n<li>Program de control m\u0103suri active \u2013 proceduri;<\/li>\n\n\n\n<li>Planul anual de formare profesional\u0103;<\/li>\n\n\n\n<li>Prognoza cursurilor de formare profesional\u0103;<\/li>\n\n\n\n<li>Stadiul lunar al realiz\u0103rii planului de formare profesional\u0103;<\/li>\n\n\n\n<li>Raportul anual al activit\u0103\u0163ii AJOFM Olt;<\/li>\n\n\n\n<li>Bilan\u0163ul anual de ocupare al AJOFM Olt;<\/li>\n\n\n\n<li>Programul anual de ocupare a for\u0163ei de munca;<\/li>\n\n\n\n<li>Situa\u0163ia locurilor de munc\u0103 vacante;<\/li>\n\n\n\n<li>Situa\u0163ia lunar\u0103 statistic\u0103 a \u015fomajului \u00eenregistrat;<\/li>\n\n\n\n<li>Situa\u0163ia burselor locurilor de munc\u0103;<\/li>\n\n\n\n<li>Realiz\u0103rile trimestriale ale programului anual de ocupare a for\u0163ei de munc\u0103;<\/li>\n\n\n\n<li>Proiectul bugetului asigurarilor pentru \u015fomaj;<\/li>\n\n\n\n<li>Materiale, rapoarte, analize, propuneri cu privire la activitatea de ocupare,formare profesional\u0103, analiza a pie\u0163ei muncii,statistica pie\u0163ei muncii, precum \u015fi cele legate de sistemele informatice \u015fi control m\u0103suri active;<\/li>\n\n\n\n<li>Documente \u00een vederea angajarii,\u00eencetarii raporturilor de serviciu \u015fi de munc\u0103 \u00een agen\u0163ie, adeverin\u0163e;<\/li>\n\n\n\n<li>Comunicari referitoare la : \u00eencadr\u0103ri, avans\u0103ri, promov\u0103ri,eliberari din func\u0163ie, sanc\u0163ion\u0103ri, etc.;<\/li>\n\n\n\n<li>Formulare europene: E301\/U1, E302, E303\/U2, U3;<\/li>\n\n\n\n<li>Planul anual al activit\u0103\u0163ii de audit public intern;<\/li>\n\n\n\n<li>Raport anual al activit\u0103\u0163ii de audit public intern;<\/li>\n\n\n\n<li>R\u0103spunsuri la solicit\u0103rile presei;<\/li>\n\n\n\n<li>Comunicate de pres\u0103;<\/li>\n\n\n\n<li>Rapoarte lunare \u015fi anuale privind activitatea desfa\u015furat\u0103 \u00een mass media de c\u0103tre AJOFM Olt;<\/li>\n\n\n\n<li>Proces verbal \u00eencheiat la finalul \u015fedin\u0163ei Consiliului Consultativ al AJOFM Olt;<\/li>\n\n\n\n<li>Buletin informativ \u00eentocmit conform prevederilorart.5, alin. 2 din Legea 544\/ 2001 cu modificarile \u015fi completarile ulterioare;<\/li>\n\n\n\n<li>Raport anual privind implementarea Legii 544\/2001;<\/li>\n\n\n\n<li>Registru cuprinz\u00e2nd cererile \u015fi r\u0103spunsurile la solicitarile \u00een baza Legii 544\/2001 privind liberul acces la informa\u0163iile de interes public cu modific\u0103rile \u015fi complet\u0103rile ulterioare.<\/li>\n<\/ul>\n\n\n\n<p><a href=\"\/upload\/1327\/LISTA_DOCUMENTELOR_PRODUSE_SAU_GESTIONATE_-_AJOFM_OLT.pdf\">LISTA_DOCUMENTELOR_PRODUSE_SAU_GESTIONATE_-_AJOFM_OLT.pdf<\/a> <strong><\/strong><\/p>\n","protected":false},"excerpt":{"rendered":"<p>LISTA CUPRINZ\u00c2ND CATEGORIILE DE DOCUMENTE DE INTERES PUBLIC PRODUSE SI \/ SAU GESTIONATE POTRIVIT LEGII DE CATRE AGEN\u0162IA JUDE\u0162EANA PENTRU OCUPAREA FOR\u0162EI DE MUNC\u0102 OLT LISTA_DOCUMENTELOR_PRODUSE_SAU_GESTIONATE_-_AJOFM_OLT.pdf<\/p>\n","protected":false},"author":1,"featured_media":0,"parent":0,"menu_order":290,"comment_status":"closed","ping_status":"closed","template":"template-parts\/content-with-sidebar.php","meta":{"footnotes":""},"class_list":["post-2209","page","type-page","status-publish","hentry"],"_links":{"self":[{"href":"https:\/\/www.anofm.ro\/olt\/wp-json\/wp\/v2\/pages\/2209","targetHints":{"allow":["GET"]}}],"collection":[{"href":"https:\/\/www.anofm.ro\/olt\/wp-json\/wp\/v2\/pages"}],"about":[{"href":"https:\/\/www.anofm.ro\/olt\/wp-json\/wp\/v2\/types\/page"}],"author":[{"embeddable":true,"href":"https:\/\/www.anofm.ro\/olt\/wp-json\/wp\/v2\/users\/1"}],"replies":[{"embeddable":true,"href":"https:\/\/www.anofm.ro\/olt\/wp-json\/wp\/v2\/comments?post=2209"}],"version-history":[{"count":1,"href":"https:\/\/www.anofm.ro\/olt\/wp-json\/wp\/v2\/pages\/2209\/revisions"}],"predecessor-version":[{"id":3149,"href":"https:\/\/www.anofm.ro\/olt\/wp-json\/wp\/v2\/pages\/2209\/revisions\/3149"}],"wp:attachment":[{"href":"https:\/\/www.anofm.ro\/olt\/wp-json\/wp\/v2\/media?parent=2209"}],"curies":[{"name":"wp","href":"https:\/\/api.w.org\/{rel}","templated":true}]}}