{"id":2207,"date":"2023-12-14T22:54:02","date_gmt":"2023-12-14T20:54:02","guid":{"rendered":"https:\/\/www.anofm.ro\/lista-documentelor-de-interes-public\/"},"modified":"2024-01-22T23:22:36","modified_gmt":"2024-01-22T21:22:36","slug":"lista-documentelor-de-interes-public","status":"publish","type":"page","link":"https:\/\/www.anofm.ro\/neamt\/lista-documentelor-de-interes-public\/","title":{"rendered":"Lista documentelor de interes public"},"content":{"rendered":"\n<ul class=\"wp-block-list\">\n<li>Actele normative care reglementeaz\u0103 organizarea \u015fi func\u0163ionarea AJOFM Neam\u0163<\/li>\n\n\n\n<li>Structura organizatoric\u0103<\/li>\n\n\n\n<li>Atribu\u0163iile compartimentelor<\/li>\n\n\n\n<li>Programul de func\u0163ionare<\/li>\n\n\n\n<li>Programul de audien\u0163e al directorilor executivi al AJOFM Neam\u0163<\/li>\n\n\n\n<li>Declara\u0163iile de avere \u015fi de interese ale personalului<\/li>\n\n\n\n<li>Anun\u0163urile privind organizarea, potrivit legii, a concursurilor pentru ocuparea posturilor vacante,precum \u015fi condi\u0163iile de participare \u015fi selec\u0163ie specifice cerute la concursurile organizate, potrivit legii,pentru ocuparea posturilor vacante din cadrul AJOFM Neam\u0163<\/li>\n\n\n\n<li>Situa\u0163ii \u015fi raport\u0103ri specifice pie\u0163ei muncii<\/li>\n\n\n\n<li>Informa\u0163iile publicate pe site-ul ANOFM<\/li>\n\n\n\n<li>Bilan\u0163ul contabil<\/li>\n\n\n\n<li>Bugetul asigur\u0103rilor pentru \u015fomaj<\/li>\n\n\n\n<li>Execu\u0163ia bugetar\u0103<\/li>\n\n\n\n<li>Programul anual al achizi\u0163iilor publice<\/li>\n\n\n\n<li>Materiale informative elaborate de ANOFM<\/li>\n\n\n\n<li>Venituri salaria\u0163i<\/li>\n\n\n\n<li>Servicii oferite de agen\u0163ie<\/li>\n\n\n\n<li>Acte, cereri, formulare<\/li>\n\n\n\n<li>Legisla\u0163ie specific\u0103<\/li>\n\n\n\n<li>Raportul anual de activtate<\/li>\n\n\n\n<li>Programul de ac\u0163iuni<\/li>\n\n\n\n<li>Economia social\u0103<\/li>\n<\/ul>\n","protected":false},"excerpt":{"rendered":"","protected":false},"author":1,"featured_media":0,"parent":0,"menu_order":280,"comment_status":"closed","ping_status":"closed","template":"template-parts\/content-with-sidebar.php","meta":{"footnotes":""},"class_list":["post-2207","page","type-page","status-publish","hentry"],"_links":{"self":[{"href":"https:\/\/www.anofm.ro\/neamt\/wp-json\/wp\/v2\/pages\/2207","targetHints":{"allow":["GET"]}}],"collection":[{"href":"https:\/\/www.anofm.ro\/neamt\/wp-json\/wp\/v2\/pages"}],"about":[{"href":"https:\/\/www.anofm.ro\/neamt\/wp-json\/wp\/v2\/types\/page"}],"author":[{"embeddable":true,"href":"https:\/\/www.anofm.ro\/neamt\/wp-json\/wp\/v2\/users\/1"}],"replies":[{"embeddable":true,"href":"https:\/\/www.anofm.ro\/neamt\/wp-json\/wp\/v2\/comments?post=2207"}],"version-history":[{"count":1,"href":"https:\/\/www.anofm.ro\/neamt\/wp-json\/wp\/v2\/pages\/2207\/revisions"}],"predecessor-version":[{"id":3147,"href":"https:\/\/www.anofm.ro\/neamt\/wp-json\/wp\/v2\/pages\/2207\/revisions\/3147"}],"wp:attachment":[{"href":"https:\/\/www.anofm.ro\/neamt\/wp-json\/wp\/v2\/media?parent=2207"}],"curies":[{"name":"wp","href":"https:\/\/api.w.org\/{rel}","templated":true}]}}