{"id":2159,"date":"2023-12-14T22:54:01","date_gmt":"2023-12-14T20:54:01","guid":{"rendered":"https:\/\/www.anofm.ro\/misiune\/"},"modified":"2024-01-22T22:15:10","modified_gmt":"2024-01-22T20:15:10","slug":"misiune","status":"publish","type":"page","link":"https:\/\/www.anofm.ro\/mures\/misiune\/","title":{"rendered":"Misiune"},"content":{"rendered":"\n<p><strong>Agen\u0163ia Jude\u0163ean\u0103 pentru Ocuparea For\u0163ei de Munc\u0103 Mure\u015f,<\/strong><strong> <em>func\u0163ioneaz\u0103 conform Legii 202\/2006, este o institu\u0163ie public\u0103 de interes local ce func\u0163ioneaz\u0103 \u00een subordinea<\/em> <\/strong><strong>Agen\u0163iei Na\u0163ionale pentru Ocuparea For\u0163ei de Munc\u0103.<\/strong><\/p>\n\n\n\n<p><br><strong>Principalul s\u0103u obiectiv<\/strong> este cre\u015fterea gradului de ocupare a for\u0163ei de munc\u0103 \u015fi implicit sc\u0103derea ratei somajului.<\/p>\n\n\n\n<p><br><strong>Agen\u0163ia Jude\u0163ean\u0103 pentru Ocuparea For\u0163ei de Munc\u0103 Mure\u015f<\/strong> organizeaz\u0103, coordoneaza \u015fi realizeaz\u0103 la nivel jude\u0163ean, activitatea de ocupare a for\u0163ei de munc\u0103 \u015fi de protec\u0163ie social\u0103 a persoanelor neincadrate \u00een munc\u0103.<\/p>\n\n\n\n<p>Serviciile <strong>A.J.O.F.M. Mure\u015f<\/strong> se adreseaza at\u00e2t \u015fomerilor c\u00e2t \u015fi agen\u0163ilor economici.<\/p>\n\n\n\n<p><strong>Agen\u0163ia Jude\u0163ean\u0103 pentru Ocuparea For\u0163ei de Munc\u0103 Mure\u015f are urm\u0103toarele atributii<\/strong><strong>:<\/strong><\/p>\n\n\n\n<p>Agen\u0163iile teritoriale sunt servicii publice deconcentrate, constituite la nivel jude\u0163ean, precum \u015fi al municipiului Bucure\u015fti, care au, \u00een principal, urm\u0103toarele atribu\u0163ii:<br>\u2003\u2003a) asigur\u0103 \u00eenregistrarea \u00een eviden\u0163e a persoanelor \u00een c\u0103utarea unui loc de munc\u0103 \u015fi a \u015fomerilor, \u00een condi\u0163iile legii;<br>\u2003\u2003b) \u00eencheie, \u00een condi\u0163iile legii, contracte de asigurare pentru \u015fomaj;<br>\u2003\u2003c) stabilesc \u015fi pl\u0103tesc, \u00een condi\u0163iile legii, drepturile b\u0103ne\u015fti ce se suport\u0103 din bugetul asigur\u0103rilor pentru \u015fomaj;<br>\u2003\u2003d) furnizeaz\u0103 \u015fi finan\u0163eaz\u0103 servicii de prevenire a \u015fomajului \u015fi de stimulare a ocup\u0103rii for\u0163ei de munc\u0103, \u00een concordan\u0163\u0103 cu strategiile \u015fi politicile de ocupare a for\u0163ei de munc\u0103 \u015fi cu tendin\u0163ele care se manifest\u0103 pe pia\u0163a intern\u0103 a for\u0163ei de munc\u0103;<br>\u2003\u2003e) asigur\u0103 \u00eenregistrarea \u00een eviden\u0163e a locurilor de munc\u0103 vacante comunicate de angajatori potrivit legii;<br>\u2003\u2003f) consiliaz\u0103 \u015fi orienteaz\u0103 persoanele \u00een c\u0103utarea unui loc de munc\u0103 \u015fi realizeaz\u0103 punerea \u00een leg\u0103tur\u0103 a angajatorilor cu persoanele \u00een c\u0103utarea unui loc de munc\u0103 \u00een vederea stabilirii de raporturi de munc\u0103 sau de serviciu;<br>\u2003\u2003g) organizeaz\u0103 \u015fi presteaz\u0103, gratuit sau contra cost, \u00een condi\u0163iile legii, servicii de formare profesional\u0103 \u015fi de evaluare \u015fi certificare a competen\u0163elor dob\u00e2ndite pe alte c\u0103i dec\u00e2t cele formale pentru persoanele ne\u00eencadrate \u00een munc\u0103 \u015fi pentru alte categorii de beneficiari prev\u0103zute de lege;<br>\u2003\u2003h) asigur\u0103 implementarea programelor specifice domeniului de activitate finan\u0163ate din fonduri europene nerambursabile;<br>\u2003\u2003i) stabilesc \u015fi pl\u0103tesc, \u00een condi\u0163iile legii, crean\u0163ele ce se suport\u0103 din Fondul de garantare pentru plata crean\u0163elor salariale;<br>\u2003\u2003j) asigur\u0103 realizarea indicatorilor prev\u0103zu\u0163i \u00een contractele anuale de performan\u0163\u0103 managerial\u0103;<br>\u2003\u2003k) acrediteaz\u0103, \u00een condi\u0163iile legii, furnizorii de servicii specializate pentru stimularea ocup\u0103rii for\u0163ei de munc\u0103;<br>\u2003\u2003l) implementeaz\u0103 prevederile legale privind ucenicia la locul de munc\u0103 \u015fi gestioneaz\u0103 Registrul angajatorilor de ucenici;<br>\u2003\u2003m) controleaz\u0103 respectarea de c\u0103tre persoanele fizice \u015fi juridice a prevederilor legale care reglementeaz\u0103 sistemul asigur\u0103rilor pentru \u015fomaj \u015fi stimularea ocup\u0103rii for\u0163ei de munc\u0103;<br>\u2003\u2003n) gestioneaz\u0103 resursele financiare alocate din bugetul asigur\u0103rilor pentru \u015fomaj, potrivit legii;<br>\u2003\u2003o) \u00eendeplinesc m\u0103surile asigur\u0103torii \u015fi efectueaz\u0103 executarea silit\u0103 a crean\u0163elor bugetare reprezent\u00e2nd debite constituite la bugetul asigur\u0103rilor pentru \u015fomaj, altele dec\u00e2t cele provenind din neplata contribu\u0163iilor;<br>\u2003\u2003p) asigur\u0103 servicii de informare \u015fi consiliere a persoanelor care doresc s\u0103 presteze munc\u0103 \u00een statele membre ale Uniunii Europene \u015fi \u00een statele semnatare ale Acordului privind Spa\u0163iul Economic European, precum \u015fi \u00een alte state cu care Rom\u00e2nia a \u00eencheiat tratate, conven\u0163ii, acorduri \u015fi \u00een\u0163elegeri;<br>\u2003\u2003q) sunt institu\u0163ii competente pentru aplicarea prevederilor referitoare la presta\u0163ia de \u015fomaj din regulamentele europene privind coordonarea sistemelor de securitate social\u0103;<br>\u2003\u2003r) asigur\u0103 acordarea presta\u0163iilor de \u015fomaj stabilite prin valorificarea perioadelor de asigurare realizate \u00een alte state membre ale Uniunii Europene \u015fi \u00een statele semnatare ale Acordului privind Spa\u0163iul Economic European \u015fi Elve\u0163ia, \u00een condi\u0163iile prev\u0103zute de regulamentele europene privind coordonarea sistemelor de securitate social\u0103;<br>\u2003\u2003s) editeaz\u0103 materiale informative \u00een domeniul propriu de activitate.<br>\u2003\u2003\u015f) asigur\u0103 punerea \u00een aplicare a m\u0103surilor pentru integrarea pe pia\u0163a muncii a \u015fomerilor de lung\u0103 durat\u0103, \u00een calitate de punct unic de contact la nivel teritorial;<br>\u2003\u2003t) asigur\u0103 coordonarea interinstitu\u0163ional\u0103, la nivel teritorial, privind punerea \u00een aplicare a m\u0103surilor pentru integrarea pe pia\u0163a muncii a \u015fomerilor de lung\u0103 durat\u0103.&nbsp;<\/p>\n","protected":false},"excerpt":{"rendered":"<p>Agen\u0163ia Jude\u0163ean\u0103 pentru Ocuparea For\u0163ei de Munc\u0103 Mure\u015f, func\u0163ioneaz\u0103 conform Legii 202\/2006, este o institu\u0163ie public\u0103 de interes local ce func\u0163ioneaz\u0103 \u00een subordinea Agen\u0163iei Na\u0163ionale pentru Ocuparea For\u0163ei de Munc\u0103.<\/p>\n","protected":false},"author":1,"featured_media":0,"parent":0,"menu_order":40,"comment_status":"closed","ping_status":"closed","template":"template-parts\/content-with-sidebar.php","meta":{"footnotes":""},"class_list":["post-2159","page","type-page","status-publish","hentry"],"_links":{"self":[{"href":"https:\/\/www.anofm.ro\/mures\/wp-json\/wp\/v2\/pages\/2159","targetHints":{"allow":["GET"]}}],"collection":[{"href":"https:\/\/www.anofm.ro\/mures\/wp-json\/wp\/v2\/pages"}],"about":[{"href":"https:\/\/www.anofm.ro\/mures\/wp-json\/wp\/v2\/types\/page"}],"author":[{"embeddable":true,"href":"https:\/\/www.anofm.ro\/mures\/wp-json\/wp\/v2\/users\/1"}],"replies":[{"embeddable":true,"href":"https:\/\/www.anofm.ro\/mures\/wp-json\/wp\/v2\/comments?post=2159"}],"version-history":[{"count":1,"href":"https:\/\/www.anofm.ro\/mures\/wp-json\/wp\/v2\/pages\/2159\/revisions"}],"predecessor-version":[{"id":3141,"href":"https:\/\/www.anofm.ro\/mures\/wp-json\/wp\/v2\/pages\/2159\/revisions\/3141"}],"wp:attachment":[{"href":"https:\/\/www.anofm.ro\/mures\/wp-json\/wp\/v2\/media?parent=2159"}],"curies":[{"name":"wp","href":"https:\/\/api.w.org\/{rel}","templated":true}]}}