{"id":2163,"date":"2023-12-14T22:54:01","date_gmt":"2023-12-14T20:54:01","guid":{"rendered":"https:\/\/www.anofm.ro\/conducere\/"},"modified":"2026-02-17T14:25:47","modified_gmt":"2026-02-17T12:25:47","slug":"conducere","status":"publish","type":"page","link":"https:\/\/www.anofm.ro\/ilfov\/conducere\/","title":{"rendered":"Conducere"},"content":{"rendered":"\n<h2 class=\"wp-block-heading\">Conducere<\/h2>\n\n\n\n<p><\/p>\n\n\n\n<p><strong>\u021aig\u0103na\u0219u Georgiana Floren\u021ba &#8211; Director Executiv<\/strong><\/p>\n\n\n\n<p><\/p>\n\n\n\n<p><\/p>\n\n\n\n<h2 class=\"wp-block-heading\">Consiliul Consultativ<\/h2>\n\n\n\n<figure class=\"wp-block-table alignleft\"><table><tbody><tr><td><strong>Nr. crt.<\/strong><\/td><td><strong>Nume \u0219i prenume<\/strong><\/td><td><strong>Institu\u021bia reprezentat\u0103<\/strong><\/td><\/tr><tr><td>1<\/td><td>M\u00c2NDRICEL JENI<\/td><td>INSTITU\u0162IA PREFECTULUI &#8211; JUDE\u0162UL ILFOV<\/td><\/tr><tr><td>2<\/td><td>PAVEL SILE<\/td><td>CASA JUDE\u021aEAN\u0102 DE PENSII ILFOV<\/td><\/tr><tr><td>3<\/td><td>DECUSAR\u0102 NELA ALINA <\/td><td>AGEN\u0162IA JUDE\u0162EAN\u0102 PENTRU PL\u0102\u0162I \u015eI INSPEC\u0162IE SOCIAL\u0102 ILFOV<\/td><\/tr><tr><td>4<\/td><td>MIHALACHE MARIANA<\/td><td>DIREC\u0162IA JUDE\u0162EAN\u0102 DE STATISTIC\u0102 ILFOV<\/td><\/tr><tr><td>5<\/td><td>\u021aECU DOINA<\/td><td>INSPECTORATUL \u0218COLAR JUDE\u021aEAN ILFOV<\/td><\/tr><tr><td>6<\/td><td>STOICA FLORIN<\/td><td>BLOCUL NA\u021aIONAL SINDICAL<\/td><\/tr><tr><td>7<\/td><td>PA\u0218CU NARCIS<\/td><td>CONFEDERA\u021aIA SINDICATELOR DEMOCRATICE DIN ROM\u00c2NIA<\/td><\/tr><tr><td>8<\/td><td>BAICAN NICOLAE<\/td><td>CONFEDERA\u021aIA NA\u021aIONAL\u0102 A SINDICATELOR LIBERE DIN ROM\u00c2NIA \u2013 FR\u0102\u0162IA<\/td><\/tr><tr><td>9<\/td><td>GRIGORESCU VICTOR<\/td><td>CONFEDERA\u021aIA NA\u021aIONAL\u0102 SINDICAL\u0102 \u201eCARTEL ALFA\u201d<\/td><\/tr><tr><td>10<\/td><td>GHIMP\u0102U MARIA<\/td><td>CONFEDERA\u021aIA SINDICAL\u0102 NA\u021aIONAL\u0102 MERIDIAN<\/td><\/tr><tr><td>11<\/td><td>CIUPITU NICOLETA<\/td><td>CONSILIUL NA\u021aIONAL AL \u00ceNTREPRINDERILOR PRIVATE MICI \u0218I MIJLOCII DIN ROM\u00c2NIA<\/td><\/tr><tr><td>12<\/td><td>IONI\u021a\u0102 M\u0102D\u0102LINA CARMEN<\/td><td>CONSILIUL NA\u021aIONAL AL \u00ceNTREPRINDERILOR PRIVATE MICI \u0218I MIJLOCII DIN ROM\u00c2NIA<\/td><\/tr><tr><td>13<\/td><td>STAICU LIVIA<\/td><td>CONFEDERA\u021aIA PATRONAL\u0102 CONCORDIA<\/td><\/tr><tr><td>14<\/td><td>COMAN MARIA ELIZA<\/td><td>CONFEDERA\u021aIA PATRONAL\u0102 CONCORDIA<\/td><\/tr><tr><td>15<\/td><td>FLORIA IRINEL-EDUARD<\/td><td>CONFEDERA\u021aIA PATRONAL\u0102 CONCORDIA<\/td><\/tr><\/tbody><\/table><\/figure>\n\n\n\n<h2 class=\"wp-block-heading\">Agenda de lucru<\/h2>\n\n\n\t\t\t<p>\n\t\t\t\tCategoria selectat\u0103 nu con\u021bine nici un articol\t\t\t<\/p>\n\t\t\t","protected":false},"excerpt":{"rendered":"<p>Conducere \u021aig\u0103na\u0219u Georgiana Floren\u021ba &#8211; Director Executiv Consiliul Consultativ Nr. crt. Nume \u0219i prenume Institu\u021bia reprezentat\u0103 1 M\u00c2NDRICEL JENI INSTITU\u0162IA PREFECTULUI &#8211; JUDE\u0162UL ILFOV 2 PAVEL SILE CASA JUDE\u021aEAN\u0102 DE<\/p>\n","protected":false},"author":1,"featured_media":0,"parent":0,"menu_order":60,"comment_status":"closed","ping_status":"closed","template":"template-parts\/content-with-sidebar.php","meta":{"footnotes":""},"class_list":["post-2163","page","type-page","status-publish","hentry"],"_links":{"self":[{"href":"https:\/\/www.anofm.ro\/ilfov\/wp-json\/wp\/v2\/pages\/2163","targetHints":{"allow":["GET"]}}],"collection":[{"href":"https:\/\/www.anofm.ro\/ilfov\/wp-json\/wp\/v2\/pages"}],"about":[{"href":"https:\/\/www.anofm.ro\/ilfov\/wp-json\/wp\/v2\/types\/page"}],"author":[{"embeddable":true,"href":"https:\/\/www.anofm.ro\/ilfov\/wp-json\/wp\/v2\/users\/1"}],"replies":[{"embeddable":true,"href":"https:\/\/www.anofm.ro\/ilfov\/wp-json\/wp\/v2\/comments?post=2163"}],"version-history":[{"count":8,"href":"https:\/\/www.anofm.ro\/ilfov\/wp-json\/wp\/v2\/pages\/2163\/revisions"}],"predecessor-version":[{"id":6625,"href":"https:\/\/www.anofm.ro\/ilfov\/wp-json\/wp\/v2\/pages\/2163\/revisions\/6625"}],"wp:attachment":[{"href":"https:\/\/www.anofm.ro\/ilfov\/wp-json\/wp\/v2\/media?parent=2163"}],"curies":[{"name":"wp","href":"https:\/\/api.w.org\/{rel}","templated":true}]}}