{"id":2275,"date":"2023-12-14T23:54:03","date_gmt":"2023-12-14T20:54:03","guid":{"rendered":"https:\/\/www.anofm.ro\/stimularea-mobilitatii-prima-de-instalare\/"},"modified":"2024-09-13T09:58:20","modified_gmt":"2024-09-13T06:58:20","slug":"stimularea-mobilitatii-prima-de-instalare","status":"publish","type":"page","link":"https:\/\/www.anofm.ro\/ialomita\/stimularea-mobilitatii-prima-de-instalare\/","title":{"rendered":"Stimularea mobilit\u0103\u0163ii: Prima de instalare"},"content":{"rendered":"\n<p><strong>Prima de instalare<\/strong> prev\u0103zut\u0103 art.75 din Legea nr.76\/2002 privins sistemul asigur\u0103rilor pentru \u0219omaj \u0219i stimularea ocup\u0103rii for\u021bei de munc\u0103<strong>\u00a0<\/strong><\/p>\n\n\n\n<p>Persoanele \u00eenregistrate ca \u015fomeri la agen\u0163iile pentru ocuparea for\u0163ei de munc\u0103 care se \u00eencadreaz\u0103 \u00een munc\u0103, potrivit legii, \u00eentr-o alt\u0103 localitate situat\u0103 la o distan\u0163\u0103 mai mare de 50 km fa\u0163\u0103 de localitatea \u00een care \u00ee\u015fi au domiciliul sau re\u015fedin\u0163a \u015fi, ca urmare a acestui fapt, \u00ee\u015fi schimb\u0103 domiciliul ori \u00ee\u015fi stabilesc re\u015fedin\u0163a \u00een localitatea respectiv\u0103 sau \u00een localit\u0103\u0163ile \u00eenvecinate acesteia pot beneficia de o <strong>prim\u0103 de instalare<\/strong>, neimpozabil\u0103, destinat\u0103 stimul\u0103rii \u00eencadr\u0103rii \u00een munc\u0103, asigur\u0103rii cheltuielilor pentru locuire \u00een noul domiciliu sau noua re\u015fedin\u0163\u0103, \u015fi\/sau pentru re\u00eentregirea familiei, dup\u0103 caz.<\/p>\n\n\n\n<p>Prima de instalare se acord\u0103 \u015fi persoanelor de cet\u0103\u0163enie rom\u00e2n\u0103 care \u015fi-au exercitat dreptul la libera circula\u0163ie a lucr\u0103torilor \u00een spa\u0163iul Uniunii Europene \u015fi Spa\u0163iul Economic European pe o perioad\u0103 de cel pu\u0163in 36 luni.<\/p>\n\n\n\n<p>Prima de instalare se acord\u0103 \u00een cuantum diferen\u0163iat, astfel:<\/p>\n\n\n\n<p>a) 12.500 lei pentru persoanele \u00eenregistrate ca \u015fomeri la agen\u0163iile pentru ocuparea for\u0163ei de munc\u0103 \u015fi care se \u00eencadreaz\u0103 \u00een munc\u0103 \u00eentr-o alt\u0103 localitate \u015fi, ca urmare a acestui fapt, \u00ee\u015fi schimb\u0103 domiciliul sau \u00ee\u015fi stabilesc re\u015fedin\u0163a la o distan\u0163\u0103 mai mare de 50 km fa\u0163\u0103 de localitatea \u00een care \u00ee\u015fi au domiciliul sau re\u015fedin\u0163a;<\/p>\n\n\n\n<p>b) 15.500 lei pentru persoanele prev\u0103zute anterior \u015fi sunt sunt \u00eenso\u0163ite de membrii familiei \u00een sensul Legii nr. 287\/2009 privind Codul civil, republicat\u0103, cu modific\u0103rile ulterioare, iar \u00een cazul familiei monoparentale, \u00een situa\u0163ia \u00een care sunt \u00eenso\u0163ite de copilul sau copiii afla\u0163i \u00een \u00eentre\u0163inere.<\/p>\n\n\n\n<p>\u00cen cazul \u00een care ambii so\u0163i \u00eendeplinesc condi\u0163iile de acordare a primei de instalare, unul va primi suma prev\u0103zut\u0103 12.500 lei, iar cel\u0103lalt va primi o prim\u0103 instalare \u00een cuantum de 3.500 lei.<\/p>\n\n\n\n<p>Prima de instalare se acord\u0103 \u00een dou\u0103 tran\u015fe, astfel:<\/p>\n\n\n\n<p>a) o tran\u015f\u0103 egal\u0103 cu 50% din cuantumul stabilit, la data instal\u0103rii;<\/p>\n\n\n\n<p>b) o tran\u015f\u0103 egal\u0103 cu 50% din cuantumul stabilit, dup\u0103 expirarea perioadei de 12 luni de la angajare<\/p>\n\n\n\n<p>Prin excep\u0163ie, \u00een situa\u0163ia \u00een care angajatorul sau autorit\u0103\u0163ile publice locale sau centrale asigur\u0103 locuin\u0163\u0103 de serviciu ori suportarea cheltuielilor aferente din fonduri ale angajatorului sau fonduri publice, prima de instalare se acord\u0103 \u00eentr-o singur\u0103 tran\u0219\u0103 (la data instal\u0103rii) \u00een cuantum diferen\u0163iat, astfel:<\/p>\n\n\n\n<p>a) 3.500 lei pentru persoana \u00eenregistrat\u0103 ca \u015fomer \u0219i care se \u00eencadreaz\u0103 \u00een munc\u0103 \u00eentr-o alt\u0103 localitate \u015fi, ca urmare a acestui fapt, \u00ee\u015fi schimb\u0103 domiciliul sau \u00ee\u015fi stabile\u0219te re\u015fedin\u0163a;<\/p>\n\n\n\n<p>b) 6.500 lei pentru persoana \u00eenregistrat\u0103 ca \u015fomer este&nbsp; \u00eenso\u0163it\u0103 de membrii familiei \u00een sensul Legii nr. 287\/2009 privind Codul civil, republicat\u0103, cu modific\u0103rile ulterioare, iar \u00een cazul familiei monoparentale, \u00een situa\u0163ia \u00een care sunt \u00eenso\u0163ite de copilul sau copiii afla\u0163i \u00een \u00eentre\u0163inere;<\/p>\n\n\n\n<p>c) 3.500 lei pentru fiecare so\u0163 \u00een cazul \u00een care ambii so\u0163i \u00eendeplinesc condi\u0163iile de acordare a primei de instalare<\/p>\n\n\n\n<p><strong>Prima de instalare se acord\u0103 \u00een cazul \u00een care persoana solicitant\u0103 \u00eendepline\u015fte cumulativ urm\u0103toarele condi\u0163ii:<\/strong><\/p>\n\n\n\n<ul class=\"wp-block-list\">\n<li><strong><u><\/u><\/strong>Are domiciliul sau re\u015fedin\u0163a ori \u00ee\u015fi stabile\u015fte noul domiciliu sau noua re\u015fedin\u0163\u0103 \u00een zonele prev\u0103zute \u00een<strong> <a href=\"\/upload\/3244\/Plan_Mobilitate_H_G_903_2016.pdf\"><em>Planul na\u0163ional de mobilitate aprobat prin H.G. nr.903\/29.11.2016<\/em> ;<\/a><\/strong><\/li>\n\n\n\n<li>Este \u00eenregistrat\u0103 ca \u015fomer la agen\u0163ia pentru ocuparea for\u0163ei de munc\u0103;<\/li>\n<\/ul>\n\n\n\n<ul class=\"wp-block-list\">\n<li>\u00cencadrarea \u00een munc\u0103 se face \u00eentr-o localitate situat\u0103 la o distan\u0163\u0103 mai mare de 50 km de localitatea de domiciliu sau re\u015fedin\u0163\u0103;<\/li>\n<\/ul>\n\n\n\n<ul class=\"wp-block-list\">\n<li>\u00cen localitatea de domiciliu sau de re\u015fedin\u0163\u0103 \u2013 <strong>de unde pleac\u0103<\/strong> &#8211; s\u0103 fi locuit o&nbsp; perioad\u0103&nbsp; de cel pu\u0163in 36 luni;<\/li>\n<\/ul>\n\n\n\n<ul class=\"wp-block-list\">\n<li>Schimbarea domiciliului sau stabilirea re\u015fedin\u0163ei se face \u00een localitatea unde se \u00eencadreaz\u0103 sau \u00een localit\u0103\u0163ile \u00eenvecinate acesteia;<\/li>\n<\/ul>\n\n\n\n<ul class=\"wp-block-list\">\n<li>Nu revine la vechiul domiciliu sau vechea re\u015fedin\u0163\u0103 \u00eentr-o perioad\u0103 de 12 luni de la angajare;<\/li>\n<\/ul>\n\n\n\n<ul class=\"wp-block-list\">\n<li>Angajarea este cu norm\u0103 \u00eentreag\u0103, pentru o perioad\u0103 de cel pu\u0163in 12 luni ;<\/li>\n\n\n\n<li>\u00cen ultimii 2 ani anteriori&nbsp; angaj\u0103rii nu a mai lucrat la acel angajator<\/li>\n\n\n\n<li>\u00cen ultimii 2 ani anteriori angaj\u0103rii nu alucrat la administratorii\/asocia\u0163ii angajatorului (\u00een situa\u0163ia \u00een care angajatorul are mai mul\u0163i administratori\/asocia\u0163i);<\/li>\n\n\n\n<li>Nu a beneficiat de prima de \u00eencadrare sau prima de instalare \u00een ultimele 36 luni premerg\u0103toare solicit\u0103rii primei de mobilitate.<\/li>\n\n\n\n<li>Nu de\u0163ine \u00een proprietate sau coproprietate o locuin\u0163\u0103 \u00een localitatea \u00een care se \u00eencadreaz\u0103 \u00een munc\u0103 sau \u00een localit\u0103\u0163ile \u00eenvecinate acesteia sau \u00een localitatea \u00een care \u00ee\u015fi schimb\u0103 domiciliul sau \u00ee\u015fi stabile\u015fte re\u015fedin\u0163a sau \u00een localit\u0103\u0163ile \u00eenvecinate acesteia, at\u00e2t persoana solicitant\u0103 c\u00e2t \u015fi so\u0163ul\/so\u0163ia, copii afla\u0163i \u00een \u00eentre\u0163inere<\/li>\n\n\n\n<li>Angajatorul sau autorit\u0103\u0163ile administra\u0163iei publice locale sau centrale nu asigur\u0103 locuin\u0163\u0103 de serviciu \u015fi nu suport\u0103 cheltuielile aferente chiriei din fonduri ale angajatorului sau din fonduri publice; <em><\/em><\/li>\n<\/ul>\n\n\n\n<p><strong>Documente necesare<\/strong><\/p>\n\n\n\n<p>Pentru acordarea primei de instalare, persoanele vor depune la agen\u0163ia pentru ocuparea for\u0163ei de munc\u0103 jude\u0163ean\u0103 sau a municipiului Bucure\u015fti, unde se afl\u0103 \u00een eviden\u0163\u0103, <strong>\u00een termen de 60 de zile <\/strong>de la data \u00eencadr\u0103rii \u00een munc\u0103 <strong>urm<\/strong><strong>\u0103<\/strong><strong>toarele documente, <\/strong>dup\u0103 caz<strong>:<\/strong><\/p>\n\n\n\n<p>1.&nbsp;&nbsp;&nbsp;&nbsp; Cerere \u2013 conform modelui prezentat \u00een&nbsp;<a href=\"\/upload\/3244\/Cerere-_anexa_12A_la_norme.doc\"><em>Anexa nr. 12A la Norme<\/em><\/a> sau <em><a href=\"\/upload\/3244\/Cerere-_anexa_12B_la_norme.doc\">Anexa nr. 12B la Norme<\/a><\/em>, dup\u0103 caz<\/p>\n\n\n\n<p>2.&nbsp;&nbsp;&nbsp;&nbsp; Actul de identitate al persoanei solicitante &nbsp;\u2013 original \u015fi copie xerox<\/p>\n\n\n\n<p>3.&nbsp;&nbsp;&nbsp;&nbsp; Contract de munc\u0103, cu precizarea locului de munc\u0103 unde persoana urmeaz\u0103 s\u0103 \u00ee\u015fi desf\u0103\u015foare activitatea &nbsp;\u2013 original \u015fi copie xerox<\/p>\n\n\n\n<p>4.&nbsp;&nbsp;&nbsp;&nbsp; Angajament&nbsp; &#8211; conform&nbsp; model \u2013 <em><a href=\"\/upload\/3244\/Anexa_13_la_norme.doc\">Anexa nr. 13 la Norme<\/a><\/em> , care constituie titlu executoriu, potrivit legii;<\/p>\n\n\n\n<p>5.&nbsp;&nbsp;&nbsp;&nbsp; Declara\u0163ie pe propria r\u0103spundere a angajatorului din care s\u0103 rezulte c\u0103 \u00een ultimii &nbsp;2 ani acesta nu a mai fost \u00een raporturi de munc\u0103 sau de serviciu cu persoana respectiv\u0103;<\/p>\n\n\n\n<p>6.&nbsp;&nbsp;&nbsp;&nbsp; Declara\u0163ie pe propria r\u0103spundere a angajatorului din care s\u0103 rezulte c\u0103 \u00een ultimii&nbsp; 2 ani persoana angajat\u0103&nbsp; nu a mai fost \u00een raporturi de munc\u0103 sau de serviciu cu al\u0163i angajatori la care calitatea de administrator \/ asociat este de\u0163inut\u0103 de una sau mai multe persoane&nbsp; fizice sau juridice care au calitatea de administrator\/ asociat la angajatorul la care se realizeaz\u0103 \u00eencadrarea \u00een munc\u0103; <em><\/em><\/p>\n\n\n\n<p>7.&nbsp;&nbsp;&nbsp; Declara\u0163ie pe&nbsp; propria r\u0103spundere a angajatorului din care s\u0103 rezulte c\u0103 pentru persoana respectiv\u0103&nbsp; ori familia acestuia nu se asigur\u0103 locuin\u0163\u0103 de serviciu \u015fi nu se suport\u0103 cheltuielile aferente chiriei din fonduri ale angajatorului &nbsp;<\/p>\n\n\n\n<p>8.&nbsp;&nbsp;&nbsp;&nbsp; Declara\u0163ia pe propria r\u0103spundere a persoanei \u00eencadrate \u00een munc\u0103 din care s\u0103 rezulte c\u0103 autorit\u0103\u0163ile administra\u0163iei publice locale sau centrale nu asigur\u0103 locuin\u0163\u0103 de serviciu \u015fi nu suport\u0103 cheltuielile aferente chiriei din fonduri publice<\/p>\n\n\n\n<p>9.&nbsp;&nbsp;&nbsp;&nbsp; Declara\u0163ie pe propria r\u0103spundere a absolven\u0163ilor licen\u0163ia\u0163i ai facult\u0103\u0163ilor de medicin\u0103, medicin\u0103 dentar\u0103 \u015fi farmacie din care s\u0103 rezulte c\u0103 la data solicit\u0103rii primei de mobilitate prev\u0103zute la art. 75 din lege nu au promovat concursul na\u0163ional de reziden\u0163ial pe locuri sau pe posturi \u00een condi\u0163iile legii, dup\u0103 caz;<\/p>\n\n\n\n<p>10.&nbsp;&nbsp; Declara\u0163ia pe propria r\u0103spundere a angajatorului absolven\u0163ilor institu\u0163iilor de \u00eenv\u0103\u0163\u0103m\u00e2nt din care s\u0103 rezulte c\u0103 nu are obliga\u0163ia, potrivit legii, de a angaja persoana din aceast\u0103 categorie, dup\u0103 caz<em>;<\/em><\/p>\n\n\n\n<p>11.&nbsp;&nbsp; Dup\u0103 caz, certificatul de c\u0103s\u0103torie \u015fi, dup\u0103 caz certificatele de na\u015ftere ale copiilor sau documentele care atest\u0103 situa\u0163ia juridic\u0103 a copiilor fa\u0163\u0103 de reprezentantul legal sau actele prev\u0103zute de lege \u00een cazul familiilor monoparentale<\/p>\n\n\n\n<p>12.&nbsp;&nbsp; Declara\u0163ie pe proprie r\u0103spundere a persoanei solicitante din care s\u0103 rezulte c\u0103 nu de\u0163ine \u00een proprietate sau coproprietate o locuin\u0163\u0103 \u00een localitatea \u00een care se \u00eencadreaz\u0103 \u00een munc\u0103 sau \u00een localit\u0103\u0163ile \u00eenvecinate acesteia sau \u00een localitatea \u00een care \u00ee\u015fi schimb\u0103 domiciliul sau \u00ee\u015fi stabile\u015fte re\u015fedin\u0163a sau \u00een localit\u0103\u0163ile \u00eenvecinate acesteia, at\u00e2t ea c\u00e2t \u015fi so\u0163ul\/so\u0163ia, copii afla\u0163i \u00een \u00eentre\u0163inere.<\/p>\n\n\n\n<p>13.&nbsp;&nbsp; Pentru persoanele de cet\u0103\u021benie rom\u00e2n\u0103 care \u0219i-au exercitat dreptul la libera circula\u021bie a lucr\u0103torilor \u00een spa\u021biul UE \u0219i SEE, document sau orice alt \u00eenscris emis de o autoritate public\u0103 a statului sau statelor din spa\u0163iul Uniunii Europene \u015fi Spa\u0163iul Economic European \u00een care \u015fi-au exercitat dreptul la liber\u0103 circula\u0163ie a lucr\u0103torilor pe perioada de cel pu\u0163in 36 de luni, prev\u0103zut\u0103 la art. 45^10 alin. (1) lit. a), prin care se atest\u0103 c\u0103 au avut, pe perioada respectiv\u0103, domiciliul sau re\u015fedin\u0163a ori au exercitat dreptul de reziden\u0163\u0103 legal pe teritoriul statului\/statelor respectiv(e), \u00eenso\u0163it de o traducere certificat\u0103 \u00een limba rom\u00e2n\u0103<\/p>\n\n\n\n<p><strong>Depunerea documentelor<\/strong><\/p>\n\n\n\n<ul class=\"wp-block-list\">\n<li>Personal \u2013 la sediul agen\u0163iei<\/li>\n<\/ul>\n\n\n\n<ul class=\"wp-block-list\">\n<li>Prin scrisoare recomandat\u0103 cu confirmare de primire<\/li>\n<\/ul>\n\n\n\n<ul class=\"wp-block-list\">\n<li>Prin fax sau e-mail<\/li>\n<\/ul>\n","protected":false},"excerpt":{"rendered":"<p>Prima de instalare prev\u0103zut\u0103 art.75 din Legea nr.76\/2002 privins sistemul asigur\u0103rilor pentru \u0219omaj \u0219i stimularea ocup\u0103rii for\u021bei de munc\u0103\u00a0 Persoanele \u00eenregistrate ca \u015fomeri la agen\u0163iile pentru ocuparea for\u0163ei de munc\u0103<\/p>\n","protected":false},"author":1,"featured_media":0,"parent":0,"menu_order":620,"comment_status":"closed","ping_status":"closed","template":"template-parts\/content-with-sidebar.php","meta":{"footnotes":""},"class_list":["post-2275","page","type-page","status-publish","hentry"],"_links":{"self":[{"href":"https:\/\/www.anofm.ro\/ialomita\/wp-json\/wp\/v2\/pages\/2275","targetHints":{"allow":["GET"]}}],"collection":[{"href":"https:\/\/www.anofm.ro\/ialomita\/wp-json\/wp\/v2\/pages"}],"about":[{"href":"https:\/\/www.anofm.ro\/ialomita\/wp-json\/wp\/v2\/types\/page"}],"author":[{"embeddable":true,"href":"https:\/\/www.anofm.ro\/ialomita\/wp-json\/wp\/v2\/users\/1"}],"replies":[{"embeddable":true,"href":"https:\/\/www.anofm.ro\/ialomita\/wp-json\/wp\/v2\/comments?post=2275"}],"version-history":[{"count":3,"href":"https:\/\/www.anofm.ro\/ialomita\/wp-json\/wp\/v2\/pages\/2275\/revisions"}],"predecessor-version":[{"id":3971,"href":"https:\/\/www.anofm.ro\/ialomita\/wp-json\/wp\/v2\/pages\/2275\/revisions\/3971"}],"wp:attachment":[{"href":"https:\/\/www.anofm.ro\/ialomita\/wp-json\/wp\/v2\/media?parent=2275"}],"curies":[{"name":"wp","href":"https:\/\/api.w.org\/{rel}","templated":true}]}}