{"id":2163,"date":"2023-12-14T22:54:01","date_gmt":"2023-12-14T20:54:01","guid":{"rendered":"https:\/\/www.anofm.ro\/conducere\/"},"modified":"2025-10-22T09:11:23","modified_gmt":"2025-10-22T06:11:23","slug":"conducere","status":"publish","type":"page","link":"https:\/\/www.anofm.ro\/ialomita\/conducere\/","title":{"rendered":"Conducere"},"content":{"rendered":"\n<h2 class=\"wp-block-heading\">Conducere<\/h2>\n\n\n\t\t\t\t\t<div class=\"team-member\">\n\t\t\t\t\t\t<div class=\"team-member-details\">\n\n\t\t\t\t\t\t\t\t\t\t\t\t\t\t<h2>\n\t\t\t\t\t\t\t\tMocanescu Georgian\t\t\t\t\t\t\t\t<\/h2>\n\t\t\t\t\t\t\t\t\t\t\t\t\t\t\t\t\t<p class=\"h4\">Director<\/p>\n\t\t\t\t\t\t\t\t\t\n\t\t\t\t\t\t<\/div>\n\t\t\t\t\t<\/div>\n\t\t\t\t\t\t\t\t\t<div class=\"team-member\">\n\t\t\t\t\t\t<div class=\"team-member-details\">\n\n\t\t\t\t\t\t\t\t\t\t\t\t\t\t<h2>\n\t\t\t\t\t\t\t\tIonescu Roxana\t\t\t\t\t\t\t\t<\/h2>\n\t\t\t\t\t\t\t\t\t\t\t\t\t\t\t\t\t<p class=\"h4\">Director Adjunct<\/p>\n\t\t\t\t\t\t\t\t\t\n\t\t\t\t\t\t<\/div>\n\t\t\t\t\t<\/div>\n\t\t\t\t\n\n\n<h2 class=\"wp-block-heading\">Consiliu consultativ<\/h2>\n\n\n\n<figure class=\"wp-block-table alignleft\"><table><tbody><tr><td><strong>Nr. crt.<\/strong><\/td><td><strong>Nume \u0219i prenume<\/strong><\/td><td><strong>Institu\u021bia reprezentat\u0103<\/strong><\/td><\/tr><tr><td>1<\/td><td>VOICU DANIEL<\/td><td>CASA JUDE\u021aEAN\u0102 DE PENSII IALOMI\u021aA<\/td><\/tr><tr><td>2<\/td><td>BABOI MARIAN IULIAN<\/td><td>INSPECTORATUL \u0218COLAR IALOMI\u021aA<\/td><\/tr><tr><td>3<\/td><td>SUVAC ALIONA<\/td><td>CASA DE ASIGUR\u0102RI DE S\u0102N\u0102TATE IALOMI\u021aA<\/td><\/tr><tr><td>4<\/td><td>PETCU MARIUS DANIEL<\/td><td>INSPECTORATUL TERITORIAL DE MUNC\u0102 IALOMI\u021aA<\/td><\/tr><tr><td>5<\/td><td>HAIMANA ANA MARIA<\/td><td>CONSILIUL JUDE\u021aEAN IALOMI\u021aA<\/td><\/tr><tr><td>6<\/td><td>GHERGHINA ROMULUS<\/td><td>CARTEL ALFA<\/td><\/tr><tr><td>7<\/td><td>SP\u0102T\u0102RELU VALENTIN<\/td><td>C.N.S.L.R FR\u0102\u021aIA<\/td><\/tr><tr><td>8<\/td><td>MIH\u0102IL\u0102 PETRE<\/td><td>C.S.D.R IALOMI\u021aA<\/td><\/tr><tr><td>9<\/td><td>NEAGU ELENA<\/td><td>C.S.D.R IALOMI\u021aA<\/td><\/tr><tr><td>10<\/td><td>DOROBAN\u021aU IULIAN<\/td><td>B.N.S<\/td><\/tr><tr><td>11<\/td><td>PREDA NICU\u0218OR ADRIAN<\/td><td>C.N.I.P.M.M.R IALOMI\u021aA<\/td><\/tr><tr><td>12<\/td><td>COSTEA GABRIELA<\/td><td>C.N.I.P.M.M.R IALOMI\u021aA<\/td><\/tr><tr><td>13<\/td><td>MENZEL ALICE<\/td><td>CONCORDIA<\/td><\/tr><tr><td>14<\/td><td>FARA NOMINALIZARE<\/td><td>CONCORDIA<\/td><\/tr><tr><td>15<\/td><td>FARA NOMINALIZARE<\/td><td>CONCORDIA<\/td><\/tr><\/tbody><\/table><\/figure>\n\n\n\n<h2 class=\"wp-block-heading\">Agenda de lucru<\/h2>\n\n\n\t\t\t\t<ul class=\"recentcontent\">\n\t\t\t\t\t\t\t\t\t<li>\n\t\t\t\t\t\t<a href=\"https:\/\/www.anofm.ro\/ialomita\/14-11-2025\/\">\n\t\t\t\t\t\t\t\t\t\t\t\t\t\t\t<img decoding=\"async\" src=\"https:\/\/www.anofm.ro\/ialomita\/wp-content\/plugins\/anofm-custom-post-types\/assets\/images\/placeholder-thumb.png\" alt=\"\">\n\t\t\t\t\t\t\t\t\t\t\t\t\t\t\t\t<p class=\"h4\">Vizit\u0103 Ministrul Muncii, Familiei, Tineretului \u0219i Solidarit\u0103\u021bii Sociale<\/p>\n\t\t\t\t\t\t\t\t\t\t\t\t\t\t\t<span>14\/11\/2025<\/span>\n\t\t\t\t\t\t<\/a>\n\t\t\t\t\t<\/li>\n\t\t\t\t\t\t\t\t\t\t<li>\n\t\t\t\t\t\t<a href=\"https:\/\/www.anofm.ro\/ialomita\/agenda-conducerii-ajofm-ialomita\/\">\n\t\t\t\t\t\t\t\t\t\t\t\t\t\t\t<img decoding=\"async\" src=\"https:\/\/www.anofm.ro\/ialomita\/wp-content\/plugins\/anofm-custom-post-types\/assets\/images\/placeholder-thumb.png\" alt=\"\">\n\t\t\t\t\t\t\t\t\t\t\t\t\t\t\t\t<p class=\"h4\">AGENDA CONDUCERII AJOFM IALOMI\u021aA<\/p>\n\t\t\t\t\t\t\t\t\t\t\t\t\t\t\t<span>11\/11\/2025<\/span>\n\t\t\t\t\t\t<\/a>\n\t\t\t\t\t<\/li>\n\t\t\t\t\t\t\t\t\t\t<li>\n\t\t\t\t\t\t<a href=\"https:\/\/www.anofm.ro\/ialomita\/agenda\/\">\n\t\t\t\t\t\t\t\t\t\t\t\t\t\t\t<img decoding=\"async\" src=\"https:\/\/www.anofm.ro\/ialomita\/wp-content\/plugins\/anofm-custom-post-types\/assets\/images\/placeholder-thumb.png\" alt=\"\">\n\t\t\t\t\t\t\t\t\t\t\t\t\t\t\t\t<p class=\"h4\">AGENDA<\/p>\n\t\t\t\t\t\t\t\t\t\t\t\t\t\t\t<span>16\/11\/2018<\/span>\n\t\t\t\t\t\t<\/a>\n\t\t\t\t\t<\/li>\n\t\t\t\t\t\t\t\t\t<\/ul>\n\t\t\t\t","protected":false},"excerpt":{"rendered":"<p>Conducere Consiliu consultativ Nr. crt. Nume \u0219i prenume Institu\u021bia reprezentat\u0103 1 VOICU DANIEL CASA JUDE\u021aEAN\u0102 DE PENSII IALOMI\u021aA 2 BABOI MARIAN IULIAN INSPECTORATUL \u0218COLAR IALOMI\u021aA 3 SUVAC ALIONA CASA DE<\/p>\n","protected":false},"author":1,"featured_media":0,"parent":0,"menu_order":60,"comment_status":"closed","ping_status":"closed","template":"template-parts\/content-with-sidebar.php","meta":{"footnotes":""},"class_list":["post-2163","page","type-page","status-publish","hentry"],"_links":{"self":[{"href":"https:\/\/www.anofm.ro\/ialomita\/wp-json\/wp\/v2\/pages\/2163","targetHints":{"allow":["GET"]}}],"collection":[{"href":"https:\/\/www.anofm.ro\/ialomita\/wp-json\/wp\/v2\/pages"}],"about":[{"href":"https:\/\/www.anofm.ro\/ialomita\/wp-json\/wp\/v2\/types\/page"}],"author":[{"embeddable":true,"href":"https:\/\/www.anofm.ro\/ialomita\/wp-json\/wp\/v2\/users\/1"}],"replies":[{"embeddable":true,"href":"https:\/\/www.anofm.ro\/ialomita\/wp-json\/wp\/v2\/comments?post=2163"}],"version-history":[{"count":5,"href":"https:\/\/www.anofm.ro\/ialomita\/wp-json\/wp\/v2\/pages\/2163\/revisions"}],"predecessor-version":[{"id":5746,"href":"https:\/\/www.anofm.ro\/ialomita\/wp-json\/wp\/v2\/pages\/2163\/revisions\/5746"}],"wp:attachment":[{"href":"https:\/\/www.anofm.ro\/ialomita\/wp-json\/wp\/v2\/media?parent=2163"}],"curies":[{"name":"wp","href":"https:\/\/api.w.org\/{rel}","templated":true}]}}