{"id":2357,"date":"2023-12-14T22:54:06","date_gmt":"2023-12-14T20:54:06","guid":{"rendered":"https:\/\/www.anofm.ro\/contact\/"},"modified":"2026-04-20T09:40:10","modified_gmt":"2026-04-20T06:40:10","slug":"contact","status":"publish","type":"page","link":"https:\/\/www.anofm.ro\/hunedoara\/contact\/","title":{"rendered":"Contact"},"content":{"rendered":"<style>.kb-row-layout-wrap.wp-block-kadence-rowlayout.kb-row-layout-id2357_d4c9ee-f0{margin-bottom:var(--global-kb-spacing-lg, 3rem);}.kb-row-layout-id2357_d4c9ee-f0 > .kt-row-column-wrap{align-content:start;}:where(.kb-row-layout-id2357_d4c9ee-f0 > .kt-row-column-wrap) > .wp-block-kadence-column{justify-content:start;}.kb-row-layout-id2357_d4c9ee-f0 > .kt-row-column-wrap{column-gap:var(--global-kb-gap-md, 2rem);row-gap:var(--global-kb-gap-none, 0rem );padding-top:var(--global-kb-spacing-sm, 1.5rem);padding-right:var(--global-kb-spacing-sm, 1.5rem);padding-bottom:var(--global-kb-spacing-sm, 1.5rem);padding-left:var(--global-kb-spacing-sm, 1.5rem);grid-template-columns:minmax(0, 1fr);}.kb-row-layout-id2357_d4c9ee-f0{background-color:#f7f7f7;}.kb-row-layout-id2357_d4c9ee-f0 > .kt-row-layout-overlay{opacity:0.30;}@media all and (max-width: 1024px){.kb-row-layout-id2357_d4c9ee-f0 > .kt-row-column-wrap{grid-template-columns:minmax(0, 1fr);}}@media all and (max-width: 767px){.kb-row-layout-id2357_d4c9ee-f0 > .kt-row-column-wrap{grid-template-columns:minmax(0, 1fr);}}<\/style><div class=\"kb-row-layout-wrap kb-row-layout-id2357_d4c9ee-f0 alignnone kt-row-has-bg wp-block-kadence-rowlayout\"><div class=\"kt-row-column-wrap kt-has-1-columns kt-row-layout-equal kt-tab-layout-inherit kt-mobile-layout-row kt-row-valign-top\">\n<style>.kadence-column2357_597541-78 > .kt-inside-inner-col,.kadence-column2357_597541-78 > .kt-inside-inner-col:before{border-top-left-radius:0px;border-top-right-radius:0px;border-bottom-right-radius:0px;border-bottom-left-radius:0px;}.kadence-column2357_597541-78 > .kt-inside-inner-col{column-gap:var(--global-kb-gap-sm, 1rem);}.kadence-column2357_597541-78 > .kt-inside-inner-col{flex-direction:column;}.kadence-column2357_597541-78 > .kt-inside-inner-col > .aligncenter{width:100%;}.kadence-column2357_597541-78 > .kt-inside-inner-col:before{opacity:0.3;}.kadence-column2357_597541-78{position:relative;}@media all and (max-width: 1024px){.kadence-column2357_597541-78 > .kt-inside-inner-col{flex-direction:column;justify-content:center;}}@media all and (max-width: 767px){.kadence-column2357_597541-78 > .kt-inside-inner-col{flex-direction:column;justify-content:center;}}<\/style>\n<div class=\"wp-block-kadence-column kadence-column2357_597541-78\"><div class=\"kt-inside-inner-col\">\n<h2 class=\"wp-block-heading\">Intrebarea Dvs. catre AJOFM Hunedoara<\/h2>\n\n\n\n<div class=\"wp-block-contact-form-7-contact-form-selector\">\n<div class=\"wpcf7 no-js\" id=\"wpcf7-f3085-o1\" lang=\"ro-RO\" dir=\"ltr\" data-wpcf7-id=\"3085\">\n<div class=\"screen-reader-response\"><p role=\"status\" aria-live=\"polite\" aria-atomic=\"true\"><\/p> <ul><\/ul><\/div>\n<form action=\"\/hunedoara\/wp-json\/wp\/v2\/pages\/2357#wpcf7-f3085-o1\" method=\"post\" class=\"wpcf7-form init\" aria-label=\"Formular de contact\" novalidate=\"novalidate\" data-status=\"init\">\n<fieldset class=\"hidden-fields-container\"><input type=\"hidden\" name=\"_wpcf7\" value=\"3085\" \/><input type=\"hidden\" name=\"_wpcf7_version\" value=\"6.1.4\" \/><input type=\"hidden\" name=\"_wpcf7_locale\" value=\"ro_RO\" \/><input type=\"hidden\" name=\"_wpcf7_unit_tag\" value=\"wpcf7-f3085-o1\" \/><input type=\"hidden\" name=\"_wpcf7_container_post\" value=\"0\" \/><input type=\"hidden\" name=\"_wpcf7_posted_data_hash\" value=\"\" \/>\n<\/fieldset>\n<p><label> Nume<br \/>\n<span class=\"wpcf7-form-control-wrap\" data-name=\"your-name\"><input size=\"40\" maxlength=\"400\" class=\"wpcf7-form-control wpcf7-text wpcf7-validates-as-required\" autocomplete=\"name\" aria-required=\"true\" aria-invalid=\"false\" value=\"\" type=\"text\" name=\"your-name\" \/><\/span> <\/label>\n<\/p>\n<p><label> Email<br \/>\n<span class=\"wpcf7-form-control-wrap\" data-name=\"your-email\"><input size=\"40\" maxlength=\"400\" class=\"wpcf7-form-control wpcf7-email wpcf7-validates-as-required wpcf7-text wpcf7-validates-as-email\" autocomplete=\"email\" aria-required=\"true\" aria-invalid=\"false\" value=\"\" type=\"email\" name=\"your-email\" \/><\/span> <\/label>\n<\/p>\n<p><label> Telefon<br \/>\n<span class=\"wpcf7-form-control-wrap\" data-name=\"your-phone\"><input size=\"40\" maxlength=\"400\" class=\"wpcf7-form-control wpcf7-tel wpcf7-validates-as-required wpcf7-text wpcf7-validates-as-tel\" aria-required=\"true\" aria-invalid=\"false\" value=\"\" type=\"tel\" name=\"your-phone\" \/><\/span> <\/label>\n<\/p>\n<p><label> Tema<br \/>\n<span class=\"wpcf7-form-control-wrap\" data-name=\"your-subject\"><input size=\"40\" maxlength=\"400\" class=\"wpcf7-form-control wpcf7-text wpcf7-validates-as-required\" aria-required=\"true\" aria-invalid=\"false\" value=\"\" type=\"text\" name=\"your-subject\" \/><\/span> <\/label>\n<\/p>\n<p><label> Intrebare<br \/>\n<span class=\"wpcf7-form-control-wrap\" data-name=\"your-message\"><textarea cols=\"40\" rows=\"10\" maxlength=\"2000\" class=\"wpcf7-form-control wpcf7-textarea\" aria-invalid=\"false\" name=\"your-message\"><\/textarea><\/span> <\/label>\n<\/p>\n<p><input class=\"wpcf7-form-control wpcf7-submit has-spinner\" type=\"submit\" value=\"Trimite\" \/>\n<\/p><div class=\"wpcf7-response-output\" aria-hidden=\"true\"><\/div>\n<\/form>\n<\/div>\n<\/div>\n<\/div><\/div>\n\n<\/div><\/div>\n\n\n<h2 class=\"wp-block-heading\">Date de contact AJOFM Hunedoara <\/h2>\n\n\n\n<p>Sediu: Deva, str. Pia\u021ba Unirii, nr. 2<br>Nr. telefon: 0254.216.150; 0254.216.151;<br>Nr. fax: 0254.216.088<br>E-mail: ajofm.hd@anofm.gov.ro; <br>Pagina Web: www.anofm.ro \u2013 sec\u021biunea \u201eAJOFM Hunedoara\u201d<\/p>\n\n\n\n<h2 class=\"wp-block-heading\">Date de contact Agen\u021bii Locale \u0219i Puncte de Lucru<\/h2>\n\n\n\n<p><strong>Agen\u0163ia Local\u0103 Deva<\/strong><\/p>\n\n\n\n<p>Adresa: Deva, Str. Pia\u021ba Unirii, nr. 2<br>Persoan\u0103 de contact: Diana HERBAN -\u0218ef serviciu<\/p>\n\n\n\n<p>Nr. telefon: 0755.999.916; 0254.216.151;<br>Nr. fax: 0254.216.088<br>E-mail: diana.herban.hd@anofm.gov.ro;&nbsp;anamaria.joca.hd@anofm.gov.ro;<\/p>\n\n\n\n<div class=\"wp-block-group\"><div class=\"wp-block-group__inner-container is-layout-constrained wp-block-group-is-layout-constrained\">\n<p><strong>Punct de lucru Brad <\/strong><\/p>\n\n\n\n<p>Adresa: Brad, Str. Independen\u021bei, nr. 3<br>Persoan\u0103 de contact: Crinela RO\u021a<\/p>\n\n\n\n<p>Nr. telefon: 0755.999.923; <br>Nr. fax: 0254.216.088<br>E-mail: crinela.rot.hd@anofm.gov.ro;&nbsp;<\/p>\n<\/div><\/div>\n\n\n\n<p><strong>Punct de lucru Ilia<\/strong><\/p>\n\n\n\n<p>Adresa: Ilia, str. Libert\u0103\u0163ii nr. 56<br>Persoan\u0103 de contact: Camelia MIRIC\u0102<\/p>\n\n\n\n<p>Nr. telefon: 0755.999.926; 0254.216.151;<br>Nr. fax: 0254.216.088<br>E-mail: camelia.mirica.hd@anofm.gov.ro;&nbsp;<\/p>\n\n\n\n<p><strong>Punct de lucru Simeria <\/strong><\/p>\n\n\n\n<p>Adresa: Simeria, str. Pia\u0163a Unirii, C.T.4<br>Persoan\u0103 de contact: Bianca DR\u0102GULESCU<\/p>\n\n\n\n<p>Nr. telefon: 0755.999.916; <br>Nr. fax: 0254.216.088<br>E-mail: bianca.dragulescu.hd@anofm.gov.ro;&nbsp;<\/p>\n\n\n\n<p><strong>Punct de lucru Or\u0103\u0219tie <\/strong><\/p>\n\n\n\n<p>Adresa: Or\u0103\u015ftie, str. O. Goga nr. 25<br>Persoan\u0103 de contact: Florina COCREAN<\/p>\n\n\n\n<p>Nr. telefon: 0755.999.922; <br>Nr. fax: 0254.216.088<br>E-mail: florina.cocrean.hd@anofm.gov.ro;&nbsp;<\/p>\n\n\n\n<p><strong>Punct de lucru C\u0103lan <\/strong><\/p>\n\n\n\n<p>Adresa: C\u0103lan, str. Independen\u0163ei, nr. 13, parter<br>Persoan\u0103 de contact: Cornelia DUMITRESCU<\/p>\n\n\n\n<p>Nr. telefon: 0755.999.924; <br>Nr. fax: 0254.216.088<br>E-mail: cornelia.dumitrescu.hd@anofm.gov.ro;&nbsp;<\/p>\n\n\n\n<p><strong>Punct de lucru Ha\u021beg<\/strong><\/p>\n\n\n\n<p>Adresa: Ha\u0163eg, str. Libert\u0103\u0163ii, nr. 5<br>Persoan\u0103 de contact: Bianca FUSA<\/p>\n\n\n\n<p>Nr. telefon: 0755.999.925; <br>Nr. fax: 0254.216.088<br>E-mail: bianca.fusa.hd@anofm.gov.ro;&nbsp;<\/p>\n\n\n\n<p><strong>Agen\u021bia Local\u0103 Hunedoara<\/strong><\/p>\n\n\n\n<p>Adresa: Hunedoara, Str. Furnalelor nr. 2B<br>Persoan\u0103 de contact: Roxana ASAVEI<\/p>\n\n\n\n<p>Nr. telefon: 0755.999.917; <br>Nr. fax: 0254.216.088<br>E-mail: roxana.asavei.hd@anofm.gov.ro;&nbsp;<\/p>\n\n\n\n<p><strong>Agen\u021bia Local\u0103 Petro\u0219ani <\/strong><\/p>\n\n\n\n<p>Adresa: Petro\u015fani, str. 1 Decembrie 1918, nr. 90<br>Persoan\u0103 de contact: Iudith BAB\u021aAN<\/p>\n\n\n\n<p>Nr. telefon: 0755.999.918; <br>Nr. fax: 0254.216.088<br>E-mail: iudith.babtan.hd@anofm.gov.ro;&nbsp;<\/p>\n\n\n\n<p><strong>Punct de lucru Lupeni <\/strong><\/p>\n\n\n\n<p>Adresa: Lupeni, Str. Avram Iancu, nr. 1<br>Persoan\u0103 de contact: Constantin RAMA\u0218CANU<\/p>\n\n\n\n<p>Nr. telefon: 0755.999.919; <br>Nr. fax: 0254.216.088<br>E-mail: constantin.ramascanu.hd@anofm.gov.ro;&nbsp;<\/p>\n\n\n\n<p><strong>Punct de lucru <strong>Vulcan <\/strong><\/strong><\/p>\n\n\n\n<p>Adresa: Vulcan, str. Mihai&nbsp; Viteazu, Bloc 92, parter<br>Persoan\u0103 de contact: Laura C\u00ceMPEAN<\/p>\n\n\n\n<p>Nr. telefon: 0755.999.920; <br>Nr. fax: 0254.216.088<br>E-mail: laura.cimpean.hd@anofm.gov.ro;&nbsp;<\/p>\n\n\n\n<p><strong>Centrul de Formare Profesional\u0103 Deva <\/strong><\/p>\n\n\n\n<p>Adresa: Deva, str. Aurel Vlaicu nr. 25<br>Persoan\u0103 de contact: Rodica COSTEA<\/p>\n\n\n\n<p>Nr. telefon: 0755.999.929; <br>Nr. fax: 0254.216.088<br>E-mail: rodica.costea.hd@anofm.gov.ro;&nbsp;<\/p>\n\n\n\n<p><strong><strong>Centrul de Formare Profesional\u0103 Petro\u0219ani<\/strong><\/strong> <\/p>\n\n\n\n<p>Adresa: Petro\u015fani,&nbsp;str.&nbsp; 22&nbsp; Decembrie nr. 6<br>Persoan\u0103 de contact: Loredana POC\u0218AN<\/p>\n\n\n\n<p>Nr. telefon: 0755.999.930; <br>Nr. fax: 0254.216.088<br>E-mail: loredana.pocsan.hd@anofm.gov.ro;&nbsp;<\/p>\n\n\n\n<h2 class=\"wp-block-heading\">Program de func\u021bionare<\/h2>\n\n\n\n<p>Luni \u2013 Joi: 8<sup>00<\/sup> \u2013 16<sup>30<\/sup><\/p>\n\n\n\n<p>Vineri: 8<sup>00<\/sup> \u2013 14<sup>00<\/sup><\/p>\n\n\n\n<h2 class=\"wp-block-heading\">Program de audien\u021be<\/h2>\n\n\n\n<p>Director executiv: Georgeta Angelica TOMU\u021aA \u2013 Joi: 11.00 \u2013 14.00<\/p>\n\n\n\n<a class=\"btn\" href=\"#\" target=\"\" rel=\"noopener\"><\/a>\n\n\n\n<h2 class=\"wp-block-heading\">Rela\u021bii cu presa<\/h2>\n\n\n\n<p>Sediu: Deva, str. Pia\u021ba Unirii, nr. 2<br>Nr. telefon: 0254.216.150; 0254.216.151;<br>Nr. fax: 0254.216.088<br>E-mail: ajofm.hd@anofm.gov.ro<\/p>\n\n\n\n<p class=\"has-medium-font-size\">Persoana responsabila cu protectia datelor cu caracter personal<\/p>\n\n\n\n<p>Claudiu Ciprian Roncea, consilier juridic<br>e-mail: ciprian.roncea.hd@anofm.gov.ro<\/p>\n\n\n\n<div class=\"file-list-wrap\"><ul class=\"file-list\">\n<li><a href=\"https:\/\/www.anofm.ro\/hunedoara\/wp-content\/uploads\/sites\/24\/2026\/04\/decizia-nr.192-24.05.2018-responsabil-GDPR.pdf\" download>decizia-nr.192-24.05.2018-responsabil-GDPR.pdf<\/a><\/li>\n<\/ul><\/div>\n","protected":false},"excerpt":{"rendered":"<p>Intrebarea Dvs. catre AJOFM Hunedoara Date de contact AJOFM Hunedoara Sediu: Deva, str. Pia\u021ba Unirii, nr. 2Nr. telefon: 0254.216.150; 0254.216.151;Nr. fax: 0254.216.088E-mail: ajofm.hd@anofm.gov.ro; Pagina Web: www.anofm.ro \u2013 sec\u021biunea \u201eAJOFM Hunedoara\u201d<\/p>\n","protected":false},"author":1,"featured_media":0,"parent":0,"menu_order":1030,"comment_status":"closed","ping_status":"closed","template":"template-parts\/content-with-sidebar.php","meta":{"footnotes":""},"class_list":["post-2357","page","type-page","status-publish","hentry"],"_links":{"self":[{"href":"https:\/\/www.anofm.ro\/hunedoara\/wp-json\/wp\/v2\/pages\/2357","targetHints":{"allow":["GET"]}}],"collection":[{"href":"https:\/\/www.anofm.ro\/hunedoara\/wp-json\/wp\/v2\/pages"}],"about":[{"href":"https:\/\/www.anofm.ro\/hunedoara\/wp-json\/wp\/v2\/types\/page"}],"author":[{"embeddable":true,"href":"https:\/\/www.anofm.ro\/hunedoara\/wp-json\/wp\/v2\/users\/1"}],"replies":[{"embeddable":true,"href":"https:\/\/www.anofm.ro\/hunedoara\/wp-json\/wp\/v2\/comments?post=2357"}],"version-history":[{"count":17,"href":"https:\/\/www.anofm.ro\/hunedoara\/wp-json\/wp\/v2\/pages\/2357\/revisions"}],"predecessor-version":[{"id":8845,"href":"https:\/\/www.anofm.ro\/hunedoara\/wp-json\/wp\/v2\/pages\/2357\/revisions\/8845"}],"wp:attachment":[{"href":"https:\/\/www.anofm.ro\/hunedoara\/wp-json\/wp\/v2\/media?parent=2357"}],"curies":[{"name":"wp","href":"https:\/\/api.w.org\/{rel}","templated":true}]}}