{"id":2207,"date":"2023-12-14T22:54:02","date_gmt":"2023-12-14T20:54:02","guid":{"rendered":"https:\/\/www.anofm.ro\/lista-documentelor-de-interes-public\/"},"modified":"2026-04-20T09:46:43","modified_gmt":"2026-04-20T06:46:43","slug":"lista-documentelor-de-interes-public","status":"publish","type":"page","link":"https:\/\/www.anofm.ro\/hunedoara\/lista-documentelor-de-interes-public\/","title":{"rendered":"Lista documentelor de interes public"},"content":{"rendered":"\n<p><\/p>\n\n\n\n<p>1. Acte normative care reglementeaz\u0103 organizarea \u015fi func\u0163ionarea Agen\u0163iei Jude\u0163ene pentru Ocuparea For\u0163ei de Munca Hunedoara;<\/p>\n\n\n\n<p>&nbsp;2. Structura organizatoric\u0103, atribu\u0163iile compartimentelor institu\u0163iei, programul de func\u0163ionare \u015fi programul de audien\u0163e;<\/p>\n\n\n\n<p>3. Numele \u015fi prenumele persoanelor din conducerea AJOFM Hunedoara, precum \u015fi ale responsabililor cu difuzarea informa\u0163iilor publice;<\/p>\n\n\n\n<p>4. Coordonatele de contact ale AJOFM Hunedoara, respectiv: denumirea, sediul, numerele de telefon, fax, adresa de e-mail \u015fi adresa paginii de Internet;<\/p>\n\n\n\n<p>5. Programele \u015fi strategiile proprii<\/p>\n\n\n\n<p>6. Raportul anual cu privire la activitatea AJOFM Hunedoara;<\/p>\n\n\n\n<p>7. Regulamentul de organizare si func\u0163ionare al AJOFM Hunedoara;<\/p>\n\n\n\n<p>8. Regulamentul intern al AJOFM Hunedoara;<\/p>\n\n\n\n<p>9. Bugetul de venituri \u015fi cheltuieli al AJOFM Hunedoara \u015fi bilan\u0163ul contabil;<\/p>\n\n\n\n<p>10. Comunicate de pres\u0103, buletine informative, documentare de pres\u0103, bro\u015furi, pliante, afi\u015fe, ghiduri, privind activit\u0103\u0163ile AJOFM Hunedoara;<\/p>\n\n\n\n<p>11. Materiale prezentate \u00een cadrul conferin\u0163elor de pres\u0103 \u015fi declara\u0163ii de pres\u0103;<\/p>\n\n\n\n<p>12. Declara\u0163ii de avere;<\/p>\n\n\n\n<p>13. Documente necesare desf\u0103\u015fur\u0103rii concursurilor pentru ocuparea posturilor vacante;<\/p>\n\n\n\n<p>14. Informa\u0163ii privind organizarea licita\u0163iilor la nivelul AJOFM Hunedoara, conform legisla\u0163iei \u00een vigoare.<\/p>\n\n\n\n<p>15. Lista cuprinzand&nbsp; categoriile de documente gestionate potrivit legii . Documentele cuprinse in normele si procedurile de aplicare&nbsp; a Legii nr. 76\/2002 privind sistemul asigurarilor pentru somaj si stimularea ocuparii fortei de munca , cu modificarile si completarile ulterioare.<\/p>\n\n\n\n<p>Introduceti continutul text. Eventualele incarcari de fisiere se fac in faza de editare<\/p>\n\n\n\n<p><strong>Sunt exceptate de la accesul liber al cet\u0103\u0163enilor urm\u0103toarele informa\u0163ii<\/strong> (art. 12 alin. 1 din Legea nr. 544\/2001 privind liberul acces la informa\u0163iile de interes public, cu modific\u0103rile \u015fi complet\u0103rile ulterioare):<\/p>\n\n\n\n<p>\u2013 informa\u0163iile din domeniul ap\u0103r\u0103rii na\u0163ionale, siguran\u0163ei \u015fi ordinii publice, dac\u0103 fac parte din categoriile informa\u0163iilor clasificate, potrivit legii;<\/p>\n\n\n\n<p>\u2013 informa\u0163iile privind deliber\u0103rile autorit\u0103\u0163ilor, precum \u015fi cele care privesc interesele economice \u015fi politice ale Rom\u00e2niei, dac\u0103 fac parte din categoria informa\u0163iilor clasificate, potrivit legii;<\/p>\n\n\n\n<p>\u2013 informa\u0163iile privind activit\u0103\u0163ile comerciale sau financiare, dac\u0103 publicitatea acestora aduce atingere dreptului de proprietate intelectual\u0103 ori industial\u0103, precum \u015fi principiului concuren\u0163ei loiale, potrivit legii;<\/p>\n\n\n\n<p>\u2013 informa\u0163iile cu privire la datele personale, potrivit legii;<\/p>\n\n\n\n<p>\u2013 informa\u0163iile privind procedura \u00een timpul anchetei penale sau disciplinare, dac\u0103 se pericliteaz\u0103 rezultatul anchetei, se dezv\u0103luie surse confiden\u0163iale ori se pun \u00een pericol via\u0163a, integritatea corporal\u0103, s\u0103n\u0103tatea unei persoane \u00een urma anchetei efectuate sau \u00een curs de desf\u0103\u015furare;<\/p>\n\n\n\n<p>\u2013 informa\u0163iile privind procedurile judiciare, dac\u0103 publicitatea acestora aduce atingere asigur\u0103rii unui proces echitabil ori interesului legitim al oric\u0103ruia dintre p\u0103r\u0163ile implicate \u00een proces;<\/p>\n\n\n\n<p>-informa\u0163iile a c\u0103ror publicare prejudiciaz\u0103 m\u0103surile de protec\u0163ie a clien\u0163ilor.<\/p>\n","protected":false},"excerpt":{"rendered":"<p>1. Acte normative care reglementeaz\u0103 organizarea \u015fi func\u0163ionarea Agen\u0163iei Jude\u0163ene pentru Ocuparea For\u0163ei de Munca Hunedoara; &nbsp;2. Structura organizatoric\u0103, atribu\u0163iile compartimentelor institu\u0163iei, programul de func\u0163ionare \u015fi programul de audien\u0163e; 3.<\/p>\n","protected":false},"author":1,"featured_media":0,"parent":0,"menu_order":280,"comment_status":"closed","ping_status":"closed","template":"template-parts\/content-with-sidebar.php","meta":{"footnotes":""},"class_list":["post-2207","page","type-page","status-publish","hentry"],"_links":{"self":[{"href":"https:\/\/www.anofm.ro\/hunedoara\/wp-json\/wp\/v2\/pages\/2207","targetHints":{"allow":["GET"]}}],"collection":[{"href":"https:\/\/www.anofm.ro\/hunedoara\/wp-json\/wp\/v2\/pages"}],"about":[{"href":"https:\/\/www.anofm.ro\/hunedoara\/wp-json\/wp\/v2\/types\/page"}],"author":[{"embeddable":true,"href":"https:\/\/www.anofm.ro\/hunedoara\/wp-json\/wp\/v2\/users\/1"}],"replies":[{"embeddable":true,"href":"https:\/\/www.anofm.ro\/hunedoara\/wp-json\/wp\/v2\/comments?post=2207"}],"version-history":[{"count":2,"href":"https:\/\/www.anofm.ro\/hunedoara\/wp-json\/wp\/v2\/pages\/2207\/revisions"}],"predecessor-version":[{"id":8846,"href":"https:\/\/www.anofm.ro\/hunedoara\/wp-json\/wp\/v2\/pages\/2207\/revisions\/8846"}],"wp:attachment":[{"href":"https:\/\/www.anofm.ro\/hunedoara\/wp-json\/wp\/v2\/media?parent=2207"}],"curies":[{"name":"wp","href":"https:\/\/api.w.org\/{rel}","templated":true}]}}