{"id":2163,"date":"2023-12-14T22:54:01","date_gmt":"2023-12-14T20:54:01","guid":{"rendered":"https:\/\/www.anofm.ro\/conducere\/"},"modified":"2026-02-19T09:29:45","modified_gmt":"2026-02-19T07:29:45","slug":"conducere","status":"publish","type":"page","link":"https:\/\/www.anofm.ro\/hunedoara\/conducere\/","title":{"rendered":"Conducere"},"content":{"rendered":"\n<h2 class=\"wp-block-heading\">Conducere<\/h2>\n\n\n\t\t\t\t\t<div class=\"team-member\">\n\t\t\t\t\t\t<div class=\"team-member-details\">\n\n\t\t\t\t\t\t\t\t\t\t\t\t\t\t<h2>\n\t\t\t\t\t\t\t\tTomuta Georgeta Angelica\t\t\t\t\t\t\t\t<\/h2>\n\t\t\t\t\t\t\t\t\t\t\t\t\t\t\t\t\t<p class=\"h4\">Director Executiv<\/p>\n\t\t\t\t\t\t\t\t\t\n\t\t\t\t\t\t<\/div>\n\t\t\t\t\t<\/div>\n\t\t\t\t\n\n\n<h2 class=\"wp-block-heading\">Consiliu consultativ<\/h2>\n\n\n\n<figure class=\"wp-block-table alignleft\"><table><tbody><tr><td><strong>Nr. crt.<\/strong><\/td><td><strong>Nume \u0219i prenume<\/strong><\/td><td><strong>Institu\u021bia reprezentat\u0103<\/strong><\/td><\/tr><tr><td>1<\/td><td>FULOP ROXANA DIANA<strong>&nbsp;<\/strong><\/td><td>INSTITU\u0162IA PREFECTULUI JUDE\u0162ULUI HUNEDOARA<strong><\/strong><\/td><\/tr><tr><td>2<\/td><td>BOZDOG ADRIAN FLORIN<\/td><td>INSPECTORATUL TERITORIAL DE MUNC\u0102 HUNEDOARA <strong>&nbsp;<\/strong><\/td><\/tr><tr><td>3<\/td><td>\u0218TEF\u0102NIE MARIA<\/td><td>INSPECTORATUL \u015eCOLAR AL JUDE\u0162ULUI HUNEDOARA <strong>&nbsp;<\/strong><\/td><\/tr><tr><td>4<\/td><td>B\u00c2RLEA ELENA ALINA<\/td><td>CASA JUDE\u021aEAN\u0102 DE PENSII HUNEDOARA<\/td><\/tr><tr><td>5<\/td><td>OROS LIVIA<\/td><td>CONSILIUL JUDE\u0162EAN HUNEDOARA<\/td><\/tr><tr><td>6<\/td><td>MORCAN OVIDIU<\/td><td>BLOCUL NA\u0162IONAL SINDICAL <strong>&nbsp;<\/strong><\/td><\/tr><tr><td>7<\/td><td>GUDIU IONEL FLORIN<\/td><td>CONFEDERA\u0162IA SINDICATELOR DEMOCRATICE DIN ROM\u00c2NIA<strong><\/strong><\/td><\/tr><tr><td>8<\/td><td>LUDO\u0218EAN IOAN<\/td><td>CONFEDERA\u0162IA SINDICAL\u0102 NA\u0162IONAL\u0102 \u201eMERIDIAN\u201d <strong>&nbsp;<\/strong><\/td><\/tr><tr><td>9<\/td><td>GHIBU IOAN MARCEL<\/td><td>CONFEDERA\u0162IA NA\u0162IONAL\u0102 A SINDICATELOR LIBERE DIN ROM\u00c2NIA \u2013 \u201eFRA\u0162IA\u201d<strong><\/strong><\/td><\/tr><tr><td>10<\/td><td>I\u0218TOC CRISTIAN<\/td><td>CONFEDERA\u0162IA NA\u0162IONAL\u0102 SINDICAL\u0102 \u201eCARTEL ALFA\u201d <strong>&nbsp;<\/strong><\/td><\/tr><tr><td>11<\/td><td>SOLNOC CIPRIAN GHEORGHE<\/td><td>CONFEDERA\u0162IA PATRONAL\u0102 \u201eCONCORDIA\u201d <strong>&nbsp;<\/strong><\/td><\/tr><tr><td>12<\/td><td>\u021aONE NICU<\/td><td>CONFEDERA\u0162IA PATRONAL\u0102 \u201eCONCORDIA\u201d <strong>&nbsp;<\/strong><\/td><\/tr><tr><td>13<\/td><td>H\u0102R\u0102U CARMEN<\/td><td>CONFEDERA\u0162IA PATRONAL\u0102 \u201eCONCORDIA\u201d <strong>&nbsp;<\/strong><\/td><\/tr><tr><td>14<\/td><td>BANCIU FLAVIA<\/td><td>CONSILIUL NA\u0162IONAL AL \u00ceNTREPRINDERILOR PRIVATE MICI \u015eI MIJLOCII DIN ROM\u00c2NIA \u2013 C.N.I.P.M.M.R.<strong><\/strong><\/td><\/tr><tr><td>15<\/td><td>NEAM\u021aU CRISTIAN &#8211; CORNELIU<\/td><td>CONSILIUL NA\u0162IONAL AL \u00ceNTREPRINDERILOR PRIVATE MICI \u015eI MIJLOCII DIN ROM\u00c2NIA \u2013 C.N.I.P.M.M.R.<strong><\/strong><\/td><\/tr><\/tbody><\/table><\/figure>\n\n\n\n<h2 class=\"wp-block-heading\">Agenda de lucru<\/h2>\n\n\n\t\t\t\t<ul class=\"recentcontent\">\n\t\t\t\t\t\t\t\t\t<li>\n\t\t\t\t\t\t<a href=\"https:\/\/www.anofm.ro\/hunedoara\/agenda-conducerii-ajofm-hunedoara-04-08-05-2026\/\">\n\t\t\t\t\t\t\t\t\t\t\t\t\t\t\t<img decoding=\"async\" src=\"https:\/\/www.anofm.ro\/hunedoara\/wp-content\/plugins\/anofm-custom-post-types\/assets\/images\/placeholder-thumb.png\" alt=\"\">\n\t\t\t\t\t\t\t\t\t\t\t\t\t\t\t\t<p class=\"h4\">Agenda conducerii AJOFM Hunedoara 04 &#8211; 08.05.2026<\/p>\n\t\t\t\t\t\t\t\t\t\t\t\t\t\t\t<span>30\/04\/2026<\/span>\n\t\t\t\t\t\t<\/a>\n\t\t\t\t\t<\/li>\n\t\t\t\t\t\t\t\t\t\t<li>\n\t\t\t\t\t\t<a href=\"https:\/\/www.anofm.ro\/hunedoara\/agenda-conducerii-ajofm-hunedoara-27-30-04-2026\/\">\n\t\t\t\t\t\t\t\t\t\t\t\t\t\t\t<img decoding=\"async\" src=\"https:\/\/www.anofm.ro\/hunedoara\/wp-content\/plugins\/anofm-custom-post-types\/assets\/images\/placeholder-thumb.png\" alt=\"\">\n\t\t\t\t\t\t\t\t\t\t\t\t\t\t\t\t<p class=\"h4\">Agenda conducerii AJOFM Hunedoara 27 &#8211; 30.04.2026<\/p>\n\t\t\t\t\t\t\t\t\t\t\t\t\t\t\t<span>24\/04\/2026<\/span>\n\t\t\t\t\t\t<\/a>\n\t\t\t\t\t<\/li>\n\t\t\t\t\t\t\t\t\t\t<li>\n\t\t\t\t\t\t<a href=\"https:\/\/www.anofm.ro\/hunedoara\/agenda-conducerii-ajofm-hunedoara-20-24-04-2026\/\">\n\t\t\t\t\t\t\t\t\t\t\t\t\t\t\t<img decoding=\"async\" src=\"https:\/\/www.anofm.ro\/hunedoara\/wp-content\/plugins\/anofm-custom-post-types\/assets\/images\/placeholder-thumb.png\" alt=\"\">\n\t\t\t\t\t\t\t\t\t\t\t\t\t\t\t\t<p class=\"h4\">Agenda conducerii AJOFM Hunedoara 20 &#8211; 24.04.2026<\/p>\n\t\t\t\t\t\t\t\t\t\t\t\t\t\t\t<span>17\/04\/2026<\/span>\n\t\t\t\t\t\t<\/a>\n\t\t\t\t\t<\/li>\n\t\t\t\t\t\t\t\t\t\t<li>\n\t\t\t\t\t\t<a href=\"https:\/\/www.anofm.ro\/hunedoara\/agenda-conducerii-ajofm-hunedoara-14-17-04-2026\/\">\n\t\t\t\t\t\t\t\t\t\t\t\t\t\t\t<img decoding=\"async\" src=\"https:\/\/www.anofm.ro\/hunedoara\/wp-content\/plugins\/anofm-custom-post-types\/assets\/images\/placeholder-thumb.png\" alt=\"\">\n\t\t\t\t\t\t\t\t\t\t\t\t\t\t\t\t<p class=\"h4\">Agenda conducerii AJOFM Hunedoara 14 &#8211; 17.04.2026<\/p>\n\t\t\t\t\t\t\t\t\t\t\t\t\t\t\t<span>09\/04\/2026<\/span>\n\t\t\t\t\t\t<\/a>\n\t\t\t\t\t<\/li>\n\t\t\t\t\t\t\t\t\t\t<li>\n\t\t\t\t\t\t<a href=\"https:\/\/www.anofm.ro\/hunedoara\/agenda-conducerii-ajofm-hunedoara-06-09-04-2026\/\">\n\t\t\t\t\t\t\t\t\t\t\t\t\t\t\t<img decoding=\"async\" src=\"https:\/\/www.anofm.ro\/hunedoara\/wp-content\/plugins\/anofm-custom-post-types\/assets\/images\/placeholder-thumb.png\" alt=\"\">\n\t\t\t\t\t\t\t\t\t\t\t\t\t\t\t\t<p class=\"h4\">Agenda conducerii AJOFM Hunedoara 06 &#8211; 09.04.2026<\/p>\n\t\t\t\t\t\t\t\t\t\t\t\t\t\t\t<span>03\/04\/2026<\/span>\n\t\t\t\t\t\t<\/a>\n\t\t\t\t\t<\/li>\n\t\t\t\t\t\t\t\t\t\t<li>\n\t\t\t\t\t\t<a href=\"https:\/\/www.anofm.ro\/hunedoara\/agenda-conducerii-ajofm-hunedoara-30-03-03-04-2026\/\">\n\t\t\t\t\t\t\t\t\t\t\t\t\t\t\t<img decoding=\"async\" src=\"https:\/\/www.anofm.ro\/hunedoara\/wp-content\/plugins\/anofm-custom-post-types\/assets\/images\/placeholder-thumb.png\" alt=\"\">\n\t\t\t\t\t\t\t\t\t\t\t\t\t\t\t\t<p class=\"h4\">Agenda conducerii AJOFM Hunedoara 30.03 &#8211; 03.04.2026<\/p>\n\t\t\t\t\t\t\t\t\t\t\t\t\t\t\t<span>27\/03\/2026<\/span>\n\t\t\t\t\t\t<\/a>\n\t\t\t\t\t<\/li>\n\t\t\t\t\t\t\t\t\t\t<li>\n\t\t\t\t\t\t<a href=\"https:\/\/www.anofm.ro\/hunedoara\/agenda-conducerii-ajofm-hunedoara-23-27-03-2026\/\">\n\t\t\t\t\t\t\t\t\t\t\t\t\t\t\t<img decoding=\"async\" src=\"https:\/\/www.anofm.ro\/hunedoara\/wp-content\/plugins\/anofm-custom-post-types\/assets\/images\/placeholder-thumb.png\" alt=\"\">\n\t\t\t\t\t\t\t\t\t\t\t\t\t\t\t\t<p class=\"h4\">Agenda conducerii AJOFM Hunedoara 23 &#8211; 27.03.2026<\/p>\n\t\t\t\t\t\t\t\t\t\t\t\t\t\t\t<span>20\/03\/2026<\/span>\n\t\t\t\t\t\t<\/a>\n\t\t\t\t\t<\/li>\n\t\t\t\t\t\t\t\t\t\t<li>\n\t\t\t\t\t\t<a href=\"https:\/\/www.anofm.ro\/hunedoara\/agenda-conducerii-ajofm-hunedoara-16-20-03-2026\/\">\n\t\t\t\t\t\t\t\t\t\t\t\t\t\t\t<img decoding=\"async\" src=\"https:\/\/www.anofm.ro\/hunedoara\/wp-content\/plugins\/anofm-custom-post-types\/assets\/images\/placeholder-thumb.png\" alt=\"\">\n\t\t\t\t\t\t\t\t\t\t\t\t\t\t\t\t<p class=\"h4\">Agenda conducerii AJOFM Hunedoara 16 &#8211; 20.03.2026<\/p>\n\t\t\t\t\t\t\t\t\t\t\t\t\t\t\t<span>13\/03\/2026<\/span>\n\t\t\t\t\t\t<\/a>\n\t\t\t\t\t<\/li>\n\t\t\t\t\t\t\t\t\t\t<li>\n\t\t\t\t\t\t<a href=\"https:\/\/www.anofm.ro\/hunedoara\/agenda-conducerii-ajofm-hunedoara-09-13-03-2026\/\">\n\t\t\t\t\t\t\t\t\t\t\t\t\t\t\t<img decoding=\"async\" src=\"https:\/\/www.anofm.ro\/hunedoara\/wp-content\/plugins\/anofm-custom-post-types\/assets\/images\/placeholder-thumb.png\" alt=\"\">\n\t\t\t\t\t\t\t\t\t\t\t\t\t\t\t\t<p class=\"h4\">Agenda conducerii AJOFM Hunedoara 09 &#8211; 13.03.2026<\/p>\n\t\t\t\t\t\t\t\t\t\t\t\t\t\t\t<span>06\/03\/2026<\/span>\n\t\t\t\t\t\t<\/a>\n\t\t\t\t\t<\/li>\n\t\t\t\t\t\t\t\t\t\t<li>\n\t\t\t\t\t\t<a href=\"https:\/\/www.anofm.ro\/hunedoara\/agenda-conducerii-ajofm-hunedoara-02-06-03-2026\/\">\n\t\t\t\t\t\t\t\t\t\t\t\t\t\t\t<img decoding=\"async\" src=\"https:\/\/www.anofm.ro\/hunedoara\/wp-content\/plugins\/anofm-custom-post-types\/assets\/images\/placeholder-thumb.png\" alt=\"\">\n\t\t\t\t\t\t\t\t\t\t\t\t\t\t\t\t<p class=\"h4\">Agenda conducerii AJOFM Hunedoara 02 &#8211; 06.03.2026<\/p>\n\t\t\t\t\t\t\t\t\t\t\t\t\t\t\t<span>27\/02\/2026<\/span>\n\t\t\t\t\t\t<\/a>\n\t\t\t\t\t<\/li>\n\t\t\t\t\t\t\t\t\t\t<li>\n\t\t\t\t\t\t<a href=\"https:\/\/www.anofm.ro\/hunedoara\/agenda-conducerii-ajofm-hunedoara-23-27-02-2026\/\">\n\t\t\t\t\t\t\t\t\t\t\t\t\t\t\t<img decoding=\"async\" src=\"https:\/\/www.anofm.ro\/hunedoara\/wp-content\/plugins\/anofm-custom-post-types\/assets\/images\/placeholder-thumb.png\" alt=\"\">\n\t\t\t\t\t\t\t\t\t\t\t\t\t\t\t\t<p class=\"h4\">Agenda conducerii AJOFM Hunedoara 23 &#8211; 27.02.2026<\/p>\n\t\t\t\t\t\t\t\t\t\t\t\t\t\t\t<span>20\/02\/2026<\/span>\n\t\t\t\t\t\t<\/a>\n\t\t\t\t\t<\/li>\n\t\t\t\t\t\t\t\t\t\t<li>\n\t\t\t\t\t\t<a href=\"https:\/\/www.anofm.ro\/hunedoara\/agenda-conducerii-ajofm-hunedoara-16-20-02-2026\/\">\n\t\t\t\t\t\t\t\t\t\t\t\t\t\t\t<img decoding=\"async\" src=\"https:\/\/www.anofm.ro\/hunedoara\/wp-content\/plugins\/anofm-custom-post-types\/assets\/images\/placeholder-thumb.png\" alt=\"\">\n\t\t\t\t\t\t\t\t\t\t\t\t\t\t\t\t<p class=\"h4\">Agenda conducerii AJOFM Hunedoara 16 &#8211; 20.02.2026<\/p>\n\t\t\t\t\t\t\t\t\t\t\t\t\t\t\t<span>13\/02\/2026<\/span>\n\t\t\t\t\t\t<\/a>\n\t\t\t\t\t<\/li>\n\t\t\t\t\t\t\t\t\t\t<li>\n\t\t\t\t\t\t<a href=\"https:\/\/www.anofm.ro\/hunedoara\/agenda-conducerii-ajofm-hunedoara-09-13-02-2026\/\">\n\t\t\t\t\t\t\t\t\t\t\t\t\t\t\t<img decoding=\"async\" src=\"https:\/\/www.anofm.ro\/hunedoara\/wp-content\/plugins\/anofm-custom-post-types\/assets\/images\/placeholder-thumb.png\" alt=\"\">\n\t\t\t\t\t\t\t\t\t\t\t\t\t\t\t\t<p class=\"h4\">Agenda conducerii AJOFM Hunedoara 09 &#8211; 13.02.2026<\/p>\n\t\t\t\t\t\t\t\t\t\t\t\t\t\t\t<span>06\/02\/2026<\/span>\n\t\t\t\t\t\t<\/a>\n\t\t\t\t\t<\/li>\n\t\t\t\t\t\t\t\t\t\t<li>\n\t\t\t\t\t\t<a href=\"https:\/\/www.anofm.ro\/hunedoara\/agenda-conducerii-ajofm-hunedoara-02-06-02-2026\/\">\n\t\t\t\t\t\t\t\t\t\t\t\t\t\t\t<img decoding=\"async\" src=\"https:\/\/www.anofm.ro\/hunedoara\/wp-content\/plugins\/anofm-custom-post-types\/assets\/images\/placeholder-thumb.png\" alt=\"\">\n\t\t\t\t\t\t\t\t\t\t\t\t\t\t\t\t<p class=\"h4\">Agenda conducerii AJOFM Hunedoara 02 &#8211; 06.02.2026<\/p>\n\t\t\t\t\t\t\t\t\t\t\t\t\t\t\t<span>30\/01\/2026<\/span>\n\t\t\t\t\t\t<\/a>\n\t\t\t\t\t<\/li>\n\t\t\t\t\t\t\t\t\t\t<li>\n\t\t\t\t\t\t<a href=\"https:\/\/www.anofm.ro\/hunedoara\/agenda-conducerii-ajofm-hunedoara-26-30-01-2026\/\">\n\t\t\t\t\t\t\t\t\t\t\t\t\t\t\t<img decoding=\"async\" src=\"https:\/\/www.anofm.ro\/hunedoara\/wp-content\/plugins\/anofm-custom-post-types\/assets\/images\/placeholder-thumb.png\" alt=\"\">\n\t\t\t\t\t\t\t\t\t\t\t\t\t\t\t\t<p class=\"h4\">Agenda conducerii AJOFM Hunedoara 26 &#8211; 30.01.2026<\/p>\n\t\t\t\t\t\t\t\t\t\t\t\t\t\t\t<span>23\/01\/2026<\/span>\n\t\t\t\t\t\t<\/a>\n\t\t\t\t\t<\/li>\n\t\t\t\t\t\t\t\t\t\t<li>\n\t\t\t\t\t\t<a href=\"https:\/\/www.anofm.ro\/hunedoara\/agenda-conducerii-ajofm-hunedoara-19-23-01-2026\/\">\n\t\t\t\t\t\t\t\t\t\t\t\t\t\t\t<img decoding=\"async\" src=\"https:\/\/www.anofm.ro\/hunedoara\/wp-content\/plugins\/anofm-custom-post-types\/assets\/images\/placeholder-thumb.png\" alt=\"\">\n\t\t\t\t\t\t\t\t\t\t\t\t\t\t\t\t<p class=\"h4\">Agenda conducerii AJOFM Hunedoara 19 &#8211; 23.01.2026<\/p>\n\t\t\t\t\t\t\t\t\t\t\t\t\t\t\t<span>16\/01\/2026<\/span>\n\t\t\t\t\t\t<\/a>\n\t\t\t\t\t<\/li>\n\t\t\t\t\t\t\t\t\t\t<li>\n\t\t\t\t\t\t<a href=\"https:\/\/www.anofm.ro\/hunedoara\/agenda-conducerii-ajofm-hunedoara-12-16-01-2026\/\">\n\t\t\t\t\t\t\t\t\t\t\t\t\t\t\t<img decoding=\"async\" src=\"https:\/\/www.anofm.ro\/hunedoara\/wp-content\/plugins\/anofm-custom-post-types\/assets\/images\/placeholder-thumb.png\" alt=\"\">\n\t\t\t\t\t\t\t\t\t\t\t\t\t\t\t\t<p class=\"h4\">Agenda conducerii AJOFM Hunedoara 12 &#8211; 16.01.2026<\/p>\n\t\t\t\t\t\t\t\t\t\t\t\t\t\t\t<span>09\/01\/2026<\/span>\n\t\t\t\t\t\t<\/a>\n\t\t\t\t\t<\/li>\n\t\t\t\t\t\t\t\t\t\t<li>\n\t\t\t\t\t\t<a href=\"https:\/\/www.anofm.ro\/hunedoara\/agenda-conducerii-ajofm-hunedoara-05-09-01-2026\/\">\n\t\t\t\t\t\t\t\t\t\t\t\t\t\t\t<img decoding=\"async\" src=\"https:\/\/www.anofm.ro\/hunedoara\/wp-content\/plugins\/anofm-custom-post-types\/assets\/images\/placeholder-thumb.png\" alt=\"\">\n\t\t\t\t\t\t\t\t\t\t\t\t\t\t\t\t<p class=\"h4\">Agenda conducerii AJOFM Hunedoara 05 &#8211; 09.01.2026<\/p>\n\t\t\t\t\t\t\t\t\t\t\t\t\t\t\t<span>31\/12\/2025<\/span>\n\t\t\t\t\t\t<\/a>\n\t\t\t\t\t<\/li>\n\t\t\t\t\t\t\t\t\t\t<li>\n\t\t\t\t\t\t<a href=\"https:\/\/www.anofm.ro\/hunedoara\/agenda-conducerii-ajofm-hunedoara-29-31-12-2025\/\">\n\t\t\t\t\t\t\t\t\t\t\t\t\t\t\t<img decoding=\"async\" src=\"https:\/\/www.anofm.ro\/hunedoara\/wp-content\/plugins\/anofm-custom-post-types\/assets\/images\/placeholder-thumb.png\" alt=\"\">\n\t\t\t\t\t\t\t\t\t\t\t\t\t\t\t\t<p class=\"h4\">Agenda conducerii AJOFM Hunedoara 29 &#8211; 31.12.2025<\/p>\n\t\t\t\t\t\t\t\t\t\t\t\t\t\t\t<span>29\/12\/2025<\/span>\n\t\t\t\t\t\t<\/a>\n\t\t\t\t\t<\/li>\n\t\t\t\t\t\t\t\t\t\t<li>\n\t\t\t\t\t\t<a href=\"https:\/\/www.anofm.ro\/hunedoara\/agenda-conducerii-ajofm-hunedoara-22-24-12-2025\/\">\n\t\t\t\t\t\t\t\t\t\t\t\t\t\t\t<img decoding=\"async\" src=\"https:\/\/www.anofm.ro\/hunedoara\/wp-content\/plugins\/anofm-custom-post-types\/assets\/images\/placeholder-thumb.png\" alt=\"\">\n\t\t\t\t\t\t\t\t\t\t\t\t\t\t\t\t<p class=\"h4\">Agenda conducerii AJOFM Hunedoara 22 &#8211; 24.12.2025<\/p>\n\t\t\t\t\t\t\t\t\t\t\t\t\t\t\t<span>19\/12\/2025<\/span>\n\t\t\t\t\t\t<\/a>\n\t\t\t\t\t<\/li>\n\t\t\t\t\t\t\t\t\t\t<li>\n\t\t\t\t\t\t<a href=\"https:\/\/www.anofm.ro\/hunedoara\/agenda-conducerii-ajofm-hunedoara-15-19-12-2025\/\">\n\t\t\t\t\t\t\t\t\t\t\t\t\t\t\t<img decoding=\"async\" src=\"https:\/\/www.anofm.ro\/hunedoara\/wp-content\/plugins\/anofm-custom-post-types\/assets\/images\/placeholder-thumb.png\" alt=\"\">\n\t\t\t\t\t\t\t\t\t\t\t\t\t\t\t\t<p class=\"h4\">Agenda conducerii AJOFM Hunedoara 15 &#8211; 19.12.2025<\/p>\n\t\t\t\t\t\t\t\t\t\t\t\t\t\t\t<span>12\/12\/2025<\/span>\n\t\t\t\t\t\t<\/a>\n\t\t\t\t\t<\/li>\n\t\t\t\t\t\t\t\t\t\t<li>\n\t\t\t\t\t\t<a href=\"https:\/\/www.anofm.ro\/hunedoara\/agenda-conducerii-ajofm-hunedoara-08-12-12-2025\/\">\n\t\t\t\t\t\t\t\t\t\t\t\t\t\t\t<img decoding=\"async\" src=\"https:\/\/www.anofm.ro\/hunedoara\/wp-content\/plugins\/anofm-custom-post-types\/assets\/images\/placeholder-thumb.png\" alt=\"\">\n\t\t\t\t\t\t\t\t\t\t\t\t\t\t\t\t<p class=\"h4\">Agenda conducerii AJOFM Hunedoara 08 &#8211; 12.12.2025<\/p>\n\t\t\t\t\t\t\t\t\t\t\t\t\t\t\t<span>05\/12\/2025<\/span>\n\t\t\t\t\t\t<\/a>\n\t\t\t\t\t<\/li>\n\t\t\t\t\t\t\t\t\t\t<li>\n\t\t\t\t\t\t<a href=\"https:\/\/www.anofm.ro\/hunedoara\/agenda-conducerii-ajofm-hunedoara-01-05-12-2025\/\">\n\t\t\t\t\t\t\t\t\t\t\t\t\t\t\t<img decoding=\"async\" src=\"https:\/\/www.anofm.ro\/hunedoara\/wp-content\/plugins\/anofm-custom-post-types\/assets\/images\/placeholder-thumb.png\" alt=\"\">\n\t\t\t\t\t\t\t\t\t\t\t\t\t\t\t\t<p class=\"h4\">Agenda conducerii AJOFM Hunedoara 01 &#8211; 05.12.2025<\/p>\n\t\t\t\t\t\t\t\t\t\t\t\t\t\t\t<span>28\/11\/2025<\/span>\n\t\t\t\t\t\t<\/a>\n\t\t\t\t\t<\/li>\n\t\t\t\t\t\t\t\t\t\t<li>\n\t\t\t\t\t\t<a href=\"https:\/\/www.anofm.ro\/hunedoara\/agenda-conducerii-ajofm-hunedoara-24-28-11-2025\/\">\n\t\t\t\t\t\t\t\t\t\t\t\t\t\t\t<img decoding=\"async\" src=\"https:\/\/www.anofm.ro\/hunedoara\/wp-content\/plugins\/anofm-custom-post-types\/assets\/images\/placeholder-thumb.png\" alt=\"\">\n\t\t\t\t\t\t\t\t\t\t\t\t\t\t\t\t<p class=\"h4\">Agenda conducerii AJOFM Hunedoara 24 &#8211; 28.11.2025<\/p>\n\t\t\t\t\t\t\t\t\t\t\t\t\t\t\t<span>21\/11\/2025<\/span>\n\t\t\t\t\t\t<\/a>\n\t\t\t\t\t<\/li>\n\t\t\t\t\t\t\t\t\t\t<li>\n\t\t\t\t\t\t<a href=\"https:\/\/www.anofm.ro\/hunedoara\/agenda-conducerii-ajofm-hunedoara-17-21-11-2025\/\">\n\t\t\t\t\t\t\t\t\t\t\t\t\t\t\t<img decoding=\"async\" src=\"https:\/\/www.anofm.ro\/hunedoara\/wp-content\/plugins\/anofm-custom-post-types\/assets\/images\/placeholder-thumb.png\" alt=\"\">\n\t\t\t\t\t\t\t\t\t\t\t\t\t\t\t\t<p class=\"h4\">Agenda conducerii AJOFM Hunedoara 17 &#8211; 21.11.2025<\/p>\n\t\t\t\t\t\t\t\t\t\t\t\t\t\t\t<span>14\/11\/2025<\/span>\n\t\t\t\t\t\t<\/a>\n\t\t\t\t\t<\/li>\n\t\t\t\t\t\t\t\t\t\t<li>\n\t\t\t\t\t\t<a href=\"https:\/\/www.anofm.ro\/hunedoara\/agenda-conducerii-ajofm-hunedoara-10-14-11-2025\/\">\n\t\t\t\t\t\t\t\t\t\t\t\t\t\t\t<img decoding=\"async\" src=\"https:\/\/www.anofm.ro\/hunedoara\/wp-content\/plugins\/anofm-custom-post-types\/assets\/images\/placeholder-thumb.png\" alt=\"\">\n\t\t\t\t\t\t\t\t\t\t\t\t\t\t\t\t<p class=\"h4\">Agenda conducerii AJOFM Hunedoara 10 &#8211; 14.11.2025<\/p>\n\t\t\t\t\t\t\t\t\t\t\t\t\t\t\t<span>07\/11\/2025<\/span>\n\t\t\t\t\t\t<\/a>\n\t\t\t\t\t<\/li>\n\t\t\t\t\t\t\t\t\t\t<li>\n\t\t\t\t\t\t<a href=\"https:\/\/www.anofm.ro\/hunedoara\/agenda-conducerii-ajofm-hunedoara-03-07-11-2025\/\">\n\t\t\t\t\t\t\t\t\t\t\t\t\t\t\t<img decoding=\"async\" src=\"https:\/\/www.anofm.ro\/hunedoara\/wp-content\/plugins\/anofm-custom-post-types\/assets\/images\/placeholder-thumb.png\" alt=\"\">\n\t\t\t\t\t\t\t\t\t\t\t\t\t\t\t\t<p class=\"h4\">Agenda conducerii AJOFM Hunedoara 03 &#8211; 07.11.2025<\/p>\n\t\t\t\t\t\t\t\t\t\t\t\t\t\t\t<span>31\/10\/2025<\/span>\n\t\t\t\t\t\t<\/a>\n\t\t\t\t\t<\/li>\n\t\t\t\t\t\t\t\t\t\t<li>\n\t\t\t\t\t\t<a href=\"https:\/\/www.anofm.ro\/hunedoara\/agenda-conducerii-ajofm-hunedoara-27-31-10-2025\/\">\n\t\t\t\t\t\t\t\t\t\t\t\t\t\t\t<img decoding=\"async\" src=\"https:\/\/www.anofm.ro\/hunedoara\/wp-content\/plugins\/anofm-custom-post-types\/assets\/images\/placeholder-thumb.png\" alt=\"\">\n\t\t\t\t\t\t\t\t\t\t\t\t\t\t\t\t<p class=\"h4\">Agenda conducerii AJOFM Hunedoara 27 &#8211; 31.10.2025<\/p>\n\t\t\t\t\t\t\t\t\t\t\t\t\t\t\t<span>24\/10\/2025<\/span>\n\t\t\t\t\t\t<\/a>\n\t\t\t\t\t<\/li>\n\t\t\t\t\t\t\t\t\t\t<li>\n\t\t\t\t\t\t<a href=\"https:\/\/www.anofm.ro\/hunedoara\/agenda-conducerii-ajofm-hunedoara-20-24-10-2025\/\">\n\t\t\t\t\t\t\t\t\t\t\t\t\t\t\t<img decoding=\"async\" src=\"https:\/\/www.anofm.ro\/hunedoara\/wp-content\/plugins\/anofm-custom-post-types\/assets\/images\/placeholder-thumb.png\" alt=\"\">\n\t\t\t\t\t\t\t\t\t\t\t\t\t\t\t\t<p class=\"h4\">Agenda conducerii AJOFM Hunedoara 20 &#8211; 24.10.2025<\/p>\n\t\t\t\t\t\t\t\t\t\t\t\t\t\t\t<span>17\/10\/2025<\/span>\n\t\t\t\t\t\t<\/a>\n\t\t\t\t\t<\/li>\n\t\t\t\t\t\t\t\t\t\t<li>\n\t\t\t\t\t\t<a href=\"https:\/\/www.anofm.ro\/hunedoara\/agenda-conducerii-ajofm-hunedoara-13-17-10-2025\/\">\n\t\t\t\t\t\t\t\t\t\t\t\t\t\t\t<img decoding=\"async\" src=\"https:\/\/www.anofm.ro\/hunedoara\/wp-content\/plugins\/anofm-custom-post-types\/assets\/images\/placeholder-thumb.png\" alt=\"\">\n\t\t\t\t\t\t\t\t\t\t\t\t\t\t\t\t<p class=\"h4\">Agenda conducerii AJOFM Hunedoara 13 &#8211; 17.10.2025<\/p>\n\t\t\t\t\t\t\t\t\t\t\t\t\t\t\t<span>09\/10\/2025<\/span>\n\t\t\t\t\t\t<\/a>\n\t\t\t\t\t<\/li>\n\t\t\t\t\t\t\t\t\t<\/ul>\n\t\t\t\t","protected":false},"excerpt":{"rendered":"<p>Conducere Consiliu consultativ Nr. crt. Nume \u0219i prenume Institu\u021bia reprezentat\u0103 1 FULOP ROXANA DIANA&nbsp; INSTITU\u0162IA PREFECTULUI JUDE\u0162ULUI HUNEDOARA 2 BOZDOG ADRIAN FLORIN INSPECTORATUL TERITORIAL DE MUNC\u0102 HUNEDOARA &nbsp; 3 \u0218TEF\u0102NIE<\/p>\n","protected":false},"author":1,"featured_media":0,"parent":0,"menu_order":60,"comment_status":"closed","ping_status":"closed","template":"template-parts\/content-with-sidebar.php","meta":{"footnotes":""},"class_list":["post-2163","page","type-page","status-publish","hentry"],"_links":{"self":[{"href":"https:\/\/www.anofm.ro\/hunedoara\/wp-json\/wp\/v2\/pages\/2163","targetHints":{"allow":["GET"]}}],"collection":[{"href":"https:\/\/www.anofm.ro\/hunedoara\/wp-json\/wp\/v2\/pages"}],"about":[{"href":"https:\/\/www.anofm.ro\/hunedoara\/wp-json\/wp\/v2\/types\/page"}],"author":[{"embeddable":true,"href":"https:\/\/www.anofm.ro\/hunedoara\/wp-json\/wp\/v2\/users\/1"}],"replies":[{"embeddable":true,"href":"https:\/\/www.anofm.ro\/hunedoara\/wp-json\/wp\/v2\/comments?post=2163"}],"version-history":[{"count":11,"href":"https:\/\/www.anofm.ro\/hunedoara\/wp-json\/wp\/v2\/pages\/2163\/revisions"}],"predecessor-version":[{"id":8340,"href":"https:\/\/www.anofm.ro\/hunedoara\/wp-json\/wp\/v2\/pages\/2163\/revisions\/8340"}],"wp:attachment":[{"href":"https:\/\/www.anofm.ro\/hunedoara\/wp-json\/wp\/v2\/media?parent=2163"}],"curies":[{"name":"wp","href":"https:\/\/api.w.org\/{rel}","templated":true}]}}