{"id":2357,"date":"2023-12-14T22:54:06","date_gmt":"2023-12-14T20:54:06","guid":{"rendered":"https:\/\/www.anofm.ro\/contact\/"},"modified":"2026-01-15T14:04:50","modified_gmt":"2026-01-15T12:04:50","slug":"contact","status":"publish","type":"page","link":"https:\/\/www.anofm.ro\/harghita\/contact\/","title":{"rendered":"Contact"},"content":{"rendered":"<style>.kb-row-layout-wrap.wp-block-kadence-rowlayout.kb-row-layout-id2357_d4c9ee-f0{margin-bottom:var(--global-kb-spacing-lg, 3rem);}.kb-row-layout-id2357_d4c9ee-f0 > .kt-row-column-wrap{align-content:start;}:where(.kb-row-layout-id2357_d4c9ee-f0 > .kt-row-column-wrap) > .wp-block-kadence-column{justify-content:start;}.kb-row-layout-id2357_d4c9ee-f0 > .kt-row-column-wrap{column-gap:var(--global-kb-gap-md, 2rem);row-gap:var(--global-kb-gap-none, 0rem );padding-top:var(--global-kb-spacing-sm, 1.5rem);padding-right:var(--global-kb-spacing-sm, 1.5rem);padding-bottom:var(--global-kb-spacing-sm, 1.5rem);padding-left:var(--global-kb-spacing-sm, 1.5rem);grid-template-columns:minmax(0, 1fr);}.kb-row-layout-id2357_d4c9ee-f0{background-color:#f7f7f7;}.kb-row-layout-id2357_d4c9ee-f0 > .kt-row-layout-overlay{opacity:0.30;}@media all and (max-width: 1024px){.kb-row-layout-id2357_d4c9ee-f0 > .kt-row-column-wrap{grid-template-columns:minmax(0, 1fr);}}@media all and (max-width: 767px){.kb-row-layout-id2357_d4c9ee-f0 > .kt-row-column-wrap{grid-template-columns:minmax(0, 1fr);}}<\/style><div class=\"kb-row-layout-wrap kb-row-layout-id2357_d4c9ee-f0 alignnone kt-row-has-bg wp-block-kadence-rowlayout\"><div class=\"kt-row-column-wrap kt-has-1-columns kt-row-layout-equal kt-tab-layout-inherit kt-mobile-layout-row kt-row-valign-top\">\n<style>.kadence-column2357_597541-78 > .kt-inside-inner-col,.kadence-column2357_597541-78 > .kt-inside-inner-col:before{border-top-left-radius:0px;border-top-right-radius:0px;border-bottom-right-radius:0px;border-bottom-left-radius:0px;}.kadence-column2357_597541-78 > .kt-inside-inner-col{column-gap:var(--global-kb-gap-sm, 1rem);}.kadence-column2357_597541-78 > .kt-inside-inner-col{flex-direction:column;}.kadence-column2357_597541-78 > .kt-inside-inner-col > .aligncenter{width:100%;}.kadence-column2357_597541-78 > .kt-inside-inner-col:before{opacity:0.3;}.kadence-column2357_597541-78{position:relative;}@media all and (max-width: 1024px){.kadence-column2357_597541-78 > .kt-inside-inner-col{flex-direction:column;justify-content:center;}}@media all and (max-width: 767px){.kadence-column2357_597541-78 > .kt-inside-inner-col{flex-direction:column;justify-content:center;}}<\/style>\n<div class=\"wp-block-kadence-column kadence-column2357_597541-78\"><div class=\"kt-inside-inner-col\">\n<h2 class=\"wp-block-heading\">Intrebarea Dvs. catre AJOFM Harghita<\/h2>\n\n\n\n<div class=\"wp-block-contact-form-7-contact-form-selector\">\n<div class=\"wpcf7 no-js\" id=\"wpcf7-f3085-o1\" lang=\"ro-RO\" dir=\"ltr\" data-wpcf7-id=\"3085\">\n<div class=\"screen-reader-response\"><p role=\"status\" aria-live=\"polite\" aria-atomic=\"true\"><\/p> <ul><\/ul><\/div>\n<form action=\"\/harghita\/wp-json\/wp\/v2\/pages\/2357#wpcf7-f3085-o1\" method=\"post\" class=\"wpcf7-form init\" aria-label=\"Formular de contact\" novalidate=\"novalidate\" data-status=\"init\">\n<fieldset class=\"hidden-fields-container\"><input type=\"hidden\" name=\"_wpcf7\" value=\"3085\" \/><input type=\"hidden\" name=\"_wpcf7_version\" value=\"6.1.4\" \/><input type=\"hidden\" name=\"_wpcf7_locale\" value=\"ro_RO\" \/><input type=\"hidden\" name=\"_wpcf7_unit_tag\" value=\"wpcf7-f3085-o1\" \/><input type=\"hidden\" name=\"_wpcf7_container_post\" value=\"0\" \/><input type=\"hidden\" name=\"_wpcf7_posted_data_hash\" value=\"\" \/>\n<\/fieldset>\n<p><label> Nume<br \/>\n<span class=\"wpcf7-form-control-wrap\" data-name=\"your-name\"><input size=\"40\" maxlength=\"400\" class=\"wpcf7-form-control wpcf7-text wpcf7-validates-as-required\" autocomplete=\"name\" aria-required=\"true\" aria-invalid=\"false\" value=\"\" type=\"text\" name=\"your-name\" \/><\/span> <\/label>\n<\/p>\n<p><label> Email<br \/>\n<span class=\"wpcf7-form-control-wrap\" data-name=\"your-email\"><input size=\"40\" maxlength=\"400\" class=\"wpcf7-form-control wpcf7-email wpcf7-validates-as-required wpcf7-text wpcf7-validates-as-email\" autocomplete=\"email\" aria-required=\"true\" aria-invalid=\"false\" value=\"\" type=\"email\" name=\"your-email\" \/><\/span> <\/label>\n<\/p>\n<p><label> Telefon<br \/>\n<span class=\"wpcf7-form-control-wrap\" data-name=\"your-phone\"><input size=\"40\" maxlength=\"400\" class=\"wpcf7-form-control wpcf7-tel wpcf7-validates-as-required wpcf7-text wpcf7-validates-as-tel\" aria-required=\"true\" aria-invalid=\"false\" value=\"\" type=\"tel\" name=\"your-phone\" \/><\/span> <\/label>\n<\/p>\n<p><label> Tema<br \/>\n<span class=\"wpcf7-form-control-wrap\" data-name=\"your-subject\"><input size=\"40\" maxlength=\"400\" class=\"wpcf7-form-control wpcf7-text wpcf7-validates-as-required\" aria-required=\"true\" aria-invalid=\"false\" value=\"\" type=\"text\" name=\"your-subject\" \/><\/span> <\/label>\n<\/p>\n<p><label> Intrebare<br \/>\n<span class=\"wpcf7-form-control-wrap\" data-name=\"your-message\"><textarea cols=\"40\" rows=\"10\" maxlength=\"2000\" class=\"wpcf7-form-control wpcf7-textarea\" aria-invalid=\"false\" name=\"your-message\"><\/textarea><\/span> <\/label>\n<\/p>\n<p><input class=\"wpcf7-form-control wpcf7-submit has-spinner\" type=\"submit\" value=\"Trimite\" \/>\n<\/p><div class=\"wpcf7-response-output\" aria-hidden=\"true\"><\/div>\n<\/form>\n<\/div>\n<\/div>\n<\/div><\/div>\n\n<\/div><\/div>\n\n\n<h2 class=\"wp-block-heading\">Date de contact AJOFM Harghita<\/h2>\n\n\n\n<p>Agentia Jude\u0163ean\u0103 pentru Ocuparea For\u0163ei de Munc\u0103 Harghita<\/p>\n\n\n\n<p>Adresa: Miercurea Ciuc, b-dul Fr\u0103\u0163iei nr.2<\/p>\n\n\n\n<p>Telefon: 0266313423<\/p>\n\n\n\n<p>E-mail: ajofm.hr@anofm.gov.ro<\/p>\n\n\n\n<h2 class=\"wp-block-heading\">Program de functionare al AJOFM Harghita este:<\/h2>\n\n\n\n<p>Luni &#8211; Joi 08:00-16:30;<\/p>\n\n\n\n<p>Vineri 08:00-14:00;<\/p>\n\n\n\n<h2 class=\"wp-block-heading\">Program de audiente<\/h2>\n\n\n\n<p>Audien\u021bele au loc la sediul AJOFM Harghita din Miercurea-Ciuc, b.dul Fr\u0103\u021biei nr. 2, dup\u0103 urm\u0103torul  program:<\/p>\n\n\n\n<p>&nbsp;&nbsp;&nbsp;&nbsp;&nbsp;&nbsp;&nbsp;&nbsp; <strong>Director Executiv<\/strong> \u2013 Panescu Tiberiu&nbsp;&nbsp; Miercuri: 10.00-13.00<\/p>\n\n\n\n<p>&nbsp;&nbsp;&nbsp;&nbsp;&nbsp;&nbsp;&nbsp;&nbsp; <strong>Director Executiv Adjunct <\/strong>\u2013 Pall Klementina Katalin&nbsp; Marti: 10.00-13.00<\/p>\n\n\n\n<p>\u00censcrierea \u00een audien\u021b\u0103 se poate face prin urm\u0103toarele modalit\u0103\u021bi: <strong>personal <\/strong>la sediul AJOFM Harghita, <strong>telefonic<\/strong> la num\u0103rul de telefon 0266 313423, <strong>prin e-mail<\/strong> la adresa ajofm.hr@anofm.gov.ro , sau prin <strong>formularul de contact<\/strong> de mai sus.<\/p>\n\n\n\n<p>Pentru \u00eenscrierea \u00een audien\u021b\u0103 sunt necesare cel pu\u021bin informa\u021biile urm\u0103toare: numele persoanei care dore\u0219te \u00eenscrierea \u00een audien\u021b\u0103, num\u0103r de telefon \u0219i\/sau adres\u0103 de e-mail, subiectul pe care dore\u0219te s\u0103 \u00eel aduc\u0103 \u00een aten\u021bia conducerii.<\/p>\n\n\n\n<p>Persoana de contact responsabil\u0103 cu gestionarea audien\u021belor: Diana Bucatariu<\/p>\n\n\n\n<h2 class=\"wp-block-heading\">Date de contact agen\u0163ii subordonate<\/h2>\n\n\n\n<p>Agentia&nbsp;Judeteana pentru Ocuparea Fortei de Munca Harghita are in subordine doua Agentii Locale pentru Ocuparea Fortei de Munca Harghita dupa cum urmeaza:<\/p>\n\n\n\n<p>1.\u00a0\u00a0\u00a0\u00a0Miercurea-Ciuc, Bul.Fratiei nr. 2, tel.: 0266\/313423;\u00a00735539745<\/p>\n\n\n\n<p>&nbsp; &nbsp; &nbsp;E-mail: laura.colceriu.hr@anofm.gov.ro.<\/p>\n\n\n\n<p>In subordinea A.L.O.F.M. Miercurea-Ciuc functioneaza urmatoarele Puncte de Lucru:<br><br>&#8211; P.L. Gheorgheni, str. Gabor Aron, nr.1\/A, tel.: 0266\/ 363727;&nbsp;0735534382,&nbsp;E-mail: maria.toaso.hr@anofm.gov.ro.<br>&#8211; P.L. Toplita, str. Nicolae Balcescu nr. 14, tel.: 0266\/342544,&nbsp;0735534383,&nbsp;E-mail: roxana.oltean.hr@anofm.gov.ro.<br><\/p>\n\n\n\n<p>2.&nbsp;&nbsp;&nbsp;&nbsp;Odorheiu-Secuiesc, str. Tompa Laszlo, nr. 59\/B, tel.: 0266\/217820;&nbsp;0735539751,&nbsp;E-mail: eduard.kiss.hr@anofm.gov.ro.<\/p>\n\n\n\n<p>In subordinea ALOFM Odorheiu Secuiesc functioneaza Punctul de Lucru Cristuru Secuiesc, str. Libertatii, nr. 16, tel.: 0735534381,&nbsp;E-mail: gyongyi.nagy.hr@anofm.gov.ro.<\/p>\n\n\n\n<h2 class=\"wp-block-heading\">Rela\u0163ii cu presa<\/h2>\n\n\n\n<p><strong>Compartiment Comunicare \u0219i Secretariatul Consiliului Consultativ<\/strong><\/p>\n\n\n\n<p>Email: ajofm.hr@anofm.gov.ro<\/p>\n\n\n\n<p>Tel: 0266313423<\/p>\n\n\n\n<p>Fax: 0266313855<\/p>\n\n\n\n<p><a href=\"\/upload\/924\/Relatii_cu_presa_Formular_acreditare_mass-media-1.pdf\">Relatii_cu_presa_Formular_acreditare_mass-media-1.pdf<\/a><\/p>\n\n\n\n<p><\/p>\n","protected":false},"excerpt":{"rendered":"<p>Intrebarea Dvs. catre AJOFM Harghita Date de contact AJOFM Harghita Agentia Jude\u0163ean\u0103 pentru Ocuparea For\u0163ei de Munc\u0103 Harghita Adresa: Miercurea Ciuc, b-dul Fr\u0103\u0163iei nr.2 Telefon: 0266313423 E-mail: ajofm.hr@anofm.gov.ro Program de<\/p>\n","protected":false},"author":1,"featured_media":0,"parent":0,"menu_order":1030,"comment_status":"closed","ping_status":"closed","template":"template-parts\/content-with-sidebar.php","meta":{"footnotes":""},"class_list":["post-2357","page","type-page","status-publish","hentry"],"_links":{"self":[{"href":"https:\/\/www.anofm.ro\/harghita\/wp-json\/wp\/v2\/pages\/2357","targetHints":{"allow":["GET"]}}],"collection":[{"href":"https:\/\/www.anofm.ro\/harghita\/wp-json\/wp\/v2\/pages"}],"about":[{"href":"https:\/\/www.anofm.ro\/harghita\/wp-json\/wp\/v2\/types\/page"}],"author":[{"embeddable":true,"href":"https:\/\/www.anofm.ro\/harghita\/wp-json\/wp\/v2\/users\/1"}],"replies":[{"embeddable":true,"href":"https:\/\/www.anofm.ro\/harghita\/wp-json\/wp\/v2\/comments?post=2357"}],"version-history":[{"count":6,"href":"https:\/\/www.anofm.ro\/harghita\/wp-json\/wp\/v2\/pages\/2357\/revisions"}],"predecessor-version":[{"id":6138,"href":"https:\/\/www.anofm.ro\/harghita\/wp-json\/wp\/v2\/pages\/2357\/revisions\/6138"}],"wp:attachment":[{"href":"https:\/\/www.anofm.ro\/harghita\/wp-json\/wp\/v2\/media?parent=2357"}],"curies":[{"name":"wp","href":"https:\/\/api.w.org\/{rel}","templated":true}]}}