{"id":2207,"date":"2023-12-14T22:54:02","date_gmt":"2023-12-14T20:54:02","guid":{"rendered":"https:\/\/www.anofm.ro\/lista-documentelor-de-interes-public\/"},"modified":"2025-04-01T16:55:28","modified_gmt":"2025-04-01T13:55:28","slug":"lista-documentelor-de-interes-public","status":"publish","type":"page","link":"https:\/\/www.anofm.ro\/gorj\/lista-documentelor-de-interes-public\/","title":{"rendered":"Lista documentelor de interes public"},"content":{"rendered":"\n<p><strong>Lista documentelor de interes public &#8211; &nbsp;Agen\u0163ia Jude\u0163ean\u0103 pentru Ocuparea For\u0163ei de Munc\u0103 GORJ<\/strong><\/p>\n\n\n\n<p><strong>Actele normative care reglementez\u0103 organizarea \u0219i func\u021bionarea Agen\u021biei Jude\u021bene pentru Ocuparea For\u021bei de Munc\u0103;<\/strong><\/p>\n\n\n\n<ul class=\"wp-block-list\">\n<li>Structura organizatoric\u0103 a AJOFM Gorj;<\/li>\n\n\n\n<li>Programul de func\u021bionare;<\/li>\n\n\n\n<li>Programul de audien\u021be al AJOFM Gorj;<\/li>\n\n\n\n<li>Conducerea AJOFM Gorj;<\/li>\n\n\n\n<li>Date de contact AJOFM Gorj;<\/li>\n\n\n\n<li>Buget;<\/li>\n\n\n\n<li>Bilan\u021buri contabile;<\/li>\n\n\n\n<li>Pl\u0103\u021bi efectuate de AJOFM Gorj;<\/li>\n\n\n\n<li>Veniturile salariale ale personalului AJOFM Gorj;<\/li>\n\n\n\n<li>Achizi\u021bii publice;<\/li>\n\n\n\n<li>Declara\u021biile de avere \u0219i interese ale personalului AJOFM Gorj;<\/li>\n\n\n\n<li>Materiale informative elaborate de AJOFM Gorj;<\/li>\n\n\n\n<li>Actele normative din domeniul de activitate al AJOFM Gorj;<\/li>\n\n\n\n<li>Raportul anual de activitate;<\/li>\n\n\n\n<li>Programele \u0219i strategiile proprii<\/li>\n<\/ul>\n\n\n\n<p><strong>Sunt exceptate de la accesul liber al cet\u0103\u021benilor urm\u0103toarele informa\u021bii (art. 12 alin. 1 din Legea nr. 544\/2001 privind liberul acces la informa\u021biile de interes public, cu modific\u0103rile \u0219i complet\u0103rile ulterioare):<\/strong><\/p>\n\n\n\n<ul class=\"wp-block-list\">\n<li>informa\u021biile din domeniul ap\u0103r\u0103rii na\u021bionale, siguran\u021bei \u0219i ordinii publice, dac\u0103 fac parte din categoriile informa\u021biilor clasificate, potrivit legii;<\/li>\n\n\n\n<li>informa\u021biile privind deliber\u0103rile autorit\u0103\u021bilor, precum \u0219i cele care privesc interesele economice \u0219i politice ale Rom\u00e2niei, dac\u0103 fac parte din categoria informa\u021biilor clasificate, potrivit legii;<\/li>\n\n\n\n<li>informa\u021biile privind activit\u0103\u021bile comerciale sau financiare, dac\u0103 publicitatea acestora aduce atingere dreptului de proprietate intelectual\u0103 ori industial\u0103, precum \u0219i principiului concuren\u021bei loiale, potrivit legii;<\/li>\n\n\n\n<li>informa\u021biile cu privire la datele personale, potrivit legii;<\/li>\n\n\n\n<li>informa\u021biile privind procedura \u00een timpul anchetei penale sau disciplinare, dac\u0103 se pericliteaz\u0103 rezultatul anchetei, se dezv\u0103luie surse confiden\u021biale ori se pun \u00een pericol via\u021ba, integritatea corporal\u0103, s\u0103n\u0103tatea unei persoane \u00een urma anchetei efectuate sau \u00een curs de desf\u0103\u0219urare;<\/li>\n\n\n\n<li>informa\u021biile privind procedurile judiciare, dac\u0103 publicitatea acestora aduce atingere asigur\u0103rii unui proces echitabil ori interesului legitim al oric\u0103ruia dintre p\u0103r\u021bile implicate \u00een proces;<\/li>\n\n\n\n<li>informa\u021biile a c\u0103ror publicare prejudiciaz\u0103 m\u0103surile de protec\u021bie a clien\u021bilor.<\/li>\n<\/ul>\n","protected":false},"excerpt":{"rendered":"<p>Lista documentelor de interes public &#8211; &nbsp;Agen\u0163ia Jude\u0163ean\u0103 pentru Ocuparea For\u0163ei de Munc\u0103 GORJ Actele normative care reglementez\u0103 organizarea \u0219i func\u021bionarea Agen\u021biei Jude\u021bene pentru Ocuparea For\u021bei de Munc\u0103; Sunt exceptate<\/p>\n","protected":false},"author":1,"featured_media":0,"parent":0,"menu_order":280,"comment_status":"closed","ping_status":"closed","template":"template-parts\/content-with-sidebar.php","meta":{"footnotes":""},"class_list":["post-2207","page","type-page","status-publish","hentry"],"_links":{"self":[{"href":"https:\/\/www.anofm.ro\/gorj\/wp-json\/wp\/v2\/pages\/2207","targetHints":{"allow":["GET"]}}],"collection":[{"href":"https:\/\/www.anofm.ro\/gorj\/wp-json\/wp\/v2\/pages"}],"about":[{"href":"https:\/\/www.anofm.ro\/gorj\/wp-json\/wp\/v2\/types\/page"}],"author":[{"embeddable":true,"href":"https:\/\/www.anofm.ro\/gorj\/wp-json\/wp\/v2\/users\/1"}],"replies":[{"embeddable":true,"href":"https:\/\/www.anofm.ro\/gorj\/wp-json\/wp\/v2\/comments?post=2207"}],"version-history":[{"count":3,"href":"https:\/\/www.anofm.ro\/gorj\/wp-json\/wp\/v2\/pages\/2207\/revisions"}],"predecessor-version":[{"id":4982,"href":"https:\/\/www.anofm.ro\/gorj\/wp-json\/wp\/v2\/pages\/2207\/revisions\/4982"}],"wp:attachment":[{"href":"https:\/\/www.anofm.ro\/gorj\/wp-json\/wp\/v2\/media?parent=2207"}],"curies":[{"name":"wp","href":"https:\/\/api.w.org\/{rel}","templated":true}]}}