{"id":2277,"date":"2023-12-14T23:54:03","date_gmt":"2023-12-14T20:54:03","guid":{"rendered":"https:\/\/www.anofm.ro\/stimularea-mobilitatii-prima-de-incadrare\/"},"modified":"2024-09-13T09:59:02","modified_gmt":"2024-09-13T06:59:02","slug":"stimularea-mobilitatii-prima-de-incadrare","status":"publish","type":"page","link":"https:\/\/www.anofm.ro\/giurgiu\/stimularea-mobilitatii-prima-de-incadrare\/","title":{"rendered":"Stimularea mobilit\u0103\u0163ii: Prima de \u00eencadrare"},"content":{"rendered":"\n<p><strong>Prima de \u00eencadrare<\/strong> <strong>prev\u0103zut\u0103 de art.74 din Legea nr.76\/2002 privind sistemul asigur\u0103rilor pentru \u0219omaj \u0219i stimularea ocup\u0103rii for\u021bei de munc\u0103&nbsp;<\/strong><\/p>\n\n\n\n<p>Persoanele \u00eenregistrate ca \u015fomeri la agen\u0163iile pentru ocuparea for\u0163ei de munc\u0103 \u015fi care se \u00eencadreaz\u0103 \u00een munc\u0103, potrivit legii, \u00eentr-o localitate situat\u0103 la o distan\u0163\u0103 mai mare de 15 km de localitatea \u00een care \u00ee\u015fi au domiciliul sau re\u015fedin\u0163a, pot beneficia de o prim\u0103 de \u00eencadrare, neimpozabil\u0103.<\/p>\n\n\n\n<p>Prima de \u00eencadrare se calculeaz\u0103 la 0,5 lei\/km, dar nu mai mult de 55 lei\/zi, propor\u0163ional cu num\u0103rul de zile \u00een care persoanele \u00een cauz\u0103 desf\u0103\u015foar\u0103 efectiv activitatea la angajatorul la care se realizeaz\u0103 \u00eencadrarea \u00een munc\u0103.<\/p>\n\n\n\n<p>Prima de \u00eencadrare se acord\u0103 la cerere, pe o perioad\u0103 de 12 luni.<\/p>\n\n\n\n<p><strong>Prima de \u00eencarare se acord\u0103 dac\u0103 sunt \u00eendeplinite cumulativ urm\u0103toarele condi\u0163ii:<\/strong><\/p>\n\n\n\n<ul class=\"wp-block-list\">\n<li>Persoana solicitant\u0103 are domiciliul sau re\u015fedin\u0163a \u00een zonele prev\u0103zute \u00een <strong><a href=\"https:\/\/www.anofm.ro\/wp-content\/uploads\/2024\/09\/Plan_Mobilitate_H_G_903_2016.pdf\"><em>Planul na\u0163ional de mobilitate \u2013 H.G. nr. 903\/29.11.2016<\/em><\/a><\/strong><\/li>\n\n\n\n<li>Persoana solicitant\u0103 s\u0103 fie \u00eenregistrat\u0103 ca \u015fomer la agen\u0163ia pentru ocuparea for\u0163ei de munc\u0103<\/li>\n\n\n\n<li>\u00cencadrarea \u00een munc\u0103 s\u0103 fie \u00eentr-o localitate&nbsp; situat\u0103 la o distan\u0163\u0103 mai mare de 15 km de localitatea de domiciliu sau re\u015fedin\u0163\u0103<\/li>\n\n\n\n<li>Angajarea s\u0103 fie cu norm\u0103 \u00eentreag\u0103, pentru o perioad\u0103 de cel pu\u0163in 12 luni<\/li>\n\n\n\n<li>\u00cen ultimii 2 ani anteriori angaj\u0103rii s\u0103 nu mai fi lucrat la acel angajator<\/li>\n\n\n\n<li>\u00cen ultimii 2 ani anteriori angaj\u0103rii s\u0103 nu fi lucrat la administratorii\/asocia\u0163ii angajatorului ( \u00een situa\u0163ia \u00een care angajatorul are mai mul\u0163i administratori\/ asocia\u0163i);<\/li>\n\n\n\n<li>Nu a beneficiat de prima de \u00eencadrare sau prima de instalare \u00een ultimele 36 luni premerg\u0103toare solicit\u0103rii primei de mobilitate<\/li>\n\n\n\n<li>Nu de\u0163ine \u00een proprietate sau coproprietate o locuin\u0163\u0103 \u00een localitatea \u00een care se \u00eencadreaz\u0103 \u00een munc\u0103 sau \u00een localit\u0103\u0163ile \u00eenvecinate acesteia at\u00e2t persoana solicitant\u0103 c\u00e2t \u015fi so\u0163ul\/so\u0163ia, copii afla\u0163i \u00een \u00eentre\u0163inere.<\/li>\n\n\n\n<li>Angajatorul sau autorit\u0103\u0163ile administra\u0163iei publice locale sau centrale nu asigur\u0103 transportul sau nu suport\u0103 cheltuielile aferente<\/li>\n<\/ul>\n\n\n\n<p><strong>Documente necesare:<\/strong><\/p>\n\n\n\n<p>Pentru acordarea primei de \u00eencadrare, persoanele vor depune la agen\u0163ia pentru ocuparea for\u0163ei de munc\u0103 jude\u0163ean\u0103 sau a municipiului Bucure\u015fti, unde se afl\u0103 \u00een eviden\u0163\u0103,<strong> \u00een termen de 30 de zile de la data \u00eencadr\u0103rii \u00een munc\u0103<\/strong>, urm\u0103toarele documente:<\/p>\n\n\n\n<ol start=\"1\" class=\"wp-block-list\">\n<li>Cerere \u2013 conform model &#8211; <em><a href=\"https:\/\/www.anofm.ro\/wp-content\/uploads\/2024\/09\/Cerere-_anexa_11_la_norme.doc\">Anexa nr. 11 la Norme<\/a><\/em><\/li>\n\n\n\n<li>Actul de identitate al persoanei solicitante \u2013 original <\/li>\n\n\n\n<li>Contract de munc\u0103, cu precizarea locului de munc\u0103 unde persoana urmeaz\u0103 s\u0103 \u00ee\u015fi desf\u0103\u015foare activitatea \u2013 original <\/li>\n\n\n\n<li>Angajament &#8211; conform model \u2013 <a href=\"https:\/\/www.anofm.ro\/wp-content\/uploads\/2024\/09\/Anexa_13_la_norme.doc\"><em>Anexa nr. 13 la Norme<\/em><\/a> , care constituie titlu executoriu, potrivit legii<\/li>\n\n\n\n<li>Declara\u0163ie pe propria r\u0103spundere a angajatorului din care s\u0103 rezulte c\u0103 \u00een ultimii &nbsp;2 ani acesta nu a mai fost \u00een raporturi de munc\u0103 sau de serviciu cu persoana respectiv\u0103<\/li>\n\n\n\n<li>Declara\u0163ie pe propria r\u0103spundere a angajatorului din care s\u0103 rezulte c\u0103 \u00een ultimii&nbsp; 2 ani persoana angajat\u0103 nu a mai fost \u00een raporturi de munc\u0103 sau de serviciu cu al\u0163i angajatori la care calitatea de administrator \/ asociat este de\u0163inut\u0103 de una sau mai multe persoane&nbsp; fizice sau juridice care au calitatea de administrator\/ asociat la angajatorul la care se realizeaz\u0103 \u00eencadrarea \u00een munc\u0103<\/li>\n\n\n\n<li>Declara\u0163ie pe propria r\u0103spundere a absolven\u0163ilor licen\u0163ia\u0163i ai facult\u0103\u0163ilor de medicin\u0103, medicin\u0103 dentar\u0103 \u015fi farmacie din care s\u0103 rezulte c\u0103 la data solicit\u0103rii primei de mobilitate prev\u0103zute la art. 74 din lege nu au promovat concursul na\u0163ional de reziden\u0163ial pe locuri sau pe posturi \u00een condi\u0163iile legii, dup\u0103 caz<\/li>\n\n\n\n<li>Declara\u0163ia pe propria r\u0103spundere a angajatorului absolven\u0163ilor institu\u0163iilor de \u00eenv\u0103\u0163\u0103m\u00e2nt din care s\u0103 rezulte c\u0103 nu are obliga\u0163ia, potrivit legii, de a angaja persoana din aceast\u0103 categorie, dup\u0103 caz<\/li>\n\n\n\n<li>Declara\u0163ie pe proprie r\u0103spundere a persoanei solicitante din care s\u0103 rezulte c\u0103 nu de\u0163ine \u00een proprietate sau coproprietate o locuin\u0163\u0103 \u00een localitatea \u00een care se \u00eencadreaz\u0103 \u00een munc\u0103 sau \u00een localit\u0103\u0163ile \u00eenvecinate acesteia, at\u00e2t ea c\u00e2t \u015fi so\u0163ul\/so\u0163ia, copii afla\u0163i \u00een \u00eentre\u0163inere<\/li>\n\n\n\n<li>Declara\u0163ia angajatorului c\u00e2t \u015fi a persoanei solicitante din care s\u0103 rezulte c\u0103 angajatorul sau autoritatea administra\u0163iei publice local\u0103 nu asigur\u0103 transportul \u015fi nu suport\u0103 cheltuielile aferente<\/li>\n<\/ol>\n\n\n\n<p><strong>Depunerea documentelor<\/strong><\/p>\n\n\n\n<p>\u2022&nbsp;&nbsp; Personal \u2013 la sediul agen\u0163iei<\/p>\n\n\n\n<p>\u2022&nbsp;&nbsp; Prin scrisoare recomandat\u0103 cu confirmare de primire<\/p>\n\n\n\n<p>\u2022&nbsp;&nbsp; Prin fax sau e-mail<\/p>\n","protected":false},"excerpt":{"rendered":"<p>Prima de \u00eencadrare prev\u0103zut\u0103 de art.74 din Legea nr.76\/2002 privind sistemul asigur\u0103rilor pentru \u0219omaj \u0219i stimularea ocup\u0103rii for\u021bei de munc\u0103&nbsp; Persoanele \u00eenregistrate ca \u015fomeri la agen\u0163iile pentru ocuparea for\u0163ei de<\/p>\n","protected":false},"author":1,"featured_media":0,"parent":0,"menu_order":630,"comment_status":"closed","ping_status":"closed","template":"template-parts\/content-with-sidebar.php","meta":{"footnotes":""},"class_list":["post-2277","page","type-page","status-publish","hentry"],"_links":{"self":[{"href":"https:\/\/www.anofm.ro\/giurgiu\/wp-json\/wp\/v2\/pages\/2277","targetHints":{"allow":["GET"]}}],"collection":[{"href":"https:\/\/www.anofm.ro\/giurgiu\/wp-json\/wp\/v2\/pages"}],"about":[{"href":"https:\/\/www.anofm.ro\/giurgiu\/wp-json\/wp\/v2\/types\/page"}],"author":[{"embeddable":true,"href":"https:\/\/www.anofm.ro\/giurgiu\/wp-json\/wp\/v2\/users\/1"}],"replies":[{"embeddable":true,"href":"https:\/\/www.anofm.ro\/giurgiu\/wp-json\/wp\/v2\/comments?post=2277"}],"version-history":[{"count":4,"href":"https:\/\/www.anofm.ro\/giurgiu\/wp-json\/wp\/v2\/pages\/2277\/revisions"}],"predecessor-version":[{"id":3822,"href":"https:\/\/www.anofm.ro\/giurgiu\/wp-json\/wp\/v2\/pages\/2277\/revisions\/3822"}],"wp:attachment":[{"href":"https:\/\/www.anofm.ro\/giurgiu\/wp-json\/wp\/v2\/media?parent=2277"}],"curies":[{"name":"wp","href":"https:\/\/api.w.org\/{rel}","templated":true}]}}