{"id":2175,"date":"2023-12-14T22:54:01","date_gmt":"2023-12-14T20:54:01","guid":{"rendered":"https:\/\/www.anofm.ro\/comisia-paritara\/"},"modified":"2025-04-07T13:31:48","modified_gmt":"2025-04-07T10:31:48","slug":"comisia-paritara","status":"publish","type":"page","link":"https:\/\/www.anofm.ro\/galati\/comisia-paritara\/","title":{"rendered":"Comisia Paritar\u0103"},"content":{"rendered":"\n<p><strong>Componenta Comisie Paritara:<\/strong><\/p>\n\n\n\n<p>Comisia paritar\u0103 din cadrul Agen\u0163iei Jude\u021bene pentru Ocuparea For\u0163ei de Munc\u0103 Galati s-a constituit prin Decizia nr. 15263\/16.08.2023, av\u00e2nd \u00een componen\u0163a sa 4 membri titulari, 1 secretar \u015fi un pre\u015fedinte:<\/p>\n\n\n\n<p>Membri titulari:<\/p>\n\n\n\n<p>&nbsp;&nbsp;&nbsp;&nbsp;&nbsp;&nbsp;&nbsp;&nbsp;&nbsp;&nbsp;&nbsp;&nbsp;&nbsp;&nbsp;&nbsp;&nbsp;&nbsp;&nbsp; &#8211; Dicu Denisa &#8211; desemnata de conducerea AJOFM Galati;<\/p>\n\n\n\n<p>&nbsp;&nbsp;&nbsp;&nbsp;&nbsp;&nbsp;&nbsp;&nbsp;&nbsp;&nbsp;&nbsp;&nbsp;&nbsp;&nbsp;&nbsp;&nbsp;&nbsp;&nbsp; &#8211; Lungu Angela &#8211; desemnata de conducerea AJOFM Galati;<\/p>\n\n\n\n<p>&nbsp;&nbsp;&nbsp;&nbsp;&nbsp;&nbsp;&nbsp;&nbsp;&nbsp;&nbsp;&nbsp;&nbsp;&nbsp;&nbsp;&nbsp;&nbsp;&nbsp;&nbsp; &#8211; Acsente Carmen &#8211; din partea functionarilor publici;<\/p>\n\n\n\n<p>&nbsp;&nbsp;&nbsp;&nbsp;&nbsp;&nbsp;&nbsp;&nbsp;&nbsp;&nbsp;&nbsp;&nbsp;&nbsp;&nbsp;&nbsp;&nbsp;&nbsp;&nbsp; &#8211; Strainu Daniela &#8211; din partea functionarilor publici;<\/p>\n\n\n\n<p>Membri supleanti:<\/p>\n\n\n\n<p>&nbsp;&nbsp;&nbsp;&nbsp;&nbsp;&nbsp;&nbsp;&nbsp;&nbsp;&nbsp;&nbsp;&nbsp;&nbsp;&nbsp;&nbsp;&nbsp;&nbsp;&nbsp; &#8211; Bran Violeta &#8211; desemnata de conducerea AJOFM Galati;<\/p>\n\n\n\n<p>&nbsp;&nbsp;&nbsp;&nbsp;&nbsp;&nbsp;&nbsp;&nbsp;&nbsp;&nbsp;&nbsp;&nbsp;&nbsp;&nbsp; &nbsp;&nbsp;&nbsp;&nbsp;&nbsp; &nbsp;&#8211; Vadana Iuliana- din partea functionarilor publici.<\/p>\n\n\n\n<p>Secretar titular:&nbsp;&nbsp;&nbsp;&nbsp;<\/p>\n\n\n\n<p>&#8211;&nbsp;&nbsp; Dumitru Marinela &#8211; desemnata de conducerea institutiei,<\/p>\n\n\n\n<p>Secretar supleant:&nbsp;&nbsp;&nbsp;&nbsp;<\/p>\n\n\n\n<p>&#8211;&nbsp;&nbsp; Prajinariu Otilia &#8211; desemnat de conducerea institutiei,<\/p>\n\n\n\n<div class=\"file-list-wrap\"><p class=\"h4\">Documente desc\u0103rcabile<\/p><ul class=\"file-list\">\n<li><a href=\"https:\/\/www.anofm.ro\/galati\/wp-content\/uploads\/sites\/20\/2025\/04\/Raport-anual-2022-Comisie-paritara.pdf\" download>Raport-anual-2022-Comisie-paritara.pdf<\/a><\/li>\n\n\n\n<li><a href=\"https:\/\/www.anofm.ro\/galati\/wp-content\/uploads\/sites\/20\/2025\/04\/Raport-anual-2023-comisie-paritara.pdf\" download>Raport-anual-2023-comisie-paritara.pdf<\/a><\/li>\n\n\n\n<li><a href=\"https:\/\/www.anofm.ro\/galati\/wp-content\/uploads\/sites\/20\/2025\/04\/Raport-anual-2024-comisie-paritara.pdf\" download>Raport-anual-2024-comisie-paritara.pdf<\/a><\/li>\n<\/ul><\/div>\n","protected":false},"excerpt":{"rendered":"<p>Componenta Comisie Paritara: Comisia paritar\u0103 din cadrul Agen\u0163iei Jude\u021bene pentru Ocuparea For\u0163ei de Munc\u0103 Galati s-a constituit prin Decizia nr. 15263\/16.08.2023, av\u00e2nd \u00een componen\u0163a sa 4 membri titulari, 1 secretar<\/p>\n","protected":false},"author":1,"featured_media":0,"parent":0,"menu_order":120,"comment_status":"closed","ping_status":"closed","template":"template-parts\/content-with-sidebar.php","meta":{"footnotes":""},"class_list":["post-2175","page","type-page","status-publish","hentry"],"_links":{"self":[{"href":"https:\/\/www.anofm.ro\/galati\/wp-json\/wp\/v2\/pages\/2175","targetHints":{"allow":["GET"]}}],"collection":[{"href":"https:\/\/www.anofm.ro\/galati\/wp-json\/wp\/v2\/pages"}],"about":[{"href":"https:\/\/www.anofm.ro\/galati\/wp-json\/wp\/v2\/types\/page"}],"author":[{"embeddable":true,"href":"https:\/\/www.anofm.ro\/galati\/wp-json\/wp\/v2\/users\/1"}],"replies":[{"embeddable":true,"href":"https:\/\/www.anofm.ro\/galati\/wp-json\/wp\/v2\/comments?post=2175"}],"version-history":[{"count":3,"href":"https:\/\/www.anofm.ro\/galati\/wp-json\/wp\/v2\/pages\/2175\/revisions"}],"predecessor-version":[{"id":5339,"href":"https:\/\/www.anofm.ro\/galati\/wp-json\/wp\/v2\/pages\/2175\/revisions\/5339"}],"wp:attachment":[{"href":"https:\/\/www.anofm.ro\/galati\/wp-json\/wp\/v2\/media?parent=2175"}],"curies":[{"name":"wp","href":"https:\/\/api.w.org\/{rel}","templated":true}]}}