{"id":2163,"date":"2023-12-14T22:54:01","date_gmt":"2023-12-14T20:54:01","guid":{"rendered":"https:\/\/www.anofm.ro\/conducere\/"},"modified":"2026-01-21T10:29:59","modified_gmt":"2026-01-21T08:29:59","slug":"conducere","status":"publish","type":"page","link":"https:\/\/www.anofm.ro\/galati\/conducere\/","title":{"rendered":"Conducere"},"content":{"rendered":"\n<h2 class=\"wp-block-heading\">Conducere<\/h2>\n\n\n\n<figure class=\"wp-block-image size-full is-resized\"><img loading=\"lazy\" decoding=\"async\" width=\"844\" height=\"838\" src=\"https:\/\/www.anofm.ro\/galati\/wp-content\/uploads\/sites\/20\/2025\/04\/Nicula-Marius-.jpeg\" alt=\"\" class=\"wp-image-5346\" style=\"width:276px;height:auto\" srcset=\"https:\/\/www.anofm.ro\/galati\/wp-content\/uploads\/sites\/20\/2025\/04\/Nicula-Marius-.jpeg 844w, https:\/\/www.anofm.ro\/galati\/wp-content\/uploads\/sites\/20\/2025\/04\/Nicula-Marius--516x512.jpeg 516w, https:\/\/www.anofm.ro\/galati\/wp-content\/uploads\/sites\/20\/2025\/04\/Nicula-Marius--150x150.jpeg 150w, https:\/\/www.anofm.ro\/galati\/wp-content\/uploads\/sites\/20\/2025\/04\/Nicula-Marius--768x763.jpeg 768w\" sizes=\"auto, (max-width: 844px) 100vw, 844px\" \/><\/figure>\n\n\n\n<h2 class=\"wp-block-heading\">Nicula Marius Daniel<\/h2>\n\n\n\n<p>Director executiv<\/p>\n\n\n\n<p><\/p>\n\n\n\n<h2 class=\"wp-block-heading\"><\/h2>\n\n\n\n<figure class=\"wp-block-image size-large is-resized\"><img loading=\"lazy\" decoding=\"async\" width=\"714\" height=\"1024\" src=\"https:\/\/www.anofm.ro\/galati\/wp-content\/uploads\/sites\/20\/2025\/04\/Nastase-Cezar-1-714x1024.jpeg\" alt=\"\" class=\"wp-image-5351\" style=\"width:272px;height:auto\" srcset=\"https:\/\/www.anofm.ro\/galati\/wp-content\/uploads\/sites\/20\/2025\/04\/Nastase-Cezar-1-714x1024.jpeg 714w, https:\/\/www.anofm.ro\/galati\/wp-content\/uploads\/sites\/20\/2025\/04\/Nastase-Cezar-1-360x516.jpeg 360w, https:\/\/www.anofm.ro\/galati\/wp-content\/uploads\/sites\/20\/2025\/04\/Nastase-Cezar-1.jpeg 718w\" sizes=\"auto, (max-width: 714px) 100vw, 714px\" \/><\/figure>\n\n\n\n<h2 class=\"wp-block-heading\">N\u0103stase Cezar Florian<\/h2>\n\n\n\n<p>Director executiv adjunct<\/p>\n\n\n\n<h2 class=\"wp-block-heading\"><\/h2>\n\n\n\n<p><\/p>\n\n\n\n<div class=\"file-list-wrap\"><p class=\"h4\">CV \u0219i atribu\u021bii director executiv<br><\/p><ul class=\"file-list\">\n<li><a href=\"https:\/\/www.anofm.ro\/galati\/wp-content\/uploads\/sites\/20\/2025\/04\/CV-Nicula-Marius-Daniel.pdf\" download>CV-Nicula-Marius-Daniel.pdf<\/a><\/li>\n\n\n\n<li><a href=\"https:\/\/www.anofm.ro\/galati\/wp-content\/uploads\/sites\/20\/2025\/04\/Atributiile-director-executiv.pdf\" download>Atributiile-director-executiv.pdf<\/a><\/li>\n<\/ul><\/div>\n\n\n\n<div class=\"file-list-wrap\"><p class=\"h4\">CV \u0219i atribu\u021bii director executiv adjunct<br><\/p><ul class=\"file-list\">\n<li><a href=\"https:\/\/www.anofm.ro\/galati\/wp-content\/uploads\/sites\/20\/2025\/04\/CV-Nastase-Cezar.pdf\" download>CV-Nastase-Cezar.pdf<\/a><\/li>\n\n\n\n<li><a href=\"https:\/\/www.anofm.ro\/galati\/wp-content\/uploads\/sites\/20\/2025\/04\/Atributii-director-executiv-adjunct.pdf\" download>Atributii-director-executiv-adjunct.pdf<\/a><\/li>\n<\/ul><\/div>\n\n\n\n<p><strong>Agenda de lucru<\/strong><strong><\/strong><\/p>\n\n\n\n<p>Conducerea AJOFM Galati desfasoara zilnic activitati specifice pietei muncii, participand periodic la intalniri cu reprezentantii autoritatilor publice locale, cu angajatorii din judet, cu reprezentantii partenerilor sociali si ai mass-mediei locale.<\/p>\n\n\n\n<p>Lunar participa la:<\/p>\n\n\n\n<p>Sedinta Colegiului Prefectural<\/p>\n\n\n\n<p>Sedinta Comisiei de Dialog Social<\/p>\n\n\n\n<p>Sedinte operative in cadrul agentiei in functie de specificul problemelor<\/p>\n\n\n\n<p>Sedinta Consiliului Consultativ al AJOFM Galati<\/p>\n\n\n\n<p>Intalniri cu reprezentantii autoritatilor publice locale si cu angajatori<\/p>\n\n\n\n<p>Program de audien\u021be :<\/p>\n\n\n\n<p>Director Executiv &#8211; Miercuri  : 10,00 \u2013 12,00<\/p>\n\n\n\n<p>Director Executiv Adjunct &#8211;  Joi :&nbsp;10,00 \u2013 12.00<\/p>\n\n\n\n<h2 class=\"wp-block-heading\">Consiliu consultativ<\/h2>\n\n\n\n<figure class=\"wp-block-table alignleft\"><table><tbody><tr><td><strong>NR. CRT.<\/strong><\/td><td><strong>NUME \u0218I PRENUME<\/strong><\/td><td><strong>INSTITU\u021aIA REPREZENTAT\u0102<\/strong><\/td><\/tr><tr><td>&nbsp; 1<\/td><td>&nbsp; MIRIC\u0102 CRISTIAN<\/td><td>ADMINISTRA\u0162IA JUDE\u0162EAN\u0102 A FINAN\u0162ELOR PUBLICE GALA\u0162I<\/td><\/tr><tr><td>&nbsp; 2<\/td><td>&nbsp; TRANDAFIR BOGDAN<\/td><td>INSPECTORATUL TERITORIAL DE MUNC\u0102 GALA\u0162I<\/td><\/tr><tr><td>&nbsp; 3<\/td><td>&nbsp; NEDELCU GEORGETA ALINA<\/td><td>CONSILIUL JUDE\u0162EAN GALA\u0162I<\/td><\/tr><tr><td>&nbsp; 4<\/td><td>&nbsp; AMITROAE GABRIELA<\/td><td>INSTITU\u0162IA PREFECTULUI JUDE\u0162UL GALA\u0162I<\/td><\/tr><tr><td>&nbsp; 5<\/td><td>&nbsp; AVRAM R\u0102ZVAN CORNELIU<\/td><td>AGEN\u0162IA JUDE\u0162EAN\u0102 PENTRU PL\u0102\u0162I \u015eI INSPEC\u0162IE SOCIAL\u0102 GALA\u0162I<\/td><\/tr><tr><td>&nbsp; 6<\/td><td>&nbsp; GARNEA\u0162\u0102 ROMIC\u0102<\/td><td>CONFEDERA\u0162IA NA\u0162IONAL\u0102 SINDICAL\u0102 \u201cCARTEL ALFA\u201d<\/td><\/tr><tr><td>&nbsp; 7<\/td><td>&nbsp; ROTIL\u0102 VIOREL<\/td><td>CONFEDERA\u0162IA NA\u0162IONAL\u0102 SINDICAL\u0102 \u201eCARTEL ALFA\u201d<\/td><\/tr><tr><td>&nbsp; 8<\/td><td>&nbsp;RUS VIOLETA<\/td><td>CONFEDERA\u0162IA NA\u0162IONAL\u0102 A SINDICATELOR LIBERE DIN ROMANIA (CNSLR \u201eFR\u0102\u0162IA\u201d)<\/td><\/tr><tr><td>&nbsp; 9<\/td><td>&nbsp; GOLBAN FLORIN<\/td><td>BLOCUL NA\u0162IONAL SINDICAL (BNS)<\/td><\/tr><tr><td>&nbsp; 10<\/td><td>&nbsp; TIBER GHEORGHE<\/td><td>CONFEDERA\u0162IA SINDICATELOR DEMOCRATICE DIN ROMANIA (CSDR)<\/td><\/tr><tr><td>&nbsp; 11<\/td><td>&nbsp; MELINTE NICULINA<\/td><td>CONSILIUL NA\u0162IONAL AL \u00ceNTREPRINDERILOR PRIVATE MICI SI MIJLOCII DIN ROM\u00c2NIA (CNIPMMR)<\/td><\/tr><tr><td>&nbsp; 12<\/td><td>&nbsp; PAVEL GIANINA<\/td><td>CONSILIUL NA\u0162IONAL AL \u00ceNTREPRINDERILOR PRIVATE MICI SI MIJLOCII DIN ROM\u00c2NIA (CNIPMMR)<\/td><\/tr><tr><td>&nbsp; 13<\/td><td>&nbsp; CRE\u021aOIU COSTEL<\/td><td>CONSILIUL NA\u0162IONAL AL \u00ceNTREPRINDERILOR PRIVATE MICI SI MIJLOCII DIN ROM\u00c2NIA (CNIPMMR)<\/td><\/tr><tr><td>&nbsp; 14<\/td><td>&nbsp; STOICA EMILIAN<\/td><td>CONFEDERA\u0162IA PATRONAL\u0102 CONCORDIA<\/td><\/tr><tr><td>&nbsp; 15<\/td><td>GRIGORE MARILENA<\/td><td>CONFEDERA\u0162IA PATRONAL\u0102 CONCORDIA<\/td><\/tr><\/tbody><\/table><\/figure>\n\n\n\n<h2 class=\"wp-block-heading\">Agenda de lucru<\/h2>\n\n\n\t\t\t\t<ul class=\"recentcontent\">\n\t\t\t\t\t\t\t\t\t<li>\n\t\t\t\t\t\t<a href=\"https:\/\/www.anofm.ro\/galati\/agenda-de-lucru-director-executiv-ajofm-galati\/\">\n\t\t\t\t\t\t\t\t\t\t\t\t\t\t\t<img decoding=\"async\" src=\"https:\/\/www.anofm.ro\/galati\/wp-content\/plugins\/anofm-custom-post-types\/assets\/images\/placeholder-thumb.png\" alt=\"\">\n\t\t\t\t\t\t\t\t\t\t\t\t\t\t\t\t<p class=\"h4\">Agenda de lucru director executiv AJOFM Galati<\/p>\n\t\t\t\t\t\t\t\t\t\t\t\t\t\t\t<span>10\/01\/2019<\/span>\n\t\t\t\t\t\t<\/a>\n\t\t\t\t\t<\/li>\n\t\t\t\t\t\t\t\t\t<\/ul>\n\t\t\t\t","protected":false},"excerpt":{"rendered":"<p>Conducere Nicula Marius Daniel Director executiv N\u0103stase Cezar Florian Director executiv adjunct Agenda de lucru Conducerea AJOFM Galati desfasoara zilnic activitati specifice pietei muncii, participand periodic la intalniri cu reprezentantii<\/p>\n","protected":false},"author":1,"featured_media":0,"parent":0,"menu_order":60,"comment_status":"closed","ping_status":"closed","template":"template-parts\/content-with-sidebar.php","meta":{"footnotes":""},"class_list":["post-2163","page","type-page","status-publish","hentry"],"_links":{"self":[{"href":"https:\/\/www.anofm.ro\/galati\/wp-json\/wp\/v2\/pages\/2163","targetHints":{"allow":["GET"]}}],"collection":[{"href":"https:\/\/www.anofm.ro\/galati\/wp-json\/wp\/v2\/pages"}],"about":[{"href":"https:\/\/www.anofm.ro\/galati\/wp-json\/wp\/v2\/types\/page"}],"author":[{"embeddable":true,"href":"https:\/\/www.anofm.ro\/galati\/wp-json\/wp\/v2\/users\/1"}],"replies":[{"embeddable":true,"href":"https:\/\/www.anofm.ro\/galati\/wp-json\/wp\/v2\/comments?post=2163"}],"version-history":[{"count":21,"href":"https:\/\/www.anofm.ro\/galati\/wp-json\/wp\/v2\/pages\/2163\/revisions"}],"predecessor-version":[{"id":6350,"href":"https:\/\/www.anofm.ro\/galati\/wp-json\/wp\/v2\/pages\/2163\/revisions\/6350"}],"wp:attachment":[{"href":"https:\/\/www.anofm.ro\/galati\/wp-json\/wp\/v2\/media?parent=2163"}],"curies":[{"name":"wp","href":"https:\/\/api.w.org\/{rel}","templated":true}]}}