{"id":2163,"date":"2025-01-14T22:54:00","date_gmt":"2025-01-14T20:54:00","guid":{"rendered":"https:\/\/www.anofm.ro\/conducere\/"},"modified":"2026-01-29T16:08:37","modified_gmt":"2026-01-29T14:08:37","slug":"conducere","status":"publish","type":"page","link":"https:\/\/www.anofm.ro\/dolj\/conducere\/","title":{"rendered":"CONDUCERE"},"content":{"rendered":"\n<h3 class=\"wp-block-heading\"><\/h3>\n\n\n\n<p>NICA IONUT CATALIN &#8211; DIRECTOR EXECUTIV<\/p>\n\n\n\n<div class=\"file-list-wrap\"><p class=\"h4\">Documente desc\u0103rcabile<\/p><ul class=\"file-list\">\n<li><a href=\"https:\/\/www.anofm.ro\/dolj\/wp-content\/uploads\/sites\/19\/2026\/01\/CV_Nica-Ionut-Catalin.pdf\" download>CV_Nica-Ionut-Catalin.pdf<\/a><\/li>\n\n\n\n<li><a href=\"https:\/\/www.anofm.ro\/dolj\/wp-content\/uploads\/sites\/19\/2026\/01\/CV-Tiribeja-Aurora-Cornelia.pdf\" download>CV-Tiribeja-Aurora-Cornelia.pdf<\/a><\/li>\n<\/ul><\/div>\n\n\n\n<div data-wp-interactive=\"core\/file\" class=\"wp-block-file\"><object data-wp-bind--hidden=\"!state.hasPdfPreview\" hidden class=\"wp-block-file__embed\" data=\"https:\/\/www.anofm.ro\/dolj\/wp-content\/uploads\/sites\/19\/2025\/10\/Atributii-director-executiv.pdf\" type=\"application\/pdf\" style=\"width:100%;height:600px\" aria-label=\"\u00cenglobare pentru Atributii director executiv.\"><\/object><a id=\"wp-block-file--media-11a20927-dbd0-490e-8aee-526663cd86c0\" href=\"https:\/\/www.anofm.ro\/dolj\/wp-content\/uploads\/sites\/19\/2025\/10\/Atributii-director-executiv.pdf\">Atributii director executiv<\/a><a href=\"https:\/\/www.anofm.ro\/dolj\/wp-content\/uploads\/sites\/19\/2025\/10\/Atributii-director-executiv.pdf\" class=\"wp-block-file__button wp-element-button\" download aria-describedby=\"wp-block-file--media-11a20927-dbd0-490e-8aee-526663cd86c0\">Descarc\u0103<\/a><\/div>\n\n\n\n<div class=\"file-list-wrap\"><p class=\"h4\">Documente desc\u0103rcabile<\/p><ul class=\"file-list\"><\/ul><\/div>\n\n\n\n<p><\/p>\n\n\n\n<p><\/p>\n\n\n\n<p><\/p>\n\n\n\n<figure class=\"wp-block-table alignleft\"><table><tbody><tr><td>Nr. crt.<\/td><td>Nume \u015fi prenume<\/td><td>Institu\u0163ia reprezentat\u0103<\/td><\/tr><tr><td>1.<\/td><td>NICOLAE ANDA MIREI<\/td><td>CONSILIUL JUDE\u0162EAN DOLJ<\/td><\/tr><tr><td>2.<\/td><td>ION DANIEL ALEXANDRU<\/td><td>INSPECTORATUL \u015eCOLAR DOLJ<\/td><\/tr><tr><td>3.<\/td><td>LICU DANIELA GABRIELA<\/td><td>CASA JUDE\u0162EAN\u0102 DE PENSII DOLJ<\/td><\/tr><tr><td>4.<\/td><td>MOHORA CATALIN TIBERIUS<\/td><td>INSPECTORATUL TERITORIAL DE MUNC\u0102 DOLJ<\/td><\/tr><tr><td>5.<\/td><td>PETRISOR MARIO PAVEL<\/td><td>INSTITUTIA PREFECTULUI \u2013 JUDETUL DOLJ<\/td><\/tr><tr><td>6.<\/td><td>FLORIN LAURENTIU SUTIMAN<\/td><td>B.N.S &nbsp;<\/td><\/tr><tr><td>7.<\/td><td>MANEA MARIA<\/td><td>B.N.S<\/td><\/tr><tr><td>8.<\/td><td>DOP PAUL<\/td><td>C.S.D.R<\/td><\/tr><tr><td>9.<\/td><td>RASCACEA ALEXANDRU<\/td><td>C.N.S.L.R FRATIA<\/td><\/tr><tr><td>10.<\/td><td>BANICI ADI<\/td><td>CARTEL ALFA<\/td><\/tr><tr><td>11.<\/td><td>CRISTEA VALENTIN<\/td><td>C.N.I.P.M.M.R.<\/td><\/tr><tr><td>12.<\/td><td>OANE BOGDAN DAVID<\/td><td>C.N.I.P.M.M.R.<\/td><\/tr><tr><td>13.<\/td><td>CRISTEA RADU<\/td><td>C.N.I.P.M.M.R.<\/td><\/tr><tr><td>14.<\/td><td>ELENA MIRCESCU<\/td><td>CONCORDIA<\/td><\/tr><tr><td>15.<\/td><td>F\u0102R\u0102 NOMINALIZARE<\/td><td>CONCORDIA<\/td><\/tr><\/tbody><\/table><\/figure>\n\n\n\n<h2 class=\"wp-block-heading\">Consiliu consultativ<\/h2>\n\n\n\n<h2 class=\"wp-block-heading\">Agenda de lucru<\/h2>\n\n\n\n<p>Agenda de Lucru Director Executiv -Sedinta Consililul Consultativ-21.05.2025, ora 14.30<\/p>\n\n\n\t\t\t\t<ul class=\"recentcontent\">\n\t\t\t\t\t\t\t\t\t<li>\n\t\t\t\t\t\t<a href=\"https:\/\/www.anofm.ro\/dolj\/agenda-de-lucru-director-executiv-ajofm-dolj-24-09-2025\/\">\n\t\t\t\t\t\t\t\t\t\t\t\t\t\t\t<img decoding=\"async\" src=\"https:\/\/www.anofm.ro\/dolj\/wp-content\/plugins\/anofm-custom-post-types\/assets\/images\/placeholder-thumb.png\" alt=\"\">\n\t\t\t\t\t\t\t\t\t\t\t\t\t\t\t\t<p class=\"h4\">AGENDA DE LUCRU DIRECTOR EXECUTIV AJOFM DOLJ \u2013 24.09.2025<\/p>\n\t\t\t\t\t\t\t\t\t\t\t\t\t\t\t<span>23\/09\/2025<\/span>\n\t\t\t\t\t\t<\/a>\n\t\t\t\t\t<\/li>\n\t\t\t\t\t\t\t\t\t\t<li>\n\t\t\t\t\t\t<a href=\"https:\/\/www.anofm.ro\/dolj\/ziua-anofm-26-de-ani-de-performanta-in-ocupare\/\">\n\t\t\t\t\t\t\t<img loading=\"lazy\" decoding=\"async\" width=\"150\" height=\"150\" src=\"https:\/\/www.anofm.ro\/dolj\/wp-content\/uploads\/sites\/19\/2024\/12\/Cotosman-3-150x150.jpg\" class=\"attachment-thumbnail size-thumbnail wp-post-image\" alt=\"\" \/>\t\t\t\t\t\t\t\t<p class=\"h4\">Ziua ANOFM &#8211; 26 de ani de performan\u021b\u0103 \u00een ocupare<\/p>\n\t\t\t\t\t\t\t\t\t\t\t\t\t\t\t<span>10\/12\/2024<\/span>\n\t\t\t\t\t\t<\/a>\n\t\t\t\t\t<\/li>\n\t\t\t\t\t\t\t\t\t\t<li>\n\t\t\t\t\t\t<a href=\"https:\/\/www.anofm.ro\/dolj\/agenda-de-lucru-director-executiv-24-10-2023\/\">\n\t\t\t\t\t\t\t\t\t\t\t\t\t\t\t<img decoding=\"async\" src=\"https:\/\/www.anofm.ro\/dolj\/wp-content\/plugins\/anofm-custom-post-types\/assets\/images\/placeholder-thumb.png\" alt=\"\">\n\t\t\t\t\t\t\t\t\t\t\t\t\t\t\t\t<p class=\"h4\">AGENDA DE LUCRU DIRECTOR EXECUTIV 24.10.2023<\/p>\n\t\t\t\t\t\t\t\t\t\t\t\t\t\t\t<span>24\/10\/2023<\/span>\n\t\t\t\t\t\t<\/a>\n\t\t\t\t\t<\/li>\n\t\t\t\t\t\t\t\t\t\t<li>\n\t\t\t\t\t\t<a href=\"https:\/\/www.anofm.ro\/dolj\/agenda-de-lucru-director-executiv-ajofm-dolj-saptamana-17-07-2023-21-07-2023\/\">\n\t\t\t\t\t\t\t\t\t\t\t\t\t\t\t<img decoding=\"async\" src=\"https:\/\/www.anofm.ro\/dolj\/wp-content\/plugins\/anofm-custom-post-types\/assets\/images\/placeholder-thumb.png\" alt=\"\">\n\t\t\t\t\t\t\t\t\t\t\t\t\t\t\t\t<p class=\"h4\">AGENDA DE LUCRU DIRECTOR EXECUTIV AJOFM DOLJ &#8211; SAPTAMANA 17.07.2023-21.07.2023<\/p>\n\t\t\t\t\t\t\t\t\t\t\t\t\t\t\t<span>17\/07\/2023<\/span>\n\t\t\t\t\t\t<\/a>\n\t\t\t\t\t<\/li>\n\t\t\t\t\t\t\t\t\t\t<li>\n\t\t\t\t\t\t<a href=\"https:\/\/www.anofm.ro\/dolj\/agenda-de-lucru-director-executiv-ajofm-dolj-saptamana-26-06-2023-30-06-2023\/\">\n\t\t\t\t\t\t\t\t\t\t\t\t\t\t\t<img decoding=\"async\" src=\"https:\/\/www.anofm.ro\/dolj\/wp-content\/plugins\/anofm-custom-post-types\/assets\/images\/placeholder-thumb.png\" alt=\"\">\n\t\t\t\t\t\t\t\t\t\t\t\t\t\t\t\t<p class=\"h4\">AGENDA DE LUCRU DIRECTOR EXECUTIV  AJOFM DOLJ &#8211; SAPTAMANA 26.06.2023-30.06.2023<\/p>\n\t\t\t\t\t\t\t\t\t\t\t\t\t\t\t<span>27\/06\/2023<\/span>\n\t\t\t\t\t\t<\/a>\n\t\t\t\t\t<\/li>\n\t\t\t\t\t\t\t\t\t\t<li>\n\t\t\t\t\t\t<a href=\"https:\/\/www.anofm.ro\/dolj\/colegiul-prefectural\/\">\n\t\t\t\t\t\t\t\t\t\t\t\t\t\t\t<img decoding=\"async\" src=\"https:\/\/www.anofm.ro\/dolj\/wp-content\/plugins\/anofm-custom-post-types\/assets\/images\/placeholder-thumb.png\" alt=\"\">\n\t\t\t\t\t\t\t\t\t\t\t\t\t\t\t\t<p class=\"h4\">COLEGIUL PREFECTURAL<\/p>\n\t\t\t\t\t\t\t\t\t\t\t\t\t\t\t<span>26\/04\/2023<\/span>\n\t\t\t\t\t\t<\/a>\n\t\t\t\t\t<\/li>\n\t\t\t\t\t\t\t\t\t\t<li>\n\t\t\t\t\t\t<a href=\"https:\/\/www.anofm.ro\/dolj\/agenda-de-lucru\/\">\n\t\t\t\t\t\t\t\t\t\t\t\t\t\t\t<img decoding=\"async\" src=\"https:\/\/www.anofm.ro\/dolj\/wp-content\/plugins\/anofm-custom-post-types\/assets\/images\/placeholder-thumb.png\" alt=\"\">\n\t\t\t\t\t\t\t\t\t\t\t\t\t\t\t\t<p class=\"h4\">Agenda de lucru<\/p>\n\t\t\t\t\t\t\t\t\t\t\t\t\t\t\t<span>28\/02\/2023<\/span>\n\t\t\t\t\t\t<\/a>\n\t\t\t\t\t<\/li>\n\t\t\t\t\t\t\t\t\t\t<li>\n\t\t\t\t\t\t<a href=\"https:\/\/www.anofm.ro\/dolj\/agenda-conducerii-ajofm-dolj-2\/\">\n\t\t\t\t\t\t\t\t\t\t\t\t\t\t\t<img decoding=\"async\" src=\"https:\/\/www.anofm.ro\/dolj\/wp-content\/plugins\/anofm-custom-post-types\/assets\/images\/placeholder-thumb.png\" alt=\"\">\n\t\t\t\t\t\t\t\t\t\t\t\t\t\t\t\t<p class=\"h4\">Agenda conducerii AJOFM DOLJ<\/p>\n\t\t\t\t\t\t\t\t\t\t\t\t\t\t\t<span>22\/07\/2022<\/span>\n\t\t\t\t\t\t<\/a>\n\t\t\t\t\t<\/li>\n\t\t\t\t\t\t\t\t\t\t<li>\n\t\t\t\t\t\t<a href=\"https:\/\/www.anofm.ro\/dolj\/agenda-conducerii-ajofm-dolj\/\">\n\t\t\t\t\t\t\t\t\t\t\t\t\t\t\t<img decoding=\"async\" src=\"https:\/\/www.anofm.ro\/dolj\/wp-content\/plugins\/anofm-custom-post-types\/assets\/images\/placeholder-thumb.png\" alt=\"\">\n\t\t\t\t\t\t\t\t\t\t\t\t\t\t\t\t<p class=\"h4\">Agenda conducerii AJOFM Dolj<\/p>\n\t\t\t\t\t\t\t\t\t\t\t\t\t\t\t<span>30\/06\/2022<\/span>\n\t\t\t\t\t\t<\/a>\n\t\t\t\t\t<\/li>\n\t\t\t\t\t\t\t\t\t<\/ul>\n\t\t\t\t","protected":false},"excerpt":{"rendered":"<p>NICA IONUT CATALIN &#8211; DIRECTOR EXECUTIV Nr. crt. Nume \u015fi prenume Institu\u0163ia reprezentat\u0103 1. NICOLAE ANDA MIREI CONSILIUL JUDE\u0162EAN DOLJ 2. ION DANIEL ALEXANDRU INSPECTORATUL \u015eCOLAR DOLJ 3. LICU DANIELA<\/p>\n","protected":false},"author":1,"featured_media":0,"parent":0,"menu_order":60,"comment_status":"closed","ping_status":"closed","template":"template-parts\/content-with-sidebar.php","meta":{"footnotes":""},"class_list":["post-2163","page","type-page","status-publish","hentry"],"_links":{"self":[{"href":"https:\/\/www.anofm.ro\/dolj\/wp-json\/wp\/v2\/pages\/2163","targetHints":{"allow":["GET"]}}],"collection":[{"href":"https:\/\/www.anofm.ro\/dolj\/wp-json\/wp\/v2\/pages"}],"about":[{"href":"https:\/\/www.anofm.ro\/dolj\/wp-json\/wp\/v2\/types\/page"}],"author":[{"embeddable":true,"href":"https:\/\/www.anofm.ro\/dolj\/wp-json\/wp\/v2\/users\/1"}],"replies":[{"embeddable":true,"href":"https:\/\/www.anofm.ro\/dolj\/wp-json\/wp\/v2\/comments?post=2163"}],"version-history":[{"count":19,"href":"https:\/\/www.anofm.ro\/dolj\/wp-json\/wp\/v2\/pages\/2163\/revisions"}],"predecessor-version":[{"id":7160,"href":"https:\/\/www.anofm.ro\/dolj\/wp-json\/wp\/v2\/pages\/2163\/revisions\/7160"}],"wp:attachment":[{"href":"https:\/\/www.anofm.ro\/dolj\/wp-json\/wp\/v2\/media?parent=2163"}],"curies":[{"name":"wp","href":"https:\/\/api.w.org\/{rel}","templated":true}]}}