{"id":2207,"date":"2023-12-14T22:54:02","date_gmt":"2023-12-14T20:54:02","guid":{"rendered":"https:\/\/www.anofm.ro\/lista-documentelor-de-interes-public\/"},"modified":"2025-03-20T15:00:25","modified_gmt":"2025-03-20T13:00:25","slug":"lista-documentelor-de-interes-public","status":"publish","type":"page","link":"https:\/\/www.anofm.ro\/crfpa-teleorman\/lista-documentelor-de-interes-public\/","title":{"rendered":"Lista documentelor de interes public"},"content":{"rendered":"\n<ul class=\"wp-block-list\">\n<li>Actele normative care reglementeaz\u0103 organizarea \u015fi func\u0163ionarea CRFPA Teleorman;<\/li>\n\n\n\n<li>Structura organizatoric\u0103, atribu\u0163iile departamentelor \u015fi a structurilor centrale din CRFPA Teleorman;<\/li>\n\n\n\n<li>Programul de func\u0163ionare \u015fi programul de audien\u0163e al CRFPA Teleorman;<\/li>\n\n\n\n<li>Coordonatele de contact ale institu\u0163iei (denumire, adresa po\u015ftal\u0103, nr. de telefon, de fax, adresa de e-mail \u015fi adresa paginii de Internet);<\/li>\n\n\n\n<li>Numele \u015fi prenumele persoanelor din conducerea CRFPA Teleorman, precum \u015fi numele persoanei\/compartimentului responsabil cu difuzarea informa\u0163iilor de interes public.<\/li>\n\n\n\n<li>Sursele financiare, bugetul, bilan\u0163ul contabil;<\/li>\n\n\n\n<li>Programele \u015fi strategiile proprii ale CRFPA Teleorman;<\/li>\n\n\n\n<li>Rapoarte anuale de evaluare a aplic\u0103rii Legii nr. 544\/2001 \u015fi Legii nr. 52\/2003<\/li>\n\n\n\n<li>Comunicate de pres\u0103, informa\u0163ii de pres\u0103, drepturi la replic\u0103;<\/li>\n\n\n\n<li>Declara\u0163ii de avere \u015fi de interese;<\/li>\n\n\n\n<li>Informa\u0163ii privind organizarea concursurilor de selec\u0163ie a candida\u0163ilor \u00een vederea angaj\u0103rii \u015fi condi\u0163iile necesare pentru ocuparea posturilor..<\/li>\n<\/ul>\n\n\n\n<p class=\"has-text-align-center\">Compartiment Resurse Umane-Juridic, <\/p>\n\n\n\n<p class=\"has-text-align-center\">Consilier IA, Dragomir Alina Elena<\/p>\n\n\n<style>.wp-block-kadence-spacer.kt-block-spacer-2207_447a73-8d .kt-block-spacer{height:51px;}.wp-block-kadence-spacer.kt-block-spacer-2207_447a73-8d .kt-divider{border-top-width:1px;height:1px;border-top-color:#0693e3;width:80%;border-top-style:solid;}<\/style>\n<div class=\"wp-block-kadence-spacer aligncenter kt-block-spacer-2207_447a73-8d\"><div class=\"kt-block-spacer kt-block-spacer-halign-center\"><hr class=\"kt-divider\" \/><\/div><\/div>\n\n\n\n<div class=\"file-list-wrap\"><p class=\"h4\">Documente desc\u0103rcabile<\/p><ul class=\"file-list\">\n<li><a href=\"https:\/\/www.anofm.ro\/crfpa-teleorman\/wp-content\/uploads\/sites\/51\/2025\/03\/Lista-cu-documentele-de-interes-public.pdf\" download>Lista documente de interes public<\/a><\/li>\n<\/ul><\/div>\n","protected":false},"excerpt":{"rendered":"<p>Compartiment Resurse Umane-Juridic, Consilier IA, Dragomir Alina Elena<\/p>\n","protected":false},"author":1,"featured_media":0,"parent":0,"menu_order":280,"comment_status":"closed","ping_status":"closed","template":"template-parts\/content-with-sidebar.php","meta":{"footnotes":""},"class_list":["post-2207","page","type-page","status-publish","hentry"],"_links":{"self":[{"href":"https:\/\/www.anofm.ro\/crfpa-teleorman\/wp-json\/wp\/v2\/pages\/2207","targetHints":{"allow":["GET"]}}],"collection":[{"href":"https:\/\/www.anofm.ro\/crfpa-teleorman\/wp-json\/wp\/v2\/pages"}],"about":[{"href":"https:\/\/www.anofm.ro\/crfpa-teleorman\/wp-json\/wp\/v2\/types\/page"}],"author":[{"embeddable":true,"href":"https:\/\/www.anofm.ro\/crfpa-teleorman\/wp-json\/wp\/v2\/users\/1"}],"replies":[{"embeddable":true,"href":"https:\/\/www.anofm.ro\/crfpa-teleorman\/wp-json\/wp\/v2\/comments?post=2207"}],"version-history":[{"count":4,"href":"https:\/\/www.anofm.ro\/crfpa-teleorman\/wp-json\/wp\/v2\/pages\/2207\/revisions"}],"predecessor-version":[{"id":3771,"href":"https:\/\/www.anofm.ro\/crfpa-teleorman\/wp-json\/wp\/v2\/pages\/2207\/revisions\/3771"}],"wp:attachment":[{"href":"https:\/\/www.anofm.ro\/crfpa-teleorman\/wp-json\/wp\/v2\/media?parent=2207"}],"curies":[{"name":"wp","href":"https:\/\/api.w.org\/{rel}","templated":true}]}}