{"id":3175,"date":"2024-02-02T11:25:24","date_gmt":"2024-02-02T09:25:24","guid":{"rendered":"https:\/\/www.anofm.ro\/crfpa-dolj\/prognoza-cursuri-formare-profesionala\/"},"modified":"2025-10-07T15:21:49","modified_gmt":"2025-10-07T12:21:49","slug":"prognoza-cursuri-formare-profesionala","status":"publish","type":"page","link":"https:\/\/www.anofm.ro\/crfpa-dolj\/prognoza-cursuri-formare-profesionala\/","title":{"rendered":"Prognoz\u0103 cursuri formare profesional\u0103"},"content":{"rendered":"\n<blockquote class=\"wp-block-quote is-layout-flow wp-block-quote-is-layout-flow\">\n<p><strong>Prognoza cursurilor pentru luna octombrie 2025<\/strong><\/p>\n\n\n\n<ul class=\"wp-block-list\">\n<li>AJUTOR BUCATAR &#8211; CRAIOVA<\/li>\n\n\n\n<li>COMPETEN\u021a\u0102 DIGITAL\u0102, INCLUSIV DE SIGURAN\u021a\u0102 PE INTERNET \u0218I SECURITATE CIBERNETIC\u0102 &#8211; DIO\u0218TI<\/li>\n\n\n\n<li>COMPETENTE DE BAZ\u0102 \u00ceN MATEMATIC\u0102, \u0218TIIN\u021aE \u0218I TEHNOLOGIE &#8211; AM\u0102R\u0102\u0218TII DE JOS<\/li>\n\n\n\n<li>ELECTRICIAN DE \u00ceNTRE\u021aINERE \u0218I REPARA\u021aII &#8211; CRAIOVA<\/li>\n\n\n\n<li>FORMATOR &#8211; CRAIOVA<\/li>\n\n\n\n<li>FRIZER &#8211; CRAIOVA<\/li>\n<\/ul>\n\n\n\n<p><strong>Prognoza cursurilor pentru luna noiembrie 2025<\/strong><\/p>\n\n\n\n<ul class=\"wp-block-list\">\n<li>COMUNICARE \u00ceN LIMBA ROM\u00c2N\u0102 \u0218I \u00ceN LIMBA MATERN\u0102, \u00ceN CAZUL MINORIT\u0102\u021aILOR NA\u021aIONALE &#8211; MU\u0218\u0102TE\u0218TI<\/li>\n\n\n\n<li>COMUNICARE \u00ceN LIMBA ROM\u00c2N\u0102 \u0218I \u00ceN LIMBA MATERN\u0102, \u00ceN CAZUL MINORIT\u0102\u021aILOR NA\u021aIONALE &#8211; PIETRO\u0218ANI<\/li>\n<\/ul>\n<\/blockquote>\n\n\n\n<div class=\"file-list-wrap\"><p class=\"h4\">Documente desc\u0103rcabile<\/p><ul class=\"file-list\">\n<li><a href=\"\/upload2\/CRFPA-Dolj\/25620\/prognoza_cursuri_formare_profesionala_04.2023.pdf\" download>Prognoza Cursuri Formare Profesionala 04.2023<\/a><\/li>\n<\/ul><\/div>\n","protected":false},"excerpt":{"rendered":"","protected":false},"author":1,"featured_media":0,"parent":0,"menu_order":1090,"comment_status":"closed","ping_status":"closed","template":"template-parts\/content-with-sidebar.php","meta":{"footnotes":""},"class_list":["post-3175","page","type-page","status-publish","hentry"],"_links":{"self":[{"href":"https:\/\/www.anofm.ro\/crfpa-dolj\/wp-json\/wp\/v2\/pages\/3175","targetHints":{"allow":["GET"]}}],"collection":[{"href":"https:\/\/www.anofm.ro\/crfpa-dolj\/wp-json\/wp\/v2\/pages"}],"about":[{"href":"https:\/\/www.anofm.ro\/crfpa-dolj\/wp-json\/wp\/v2\/types\/page"}],"author":[{"embeddable":true,"href":"https:\/\/www.anofm.ro\/crfpa-dolj\/wp-json\/wp\/v2\/users\/1"}],"replies":[{"embeddable":true,"href":"https:\/\/www.anofm.ro\/crfpa-dolj\/wp-json\/wp\/v2\/comments?post=3175"}],"version-history":[{"count":4,"href":"https:\/\/www.anofm.ro\/crfpa-dolj\/wp-json\/wp\/v2\/pages\/3175\/revisions"}],"predecessor-version":[{"id":4484,"href":"https:\/\/www.anofm.ro\/crfpa-dolj\/wp-json\/wp\/v2\/pages\/3175\/revisions\/4484"}],"wp:attachment":[{"href":"https:\/\/www.anofm.ro\/crfpa-dolj\/wp-json\/wp\/v2\/media?parent=3175"}],"curies":[{"name":"wp","href":"https:\/\/api.w.org\/{rel}","templated":true}]}}