{"id":3174,"date":"2024-02-02T11:25:11","date_gmt":"2024-02-02T09:25:11","guid":{"rendered":"https:\/\/www.anofm.ro\/crfpa-dolj\/programe-de-formare-profesionala-autorizate\/"},"modified":"2026-04-24T13:25:01","modified_gmt":"2026-04-24T10:25:01","slug":"programe-de-formare-profesionala-autorizate","status":"publish","type":"page","link":"https:\/\/www.anofm.ro\/crfpa-dolj\/programe-de-formare-profesionala-autorizate\/","title":{"rendered":"Programe de formare profesional\u0103 autorizate"},"content":{"rendered":"\n<p>\u00cen prezent, C.R.F.P.A. Dolj este autorizat \u2013 potrivit legii \u2013 s\u0103 organizeze, la nivel regional, urm\u0103toarele programe de formare profesional\u0103 \u00een ocupa\u0163iile:<\/p>\n\n\n\n<p><strong>Cursuri calificare nivel 2, cu durata 360 ore:<\/strong><\/p>\n\n\n\n<ul class=\"wp-block-list\">\n<li>AGENT DE SECURITATE<\/li>\n\n\n\n<li>ASISTENT PERSONAL PROFESIONIST<\/li>\n\n\n\n<li>BRUTAR<\/li>\n\n\n\n<li>FRIZER<\/li>\n\n\n\n<li>FLORAR-DECORATOR<\/li>\n\n\n\n<li>INGRIJITOARE BATRINI LA DOMICILIU<\/li>\n\n\n\n<li>INGRIJITOARE COPII<\/li>\n\n\n\n<li>LUCRATOR COMERCIAL<\/li>\n\n\n\n<li>MANICHIURIST<\/li>\n<\/ul>\n\n\n\n<hr class=\"wp-block-separator has-alpha-channel-opacity\" \/>\n\n\n\n<p><strong>Cursuri de calificare nivel 3, cu durata de 720 ore:<\/strong><\/p>\n\n\n\n<ul class=\"wp-block-list\">\n<li>ADMINISTRATOR DE CONDOMINII<\/li>\n\n\n\n<li>ADMINISTRATOR PENSIUNE TURISTICA<\/li>\n\n\n\n<li>AGRICULTOR IN CULTURI VEGETALE SI CRESCATOR DE ANIMALE<\/li>\n\n\n\n<li>BUCATAR<\/li>\n\n\n\n<li>COAFOR<\/li>\n\n\n\n<li>CROITOR-CONFEC\u021aIONER \u00ceMBR\u0102C\u0102MINTE DUP\u0102 COMAND\u0102<\/li>\n\n\n\n<li>ELECTRICIAN IN CONSTRUCTII<\/li>\n\n\n\n<li>INFIRMIERA<\/li>\n\n\n\n<li>INSTALATOR INSTALATII DE VENTILARE SI CONDITIONARE<\/li>\n\n\n\n<li>INSTALATOR INSTALATII TEHNICO-SANITARE SI DE GAZE<\/li>\n\n\n\n<li>IZOLATOR TERMIC<\/li>\n\n\n\n<li>L\u0102C\u0102TU\u0218 MECANIC DE \u00ceNTRE\u021aINERE \u0218I REPARA\u021aII UNIVERSALE<\/li>\n\n\n\n<li>MACHIOR<\/li>\n\n\n\n<li>OPERATOR INTRODUCERE, VALIDARE SI PRELUCRARE DATE<\/li>\n\n\n\n<li>OPERATOR DE MASINI UNELTE CU COMANDA NUMERICA<\/li>\n\n\n\n<li>STILIST EXTENSII GENE<\/li>\n\n\n\n<li>SUDOR<\/li>\n\n\n\n<li>ZUGRAV<\/li>\n<\/ul>\n\n\n\n<hr class=\"wp-block-separator has-alpha-channel-opacity\" \/>\n\n\n\n<p><strong>Cursuri de calificare nivel 4, cu durata de 1080 ore:<\/strong><\/p>\n\n\n\n<ul class=\"wp-block-list\">\n<li>REFERENT RESURSE UMANE<\/li>\n<\/ul>\n\n\n\n<hr class=\"wp-block-separator has-alpha-channel-opacity\" \/>\n\n\n\n<p><strong>Cursuri de initiere, cu durata de 310 ore:<\/strong><\/p>\n\n\n\n<ul class=\"wp-block-list\">\n<li>REFERENT RESURSE UMANE<\/li>\n<\/ul>\n\n\n\n<hr class=\"wp-block-separator has-alpha-channel-opacity\" \/>\n\n\n\n<p><strong>Cursuri de initiere, cu durata de 300 ore:<\/strong><\/p>\n\n\n\n<ul class=\"wp-block-list\">\n<li>SUDOR<\/li>\n<\/ul>\n\n\n\n<hr class=\"wp-block-separator has-alpha-channel-opacity\" \/>\n\n\n\n<p><strong>Cursuri de initiere, cu durata de 324 ore:<\/strong><\/p>\n\n\n\n<ul class=\"wp-block-list\">\n<li>L\u0102C\u0102TU\u0218 MECANIC DE \u00ceNTRE\u021aINERE \u0218I REPARA\u021aII UNIVERSALE<\/li>\n<\/ul>\n\n\n\n<hr class=\"wp-block-separator has-alpha-channel-opacity\" \/>\n\n\n\n<p><strong>Cursuri de ini\u021biere, cu durata de 238 ore:<\/strong><\/p>\n\n\n\n<ul class=\"wp-block-list\">\n<li>ADMINISTRATOR DE CONDOMINII<\/li>\n<\/ul>\n\n\n\n<p><strong>Cursuri de initiere, cu durata de 240 ore:<\/strong><\/p>\n\n\n\n<ul class=\"wp-block-list\">\n<li>INFIRMIER\u0102<\/li>\n<\/ul>\n\n\n\n<hr class=\"wp-block-separator has-alpha-channel-opacity\" \/>\n\n\n\n<p><strong>Cursuri de initiere, cu durata de 225 ore:<\/strong><\/p>\n\n\n\n<ul class=\"wp-block-list\">\n<li>OPERATOR INTRODUCERE, VALIDARE \u0218I PRELUCRARE DATE<\/li>\n<\/ul>\n\n\n\n<hr class=\"wp-block-separator has-alpha-channel-opacity\" \/>\n\n\n\n<p><strong>Cursuri de initiere, cu durata de 90 ore:<\/strong><\/p>\n\n\n\n<ul class=\"wp-block-list\">\n<li>COMPETEN\u021a\u0102 DIGITAL\u0102, INCLUSIV DE SIGURAN\u021a\u0102 PE INTERNET \u0218I SECURITATE CIBERNTIC\u0102<\/li>\n<\/ul>\n\n\n\n<hr class=\"wp-block-separator has-alpha-channel-opacity\" \/>\n\n\n\n<p><strong>Cursuri de specializare, cu durata de 360 ore:<\/strong><\/p>\n\n\n\n<ul class=\"wp-block-list\">\n<li>MONTATOR INSTALA\u021aII SOLARE<\/li>\n<\/ul>\n\n\n\n<hr class=\"wp-block-separator has-alpha-channel-opacity\" \/>\n\n\n\n\n\n<p><strong>Cursuri de specializare, cu durata de 342 ore:<\/strong><\/p>\n\n\n\n<ul class=\"wp-block-list\">\n<li>ELECTRICIAN \u00ceN \u00ceNTRE\u021aINERE \u0218I REPARA\u021aII<\/li>\n<\/ul>\n\n\n\n<hr class=\"wp-block-separator has-alpha-channel-opacity\" \/>\n\n\n\n<p><strong>Cursuri de specializare, cu durata de 240 ore:<\/strong><\/p>\n\n\n\n<ul class=\"wp-block-list\">\n<li>MANAGER PROIECT<\/li>\n\n\n\n<li>VANZATOR<\/li>\n<\/ul>\n\n\n\n<hr class=\"wp-block-separator has-alpha-channel-opacity\" \/>\n\n\n\n<p><strong>Cursuri de specializare, cu durata de 180 ore:<\/strong><\/p>\n\n\n\n<ul class=\"wp-block-list\">\n<li>AUDITOR INTERN<\/li>\n\n\n\n<li>FORMATOR<\/li>\n\n\n\n<li>FOTOGRAF<\/li>\n\n\n\n<li>INSPECTOR IN DOMENIUL SECURITATII SI SANATATII IN MUNCA<\/li>\n\n\n\n<li>MANAGER RESURSE UMANE<\/li>\n\n\n\n<li>PIZZAR<\/li>\n\n\n\n<li>RESPONSABIL CU PROTECTIA DATELOR CU CARACTER PERSONAL<\/li>\n\n\n\n<li>SPECIALIST IN MANAGEMENTUL DESEURILOR<\/li>\n<\/ul>\n\n\n\n<hr class=\"wp-block-separator has-alpha-channel-opacity\" \/>\n\n\n\n<p><strong>Cursuri de perfec\u021bionare, cu durata de 100 ore:<\/strong><\/p>\n\n\n\n<ul class=\"wp-block-list\">\n<li>EXPERT ACHIZITII PUBLICE<\/li>\n<\/ul>\n\n\n\n<hr class=\"wp-block-separator has-alpha-channel-opacity\" \/>\n\n\n\n<p><strong>Cursuri calificare nivel 1, cu durata 180 ore:<\/strong><\/p>\n\n\n\n<ul class=\"wp-block-list\">\n<li>AJUTOR BUCATAR<\/li>\n\n\n\n<li>FEMEIE DE SERVICIU<\/li>\n\n\n\n<li>INGRIJITOR SPATII VERZI<\/li>\n\n\n\n<li>MENAJERA<\/li>\n<\/ul>\n\n\n\n<hr class=\"wp-block-separator has-alpha-channel-opacity\" \/>\n\n\n\n<p><strong>Competente cheie:<\/strong><\/p>\n\n\n\n<ul class=\"wp-block-list\">\n<li>COMPETENTE DE COMUNICARE IN LIMBA GERMANA &#8211; 189 ore<\/li>\n<\/ul>\n\n\n\n<div class=\"file-list-wrap\"><p class=\"h4\">Documente desc\u0103rcabile<\/p><ul class=\"file-list\">\n<li><a href=\"https:\/\/www.anofm.ro\/crfpa-dolj\/wp-content\/uploads\/sites\/48\/2026\/04\/Cursuri-CRFPA-23.04.2026.pdf\" download>Cursuri-CRFPA-23.04.2026.pdf<\/a><\/li>\n\n\n\n<li><a href=\"https:\/\/www.anofm.ro\/crfpa-dolj\/wp-content\/uploads\/sites\/48\/2026\/02\/Cursuri-CRFPA-20.08.2025.pdf\" download>Cursuri-CRFPA-20.08.2025.pdf<\/a><\/li>\n\n\n\n<li><a href=\"https:\/\/www.anofm.ro\/crfpa-dolj\/wp-content\/uploads\/sites\/48\/2025\/07\/Lista-cursuri-autorizate-CRFPA-DJ-16.06.2025.pdf\" download>Lista-cursuri-autorizate-CRFPA-DJ-16.06.2025.pdf<\/a><\/li>\n\n\n\n<li><a href=\"https:\/\/www.anofm.ro\/crfpa-dolj\/wp-content\/uploads\/sites\/48\/2025\/02\/Cursuri-CRFPA-15.01.2025.pdf\" download>Cursuri-CRFPA-15.01.2025.pdf<\/a><\/li>\n\n\n\n<li><a href=\"https:\/\/www.anofm.ro\/crfpa-dolj\/wp-content\/uploads\/sites\/48\/2024\/10\/Cursuri-CRFPA-02.10.2024.pdf\" download>Cursuri-CRFPA-02.10.2024.pdf<\/a><\/li>\n\n\n\n<li><a href=\"\/upload2\/CRFPA-Dolj\/28130\/Lista_programe_autorizate_11.2023_-_CRFPA_DJ.pdf\" download>Lista Programe Autorizate 11.2023 Crfpa Dj<\/a><\/li>\n\n\n\n<li><a href=\"\/upload2\/CRFPA-Dolj\/27053\/Cursuri_CRFPA_18.082023.pdf\" download>Cursuri Crfpa 18.082023<\/a><\/li>\n\n\n\n<li><a href=\"\/upload2\/CRFPA-Dolj\/25945\/Cursuri_CRFPA_02.05.2023.pdf\" download>Cursuri Crfpa 02.05.2023<\/a><\/li>\n\n\n\n<li><a href=\"\/upload2\/CRFPA-Dolj\/23662\/cereri_inscriere_consiliere.doc\" download>Cereri Inscriere Consiliere<\/a><\/li>\n\n\n\n<li><a href=\"\/upload2\/CRFPA-Dolj\/25619\/Stadiul_realizarii_Planului_de_Formare_Profesionala_pentru_anul_2022.pdf\" download>Stadiul Realizarii Planului De Formare Profesionala Pentru Anul 2022<\/a><\/li>\n\n\n\n<li><a href=\"\/upload2\/CRFPA-Dolj\/23662\/contract_FP_2022.doc\" download>Contract Fp 2022<\/a><\/li>\n\n\n\n<li><a href=\"\/upload2\/CRFPA-Dolj\/23662\/Acord_protectie_date_personale.docx\" download>Acord Protectie Date Personale<\/a><\/li>\n\n\n\n<li><a href=\"\/upload\/2252\/anunt_beneficiari_cursuri_gratuite_22082018.pdf\" download>Anunt Beneficiari Cursuri Gratuite 22082018<\/a><\/li>\n<\/ul><\/div>\n","protected":false},"excerpt":{"rendered":"<p>\u00cen prezent, C.R.F.P.A. Dolj este autorizat \u2013 potrivit legii \u2013 s\u0103 organizeze, la nivel regional, urm\u0103toarele programe de formare profesional\u0103 \u00een ocupa\u0163iile: Cursuri calificare nivel 2, cu durata 360 ore:<\/p>\n","protected":false},"author":1,"featured_media":0,"parent":0,"menu_order":1080,"comment_status":"closed","ping_status":"closed","template":"template-parts\/content-with-sidebar.php","meta":{"footnotes":""},"class_list":["post-3174","page","type-page","status-publish","hentry"],"_links":{"self":[{"href":"https:\/\/www.anofm.ro\/crfpa-dolj\/wp-json\/wp\/v2\/pages\/3174","targetHints":{"allow":["GET"]}}],"collection":[{"href":"https:\/\/www.anofm.ro\/crfpa-dolj\/wp-json\/wp\/v2\/pages"}],"about":[{"href":"https:\/\/www.anofm.ro\/crfpa-dolj\/wp-json\/wp\/v2\/types\/page"}],"author":[{"embeddable":true,"href":"https:\/\/www.anofm.ro\/crfpa-dolj\/wp-json\/wp\/v2\/users\/1"}],"replies":[{"embeddable":true,"href":"https:\/\/www.anofm.ro\/crfpa-dolj\/wp-json\/wp\/v2\/comments?post=3174"}],"version-history":[{"count":11,"href":"https:\/\/www.anofm.ro\/crfpa-dolj\/wp-json\/wp\/v2\/pages\/3174\/revisions"}],"predecessor-version":[{"id":4803,"href":"https:\/\/www.anofm.ro\/crfpa-dolj\/wp-json\/wp\/v2\/pages\/3174\/revisions\/4803"}],"wp:attachment":[{"href":"https:\/\/www.anofm.ro\/crfpa-dolj\/wp-json\/wp\/v2\/media?parent=3174"}],"curies":[{"name":"wp","href":"https:\/\/api.w.org\/{rel}","templated":true}]}}