{"id":2159,"date":"2023-12-14T22:54:01","date_gmt":"2023-12-14T20:54:01","guid":{"rendered":"https:\/\/www.anofm.ro\/misiune\/"},"modified":"2024-10-21T12:57:50","modified_gmt":"2024-10-21T09:57:50","slug":"misiune","status":"publish","type":"page","link":"https:\/\/www.anofm.ro\/crfpa-dolj\/misiune\/","title":{"rendered":"Misiune"},"content":{"rendered":"\n<p>Centrul Regional de Formare Profesional\u0103 a Adul\u0163ilor Dolj este institu\u0163ie public\u0103 cu personalitate juridic\u0103 \u00een subordinea Agen\u0163iei Na\u0163ionale pentru Ocuparea For\u0163ei de Munc\u0103 care func\u0163ioneaz\u0103 conform prevederilor Legii nr. 202\/2006, cu modific\u0103rile \u015fi complet\u0103rile ulterioare \u015fi HG nr. 1610\/2006, cu modific\u0103rile \u015fi complet\u0103rile ulterioare&nbsp; \u015fi are sediul \u00een municipiul Craiova, str. Brazda lui Novac nr. 31.<\/p>\n\n\n\n<p>CRFPA Dolj a luat fiin\u0163\u0103 \u00een anul 2000, \u00een urma unui proiect implementat de Ministerul Muncii, Familiei \u015fi Egalit\u0103\u0163ii de \u015eanse prin Agen\u0163ia Na\u0163ional\u0103 pentru Ocuparea For\u0163ei de Munc\u0103, cofinan\u0163at de Banca Mondial\u0103 \u015fi Guvernul Rom\u00e2niei, av\u00e2nd asisten\u0163a tehnic\u0103 asigurat\u0103 de Asocia\u0163ia Colegiilor Comunitare din Canada (ACCC).<\/p>\n\n\n\n<p>Beneficiind de o baz\u0103 material\u0103 adecvat\u0103, Centrul Regional de Formare Profesional\u0103 a Adul\u0163ilor Dolj este \u00een m\u0103sur\u0103 s\u0103 organizeze cursuri de ini\u0163iere, calificare, recalificare, perfec\u0163ionare, specializare a adul\u0163ilor, la solicitarea agen\u0163iilor teritoriale, a angajatorilor, precum \u015fi a altor entit\u0103\u0163i interesate. Centrul Regional de Formare Profesional\u0103 a Adul\u0163ilor Dolj dispune de s\u0103li pentru preg\u0103tirea teoretic\u0103 \u015fi practic\u0103 a cursan\u0163ilor \u015fi organizeaz\u0103 programe de formare profesional\u0103, finalizate prin certificate de calificare sau de absolvire cu recunoa\u015ftere na\u0163ional\u0103.<\/p>\n\n\n\n<p>Centrul Regional de Formare Profesional\u0103 a Adul\u0163ilor Dolj furnizeaz\u0103, \u00een principal, urm\u0103toarele servicii:<\/p>\n\n\n\n<p>a) formarea profesional\u0103 a persoanelor \u00een c\u0103utarea unui loc de munc\u0103, potrivit legii, precum \u015fi a altor persoane care pot participa la programe de formare profesional\u0103 \u00een condi\u0163iile prev\u0103zute de Ordonan\u0163a Guvernului nr. 129\/2000 privind formarea profesional\u0103 a adul\u0163ilor, republicat\u0103, cu modific\u0103rile \u015fi complet\u0103rile ulterioare, realizat\u0103 la solicitarea agen\u0163iilor teritoriale, a angajatorilor, precum \u015fi a altor entit\u0103\u0163i interesate \u00een domeniul form\u0103rii profesionale, \u00een vederea dob\u00e2ndirii, men\u0163inerii \u015fi ridic\u0103rii nivelului competitivit\u0103\u0163ii profesionale pe pia\u0163a muncii;<\/p>\n\n\n\n<p>b) informarea \u015fi consilierea profesional\u0103;<\/p>\n\n\n\n<p>c) evaluarea \u015fi monitorizarea formarii profesionale; d) certificarea form\u0103rii profesionale a persoanelor men\u0163ionate mai sus.<\/p>\n\n\n\n<p><\/p>\n\n\n\n<p><strong>Centrul Regional de Formare Profesional\u0103 a Adul\u0163ilor Dolj<\/strong> aplic\u0103 politicile \u0219i strategiile privind formarea profesional\u0103 a persoanelor \u00een c\u0103utarea unui loc de munc\u0103, elaborate de Ministerul Muncii \u0219i Justi\u021biei Sociale \u015fi furnizeaz\u0103, \u00een principal, urm\u0103toarele servicii:<br>&#8211; formarea profesional\u0103 a persoanelor \u00een c\u0103utarea unui loc de munc\u0103, potrivit legii, precum \u015fi a altor persoane care pot participa la programe de formare profesional\u0103 \u00een condi\u0163iile prev\u0103zute de Ordonan\u0163a Guvernului nr. 129\/2000 privind formarea profesional\u0103 a adul\u0163ilor, republicat\u0103, cu modific\u0103rile \u015fi complet\u0103rile ulterioare, realizat\u0103 la solicitarea agen\u0163iilor teritoriale, a angajatorilor, precum \u015fi a altor entit\u0103\u0163i interesate \u00een domeniul form\u0103rii profesionale, \u00een vederea dob\u00e2ndirii, men\u0163inerii \u015fi ridic\u0103rii nivelului competitivit\u0103\u0163ii profesionale pe pia\u0163a muncii;<br>&#8211; informarea \u015fi consilierea profesional\u0103;<br>&#8211; evaluarea \u015fi monitorizarea form\u0103rii profesionale;<\/p>\n\n\n\n<p>&#8211; evaluarea competen\u0163elor profesionale pe alte c\u0103i dec\u00e2t cele formale;<br>&#8211; certificarea form\u0103rii profesionale a persoanelor men\u0163ionate mai sus.<\/p>\n","protected":false},"excerpt":{"rendered":"<p>Centrul Regional de Formare Profesional\u0103 a Adul\u0163ilor Dolj este institu\u0163ie public\u0103 cu personalitate juridic\u0103 \u00een subordinea Agen\u0163iei Na\u0163ionale pentru Ocuparea For\u0163ei de Munc\u0103 care func\u0163ioneaz\u0103 conform prevederilor Legii nr. 202\/2006,<\/p>\n","protected":false},"author":1,"featured_media":0,"parent":0,"menu_order":40,"comment_status":"closed","ping_status":"closed","template":"template-parts\/content-with-sidebar.php","meta":{"footnotes":""},"class_list":["post-2159","page","type-page","status-publish","hentry"],"_links":{"self":[{"href":"https:\/\/www.anofm.ro\/crfpa-dolj\/wp-json\/wp\/v2\/pages\/2159","targetHints":{"allow":["GET"]}}],"collection":[{"href":"https:\/\/www.anofm.ro\/crfpa-dolj\/wp-json\/wp\/v2\/pages"}],"about":[{"href":"https:\/\/www.anofm.ro\/crfpa-dolj\/wp-json\/wp\/v2\/types\/page"}],"author":[{"embeddable":true,"href":"https:\/\/www.anofm.ro\/crfpa-dolj\/wp-json\/wp\/v2\/users\/1"}],"replies":[{"embeddable":true,"href":"https:\/\/www.anofm.ro\/crfpa-dolj\/wp-json\/wp\/v2\/comments?post=2159"}],"version-history":[{"count":3,"href":"https:\/\/www.anofm.ro\/crfpa-dolj\/wp-json\/wp\/v2\/pages\/2159\/revisions"}],"predecessor-version":[{"id":3653,"href":"https:\/\/www.anofm.ro\/crfpa-dolj\/wp-json\/wp\/v2\/pages\/2159\/revisions\/3653"}],"wp:attachment":[{"href":"https:\/\/www.anofm.ro\/crfpa-dolj\/wp-json\/wp\/v2\/media?parent=2159"}],"curies":[{"name":"wp","href":"https:\/\/api.w.org\/{rel}","templated":true}]}}