{"id":2159,"date":"2023-12-14T22:54:01","date_gmt":"2023-12-14T20:54:01","guid":{"rendered":"https:\/\/www.anofm.ro\/misiune\/"},"modified":"2024-01-24T22:17:04","modified_gmt":"2024-01-24T20:17:04","slug":"misiune","status":"publish","type":"page","link":"https:\/\/www.anofm.ro\/crfpa-calarasi\/misiune\/","title":{"rendered":"Misiune"},"content":{"rendered":"\n<p><strong>C<\/strong><strong>entrul Regional de Formare Profesional\u0103 a Adul\u021bilor C\u0103l\u0103ra\u0219i<\/strong> este o institu\u0163ie public\u0103 de interes regional &nbsp;aflat\u0103 \u00een subordinea Agen\u0163iei Na\u0163ionale pentru Ocuparea For\u0163ei de Munc\u0103 &nbsp;av\u00e2nd &nbsp;misiunea de a contribui la dezvoltarea capitalului uman prin furnizarea de servicii de instruire de calitate.<\/p>\n\n\n\n<p>S-a \u00eenfiin\u021bat \u00een baza Hot\u0103r\u00e2rii Consiliului de administra\u021bie al ANOFM nr.17\/2002, ca urmare a punerii \u00een practic\u0103 a unui proiect derulat \u0219i finan\u021bat de Banca Mondial\u0103.<\/p>\n\n\n\n<p>\u00cen colaborare cu alte institu\u021bii din domeniul public sau privat, contribuim la cre\u0219terea calit\u0103\u021bii vie\u021bii,cre\u0219terea capacit\u0103\u021bii de ocupare a for\u021bei de munc\u0103 \u0219i combaterea excluziunii sociale.<\/p>\n\n\n\n<p>Obiectul de activitate alm CRFPA calarasi este:<\/p>\n\n\n\n<p>\u00b7&nbsp;&nbsp;&nbsp;&nbsp;&nbsp;&nbsp;&nbsp;&nbsp; Formarea profesional\u0103 a adul\u0163ilor \u00een vederea dob\u00e2ndirii, men\u0163inerii \u015fi ridic\u0103rii nivelului competitivit\u0103\u0163ii profesionale pe pia\u0163a muncii;<\/p>\n\n\n\n<p>\u00b7&nbsp;&nbsp;&nbsp;&nbsp;&nbsp;&nbsp;&nbsp;&nbsp; Evaluarea competen\u0163elor profesionale \u00een raport cu standardele ocupa\u0163ionale \u015fi de calitate existente pe pia\u0163a muncii;<\/p>\n\n\n\n<p>\u00b7&nbsp;&nbsp;&nbsp;&nbsp;&nbsp;&nbsp;&nbsp;&nbsp; Certificarea form\u0103rii profesionale a adul\u0163ilor;<\/p>\n\n\n\n<p>\u00b7&nbsp;&nbsp;&nbsp;&nbsp;&nbsp;&nbsp;&nbsp;&nbsp; Informare \u015fi consiliere privind cariera;<\/p>\n\n\n\n<p>\u00b7&nbsp;&nbsp;&nbsp;&nbsp;&nbsp;&nbsp;&nbsp;&nbsp; Dezvoltarea \u0219i implementarea proiectelor cu finan\u021bare european\u0103;<\/p>\n\n\n\n<p>\u00b7&nbsp;&nbsp;&nbsp;&nbsp;&nbsp;&nbsp;&nbsp;&nbsp; \u00cent\u0103rirea colabor\u0103rii interinstitu\u021bionale la nivel regional \u0219i na\u021bional prin elaborarea strategiilor de formare profesional\u0103.<\/p>\n\n\n\n<p><em>Aria de desf\u0103\u015furare a activit\u0103\u0163ii CRFPA C\u0103l\u0103ra\u015fi cuprinde jude\u0163ele:<\/em><\/p>\n\n\n\n<p>\u2022&nbsp;&nbsp;&nbsp;&nbsp;&nbsp;&nbsp; Jude\u0163ul C\u0103l\u0103ra\u015fi<\/p>\n\n\n\n<p>\u2022&nbsp;&nbsp;&nbsp;&nbsp;&nbsp;&nbsp; Jude\u0163ul Ialomi\u021ba<\/p>\n\n\n\n<p>\u2022&nbsp;&nbsp;&nbsp;&nbsp;&nbsp;&nbsp; Jude\u0163ul&nbsp; Gala\u021bi<\/p>\n\n\n\n<p>\u2022&nbsp;&nbsp;&nbsp;&nbsp;&nbsp;&nbsp; Jude\u0163ul Tulcea<\/p>\n\n\n\n<p>\u2022&nbsp;&nbsp;&nbsp;&nbsp;&nbsp;&nbsp; Jude\u0163ul Br\u0103ila<\/p>\n\n\n\n<p>\u2022&nbsp;&nbsp;&nbsp;&nbsp;&nbsp;&nbsp; Jude\u021bul Vrancea<\/p>\n\n\n\n<p>\u2022&nbsp;&nbsp;&nbsp;&nbsp;&nbsp;&nbsp; Jude\u021bul Constan\u021ba<\/p>\n\n\n\n<p>\u2022&nbsp;&nbsp;&nbsp;&nbsp;&nbsp;&nbsp; Jude\u021bul Giurgiu<\/p>\n\n\n\n<p>\u2022&nbsp;&nbsp;&nbsp;&nbsp;&nbsp;&nbsp; Muncipiul Bucure\u0219ti<\/p>\n\n\n\n<p><strong><em>Beneficiarii programelor de formare profesional\u0103 sunt:<\/em><\/strong><\/p>\n\n\n\n<ul class=\"wp-block-list\">\n<li>persoanele \u00een c\u0103utarea unui loc de munc\u0103 (\u0219omeri,tineri absolven\u021bi ai unei institu\u021bii de \u00eenv\u0103\u021b\u0103m\u00e2nt care nu au<br>putut ocupa un loc de munc\u0103 dup\u0103 absolvire, persoanele din mediul rural care nu<br>realizeaz\u0103 venituri lunare sau veniturile realizate sunt mai mici dec\u00e2t<br>indicatorul social de referin\u021b\u0103 \u00een asigur\u0103rile de \u0219omaj, romi, persoane aflate<br>\u00een deten\u021bie), categorii pentru care cursurile sunt gratuite.<\/li>\n\n\n\n<li>persoane care, de\u0219i ocup\u0103 un loc de munc\u0103, doresc o calificare\/recalificare,<br>pentru care suport\u0103 contravaloarea cursului.<\/li>\n\n\n\n<li>societ\u0103\u021bi comerciale, agen\u021bi economici, companii, alte unit\u0103\u021bi aflate sub<br>autoritatea administra\u021biei publice locale sau centrale, care doresc calificarea<br>propriului personal.<\/li>\n<\/ul>\n","protected":false},"excerpt":{"rendered":"<p>Centrul Regional de Formare Profesional\u0103 a Adul\u021bilor C\u0103l\u0103ra\u0219i este o institu\u0163ie public\u0103 de interes regional &nbsp;aflat\u0103 \u00een subordinea Agen\u0163iei Na\u0163ionale pentru Ocuparea For\u0163ei de Munc\u0103 &nbsp;av\u00e2nd &nbsp;misiunea de a contribui<\/p>\n","protected":false},"author":1,"featured_media":0,"parent":0,"menu_order":40,"comment_status":"closed","ping_status":"closed","template":"template-parts\/content-with-sidebar.php","meta":{"footnotes":""},"class_list":["post-2159","page","type-page","status-publish","hentry"],"_links":{"self":[{"href":"https:\/\/www.anofm.ro\/crfpa-calarasi\/wp-json\/wp\/v2\/pages\/2159","targetHints":{"allow":["GET"]}}],"collection":[{"href":"https:\/\/www.anofm.ro\/crfpa-calarasi\/wp-json\/wp\/v2\/pages"}],"about":[{"href":"https:\/\/www.anofm.ro\/crfpa-calarasi\/wp-json\/wp\/v2\/types\/page"}],"author":[{"embeddable":true,"href":"https:\/\/www.anofm.ro\/crfpa-calarasi\/wp-json\/wp\/v2\/users\/1"}],"replies":[{"embeddable":true,"href":"https:\/\/www.anofm.ro\/crfpa-calarasi\/wp-json\/wp\/v2\/comments?post=2159"}],"version-history":[{"count":1,"href":"https:\/\/www.anofm.ro\/crfpa-calarasi\/wp-json\/wp\/v2\/pages\/2159\/revisions"}],"predecessor-version":[{"id":3147,"href":"https:\/\/www.anofm.ro\/crfpa-calarasi\/wp-json\/wp\/v2\/pages\/2159\/revisions\/3147"}],"wp:attachment":[{"href":"https:\/\/www.anofm.ro\/crfpa-calarasi\/wp-json\/wp\/v2\/media?parent=2159"}],"curies":[{"name":"wp","href":"https:\/\/api.w.org\/{rel}","templated":true}]}}