{"id":3177,"date":"2024-02-02T11:25:56","date_gmt":"2024-02-02T09:25:56","guid":{"rendered":"https:\/\/www.anofm.ro\/crfpa-brasov\/formare-profesionala-prin-ucenicie-la-locul-de-munca\/"},"modified":"2024-02-02T12:07:29","modified_gmt":"2024-02-02T10:07:29","slug":"formare-profesionala-prin-ucenicie-la-locul-de-munca","status":"publish","type":"page","link":"https:\/\/www.anofm.ro\/crfpa-brasov\/formare-profesionala-prin-ucenicie-la-locul-de-munca\/","title":{"rendered":"Formare profesional\u0103 prin ucenicie la locul de munc\u0103"},"content":{"rendered":"\n<p>Formare profesionala prin ucenicie la locul de munca:<\/p>\n\n\n\n<p>Confectioner articole din piele si inlocuitori<br>13 cursanti 05.06.2019 &#8211; 07.06.2021 Lunca Banului VS<br>14 cursanti 05.06.2019 &#8211; 07.06.2021 Husi VS<br>27 cursanti 05.06.2019 &#8211; 07.06.2021 Husi VS<br>14 cursanti 25.06.2018 &#8211; 25.06.2020 Husi VS<br>14 cursanti 20.08.2018 &#8211; 20.08.2020 Husi VS<br>14 cursanti 03.09.2018 &#8211; 03.09.2020 Husi VS<br>28 cursanti 03.09.2018 &#8211; 03.09.2020 Husi VS<br>18 cursanti 15.10.2018 &#8211; 15.10.2020 Husi VS<\/p>\n\n\n\n<p>Confectioner asamblor articole din textile14 cursanti 21.11.2017 &#8211; 21.11.2018 S\u00e2ngeorz B\u0103i BN<br>21 cursanti 28.11.2017 &#8211; 28.11.2018 S\u00e2ngeorz B\u0103i BN<\/p>\n","protected":false},"excerpt":{"rendered":"<p>Formare profesionala prin ucenicie la locul de munca: Confectioner articole din piele si inlocuitori13 cursanti 05.06.2019 &#8211; 07.06.2021 Lunca Banului VS14 cursanti 05.06.2019 &#8211; 07.06.2021 Husi VS27 cursanti 05.06.2019 &#8211;<\/p>\n","protected":false},"author":1,"featured_media":0,"parent":0,"menu_order":1110,"comment_status":"closed","ping_status":"closed","template":"template-parts\/content-with-sidebar.php","meta":{"footnotes":""},"class_list":["post-3177","page","type-page","status-publish","hentry"],"_links":{"self":[{"href":"https:\/\/www.anofm.ro\/crfpa-brasov\/wp-json\/wp\/v2\/pages\/3177","targetHints":{"allow":["GET"]}}],"collection":[{"href":"https:\/\/www.anofm.ro\/crfpa-brasov\/wp-json\/wp\/v2\/pages"}],"about":[{"href":"https:\/\/www.anofm.ro\/crfpa-brasov\/wp-json\/wp\/v2\/types\/page"}],"author":[{"embeddable":true,"href":"https:\/\/www.anofm.ro\/crfpa-brasov\/wp-json\/wp\/v2\/users\/1"}],"replies":[{"embeddable":true,"href":"https:\/\/www.anofm.ro\/crfpa-brasov\/wp-json\/wp\/v2\/comments?post=3177"}],"version-history":[{"count":1,"href":"https:\/\/www.anofm.ro\/crfpa-brasov\/wp-json\/wp\/v2\/pages\/3177\/revisions"}],"predecessor-version":[{"id":3189,"href":"https:\/\/www.anofm.ro\/crfpa-brasov\/wp-json\/wp\/v2\/pages\/3177\/revisions\/3189"}],"wp:attachment":[{"href":"https:\/\/www.anofm.ro\/crfpa-brasov\/wp-json\/wp\/v2\/media?parent=3177"}],"curies":[{"name":"wp","href":"https:\/\/api.w.org\/{rel}","templated":true}]}}