{"id":2159,"date":"2023-12-14T22:54:01","date_gmt":"2023-12-14T20:54:01","guid":{"rendered":"https:\/\/www.anofm.ro\/misiune\/"},"modified":"2024-01-24T22:26:14","modified_gmt":"2024-01-24T20:26:14","slug":"misiune","status":"publish","type":"page","link":"https:\/\/www.anofm.ro\/crfpa-brasov\/misiune\/","title":{"rendered":"Misiune"},"content":{"rendered":"\n<p><em>\u00a0\u00a0\u00a0\u00a0 Centrul Regional de Formare Profesional\u0103 a Adul\u0163ilor<\/em> Bra\u015fov este o institu\u0163ie public\u0103 de interes regional, aflat\u0103 \u00een subordinea Agen\u0163iei Na\u0163ionale pentru Ocuparea For\u0163ei de Munc\u0103, av\u00e2nd misiunea de a contribui la dezvoltarea capitalului uman prin furnizarea de servicii de formare profesional\u0103 de calitate. S-a \u00eenfiintat \u00een baza Hot\u0103r\u00e2rii Consiliului de Administra\u0163ie Nr.9\/17.02.2004, prin Ordinul 69\/17.02.2004 al Pre\u015fedintelui Agen\u0163iei Na\u0163ionale pentru Ocuparea For\u0163ei de Munc\u0103.<\/p>\n\n\n\n<p>\u00a0\u00a0 \u00a0 \u00a0 \u00cen colaborare cu alte institu\u0163ii din domeniul public sau privat, contribuim la cre\u015fterea calit\u0103\u0163ii vie\u0163ii, cre\u015fterea capacit\u0103\u0163ii de ocupare a for\u0163ei de munc\u0103 \u015fi combaterea excluziunii sociale.<\/p>\n\n\n\n<p>\u00a0\u00a0\u00a0\u00a0\u00a0 \u00cen obiectul de activitate al CRFPA sunt cuprinse urm\u0103toarele activit\u0103\u0163i:<\/p>\n\n\n\n<ul class=\"wp-block-list\">\n<li>formarea profesional\u0103 a adul\u0163ilor \u00een vederea dob\u00e2ndirii, men\u0163inerii \u015fi ridic\u0103rii nivelului competitivit\u0103\u0163ii profesionale pe pia\u0163a muncii<\/li>\n\n\n\n<li>certificarea form\u0103rii profesionale a adul\u0163ilor<\/li>\n\n\n\n<li>informarea \u015fi consilierea privind cariera<\/li>\n\n\n\n<li>dezvoltarea \u015fi implementarea proiectelor cu finan\u0163are european\u0103<\/li>\n\n\n\n<li>\u00eent\u0103rirea colabor\u0103rii interinstitu\u0163ionale la nivel regional \u015fi na\u0163ional .<strong><br><\/strong><em>Beneficiarii programelor de formare profesional\u0103 sunt :<\/em><\/li>\n\n\n\n<li>persoanele \u00een c\u0103utarea unui loc de munc\u0103 (\u015fomeri, tineri absolven\u0163i, persoane din mediul rural, romi, persoane aflate \u00een deten\u0163ie etc.), categorii pentru care cursurile sunt gratuite.<\/li>\n\n\n\n<li>persoane, care de\u015fi ocup\u0103 un loc de munc\u0103, doresc o calificare\/recalificare pentru care se pl\u0103te\u015fte contravaloarea cursului.<\/li>\n\n\n\n<li>societ\u0103\u0163i comerciale, agen\u0163i economici, companii, unit\u0103\u0163i administrative publice locale sau centrale, care doresc calificarea propriului personal.<em>Aria de desf\u0103\u015furare a activit\u0103\u0163ii CRFPA Bra\u015fov<\/em> cuprinde jude\u0163ele: Bra\u015fov, Bucure\u015fti, Buz\u0103u, Constan\u0163a, Covasna, Harghita, Ia\u015fi,\u00a0 Mure\u015f, Sibiu, Tulcea, Vaslui.<strong><br><\/strong><\/li>\n<\/ul>\n","protected":false},"excerpt":{"rendered":"<p>\u00a0\u00a0\u00a0\u00a0 Centrul Regional de Formare Profesional\u0103 a Adul\u0163ilor Bra\u015fov este o institu\u0163ie public\u0103 de interes regional, aflat\u0103 \u00een subordinea Agen\u0163iei Na\u0163ionale pentru Ocuparea For\u0163ei de Munc\u0103, av\u00e2nd misiunea de a<\/p>\n","protected":false},"author":1,"featured_media":0,"parent":0,"menu_order":40,"comment_status":"closed","ping_status":"closed","template":"template-parts\/content-with-sidebar.php","meta":{"footnotes":""},"class_list":["post-2159","page","type-page","status-publish","hentry"],"_links":{"self":[{"href":"https:\/\/www.anofm.ro\/crfpa-brasov\/wp-json\/wp\/v2\/pages\/2159","targetHints":{"allow":["GET"]}}],"collection":[{"href":"https:\/\/www.anofm.ro\/crfpa-brasov\/wp-json\/wp\/v2\/pages"}],"about":[{"href":"https:\/\/www.anofm.ro\/crfpa-brasov\/wp-json\/wp\/v2\/types\/page"}],"author":[{"embeddable":true,"href":"https:\/\/www.anofm.ro\/crfpa-brasov\/wp-json\/wp\/v2\/users\/1"}],"replies":[{"embeddable":true,"href":"https:\/\/www.anofm.ro\/crfpa-brasov\/wp-json\/wp\/v2\/comments?post=2159"}],"version-history":[{"count":1,"href":"https:\/\/www.anofm.ro\/crfpa-brasov\/wp-json\/wp\/v2\/pages\/2159\/revisions"}],"predecessor-version":[{"id":3147,"href":"https:\/\/www.anofm.ro\/crfpa-brasov\/wp-json\/wp\/v2\/pages\/2159\/revisions\/3147"}],"wp:attachment":[{"href":"https:\/\/www.anofm.ro\/crfpa-brasov\/wp-json\/wp\/v2\/media?parent=2159"}],"curies":[{"name":"wp","href":"https:\/\/api.w.org\/{rel}","templated":true}]}}