{"id":3830,"date":"2024-05-09T13:05:53","date_gmt":"2024-05-09T10:05:53","guid":{"rendered":"https:\/\/www.anofm.ro\/covasna\/stimulente-de-start-up-2\/"},"modified":"2024-05-09T13:38:27","modified_gmt":"2024-05-09T10:38:27","slug":"stimulente-de-start-up-2","status":"publish","type":"page","link":"https:\/\/www.anofm.ro\/covasna\/stimulente-de-start-up-2\/","title":{"rendered":"Stimulente de start-up"},"content":{"rendered":"\n<div class=\"wp-block-columns is-layout-flex wp-container-core-columns-is-layout-9d6595d7 wp-block-columns-is-layout-flex\">\n<div class=\"wp-block-column is-layout-flow wp-block-column-is-layout-flow\">\n<a class=\"fancybox\" href=\"\/covasna\/credite-in-conditii-avantajoase-pentru-imm-uri-in-vederea-crearii-de-noi-locuri-de-munca\/\" target=\"\" rel=\"noopener\"><div class=\"fancybox-bg\"><\/div><div class=\"fancybox-overlay\"><\/div><div class=\"fancybox-inner\"><div class=\"fancybox-heading-wrap\"><p class=\"h3\">Credite \u00een condi\u021bii avantajoase pentru IMM-uri \u00een vederea cre\u0103rii de noi locuri de munc\u0103<\/p><\/div><\/div><\/a>\n<\/div>\n\n\n\n<div class=\"wp-block-column is-layout-flow wp-block-column-is-layout-flow\"><\/div>\n\n\n\n<div class=\"wp-block-column is-layout-flow wp-block-column-is-layout-flow\"><\/div>\n<\/div>\n","protected":false},"excerpt":{"rendered":"","protected":false},"author":1,"featured_media":0,"parent":0,"menu_order":936,"comment_status":"closed","ping_status":"closed","template":"","meta":{"footnotes":""},"class_list":["post-3830","page","type-page","status-publish","hentry"],"_links":{"self":[{"href":"https:\/\/www.anofm.ro\/covasna\/wp-json\/wp\/v2\/pages\/3830","targetHints":{"allow":["GET"]}}],"collection":[{"href":"https:\/\/www.anofm.ro\/covasna\/wp-json\/wp\/v2\/pages"}],"about":[{"href":"https:\/\/www.anofm.ro\/covasna\/wp-json\/wp\/v2\/types\/page"}],"author":[{"embeddable":true,"href":"https:\/\/www.anofm.ro\/covasna\/wp-json\/wp\/v2\/users\/1"}],"replies":[{"embeddable":true,"href":"https:\/\/www.anofm.ro\/covasna\/wp-json\/wp\/v2\/comments?post=3830"}],"version-history":[{"count":3,"href":"https:\/\/www.anofm.ro\/covasna\/wp-json\/wp\/v2\/pages\/3830\/revisions"}],"predecessor-version":[{"id":3843,"href":"https:\/\/www.anofm.ro\/covasna\/wp-json\/wp\/v2\/pages\/3830\/revisions\/3843"}],"wp:attachment":[{"href":"https:\/\/www.anofm.ro\/covasna\/wp-json\/wp\/v2\/media?parent=3830"}],"curies":[{"name":"wp","href":"https:\/\/api.w.org\/{rel}","templated":true}]}}