{"id":2209,"date":"2023-12-14T22:54:02","date_gmt":"2023-12-14T20:54:02","guid":{"rendered":"https:\/\/www.anofm.ro\/lista-documentelor-produse-gestionate\/"},"modified":"2025-06-05T15:42:41","modified_gmt":"2025-06-05T12:42:41","slug":"lista-documentelor-produse-gestionate","status":"publish","type":"page","link":"https:\/\/www.anofm.ro\/covasna\/lista-documentelor-produse-gestionate\/","title":{"rendered":"Lista documentelor produse\/gestionate"},"content":{"rendered":"\n<p><strong>Lista cuprinz\u00e2nd categoriile de documente produse \u015fi\/sau gestionate potrivit legii, de Agen\u0163ia Jude\u0163ean\u0103 pentru Ocuparea For\u0163ei de Munc\u0103 Covasna<\/strong><br><br><\/p>\n\n\n\n<div data-wp-interactive=\"core\/file\" class=\"wp-block-file\"><object data-wp-bind--hidden=\"!state.hasPdfPreview\" hidden class=\"wp-block-file__embed\" data=\"https:\/\/www.anofm.ro\/covasna\/wp-content\/uploads\/sites\/16\/2025\/06\/lista-doc.pdf\" type=\"application\/pdf\" style=\"width:100%;height:600px\" aria-label=\"\u00cenglobare pentru lista documentelor.\"><\/object><a id=\"wp-block-file--media-28e12130-fbb9-418b-bde3-7cd0118ab7f7\" href=\"https:\/\/www.anofm.ro\/covasna\/wp-content\/uploads\/sites\/16\/2025\/06\/lista-doc.pdf\">lista documentelor<\/a><a href=\"https:\/\/www.anofm.ro\/covasna\/wp-content\/uploads\/sites\/16\/2025\/06\/lista-doc.pdf\" class=\"wp-block-file__button wp-element-button\" download aria-describedby=\"wp-block-file--media-28e12130-fbb9-418b-bde3-7cd0118ab7f7\">Descarc\u0103<\/a><\/div>\n","protected":false},"excerpt":{"rendered":"<p>Lista cuprinz\u00e2nd categoriile de documente produse \u015fi\/sau gestionate potrivit legii, de Agen\u0163ia Jude\u0163ean\u0103 pentru Ocuparea For\u0163ei de Munc\u0103 Covasna<\/p>\n","protected":false},"author":1,"featured_media":0,"parent":0,"menu_order":290,"comment_status":"closed","ping_status":"closed","template":"template-parts\/content-with-sidebar.php","meta":{"footnotes":""},"class_list":["post-2209","page","type-page","status-publish","hentry"],"_links":{"self":[{"href":"https:\/\/www.anofm.ro\/covasna\/wp-json\/wp\/v2\/pages\/2209","targetHints":{"allow":["GET"]}}],"collection":[{"href":"https:\/\/www.anofm.ro\/covasna\/wp-json\/wp\/v2\/pages"}],"about":[{"href":"https:\/\/www.anofm.ro\/covasna\/wp-json\/wp\/v2\/types\/page"}],"author":[{"embeddable":true,"href":"https:\/\/www.anofm.ro\/covasna\/wp-json\/wp\/v2\/users\/1"}],"replies":[{"embeddable":true,"href":"https:\/\/www.anofm.ro\/covasna\/wp-json\/wp\/v2\/comments?post=2209"}],"version-history":[{"count":5,"href":"https:\/\/www.anofm.ro\/covasna\/wp-json\/wp\/v2\/pages\/2209\/revisions"}],"predecessor-version":[{"id":6033,"href":"https:\/\/www.anofm.ro\/covasna\/wp-json\/wp\/v2\/pages\/2209\/revisions\/6033"}],"wp:attachment":[{"href":"https:\/\/www.anofm.ro\/covasna\/wp-json\/wp\/v2\/media?parent=2209"}],"curies":[{"name":"wp","href":"https:\/\/api.w.org\/{rel}","templated":true}]}}