{"id":2163,"date":"2023-12-14T22:54:01","date_gmt":"2023-12-14T20:54:01","guid":{"rendered":"https:\/\/www.anofm.ro\/conducere\/"},"modified":"2025-10-21T10:14:08","modified_gmt":"2025-10-21T07:14:08","slug":"conducere","status":"publish","type":"page","link":"https:\/\/www.anofm.ro\/covasna\/conducere\/","title":{"rendered":"Conducere"},"content":{"rendered":"\n<h2 class=\"wp-block-heading\">Conducere<\/h2>\n\n\n<style>.wp-block-kadence-advancedgallery .kb-gallery-type-masonry.kb-gallery-id-2163_d35831-cf{margin:-5px;}.kb-gallery-type-masonry.kb-gallery-id-2163_d35831-cf .kadence-blocks-gallery-item{padding:5px;}.kb-gallery-id-2163_d35831-cf .kadence-blocks-gallery-item .kb-gal-image-radius, .kb-gallery-id-2163_d35831-cf .kb-slide-item .kb-gal-image-radius img{border-radius:0px 0px 0px 0px;;}<\/style><div class=\"kb-gallery-wrap-id-2163_d35831-cf alignnone wp-block-kadence-advancedgallery\"><ul class=\"kb-gallery-ul kb-gallery-non-static kb-gallery-type-masonry kb-masonry-init kb-gallery-id-2163_d35831-cf kb-gallery-caption-style-bottom-hover kb-gallery-filter-none\" data-image-filter=\"none\" data-item-selector=\".kadence-blocks-gallery-item\" data-lightbox-caption=\"true\" data-columns-xxl=\"3\" data-columns-xl=\"3\" data-columns-md=\"3\" data-columns-sm=\"2\" data-columns-xs=\"1\" data-columns-ss=\"1\"><li class=\"kadence-blocks-gallery-item\"><div class=\"kadence-blocks-gallery-item-inner\"><figure class=\"kb-gallery-figure kadence-blocks-gallery-item-hide-caption\"><div class=\"kb-gal-image-radius\" style=\"max-width:733px;\"><div class=\"kb-gallery-image-contain kadence-blocks-gallery-intrinsic\" style=\"padding-bottom:94%;\"><img loading=\"lazy\" decoding=\"async\" src=\"https:\/\/www.anofm.ro\/covasna\/wp-content\/uploads\/sites\/16\/2025\/03\/KT.jpg\" width=\"733\" height=\"695\" alt=\"\" data-full-image=\"https:\/\/www.anofm.ro\/covasna\/wp-content\/uploads\/sites\/16\/2025\/03\/KT.jpg\" data-light-image=\"https:\/\/www.anofm.ro\/covasna\/wp-content\/uploads\/sites\/16\/2025\/03\/KT.jpg\" data-id=\"5447\" class=\"wp-image-5447\" srcset=\"https:\/\/www.anofm.ro\/covasna\/wp-content\/uploads\/sites\/16\/2025\/03\/KT.jpg 733w, https:\/\/www.anofm.ro\/covasna\/wp-content\/uploads\/sites\/16\/2025\/03\/KT-516x489.jpg 516w\" sizes=\"auto, (max-width: 733px) 100vw, 733px\" \/><\/div><\/div><\/figure><\/div><\/li><\/ul><\/div>\n\n\n<p class=\"has-medium-font-size\"><strong>Kelemen Tibor<\/strong><\/p>\n\n\n\n<p class=\"has-medium-font-size\">Director executiv<\/p>\n\n\n\n<div class=\"file-list-wrap\"><ul class=\"file-list\"><\/ul><\/div>\n\n\n<style>.wp-block-kadence-advancedgallery .kb-gallery-type-masonry.kb-gallery-id-2163_74d229-d5{margin:-5px;}.kb-gallery-type-masonry.kb-gallery-id-2163_74d229-d5 .kadence-blocks-gallery-item{padding:5px;}.kb-gallery-id-2163_74d229-d5 .kadence-blocks-gallery-item .kb-gal-image-radius, .kb-gallery-id-2163_74d229-d5 .kb-slide-item .kb-gal-image-radius img{border-radius:0px 0px 0px 0px;;}<\/style><div class=\"kb-gallery-wrap-id-2163_74d229-d5 alignnone wp-block-kadence-advancedgallery\"><ul class=\"kb-gallery-ul kb-gallery-non-static kb-gallery-type-masonry kb-masonry-init kb-gallery-id-2163_74d229-d5 kb-gallery-caption-style-bottom-hover kb-gallery-filter-none\" data-image-filter=\"none\" data-item-selector=\".kadence-blocks-gallery-item\" data-lightbox-caption=\"true\" data-columns-xxl=\"3\" data-columns-xl=\"3\" data-columns-md=\"3\" data-columns-sm=\"2\" data-columns-xs=\"1\" data-columns-ss=\"1\"><li class=\"kadence-blocks-gallery-item\"><div class=\"kadence-blocks-gallery-item-inner\"><figure class=\"kb-gallery-figure kadence-blocks-gallery-item-hide-caption\"><div class=\"kb-gal-image-radius\" style=\"max-width:770px;\"><div class=\"kb-gallery-image-contain kadence-blocks-gallery-intrinsic\" style=\"padding-bottom:132%;\"><img loading=\"lazy\" decoding=\"async\" src=\"https:\/\/www.anofm.ro\/covasna\/wp-content\/uploads\/sites\/16\/2025\/04\/20250429_085433-770x1024.jpg\" width=\"770\" height=\"1024\" alt=\"\" data-full-image=\"https:\/\/www.anofm.ro\/covasna\/wp-content\/uploads\/sites\/16\/2025\/04\/20250429_085433.jpg\" data-light-image=\"https:\/\/www.anofm.ro\/covasna\/wp-content\/uploads\/sites\/16\/2025\/04\/20250429_085433.jpg\" data-id=\"5631\" class=\"wp-image-5631\" srcset=\"https:\/\/www.anofm.ro\/covasna\/wp-content\/uploads\/sites\/16\/2025\/04\/20250429_085433-770x1024.jpg 770w, https:\/\/www.anofm.ro\/covasna\/wp-content\/uploads\/sites\/16\/2025\/04\/20250429_085433-388x516.jpg 388w, https:\/\/www.anofm.ro\/covasna\/wp-content\/uploads\/sites\/16\/2025\/04\/20250429_085433-768x1022.jpg 768w, https:\/\/www.anofm.ro\/covasna\/wp-content\/uploads\/sites\/16\/2025\/04\/20250429_085433.jpg 865w\" sizes=\"auto, (max-width: 770px) 100vw, 770px\" \/><\/div><\/div><\/figure><\/div><\/li><\/ul><\/div>\n\n\n<p class=\"has-medium-font-size\"><strong>T\u00e9gl\u00e1s Ferenc Attila<\/strong><\/p>\n\n\n\n<p class=\"has-medium-font-size\">Director executiv adjunct <\/p>\n\n\n\n<p class=\"has-vivid-cyan-blue-background-color has-background\"><strong>CV \u0219i atribu\u021bii Kelemen Tibor &#8211; director executiv<\/strong><\/p>\n\n\n\n<div class=\"file-list-wrap\"><ul class=\"file-list\">\n<li><a href=\"https:\/\/www.anofm.ro\/covasna\/wp-content\/uploads\/sites\/16\/2025\/09\/CV-Kelemen-Tibor.pdf\" download>CV-Kelemen-Tibor.pdf<\/a><\/li>\n\n\n\n<li><a href=\"https:\/\/www.anofm.ro\/covasna\/wp-content\/uploads\/sites\/16\/2025\/03\/Directorul-executiv-atributii.pdf\" download>Directorul-executiv-atributii.pdf<\/a><\/li>\n<\/ul><\/div>\n\n\n\n<p class=\"has-vivid-cyan-blue-background-color has-background\"><strong>CV  \u0219i atribu\u021bii T\u00e9gl\u00e1s Ferenc Attila &#8211; director executiv adjunct<\/strong><\/p>\n\n\n\n<div class=\"file-list-wrap\"><ul class=\"file-list\">\n<li><a href=\"https:\/\/www.anofm.ro\/covasna\/wp-content\/uploads\/sites\/16\/2025\/03\/CV-Teglas-Ferenc-Attila.pdf\" download>CV-Teglas-Ferenc-Attila.pdf<\/a><\/li>\n\n\n\n<li><a href=\"https:\/\/www.anofm.ro\/covasna\/wp-content\/uploads\/sites\/16\/2025\/03\/Directorul-executiv-adjunct-atributii.pdf\" download>Directorul-executiv-adjunct-atributii.pdf<\/a><\/li>\n<\/ul><\/div>\n\n\n\n<h2 class=\"wp-block-heading\">Consiliu consultativ<\/h2>\n\n\n\n<figure class=\"wp-block-table alignleft\"><table><tbody><tr><td><strong>Nr. crt.<\/strong><\/td><td><strong>Nume \u0219i prenume<\/strong><\/td><td><strong>Institu\u021bia reprezentat\u0103<\/strong><\/td><\/tr><tr><td>1<\/td><td>AMBRUS ATTILA<\/td><td>ADMINISTRATIA JUDETEANA A FINANTELOR PUBLICE COVASNA<\/td><\/tr><tr><td>2<\/td><td>LUCA MARIUS &#8211; GABRIEL<\/td><td>INSTITUTIA PREFECTULUI JUDETUL COVASNA<\/td><\/tr><tr><td>3<\/td><td>L\u0150RINCZI FERENC<\/td><td>DIREC\u0162IA JUDE\u0162EAN\u0102 DE STATISTIC\u0102 COVASNA<\/td><\/tr><tr><td>4<\/td><td>POPESCU MARIUS<\/td><td>INSPECTORATUL \u0218COLAR JUDE\u021aEAN COVASNA<\/td><\/tr><tr><td>5<\/td><td>TOR\u00d3 MAGDOLNA-HAJNALKA<\/td><td>CONSILIUL JUDE\u0162EAN COVASNA<\/td><\/tr><tr><td>6<\/td><td>KOV\u00c1CS L\u00c1SZL\u00d3<\/td><td>CNSRL FRATIA<\/td><\/tr><tr><td>7<\/td><td>V\u00c1NCSA EL\u0150D<\/td><td>BNS<\/td><\/tr><tr><td>8<\/td><td>BONG VILMOS<\/td><td>CARTEL ALFA<\/td><\/tr><tr><td>9<\/td><td>NAGY G\u00c1BOR<\/td><td>CSDR<\/td><\/tr><tr><td>10<\/td><td>BUNA M\u00c1RIA MAGDOLNA<\/td><td>CSDR<\/td><\/tr><tr><td>11<\/td><td>JO\u00d3S ATTILA<\/td><td>CONCORDIA<\/td><\/tr><tr><td>12<\/td><td>FEKETE-APOR GYULA<\/td><td>CONCORDIA<\/td><\/tr><tr><td>13<\/td><td>FAZAKAS ZOLT\u00c1N<\/td><td>CONCORDIA<\/td><\/tr><tr><td>14<\/td><td>BAGOLY MIKL\u00d3S-LEVENTE<\/td><td>CNIPMMR<\/td><\/tr><tr><td>15<\/td><td>G\u00c1SZPOR EDINA<\/td><td>CNIPMMR<\/td><\/tr><\/tbody><\/table><\/figure>\n\n\n\n<h2 class=\"wp-block-heading\">Agenda de lucru<\/h2>\n\n\n\n<p>Directorul executiv \u0219i directorul executiv adjunct acord\u0103 audien\u021be zilnic, de luni p\u00e2n\u0103 joi, \u00eentre orele 8,00-16,30 \u0219i vineri, \u00eentre orele 8,00-14,00.<\/p>\n\n\n\n<p><strong>Agenda de lucru a directorului executiv:<\/strong><\/p>\n\n\n\n<p>Participare la \u0219edin\u021ba Colegiului Prefectural &#8211; lunar<\/p>\n\n\n\n<p>Participare la \u0219edin\u021ba Comisiei de Dialog Social &#8211; periodic<\/p>\n\n\n\n<p>Participare la \u0219edin\u021ba Grupului mixt de lucru pentru incluziunea romilor &#8211; periodic<\/p>\n\n\n\n<p>Participare la \u0219edin\u021ba COJES &#8211; periodic<\/p>\n\n\n\n<p>Organizarea \u0219edin\u021bei Consiliului Consultativ al AJOFM Covasna &#8211; lunar<\/p>\n\n\n\n<p>\u00cent\u00e2lnire cu reprezentan\u021bii autorit\u0103\u021bilor publice locale, \u0219coli, ISJ, cu partenerii sociali \u0219i cu angajatorii din jude\u021b, av\u00e2nd ca tem\u0103 platforma PULS \u0219i tichetele acordate personalului casnic &#8211; periodic<\/p>\n\n\n\n<p>\u00cent\u00e2lnire de lucru cu partenerii proiectelor PEO-ucenicie \u0219i altele &#8211; periodic<\/p>\n\n\n\n<p>Activitate de lucru la punctele teritoriale ale AJOFM Covasna &#8211; periodic<\/p>\n\n\n\n<p>Program de audien\u021be &#8211; zilnic<\/p>\n\n\n\t\t\t\t<ul class=\"recentcontent\">\n\t\t\t\t\t\t\t\t\t<li>\n\t\t\t\t\t\t<a href=\"https:\/\/www.anofm.ro\/covasna\/programul-de-lucru\/\">\n\t\t\t\t\t\t\t\t\t\t\t\t\t\t\t<img decoding=\"async\" src=\"https:\/\/www.anofm.ro\/covasna\/wp-content\/plugins\/anofm-custom-post-types\/assets\/images\/placeholder-thumb.png\" alt=\"\">\n\t\t\t\t\t\t\t\t\t\t\t\t\t\t\t\t<p class=\"h4\">Programul de lucru<\/p>\n\t\t\t\t\t\t\t\t\t\t\t\t\t\t\t<span>10\/01\/2025<\/span>\n\t\t\t\t\t\t<\/a>\n\t\t\t\t\t<\/li>\n\t\t\t\t\t\t\t\t\t<\/ul>\n\t\t\t\t","protected":false},"excerpt":{"rendered":"<p>Conducere Kelemen Tibor Director executiv T\u00e9gl\u00e1s Ferenc Attila Director executiv adjunct CV \u0219i atribu\u021bii Kelemen Tibor &#8211; director executiv CV \u0219i atribu\u021bii T\u00e9gl\u00e1s Ferenc Attila &#8211; director executiv adjunct Consiliu<\/p>\n","protected":false},"author":1,"featured_media":0,"parent":0,"menu_order":60,"comment_status":"closed","ping_status":"closed","template":"template-parts\/content-with-sidebar.php","meta":{"footnotes":""},"class_list":["post-2163","page","type-page","status-publish","hentry"],"_links":{"self":[{"href":"https:\/\/www.anofm.ro\/covasna\/wp-json\/wp\/v2\/pages\/2163","targetHints":{"allow":["GET"]}}],"collection":[{"href":"https:\/\/www.anofm.ro\/covasna\/wp-json\/wp\/v2\/pages"}],"about":[{"href":"https:\/\/www.anofm.ro\/covasna\/wp-json\/wp\/v2\/types\/page"}],"author":[{"embeddable":true,"href":"https:\/\/www.anofm.ro\/covasna\/wp-json\/wp\/v2\/users\/1"}],"replies":[{"embeddable":true,"href":"https:\/\/www.anofm.ro\/covasna\/wp-json\/wp\/v2\/comments?post=2163"}],"version-history":[{"count":24,"href":"https:\/\/www.anofm.ro\/covasna\/wp-json\/wp\/v2\/pages\/2163\/revisions"}],"predecessor-version":[{"id":6401,"href":"https:\/\/www.anofm.ro\/covasna\/wp-json\/wp\/v2\/pages\/2163\/revisions\/6401"}],"wp:attachment":[{"href":"https:\/\/www.anofm.ro\/covasna\/wp-json\/wp\/v2\/media?parent=2163"}],"curies":[{"name":"wp","href":"https:\/\/api.w.org\/{rel}","templated":true}]}}