{"id":2349,"date":"2023-12-14T22:54:05","date_gmt":"2023-12-14T20:54:05","guid":{"rendered":"https:\/\/www.anofm.ro\/registrul-unic-de-evidenta-a-intreprinderilor-sociale\/"},"modified":"2026-03-19T10:47:49","modified_gmt":"2026-03-19T08:47:49","slug":"registrul-unic-de-evidenta-a-intreprinderilor-sociale","status":"publish","type":"page","link":"https:\/\/www.anofm.ro\/calarasi\/registrul-unic-de-evidenta-a-intreprinderilor-sociale\/","title":{"rendered":"Registrul unic de eviden\u021b\u0103 a \u00eentreprinderilor sociale"},"content":{"rendered":"\n<p>\u00cen scopul asigur\u0103rii informa\u021biilor necesare, corecte \u0219i complete cu privire la situa\u021bia \u0219i evolu\u021bia domeniului economiei sociale la nivel na\u021bional, \u00een baza Legii 219\/2015 privind economia social\u0103, a fost \u00eenfiin\u021bat &#8222;Registrul unic de eviden\u021b\u0103 a \u00eentreprinderilor sociale&#8221;.<\/p>\n\n\n\n<p><\/p>\n\n\n\n<p>Registrul este administrat de c\u0103tre Agen\u021bia Na\u021bional\u0103 pentru Ocuparea For\u021bei de Munc\u0103 \u0219i cuprinde, dup\u0103 caz, urm\u0103toarele informa\u021bii cu privire la \u00eentreprinderile sociale \u0219i \u00eentreprinderile sociale de inser\u021bie existente \u00een Rom\u00e2nia:<\/p>\n\n\n\n<p>a) denumirea complet\u0103;<\/p>\n\n\n\n<p>b) categoria de persoane juridice \u00een care se \u00eencadreaz\u0103;<\/p>\n\n\n\n<p>c) data \u00eenfiin\u021b\u0103rii;<\/p>\n\n\n\n<p>d) domeniul de activitate;<\/p>\n\n\n\n<p>e) cifra de afaceri\/valoarea activului patrimonial, pierderile sau profitul \u00eenregistrat \u00een anul fiscal anterior;<\/p>\n\n\n\n<p>f) num\u0103rul total de angaja\u021bi;<\/p>\n\n\n\n<p>g) documentele care atest\u0103 apartenen\u021ba la grupul vulnerabil;<\/p>\n\n\n\n<p>h) copia fi\u0219ei de post\/fi\u0219elor de post a persoanei\/ale angaja\u021bilor care apar\u021bin grupului vulnerabil;<\/p>\n\n\n\n<p>i) formele de sprijin de care beneficiaz\u0103 angajatorul;<\/p>\n\n\n\n<p>j) abaterile\/sanc\u021biunile angajatorului;<\/p>\n\n\n\n<p>k) data acord\u0103rii\/suspend\u0103rii\/retragerii atestatului sau, dup\u0103 caz, a m\u0103rcii sociale.<\/p>\n\n\n\n<p>Angajatorii sunt obliga\u021bi s\u0103 transmit\u0103 agen\u021biilor de ocupare documentele care atest\u0103 apartenen\u021ba la grupul vulnerabil agen\u021biilor de ocupare. Termenul de transmitere este de 5 zile de la data la care se demonstreaz\u0103 c\u0103 persoana angajat\u0103 apar\u021bine grupului vulnerabil sau, dup\u0103 caz, de la data la care au intervenit modific\u0103ri \u00een documentele furnizate.<\/p>\n\n\n\n<div class=\"file-list-wrap\"><ul class=\"file-list\">\n<li><a href=\"https:\/\/www.anofm.ro\/calarasi\/wp-content\/uploads\/sites\/13\/2026\/03\/extras-Rueis-februarie.pdf\" download>Extras Rueis februarie 2026<\/a><\/li>\n\n\n\n<li><a href=\"https:\/\/www.anofm.ro\/calarasi\/wp-content\/uploads\/sites\/13\/2026\/03\/extras-rueis-februarie-2026.xlsx\" download>Extras Rueis februarie 2026<\/a><\/li>\n<\/ul><\/div>\n\n\n\n<p><\/p>\n","protected":false},"excerpt":{"rendered":"<p>\u00cen scopul asigur\u0103rii informa\u021biilor necesare, corecte \u0219i complete cu privire la situa\u021bia \u0219i evolu\u021bia domeniului economiei sociale la nivel na\u021bional, \u00een baza Legii 219\/2015 privind economia social\u0103, a fost \u00eenfiin\u021bat<\/p>\n","protected":false},"author":1,"featured_media":0,"parent":0,"menu_order":990,"comment_status":"closed","ping_status":"closed","template":"template-parts\/content-with-sidebar.php","meta":{"footnotes":""},"class_list":["post-2349","page","type-page","status-publish","hentry"],"_links":{"self":[{"href":"https:\/\/www.anofm.ro\/calarasi\/wp-json\/wp\/v2\/pages\/2349","targetHints":{"allow":["GET"]}}],"collection":[{"href":"https:\/\/www.anofm.ro\/calarasi\/wp-json\/wp\/v2\/pages"}],"about":[{"href":"https:\/\/www.anofm.ro\/calarasi\/wp-json\/wp\/v2\/types\/page"}],"author":[{"embeddable":true,"href":"https:\/\/www.anofm.ro\/calarasi\/wp-json\/wp\/v2\/users\/1"}],"replies":[{"embeddable":true,"href":"https:\/\/www.anofm.ro\/calarasi\/wp-json\/wp\/v2\/comments?post=2349"}],"version-history":[{"count":75,"href":"https:\/\/www.anofm.ro\/calarasi\/wp-json\/wp\/v2\/pages\/2349\/revisions"}],"predecessor-version":[{"id":5498,"href":"https:\/\/www.anofm.ro\/calarasi\/wp-json\/wp\/v2\/pages\/2349\/revisions\/5498"}],"wp:attachment":[{"href":"https:\/\/www.anofm.ro\/calarasi\/wp-json\/wp\/v2\/media?parent=2349"}],"curies":[{"name":"wp","href":"https:\/\/api.w.org\/{rel}","templated":true}]}}