{"id":2271,"date":"2023-12-14T23:54:03","date_gmt":"2023-12-14T20:54:03","guid":{"rendered":"https:\/\/www.anofm.ro\/prima-de-insertie-absolventi\/"},"modified":"2024-09-13T09:57:32","modified_gmt":"2024-09-13T06:57:32","slug":"prima-de-insertie-absolventi","status":"publish","type":"page","link":"https:\/\/www.anofm.ro\/calarasi\/prima-de-insertie-absolventi\/","title":{"rendered":"Prima de inser\u0163ie (absolven\u0163i)"},"content":{"rendered":"\n<p><strong>Prima de inser\u021bie <\/strong>prev\u0103zut\u0103 de art.73<sup>1<\/sup> &nbsp;din Legea nr.76\/2002 privind sistemul asigur\u0103rilor pentru \u0219omaj \u0219i stimularea ocup\u0103rii for\u021bei de munc\u0103, cu modific\u0103rile \u0219i complet\u0103rile ulterioare<\/p>\n\n\n\n<p>\u00cen temeiul art.73<sup>1<\/sup> din lege, absolven\u0163ii institu\u0163iilor de \u00eenv\u0103\u0163\u0103m\u00e2nt \u015fi absolven\u0163ii \u015fcolilor speciale, \u00een v\u00e2rst\u0103 de minimum 16 ani, care, \u00een termen de 60 de zile de la absolvire, se \u00eenregistreaz\u0103 la agen\u0163iile pentru ocuparea for\u0163ei de munc\u0103 \u015fi se angajeaz\u0103 cu norm\u0103 \u00eentreag\u0103 pentru o perioad\u0103 mai mare de 12 luni, beneficiaz\u0103, din bugetul asigur\u0103rilor pentru \u015fomaj, de o prim\u0103 de inser\u0163ie egal\u0103 cu de 3 ori valoarea indicatorului social de referin\u0163\u0103 al asigur\u0103rilor pentru \u0219omaj \u0219i stimul\u0103rii ocup\u0103rii for\u021bei de munc\u0103 \u00een vigoare la data \u00eencadr\u0103rii.<\/p>\n\n\n\n<p><strong>Prima de inser\u0163ie se acord\u0103 \u00een dou\u0103 tran\u015fe, astfel:<\/strong><\/p>\n\n\n\n<p>a) o tran\u015f\u0103 egal\u0103 cu 50% din cuantumul stabilit, la data angaj\u0103rii;<\/p>\n\n\n\n<p>b) o tran\u015f\u0103 egal\u0103 cu 50% din cuantumul stabilit, dup\u0103 expirarea perioadei de 12 luni de la angajare\u00a0<\/p>\n\n\n\n<p><strong>Prima de inser\u0163ie se acord\u0103 dac\u0103 sunt \u00eendeplinite cumulativ urm\u0103toarele condi\u0163ii:<\/strong><\/p>\n\n\n\n<p>&#8211; La data absolvirii studiilor absolventul nu are raport de munc\u0103 sau de serviciu<\/p>\n\n\n\n<p>&#8211; Absolventul este \u00eenregistrat \u00een eviden\u0163ele agen\u0163iei \u00een termen de 60 zile de la absolvire<\/p>\n\n\n\n<p>&#8211; \u00cencadrarea \u00een munc\u0103 a absolventului este \u00een termen de 60 zile de la data absolvirii, ulterior \u00eenregistr\u0103rii la agen\u0163ie<\/p>\n\n\n\n<p>&#8211; Nu a mai fost angajat dup\u0103 data absolvirii studiilor la un alt angajator<\/p>\n\n\n\n<p>&#8211; Angajarea este cu norm\u0103 \u00eentreag\u0103, conform prevederilor legale \u015fi pe o perioad\u0103 mai mare de 12 luni<\/p>\n\n\n\n<p>&#8211; Absolventul se \u00eencadreaz\u0103 la angajator cu care nu a fost \u00een raport de munc\u0103 sau de serviciu \u00een ultimii 2 ani<\/p>\n\n\n\n<p>&#8211; Absolventul se \u00eencadreaz\u0103&nbsp; la angajatori care nu au obliga\u0163ia, potrivit legii, de a-l angaja.<\/p>\n\n\n\n<p><strong>Acte necesare<\/strong><\/p>\n\n\n\n<p>Pentru acordarea primei de inser\u0163ie prev\u0103zute persoanele \u00eendrept\u0103\u0163ite vor depune la agen\u0163ia pentru ocuparea for\u0163ei de munc\u0103 jude\u0163ean\u0103, respectiv a municipiului Bucure\u015fti, unde se afl\u0103 \u00een eviden\u0163\u0103, \u00een <strong>termen de maximum 60 de zile de la data angaj\u0103rii<\/strong>, urm\u0103toarele documente:<\/p>\n\n\n\n<p>&#8211; Cerere conform model \u2013 <a href=\"https:\/\/www.anofm.ro\/wp-content\/uploads\/2024\/09\/Anexa_23_la_norme.doc\"><em>Anexa nr.23 la norme<\/em><\/a><\/p>\n\n\n\n<p>&#8211; Actul de identitate al absolventului, \u00een copie<\/p>\n\n\n\n<p>&#8211; Actul de absolvire a institu\u0163iei de \u00eenv\u0103\u0163\u0103m\u00e2nt, \u00een copie<\/p>\n\n\n\n<p>&#8211; Actul \u00een baza c\u0103ruia absolventul a fost \u00eencadrat \u00een munc\u0103, \u00een copie<\/p>\n\n\n\n<p>&#8211; Declara\u0163ie pe proprie r\u0103spundere a absolventului&nbsp;<\/p>\n\n\n\n<p>&#8211; Declara\u0163ie pe proprie r\u0103spundere a angajatorului<\/p>\n\n\n\n<p>&#8211; Angajamentul absolventului \u2013 <a href=\"https:\/\/www.anofm.ro\/wp-content\/uploads\/2024\/09\/Anexa_13_la_norme-1.doc\"><em>Anexa nr.13 la norme<\/em><\/a><\/p>\n\n\n\n<p><strong>Depunerea documentelor<\/strong><\/p>\n\n\n\n<p>\u2022&nbsp;&nbsp;&nbsp;&nbsp; Personal \u2013 la sediul agen\u0163iei<\/p>\n\n\n\n<p>\u2022&nbsp;&nbsp;&nbsp;&nbsp; Prin scrisoare recomandat\u0103 cu confirmare de primire<\/p>\n\n\n\n<p>\u2022&nbsp;&nbsp;&nbsp;&nbsp; Prin fax sau e-mail<\/p>\n","protected":false},"excerpt":{"rendered":"<p>Prima de inser\u021bie prev\u0103zut\u0103 de art.731 &nbsp;din Legea nr.76\/2002 privind sistemul asigur\u0103rilor pentru \u0219omaj \u0219i stimularea ocup\u0103rii for\u021bei de munc\u0103, cu modific\u0103rile \u0219i complet\u0103rile ulterioare \u00cen temeiul art.731 din lege,<\/p>\n","protected":false},"author":1,"featured_media":0,"parent":0,"menu_order":600,"comment_status":"closed","ping_status":"closed","template":"template-parts\/content-with-sidebar.php","meta":{"footnotes":""},"class_list":["post-2271","page","type-page","status-publish","hentry"],"_links":{"self":[{"href":"https:\/\/www.anofm.ro\/calarasi\/wp-json\/wp\/v2\/pages\/2271","targetHints":{"allow":["GET"]}}],"collection":[{"href":"https:\/\/www.anofm.ro\/calarasi\/wp-json\/wp\/v2\/pages"}],"about":[{"href":"https:\/\/www.anofm.ro\/calarasi\/wp-json\/wp\/v2\/types\/page"}],"author":[{"embeddable":true,"href":"https:\/\/www.anofm.ro\/calarasi\/wp-json\/wp\/v2\/users\/1"}],"replies":[{"embeddable":true,"href":"https:\/\/www.anofm.ro\/calarasi\/wp-json\/wp\/v2\/comments?post=2271"}],"version-history":[{"count":5,"href":"https:\/\/www.anofm.ro\/calarasi\/wp-json\/wp\/v2\/pages\/2271\/revisions"}],"predecessor-version":[{"id":3944,"href":"https:\/\/www.anofm.ro\/calarasi\/wp-json\/wp\/v2\/pages\/2271\/revisions\/3944"}],"wp:attachment":[{"href":"https:\/\/www.anofm.ro\/calarasi\/wp-json\/wp\/v2\/media?parent=2271"}],"curies":[{"name":"wp","href":"https:\/\/api.w.org\/{rel}","templated":true}]}}