{"id":2209,"date":"2023-12-14T22:54:02","date_gmt":"2023-12-14T20:54:02","guid":{"rendered":"https:\/\/www.anofm.ro\/lista-documentelor-produse-gestionate\/"},"modified":"2025-03-18T16:06:36","modified_gmt":"2025-03-18T14:06:36","slug":"lista-documentelor-produse-gestionate","status":"publish","type":"page","link":"https:\/\/www.anofm.ro\/calarasi\/lista-documentelor-produse-gestionate\/","title":{"rendered":"Lista documentelor produse\/gestionate"},"content":{"rendered":"\n<div class=\"file-list-wrap\"><ul class=\"file-list\"><\/ul><\/div>\n\n\n\n<p><strong>Lista cuprinz\u00e2nd categoriile de documente produse \u015fi\/sau gestionate potrivit legii, de Agen\u0163ia Jude\u0163ean\u0103 pentru Ocuparea For\u0163ei de Munc\u0103 C\u0103l\u0103ra\u0219i<\/strong><\/p>\n\n\n\n<p>Programul anual de ocupare a for\u0163ei de munc\u0103;<\/p>\n\n\n\n<p>Stadiul lunar al realiz\u0103rii Programului de ocupare a for\u0163ei de munc\u0103;<\/p>\n\n\n\n<p>Bilan\u0163ul anual de ocupare al AJOFM C\u0103l\u0103ra\u0219i;<\/p>\n\n\n\n<p>Situa\u0163ia locurilor de munc\u0103 vacante;<\/p>\n\n\n\n<p>Planul anual de formare profesional\u0103;<\/p>\n\n\n\n<p>Stadiul lunar al realiz\u0103rii planului de formare profesional\u0103;<\/p>\n\n\n\n<p>Prognoza cursurilor de formare profesional\u0103;<\/p>\n\n\n\n<p>Realiz\u0103rile trimestriale ale programului anual de ocupare a for\u0163ei de munc\u0103;<\/p>\n\n\n\n<p>Situa\u0163ia lunar\u0103, statistic\u0103, a \u015fomajului \u00eenregistrat;<\/p>\n\n\n\n<p>Situa\u0163ia burselor locurilor de munc\u0103;<\/p>\n\n\n\n<p>Materiale, rapoarte, analize, propuneri cu privire la activitatea de ocupare, formare<\/p>\n\n\n\n<p>profesional\u0103, analiza pie\u0163ei muncii, statistica pie\u0163ei muncii, precum \u015fi cele legate de<\/p>\n\n\n\n<p>sistemele informatice \u015fi control m\u0103suri active;<\/p>\n\n\n\n<p>Programul de control m\u0103suri active \u2013 proceduri;<\/p>\n\n\n\n<p>Planul anual de audit public intern;<\/p>\n\n\n\n<p>Raportul anual al activit\u0103\u0163ii de audit public intern;<\/p>\n\n\n\n<p>Raportul anual al activit\u0103\u0163ii AJOFM C\u0103l\u0103ra\u0219i;<\/p>\n\n\n\n<p>Proiectul bugetului asigur\u0103rilor pentru \u015fomaj;<\/p>\n\n\n\n<p>Formulare europene E301\/U1, E 302, E303\/U2, U3;<\/p>\n\n\n\n<p>Documente \u00een vederea angaj\u0103rii, \u00eencet\u0103rii raporturilor de serviciu \u015fi de munc\u0103 \u00een agen\u0163ie,<\/p>\n\n\n\n<p>adeverin\u0163e;<\/p>\n\n\n\n<p>Comunic\u0103ri referitoare la: \u00eencadr\u0103ri, avans\u0103ri, promov\u0103ri, eliber\u0103ri din func\u0163ie, sanc\u0163ion\u0103ri,<\/p>\n\n\n\n<p>pension\u0103ri;<\/p>\n\n\n\n<p>R\u0103spunsuri la solicit\u0103rile presei;<\/p>\n\n\n\n<p>Comunicate de pres\u0103;<\/p>\n\n\n\n<p>Materiale pentru site;<\/p>\n\n\n\n<p>Rapoarte lunare \u015fi anuale privind activitatea desf\u0103\u015furat\u0103 \u00een mass-media de Agen\u0163ia<\/p>\n\n\n\n<p>Jude\u0163ean\u0103 pentru Ocuparea For\u0163ei de Munc\u0103 C\u0103l\u0103ra\u0219i;<\/p>\n\n\n\n<p>Proces verbal \u00eencheiat la finalul \u015fedin\u0163ei Consiliului Consultativ al AJOFM<\/p>\n\n\n\n<p>C\u0103l\u0103ra\u0219i;<\/p>\n\n\n\n<p>Ordinea de zi a \u015fedin\u0163ei Consiliului Consultativ al AJOFM C\u0103l\u0103ra\u0219i;<\/p>\n\n\n\n<p>Buletin informativ \u00eentocmit conform art. 5 alin. (2) din Legea nr. 544\/2001, privind liberul<\/p>\n\n\n\n<p>acces la informa\u0163iile de interes public, cu modific\u0103rile \u015fi complet\u0103rile ulterioare;<\/p>\n\n\n\n<p>Raport anual privind implementarea Legii nr. 544\/2001;<\/p>\n\n\n\n<p>Registrul cuprinz\u00e2nd cererile \u015fi r\u0103spunsurile la solicit\u0103rile formulate \u00een baza Legii nr.<\/p>\n\n\n\n<p>544\/2001, privind liberul acces la informa\u0163iile de interes public.<\/p>\n","protected":false},"excerpt":{"rendered":"<p>Lista cuprinz\u00e2nd categoriile de documente produse \u015fi\/sau gestionate potrivit legii, de Agen\u0163ia Jude\u0163ean\u0103 pentru Ocuparea For\u0163ei de Munc\u0103 C\u0103l\u0103ra\u0219i Programul anual de ocupare a for\u0163ei de munc\u0103; Stadiul lunar al<\/p>\n","protected":false},"author":1,"featured_media":0,"parent":0,"menu_order":290,"comment_status":"closed","ping_status":"closed","template":"template-parts\/content-with-sidebar.php","meta":{"footnotes":""},"class_list":["post-2209","page","type-page","status-publish","hentry"],"_links":{"self":[{"href":"https:\/\/www.anofm.ro\/calarasi\/wp-json\/wp\/v2\/pages\/2209","targetHints":{"allow":["GET"]}}],"collection":[{"href":"https:\/\/www.anofm.ro\/calarasi\/wp-json\/wp\/v2\/pages"}],"about":[{"href":"https:\/\/www.anofm.ro\/calarasi\/wp-json\/wp\/v2\/types\/page"}],"author":[{"embeddable":true,"href":"https:\/\/www.anofm.ro\/calarasi\/wp-json\/wp\/v2\/users\/1"}],"replies":[{"embeddable":true,"href":"https:\/\/www.anofm.ro\/calarasi\/wp-json\/wp\/v2\/comments?post=2209"}],"version-history":[{"count":3,"href":"https:\/\/www.anofm.ro\/calarasi\/wp-json\/wp\/v2\/pages\/2209\/revisions"}],"predecessor-version":[{"id":4692,"href":"https:\/\/www.anofm.ro\/calarasi\/wp-json\/wp\/v2\/pages\/2209\/revisions\/4692"}],"wp:attachment":[{"href":"https:\/\/www.anofm.ro\/calarasi\/wp-json\/wp\/v2\/media?parent=2209"}],"curies":[{"name":"wp","href":"https:\/\/api.w.org\/{rel}","templated":true}]}}