{"id":2207,"date":"2023-12-14T22:54:02","date_gmt":"2023-12-14T20:54:02","guid":{"rendered":"https:\/\/www.anofm.ro\/lista-documentelor-de-interes-public\/"},"modified":"2025-03-26T09:11:44","modified_gmt":"2025-03-26T07:11:44","slug":"lista-documentelor-de-interes-public","status":"publish","type":"page","link":"https:\/\/www.anofm.ro\/calarasi\/lista-documentelor-de-interes-public\/","title":{"rendered":"Lista documentelor de interes public"},"content":{"rendered":"\n<ul class=\"wp-block-list\">\n<li>Actele normative care reglementez\u0103 organizarea \u0219i func\u021bionarea Agen\u021biei Na\u021bionale pentru Ocuparea For\u0163ei de Munc\u0103;<\/li>\n\n\n\n<li>Structura organizatoric\u0103 a ANOFM\/AJOFM;<\/li>\n\n\n\n<li>Programul de func\u021bionare;<\/li>\n\n\n\n<li>Programul de audien\u021be al ANOFM\/AJOFM;<\/li>\n\n\n\n<li>Conducerea ANOFM\/AJOFM;<\/li>\n\n\n\n<li>Date de contact ANOFM\/AJOFM;<\/li>\n\n\n\n<li>Buget;<\/li>\n\n\n\n<li>Bilan\u021buri contabile;<\/li>\n\n\n\n<li>Pl\u0103\u021bi efectuate de ANOFM\/AJOFM;<\/li>\n\n\n\n<li>Veniturile salariale ale personalului ANOFM\/AJOFM;<\/li>\n\n\n\n<li>Achizi\u021bii publice;<\/li>\n\n\n\n<li>Declara\u021biile de avere \u0219i interese ale personalului ANOFM\/AJOFM;<\/li>\n\n\n\n<li>Materiale informative elaborate de ANOFM\/AJOFM;<\/li>\n\n\n\n<li>Actele normative din domeniul de activitate al ANOFM\/AJOFM;<\/li>\n\n\n\n<li>Raportul anual de activitate;<\/li>\n\n\n\n<li>Programele \u015fi strategiile proprii<\/li>\n<\/ul>\n\n\n\n<p><strong>Sunt exceptate de la accesul liber al cet\u0103\u0163enilor urm\u0103toarele informa\u0163ii<\/strong>&nbsp;(art. 12 alin. 1 din Legea nr. 544\/2001 privind liberul acces la informa\u0163iile de interes public, cu modific\u0103rile \u015fi complet\u0103rile ulterioare):<\/p>\n\n\n\n<p>\u2013 informa\u0163iile din domeniul ap\u0103r\u0103rii na\u0163ionale, siguran\u0163ei \u015fi ordinii publice, dac\u0103 fac parte din categoriile informa\u0163iilor clasificate, potrivit legii;<\/p>\n\n\n\n<p>\u2013 informa\u0163iile privind deliber\u0103rile autorit\u0103\u0163ilor, precum \u015fi cele care privesc interesele economice \u015fi politice ale Rom\u00e2niei, dac\u0103 fac parte din categoria informa\u0163iilor clasificate, potrivit legii;<\/p>\n\n\n\n<p>\u2013 informa\u0163iile privind activit\u0103\u0163ile comerciale sau financiare, dac\u0103 publicitatea acestora aduce atingere dreptului de proprietate intelectual\u0103 ori industial\u0103, precum \u015fi principiului concuren\u0163ei loiale, potrivit legii;<\/p>\n\n\n\n<p>\u2013 informa\u0163iile cu privire la datele personale, potrivit legii;<\/p>\n\n\n\n<p>\u2013 informa\u0163iile privind procedura \u00een timpul anchetei penale sau disciplinare, dac\u0103 se pericliteaz\u0103 rezultatul anchetei, se dezv\u0103luie surse confiden\u0163iale ori se pun \u00een pericol via\u0163a, integritatea corporal\u0103, s\u0103n\u0103tatea unei persoane \u00een urma anchetei efectuate sau \u00een curs de desf\u0103\u015furare;<\/p>\n\n\n\n<p>\u2013 informa\u0163iile privind procedurile judiciare, dac\u0103 publicitatea acestora aduce atingere asigur\u0103rii unui proces echitabil ori interesului legitim al oric\u0103ruia dintre p\u0103r\u0163ile implicate \u00een proces;<\/p>\n\n\n\n<p>-informa\u0163iile a c\u0103ror publicare prejudiciaz\u0103 m\u0103surile de protec\u0163ie a clien\u0163ilor.<\/p>\n\n\n\n<p><\/p>\n","protected":false},"excerpt":{"rendered":"<p>Sunt exceptate de la accesul liber al cet\u0103\u0163enilor urm\u0103toarele informa\u0163ii&nbsp;(art. 12 alin. 1 din Legea nr. 544\/2001 privind liberul acces la informa\u0163iile de interes public, cu modific\u0103rile \u015fi complet\u0103rile ulterioare):<\/p>\n","protected":false},"author":1,"featured_media":0,"parent":0,"menu_order":280,"comment_status":"closed","ping_status":"closed","template":"template-parts\/content-with-sidebar.php","meta":{"footnotes":""},"class_list":["post-2207","page","type-page","status-publish","hentry"],"_links":{"self":[{"href":"https:\/\/www.anofm.ro\/calarasi\/wp-json\/wp\/v2\/pages\/2207","targetHints":{"allow":["GET"]}}],"collection":[{"href":"https:\/\/www.anofm.ro\/calarasi\/wp-json\/wp\/v2\/pages"}],"about":[{"href":"https:\/\/www.anofm.ro\/calarasi\/wp-json\/wp\/v2\/types\/page"}],"author":[{"embeddable":true,"href":"https:\/\/www.anofm.ro\/calarasi\/wp-json\/wp\/v2\/users\/1"}],"replies":[{"embeddable":true,"href":"https:\/\/www.anofm.ro\/calarasi\/wp-json\/wp\/v2\/comments?post=2207"}],"version-history":[{"count":6,"href":"https:\/\/www.anofm.ro\/calarasi\/wp-json\/wp\/v2\/pages\/2207\/revisions"}],"predecessor-version":[{"id":4720,"href":"https:\/\/www.anofm.ro\/calarasi\/wp-json\/wp\/v2\/pages\/2207\/revisions\/4720"}],"wp:attachment":[{"href":"https:\/\/www.anofm.ro\/calarasi\/wp-json\/wp\/v2\/media?parent=2207"}],"curies":[{"name":"wp","href":"https:\/\/api.w.org\/{rel}","templated":true}]}}