{"id":2205,"date":"2023-12-14T22:54:02","date_gmt":"2023-12-14T20:54:02","guid":{"rendered":"https:\/\/www.anofm.ro\/contestarea-deciziei-legea-544-2001\/"},"modified":"2023-12-16T00:51:35","modified_gmt":"2023-12-15T22:51:35","slug":"contestarea-deciziei-legea-544-2001","status":"publish","type":"page","link":"https:\/\/www.anofm.ro\/calarasi\/contestarea-deciziei-legea-544-2001\/","title":{"rendered":"Contestarea deciziei &#8211; Legea 544\/2001"},"content":{"rendered":"\n<p>Modalit\u0103\u021bi de contestare a deciziei \u00een situa\u021bia \u00een care solicitantul de informa\u021bii se consider\u0103 v\u0103t\u0103mat \u00een privin\u021ba dreptului de acces la informa\u021biile de interes public<br>In conformitate cu prevederile H.G. nr. 123\/2002 pentru aprobarea Normelor metodologice de aplicare a Legii nr. 544\/2001 privind liberul acces la informa\u021biile de interes public:<\/p>\n\n\n\n<p>Art. 32<br>\u00cen cazul \u00een care o persoan\u0103 consider\u0103 ca dreptul privind accesul la informa\u021biile de interes public a fost \u00eenc\u0103lcat, aceasta se poate adresa cu reclama\u021bie administrativ\u0103 conduc\u0103torului autorit\u0103\u021bii sau institu\u021biei publice c\u0103reia i-a fost solicitat\u0103 informa\u021bia.<br>Art. 33<br>Persoana care se consider\u0103 v\u0103t\u0103mat\u0103 \u00een drepturile sale poate depune reclama\u021bia administrativ\u0103 prev\u0103zut\u0103 la art. 32 \u00een termen de 30 de zile de la luarea la cuno\u0219tin\u021b\u0103 a refuzului explicit sau tacit al angaja\u021bilor din cadrul autorit\u0103\u021bii sau institu\u021biei publice pentru aplicarea prevederilor Legi 544\/2001 \u015fi ale prezentelor norme metodologice.Art. 34<br>R\u0103spunsul motivat la reclama\u0163ia administrativ\u0103 se transmite persoanei care a formulat-o \u00een termen de 15 zile de la data \u00eenregistr\u0103rii, indiferent dac\u0103 solu\u0163ia este favorabil\u0103 sau nefavorabil\u0103. In cazul \u00een care reclama\u0163ia se dovede\u015fte intemeiat\u0103, r\u0103spunsul va con\u0163ine informa\u0163iile de interes public solicitate ini\u0163ial \u015fi, de asemenea, dup\u0103 caz, vor men\u0163iona m\u0103surile dispuse, respectiv sesizarea comisiei de disciplin\u0103, \u00een cazul func\u0163ionarului public, \u00een condi\u0163iile legii.<\/p>\n\n\n\n<p>Informa\u0163iile de interes public se pot ob\u0163ine \u00een conformitate cu Legea nr. 544\/2001 privind liberul acces la informa\u0163iile de interes public<\/p>\n\n\n\n<p><a href=\"\/upload\/2497\/Formular_reclamatie_administrativa_2.doc\">Formular reclama\u021bie administrativ\u0103 neprimire informa\u0163ii \u00een termen legal<\/a><\/p>\n\n\n\n<h4 class=\"wp-block-heading\"><a href=\"\/upload\/2497\/Formular_reclamatie_administrativa_1.doc\">Formular reclama\u0163ie administrativ\u0103 r\u0103spuns negativ&nbsp;<\/a><\/h4>\n","protected":false},"excerpt":{"rendered":"<p>Modalit\u0103\u021bi de contestare a deciziei \u00een situa\u021bia \u00een care solicitantul de informa\u021bii se consider\u0103 v\u0103t\u0103mat \u00een privin\u021ba dreptului de acces la informa\u021biile de interes publicIn conformitate cu prevederile H.G. nr.<\/p>\n","protected":false},"author":1,"featured_media":0,"parent":0,"menu_order":270,"comment_status":"closed","ping_status":"closed","template":"template-parts\/content-with-sidebar.php","meta":{"footnotes":""},"class_list":["post-2205","page","type-page","status-publish","hentry"],"_links":{"self":[{"href":"https:\/\/www.anofm.ro\/calarasi\/wp-json\/wp\/v2\/pages\/2205","targetHints":{"allow":["GET"]}}],"collection":[{"href":"https:\/\/www.anofm.ro\/calarasi\/wp-json\/wp\/v2\/pages"}],"about":[{"href":"https:\/\/www.anofm.ro\/calarasi\/wp-json\/wp\/v2\/types\/page"}],"author":[{"embeddable":true,"href":"https:\/\/www.anofm.ro\/calarasi\/wp-json\/wp\/v2\/users\/1"}],"replies":[{"embeddable":true,"href":"https:\/\/www.anofm.ro\/calarasi\/wp-json\/wp\/v2\/comments?post=2205"}],"version-history":[{"count":1,"href":"https:\/\/www.anofm.ro\/calarasi\/wp-json\/wp\/v2\/pages\/2205\/revisions"}],"predecessor-version":[{"id":2870,"href":"https:\/\/www.anofm.ro\/calarasi\/wp-json\/wp\/v2\/pages\/2205\/revisions\/2870"}],"wp:attachment":[{"href":"https:\/\/www.anofm.ro\/calarasi\/wp-json\/wp\/v2\/media?parent=2205"}],"curies":[{"name":"wp","href":"https:\/\/api.w.org\/{rel}","templated":true}]}}