{"id":2187,"date":"2023-12-14T22:54:01","date_gmt":"2023-12-14T20:54:01","guid":{"rendered":"https:\/\/www.anofm.ro\/parteneriate-de-colaborare\/"},"modified":"2024-01-18T23:16:03","modified_gmt":"2024-01-18T21:16:03","slug":"parteneriate-de-colaborare","status":"publish","type":"page","link":"https:\/\/www.anofm.ro\/calarasi\/parteneriate-de-colaborare\/","title":{"rendered":"Parteneriate de colaborare"},"content":{"rendered":"\n<p>Cre\u015fterea \u015fanselor de ocupare a persoanelor \u00een c\u0103utarea unui loc de munc\u0103 se poate realiza de c\u0103tre Agen\u0163ia Na\u0163ional\u0103 pentru Ocuparea For\u0163ei de Munc\u0103 \u015fi prin promovarea unor programe speciale \u00een parteneriat cu alte persoane juridice de drept public sau privat.<\/p>\n\n\n\n<p><a href=\"\/upload\/4120\/protocoale_de_colaborare.pdf\">protocoale_de_colaborare.pdf<\/a><\/p>\n","protected":false},"excerpt":{"rendered":"<p>Cre\u015fterea \u015fanselor de ocupare a persoanelor \u00een c\u0103utarea unui loc de munc\u0103 se poate realiza de c\u0103tre Agen\u0163ia Na\u0163ional\u0103 pentru Ocuparea For\u0163ei de Munc\u0103 \u015fi prin promovarea unor programe speciale<\/p>\n","protected":false},"author":1,"featured_media":0,"parent":0,"menu_order":180,"comment_status":"closed","ping_status":"closed","template":"template-parts\/content-with-sidebar.php","meta":{"footnotes":""},"class_list":["post-2187","page","type-page","status-publish","hentry"],"_links":{"self":[{"href":"https:\/\/www.anofm.ro\/calarasi\/wp-json\/wp\/v2\/pages\/2187","targetHints":{"allow":["GET"]}}],"collection":[{"href":"https:\/\/www.anofm.ro\/calarasi\/wp-json\/wp\/v2\/pages"}],"about":[{"href":"https:\/\/www.anofm.ro\/calarasi\/wp-json\/wp\/v2\/types\/page"}],"author":[{"embeddable":true,"href":"https:\/\/www.anofm.ro\/calarasi\/wp-json\/wp\/v2\/users\/1"}],"replies":[{"embeddable":true,"href":"https:\/\/www.anofm.ro\/calarasi\/wp-json\/wp\/v2\/comments?post=2187"}],"version-history":[{"count":3,"href":"https:\/\/www.anofm.ro\/calarasi\/wp-json\/wp\/v2\/pages\/2187\/revisions"}],"predecessor-version":[{"id":3150,"href":"https:\/\/www.anofm.ro\/calarasi\/wp-json\/wp\/v2\/pages\/2187\/revisions\/3150"}],"wp:attachment":[{"href":"https:\/\/www.anofm.ro\/calarasi\/wp-json\/wp\/v2\/media?parent=2187"}],"curies":[{"name":"wp","href":"https:\/\/api.w.org\/{rel}","templated":true}]}}