{"id":2159,"date":"2023-12-14T22:54:01","date_gmt":"2023-12-14T20:54:01","guid":{"rendered":"https:\/\/www.anofm.ro\/misiune\/"},"modified":"2024-01-18T23:10:24","modified_gmt":"2024-01-18T21:10:24","slug":"misiune","status":"publish","type":"page","link":"https:\/\/www.anofm.ro\/calarasi\/misiune\/","title":{"rendered":"Misiune"},"content":{"rendered":"\n<p>Agen\u021bia Jude\u021bean\u0103 pentru Ocuparea For\u021bei de Munc\u0103 C\u0103l\u0103ra\u0219i aplic\u0103 politicile \u0219i strategiile privind ocuparea for\u021bei de munc\u0103 \u0219i formarea profesional\u0103 a persoanelor \u00een c\u0103utarea unui loc de munc\u0103 inclusiv a absolven\u021bilor, elaborate de Ministerul Muncii \u0219i Justi\u021biei Sociale, \u0219i are urm\u0103toarele obiective principale:<\/p>\n\n\n\n<p>\u00b7&nbsp;&nbsp;&nbsp;&nbsp;&nbsp;&nbsp;&nbsp;&nbsp; stimularea ocup\u0103rii for\u021bei de munc\u0103 \u0219i cre\u0219terea gradului de ocupare a for\u021bei de munc\u0103;<\/p>\n\n\n\n<p>\u00b7&nbsp;&nbsp;&nbsp;&nbsp;&nbsp;&nbsp;&nbsp;&nbsp; stimularea \u00eencadr\u0103rii tinerilor absolven\u021bi ai institu\u021biilor de \u00eenv\u0103\u021b\u0103m\u00e2nt \u00een cadrul unui proces coerent de tranzi\u021bie de la sistemul educa\u021bional la pia\u021ba muncii;&nbsp;<\/p>\n\n\n\n<p>\u00b7&nbsp;&nbsp;&nbsp;&nbsp;&nbsp;&nbsp;&nbsp;&nbsp; prevenirea \u0219omajului;<\/p>\n\n\n\n<p>\u00b7&nbsp;&nbsp;&nbsp;&nbsp;&nbsp;&nbsp;&nbsp;&nbsp; stimularea particip\u0103rii persoanelor aflate \u00een c\u0103utarea unui loc de munc\u0103 la serviciile de formare profesional\u0103 \u0219i de evaluare a competen\u021belor dob\u00e2ndite pe alte c\u0103i decat cele formale;<\/p>\n\n\n\n<p>\u00b7&nbsp;&nbsp;&nbsp;&nbsp;&nbsp;&nbsp;&nbsp;&nbsp; cre\u015fterea \u015fanselor de ocupare \u015fi a incluziunii sociale a unor categorii de persoane care se confrunt\u0103 cu dificult\u0103\u0163i la \u00eencadrarea \u00een munc\u0103 prin servicii \u015fi m\u0103suri active de stimulare a ocup\u0103rii;<\/p>\n\n\n\n<p>\u00b7&nbsp;&nbsp;&nbsp;&nbsp;&nbsp;&nbsp;&nbsp;&nbsp; protec\u0163ia persoanelor supuse riscului pierderii locului de munc\u0103 \u00een cadrul sistemului asigur\u0103rilor pentru \u015fomaj;<\/p>\n\n\n\n<p>\u00b7&nbsp;&nbsp;&nbsp;&nbsp;&nbsp;&nbsp;&nbsp;&nbsp; protec\u0163ia salaria\u0163ilor angajatorilor \u00een stare de insolven\u0163\u0103, \u00een condi\u0163iile prev\u0103zute de Legea nr. 200\/2006 privind constituirea \u015fi utilizarea Fondului de garantare pentru plata crean\u0163elor salariale, cu modific\u0103rile ulterioare;<\/p>\n\n\n\n<p>\u00b7&nbsp;&nbsp;&nbsp;&nbsp;&nbsp;&nbsp;&nbsp;&nbsp; facilitarea liberei circula\u0163ii a lucr\u0103torilor \u00een statele membre ale Uniunii Europene \u015fi \u00een statele semnatare ale Acordului privind Spa\u0163iul Economic European, precum \u015fi \u00een alte state cu care Rom\u00e2nia a \u00eencheiat tratate, acorduri sau conven\u0163ii.<\/p>\n\n\n\n<p>Rolul unui serviciu public de ocupare modern trebuie sa se extinda de la punerea in aplicare a legii si de furnizare de servicii publice la acela de a facilita corelarea dintre cererea si oferta de munca, cu implicatii directe asupra dezvoltarii socio-economice, incluziunii si bunastarii sociale, prin intermediul unor servicii publice si reglementari de calitate.<\/p>\n","protected":false},"excerpt":{"rendered":"<p>Agen\u021bia Jude\u021bean\u0103 pentru Ocuparea For\u021bei de Munc\u0103 C\u0103l\u0103ra\u0219i aplic\u0103 politicile \u0219i strategiile privind ocuparea for\u021bei de munc\u0103 \u0219i formarea profesional\u0103 a persoanelor \u00een c\u0103utarea unui loc de munc\u0103 inclusiv a<\/p>\n","protected":false},"author":1,"featured_media":0,"parent":0,"menu_order":40,"comment_status":"closed","ping_status":"closed","template":"template-parts\/content-with-sidebar.php","meta":{"footnotes":""},"class_list":["post-2159","page","type-page","status-publish","hentry"],"_links":{"self":[{"href":"https:\/\/www.anofm.ro\/calarasi\/wp-json\/wp\/v2\/pages\/2159","targetHints":{"allow":["GET"]}}],"collection":[{"href":"https:\/\/www.anofm.ro\/calarasi\/wp-json\/wp\/v2\/pages"}],"about":[{"href":"https:\/\/www.anofm.ro\/calarasi\/wp-json\/wp\/v2\/types\/page"}],"author":[{"embeddable":true,"href":"https:\/\/www.anofm.ro\/calarasi\/wp-json\/wp\/v2\/users\/1"}],"replies":[{"embeddable":true,"href":"https:\/\/www.anofm.ro\/calarasi\/wp-json\/wp\/v2\/comments?post=2159"}],"version-history":[{"count":2,"href":"https:\/\/www.anofm.ro\/calarasi\/wp-json\/wp\/v2\/pages\/2159\/revisions"}],"predecessor-version":[{"id":3142,"href":"https:\/\/www.anofm.ro\/calarasi\/wp-json\/wp\/v2\/pages\/2159\/revisions\/3142"}],"wp:attachment":[{"href":"https:\/\/www.anofm.ro\/calarasi\/wp-json\/wp\/v2\/media?parent=2159"}],"curies":[{"name":"wp","href":"https:\/\/api.w.org\/{rel}","templated":true}]}}