{"id":6551,"date":"2025-06-23T10:17:05","date_gmt":"2025-06-23T07:17:05","guid":{"rendered":"https:\/\/www.anofm.ro\/bucuresti\/mecanism-de-raportare\/"},"modified":"2025-06-23T10:17:05","modified_gmt":"2025-06-23T07:17:05","slug":"mecanism-de-raportare","status":"publish","type":"page","link":"https:\/\/www.anofm.ro\/bucuresti\/mecanism-de-raportare\/","title":{"rendered":"Mecanism de raportare"},"content":{"rendered":"\n<p>Mecanismul de\u00a0<strong>raportare<\/strong>\u00a0a \u00eenc\u0103lc\u0103rii legii:<\/p>\n\n\n\n<div class=\"file-list-wrap\"><ul class=\"file-list\">\n<li><a href=\"https:\/\/www.anofm.ro\/bucuresti\/wp-content\/uploads\/sites\/11\/2025\/07\/Mecanism_de_raportare_incalcarea_legii-anofm.pdf\" download>Mecanism_de_raportare_incalcarea_legii-anofm<\/a><\/li>\n\n\n\n<li><a href=\"https:\/\/www.anofm.ro\/bucuresti\/wp-content\/uploads\/sites\/11\/2025\/07\/Formular_Raportare_privind_incalcari_ale_legii-1.docx\" download>Formular_Raportare_privind_incalcari_ale_legii-1<\/a><\/li>\n<\/ul><\/div>\n","protected":false},"excerpt":{"rendered":"<p>Mecanismul de\u00a0raportare\u00a0a \u00eenc\u0103lc\u0103rii legii:<\/p>\n","protected":false},"author":1,"featured_media":0,"parent":0,"menu_order":401,"comment_status":"closed","ping_status":"closed","template":"","meta":{"footnotes":""},"class_list":["post-6551","page","type-page","status-publish","hentry"],"_links":{"self":[{"href":"https:\/\/www.anofm.ro\/bucuresti\/wp-json\/wp\/v2\/pages\/6551","targetHints":{"allow":["GET"]}}],"collection":[{"href":"https:\/\/www.anofm.ro\/bucuresti\/wp-json\/wp\/v2\/pages"}],"about":[{"href":"https:\/\/www.anofm.ro\/bucuresti\/wp-json\/wp\/v2\/types\/page"}],"author":[{"embeddable":true,"href":"https:\/\/www.anofm.ro\/bucuresti\/wp-json\/wp\/v2\/users\/1"}],"replies":[{"embeddable":true,"href":"https:\/\/www.anofm.ro\/bucuresti\/wp-json\/wp\/v2\/comments?post=6551"}],"version-history":[{"count":1,"href":"https:\/\/www.anofm.ro\/bucuresti\/wp-json\/wp\/v2\/pages\/6551\/revisions"}],"predecessor-version":[{"id":6554,"href":"https:\/\/www.anofm.ro\/bucuresti\/wp-json\/wp\/v2\/pages\/6551\/revisions\/6554"}],"wp:attachment":[{"href":"https:\/\/www.anofm.ro\/bucuresti\/wp-json\/wp\/v2\/media?parent=6551"}],"curies":[{"name":"wp","href":"https:\/\/api.w.org\/{rel}","templated":true}]}}