{"id":5056,"date":"2024-05-09T13:06:29","date_gmt":"2024-05-09T10:06:29","guid":{"rendered":"https:\/\/www.anofm.ro\/bucuresti\/credite-in-conditii-avantajoase-pentru-imm-uri-in-vederea-crearii-de-noi-locuri-de-munca\/"},"modified":"2024-05-09T13:08:27","modified_gmt":"2024-05-09T10:08:27","slug":"credite-in-conditii-avantajoase-pentru-imm-uri-in-vederea-crearii-de-noi-locuri-de-munca","status":"publish","type":"page","link":"https:\/\/www.anofm.ro\/bucuresti\/credite-in-conditii-avantajoase-pentru-imm-uri-in-vederea-crearii-de-noi-locuri-de-munca\/","title":{"rendered":"Credite \u00een condi\u021bii avantajoase pentru IMM-uri \u00een vederea cre\u0103rii de noi locuri de munc\u0103"},"content":{"rendered":"\n<p><strong>Credite \u00een condi\u0163ii avantajoase.&nbsp;<\/strong><\/p>\n\n\n\n<p>(1) Potrivit Art. 86 din Legea 76\/2002 privind&nbsp;privind sistemul asigur\u0103rilor pentru \u015fomaj \u015fi stimularea ocup\u0103rii for\u0163ei de munc\u0103, cu modific\u0103rile \u015fi complet\u0103rile ulterioare, pentru crearea de noi locuri de munc\u0103 prin \u00eenfiin\u0163area sau dezvoltarea de \u00eentreprinderi mici \u015fi mijlocii, unit\u0103\u0163i cooperatiste, \u00eentreprinderi individuale, \u00eentreprinderi familiale, precum \u015fi activit\u0103\u0163i independente desf\u0103\u015furate de persoane fizice autorizate se pot acorda, din bugetul asigur\u0103rilor pentru \u015fomaj, credite \u00een condi\u0163ii avantajoase.&nbsp;<\/p>\n\n\n\n<p>(2) Creditele se acord\u0103 \u00een baza unor proiecte de fezabilitate, propor\u0163ional cu num\u0103rul de locuri de munc\u0103 ce vor fi create, pentru o perioad\u0103 de cel mult 3 ani, pentru investi\u0163ii, inclusiv perioada de gra\u0163ie de maximum 6 luni \u015fi, respectiv, un an pentru asigurarea produc\u0163iei, cu o dob\u00e2nd\u0103 de 50% din dob\u00e2nda de referin\u0163\u0103 a B\u0103ncii Na\u0163ionale a Rom\u00e2niei.<br><br>(3) \u00cen jude\u0163ele \u00een care rata medie anual\u0103 a \u015fomajului s-a situat peste rata medie anual\u0103 a \u015fomajului pe \u0163ar\u0103, comunicat\u0103 de Agen\u0163ia Na\u0163ional\u0103 pentru Ocuparea For\u0163ei de Munc\u0103, creditele se acord\u0103 \u00een anul calendaristic urm\u0103tor cu o dob\u00e2nd\u0103 de 25% din dob\u00e2nda de referin\u0163\u0103 a B\u0103ncii Na\u0163ionale a Rom\u00e2niei.<br><br>(4) Beneficiaz\u0103 de credite, \u00een condi\u0163iile legii, cu dob\u00e2nda prev\u0103zut\u0103 la alin. (3) \u015fi persoanele \u00een v\u00e2rst\u0103 de p\u00e2n\u0103 la 30 de ani, care au statut de student pentru prima dat\u0103 \u015fi urmeaz\u0103 studiile la cursuri de zi la o institu\u0163ie de \u00eenv\u0103\u0163\u0103m\u00e2nt superior de stat sau particular, autorizat\u0103 sau acreditat\u0103, \u00een condi\u0163iile legii.&nbsp;<br><br>(5) Creditele prev\u0103zute la alin. (4) se acord\u0103 studen\u0163ilor care \u00eenfiin\u0163eaz\u0103 sau dezvolt\u0103, individual ori \u00eempreun\u0103 cu al\u0163i studen\u0163i care \u00eendeplinesc condi\u0163iile prev\u0103zute la alin. (4), \u00eentreprinderi mici \u015fi mijlocii, unit\u0103\u0163i cooperatiste, \u00eentreprinderi individuale, \u00eentreprinderi familiale sau care desf\u0103\u015foar\u0103 o activitate economic\u0103 \u00een calitate de persoan\u0103 fizic\u0103 autorizat\u0103.<br><br>(6) \u00cen cazul \u00een care \u00een perioada pentru care a fost acordat creditul intervine cesionarea sau \u00eenstr\u0103inarea par\u0163ial\u0103 ori total\u0103, prin orice modalitate, a p\u0103r\u0163ilor sociale sau a ac\u0163iunilor de\u0163inute de beneficiarii de credite prev\u0103zu\u0163i la alin. (4) c\u0103tre alte persoane dec\u00e2t cele din categoria men\u0163ionat\u0103, ace\u015ftia sunt obliga\u0163i s\u0103 achite o sum\u0103 egal\u0103 cu diferen\u0163a dintre dob\u00e2nda prev\u0103zut\u0103 la alin. (2) \u015fi cea prev\u0103zut\u0103 la alin. (3).<br><br>(7)&nbsp;<strong>Beneficiarii de credite acordate \u00een condi\u0163iile prev\u0103zute la alin. (2)-(4) trebuie s\u0103 \u00eendeplineasc\u0103 urm\u0103toarele condi\u0163ii:&nbsp;<\/strong><br>\u2003\u2003a) s\u0103 aib\u0103 cel mult 249 de angaja\u0163i \u015fi\/sau membri cooperatori cu raporturi de munc\u0103 sau de serviciu;<br>\u2003\u2003b) activitatea de baz\u0103 s\u0103 se realizeze \u00een produc\u0163ie, servicii sau \u00een turism;&nbsp;<br>\u2003\u2003c) pe cel pu\u0163in 60% din num\u0103rul locurilor de munc\u0103 nou-create prin \u00eenfiin\u0163area sau dezvoltarea de \u00eentreprinderi mici \u015fi mijlocii ori de unit\u0103\u0163i cooperatiste s\u0103 fie \u00eencadrat personal provenind din r\u00e2ndul \u015fomerilor \u00eenregistra\u0163i la agen\u0163iile pentru ocuparea for\u0163ei de munc\u0103;&nbsp;<br>\u2003\u2003d) personalul \u00eencadrat \u00een condi\u0163iile prev\u0103zute la lit. c) s\u0103 fie men\u0163inut \u00een activitate cel pu\u0163in 3 ani;<br>\u2003\u2003e) locurile de munc\u0103 avute \u00een vedere la acordarea de credite \u00een condi\u0163iile alin. (2)-(4) s\u0103 nu fie locurile de munc\u0103 vacante, rezultate \u00een urma \u00eencet\u0103rii raporturilor de munc\u0103 a unor angaja\u0163i \u00een ultimele 12 luni premerg\u0103toare \u00eencheierii contractului de creditare.<br><br><strong>(8) \u015eomerii care se oblig\u0103 s\u0103 \u00eenfiin\u0163eze \u00eentreprinderi mici \u015fi mijlocii, unit\u0103\u0163i cooperatiste, \u00eentreprinderi individuale, \u00eentreprinderi familiale sau care desf\u0103\u015foar\u0103 o activitate economic\u0103 \u00een calitate de persoane fizice autorizate au prioritate la ob\u0163inerea creditelor \u00een condi\u0163ii avantajoase.<\/strong><br><br>Pentru acordarea creditelor \u00een condi\u0163ii avantajoase contribu\u0163ia beneficiarului trebuie s\u0103 fie de cel pu\u0163in 25% din valoarea proiectului de fezabilitate depus.&nbsp;<br>Creditele \u00een condi\u0163ii avantajoase se acord\u0103 din bugetul asigur\u0103rilor pentru \u015fomaj, cu respectarea reglement\u0103rilor aplicabile \u00een domeniul ajutorului de minimis.&nbsp;<br>Beneficiarii de credite acordate \u00een condi\u0163iile art. 86 au obliga\u0163ia de a men\u0163ine locurile de munc\u0103 nou create pentru o perioad\u0103 minim\u0103 de 5 ani.<\/p>\n\n\n\n<p><strong>Fonduri nerambursabile<\/strong><\/p>\n\n\n\n<p>(1) Potritiv art 86^1 din Legea 76\/20022 privind sistemul asigur\u0103rilor pentru \u015fomaj \u015fi stimularea ocup\u0103rii for\u0163ei de munc\u0103, pentru crearea de noi locuri de munc\u0103 pentru \u015fomeri, se pot acorda, din bugetul asigur\u0103rilor pentru \u015fomaj, de la capitolul &#8222;\u00cemprumuturi&#8221;, fonduri nerambursabile.<\/p>\n\n\n\n<p>(2) Fondurile nerambursabile se acord\u0103 \u00een baza unor proiecte de fezabilitate, propor\u0163ional cu num\u0103rul de locuri de munc\u0103 ce vor fi create.<\/p>\n\n\n\n<p>(3) Fondurile prev\u0103zute la alin. (1) se acord\u0103 pentru \u00eenfiin\u0163area sau dezvoltarea de \u00eentreprinderi mici \u015fi mijlocii, unit\u0103\u0163i cooperatiste, \u00eentreprinderi individuale, \u00eentreprinderi familiale, precum \u015fi activit\u0103\u0163i desf\u0103\u015furate de persoane fizice autorizate, care \u00ee\u015fi desf\u0103\u015foar\u0103 activitatea \u00een localit\u0103\u0163i confruntate cu fenomene de s\u0103r\u0103cie \u015fi excluziune social\u0103 din cauza nivelului ridicat al \u015fomajului.<\/p>\n\n\n\n<p>(4) Localit\u0103\u0163ile \u00een care se vor acorda fondurile prev\u0103zute la alin. (1), precum \u015fi sumele ce vor fi alocate fiec\u0103rei localit\u0103\u0163i se stabilesc prin hot\u0103r\u00e2re a Guvernului, \u00een limitele stabilite prin legea bugetului asigur\u0103rilor sociale de stat.<\/p>\n\n\n\n<p>(5) Fondurile prev\u0103zute la alin. (1) se acord\u0103 \u00eentreprinderilor mici \u015fi mijlocii \u015fi unit\u0103\u0163ilor cooperatiste, cu condi\u0163ia ca, pe toate locurile de munc\u0103 nou-create, s\u0103 \u00eencadreze \u00een munc\u0103, pe perioad\u0103 nedeterminat\u0103, \u015fomeri pe care s\u0103 \u00eei men\u0163in\u0103 \u00een activitate cel pu\u0163in 4 ani, \u00eentreprinderilor individuale \u015fi \u00eentreprinderilor familiale \u00eenfiin\u0163ate de \u015fomeri, precum \u015fi \u015fomerilor care au dob\u00e2ndit calitatea de persoane fizice autorizate s\u0103 desf\u0103\u015foare, \u00een mod independent, o activitate economic\u0103.&nbsp;<br>Pentru acordarea fondurilor nerambursabile prev\u0103zute mai sus, contribu\u0163ia beneficiarului trebuie s\u0103 fie de cel pu\u0163in 25% din valoarea proiectului de fezabilitate depus.<br>Fondurile nerambursabile se acord\u0103 din bugetul asigur\u0103rilor pentru \u015fomaj, cu respectarea reglement\u0103rilor aplicabile \u00een domeniul ajutorului de minimis.&nbsp;<br>Beneficiarii fonduri nerambursabile acordate \u00een condi\u0163iile art. 86^1 au obliga\u0163ia de a men\u0163ine locurile de munc\u0103 nou create pentru o perioad\u0103 minim\u0103 de 5 ani.&nbsp;<\/p>\n","protected":false},"excerpt":{"rendered":"<p>Credite \u00een condi\u0163ii avantajoase.&nbsp; (1) Potrivit Art. 86 din Legea 76\/2002 privind&nbsp;privind sistemul asigur\u0103rilor pentru \u015fomaj \u015fi stimularea ocup\u0103rii for\u0163ei de munc\u0103, cu modific\u0103rile \u015fi complet\u0103rile ulterioare, pentru crearea de<\/p>\n","protected":false},"author":1,"featured_media":0,"parent":0,"menu_order":937,"comment_status":"closed","ping_status":"closed","template":"template-parts\/content-with-sidebar.php","meta":{"footnotes":""},"class_list":["post-5056","page","type-page","status-publish","hentry"],"_links":{"self":[{"href":"https:\/\/www.anofm.ro\/bucuresti\/wp-json\/wp\/v2\/pages\/5056","targetHints":{"allow":["GET"]}}],"collection":[{"href":"https:\/\/www.anofm.ro\/bucuresti\/wp-json\/wp\/v2\/pages"}],"about":[{"href":"https:\/\/www.anofm.ro\/bucuresti\/wp-json\/wp\/v2\/types\/page"}],"author":[{"embeddable":true,"href":"https:\/\/www.anofm.ro\/bucuresti\/wp-json\/wp\/v2\/users\/1"}],"replies":[{"embeddable":true,"href":"https:\/\/www.anofm.ro\/bucuresti\/wp-json\/wp\/v2\/comments?post=5056"}],"version-history":[{"count":1,"href":"https:\/\/www.anofm.ro\/bucuresti\/wp-json\/wp\/v2\/pages\/5056\/revisions"}],"predecessor-version":[{"id":5060,"href":"https:\/\/www.anofm.ro\/bucuresti\/wp-json\/wp\/v2\/pages\/5056\/revisions\/5060"}],"wp:attachment":[{"href":"https:\/\/www.anofm.ro\/bucuresti\/wp-json\/wp\/v2\/media?parent=5056"}],"curies":[{"name":"wp","href":"https:\/\/api.w.org\/{rel}","templated":true}]}}