{"id":5054,"date":"2024-05-09T13:05:14","date_gmt":"2024-05-09T10:05:14","guid":{"rendered":"https:\/\/www.anofm.ro\/bucuresti\/creante-salariale\/"},"modified":"2024-09-16T14:35:47","modified_gmt":"2024-09-16T11:35:47","slug":"creante-salariale","status":"publish","type":"page","link":"https:\/\/www.anofm.ro\/bucuresti\/creante-salariale\/","title":{"rendered":"Crean\u021be salariale"},"content":{"rendered":"\n<p><a href=\"https:\/\/www.anofm.ro\/wp-content\/uploads\/2024\/09\/LEGE-A-200-22-05-2006.pdf\">Legea nr. 200\/2006<\/a>\u00a0 reglementeaz\u0103 constituirea \u015fi utilizarea Fondului de garantare pentru plata crean\u0163elor salariale.<\/p>\n\n\n\n<p>Fondul de garantare asigur\u0103 plata crean\u0163elor salariale ce rezult\u0103 din contractele individuale de munc\u0103 \u015fi din contractele colective de munc\u0103 \u00eencheiate de salaria\u0163i cu angajatorii \u00eempotriva c\u0103rora au fost pronun\u0163ate hot\u0103r\u00e2ri judec\u0103tore\u015fti definitive de deschidere a procedurii insolven\u0163ei \u015fi fa\u0163\u0103 de care a fost dispus\u0103 m\u0103sura ridic\u0103rii totale sau par\u0163iale a dreptului de administrare, denumi\u0163i \u00een continuare angajatori \u00een stare de insolven\u0163\u0103.<\/p>\n\n\n\n<p>Potrivit actului normativ men\u0163ionat din resursele Fondului de garantare se suport\u0103, \u00een limitele \u015fi \u00een condi\u0163iile prev\u0103zute \u00een prezentul capitol, urm\u0103toarele categorii de crean\u0163e salariale:<\/p>\n\n\n\n<p>a) salariile restante;<\/p>\n\n\n\n<p>b) compensa\u0163iile b\u0103ne\u015fti restante, datorate de angajatori pentru concediul de odihn\u0103 neefectuat de salaria\u0163i, dar numai pentru maximum un an de munc\u0103;<\/p>\n\n\n\n<p>c) pl\u0103\u0163ile compensatorii restante, \u00een cuantumul stabilit \u00een contractul colectiv de munc\u0103 \u015fi\/sau \u00een contractul individual de munc\u0103, \u00een cazul \u00eencet\u0103rii raporturilor de munc\u0103;&nbsp;<\/p>\n\n\n\n<p>d) compensa\u0163iile restante pe care angajatorii au obliga\u0163ia de a le pl\u0103ti, potrivit contractului colectiv de munc\u0103 \u015fi\/sau contractului individual de munc\u0103, \u00een cazul accidentelor de munc\u0103 sau al bolilor profesionale;<\/p>\n\n\n\n<p>e) indemniza\u0163iile restante, pe care angajatorii au obliga\u0163ia, potrivit legii, de a le pl\u0103ti pe durata \u00eentreruperii temporare a activit\u0103\u0163ii.<\/p>\n\n\n\n<p>Din Fondul de garantare nu se suport\u0103 contribu\u0163iile sociale datorate de angajatorii \u00een stare de insolven\u0163\u0103.<\/p>\n\n\n\n<p>Potrivit art. 15 din Legea nr. 200\/2006 crean\u0163ele salariale prev\u0103zute la lit. a), c), d) \u015fi e), de mai sus, se suport\u0103 pentru o perioad\u0103 de 5 luni calendaristice. Iar o alt\u0103 solicitare privind plata crean\u0163elor salariale poate fi f\u0103cut\u0103 numai dac\u0103 perioada prev\u0103zut\u0103 este mai mic\u0103 de 5 luni.<strong><em>Documenta\u021bia necesar\u0103 pentru accesarea Fondului de garantare pentru plata crean\u021belor salariale cu respectarea prevederilor Legii Nr. 200\/2006 \u0219i HG 1850\/2006, cu modific\u0103rile \u0219i complet\u0103rile ulterioare, de c\u0103tre persoanele fizice, salaria\u021bi ai angajatorului \u00een insolven\u021b\u0103:<\/em><\/strong><\/p>\n\n\n\n<p>1. Cererea pentru stabilirea cuantumului \u0219i plata crean\u021belor ce se suport\u0103 din Fondul de garantare pentru plata crean\u021belor salariale&nbsp; &#8211;<em><a href=\"https:\/\/www.anofm.ro\/upload\/3285\/CERERE-_Anexa_nr.1_la_HG_1850.doc\"> <\/a><a href=\"https:\/\/www.anofm.ro\/wp-content\/uploads\/2024\/09\/CERERE-_Anexa_nr.1_la_HG_1850-.docx\">Anexa nr. 1 din HG nr. 1850\/2006<\/a><\/em>.<\/p>\n\n\n\n<p>2. Documentele prev\u0103zute de lege ce trebuie s\u0103 \u00eenso\u021beasc\u0103 cererea:<\/p>\n\n\n\n<p>a) copie hot\u0103r\u00e2re judec\u0103toareasc\u0103 definitiv\u0103 de deschidere a procedurii de insolven\u021b\u0103;<\/p>\n\n\n\n<p>b) copie hot\u0103t\u00e2re judec\u0103toreasc\u0103 prin care s-a dispus m\u0103sura ridic\u0103rii par\u021biale sau toatee a dreptului de administrare;<\/p>\n\n\n\n<p>c)&nbsp; copie notificare adresat\u0103, potrivit art. 19. alin 4 din Legea nr. 200\/2006, administratorului sau lichidatorului angajatorului \u00een stare de insolven\u021b\u0103, \u00een vederea efectu\u0103rii demersurilor necesare pentu plata crean\u021belor salariale.<\/p>\n\n\n\n<p>3. Documente suplimentare:<\/p>\n\n\n\n<p>&#8211; copii ale contractelor individuale de munc\u0103 ale salaria\u021bilor;<\/p>\n\n\n\n<p>&#8211; copii ale deciziilor de \u00eencetare ale contractelor individuale de munc\u0103;<\/p>\n\n\n\n<p>&#8211; copii ale fi\u0219elor de lichidare ale salaria\u021bilor;<\/p>\n\n\n\n<p>&#8211; dovada notific\u0103rii administratorului\/lichidatorului judiciar (r\u0103spunsul firmei de lichidare, confirmare de primire, num\u0103r de \u00eenregistrare de la firma de lichidare, confirmare prin e-mail etc);<\/p>\n\n\n\n<p>&#8211; alte documente dup\u0103 caz.<\/p>\n\n\n\n<p><strong><em>Documenta\u021bia necesar\u0103 pentru accesarea Fondului de garantare pentru plata crean\u021belor salariale cu respectarea prevederilor Legii Nr. 200\/2006 \u0219i HG 1850\/2006, cu modific\u0103rile \u0219i complet\u0103rile ulterioare,&nbsp;de c\u0103tre persoane juridice : Administrator \/Lichidator judiciar:<\/em><\/strong><\/p>\n\n\n\n<p>1. Cererea pentru stabilirea cuantumului \u0219i plata crean\u021belor ce se suport\u0103 din Fondul de garantare pentru plata crean\u021belor&nbsp; salariale<strong> &#8211; <\/strong><em><a href=\"https:\/\/www.anofm.ro\/wp-content\/uploads\/2024\/09\/CERERE-_Anexa_nr.1_la_HG_1850-.docx\">Anexa nr. 1 din HG nr. 1850\/2006<\/a><\/em><strong>.<\/strong><\/p>\n\n\n\n<p>2. Documentele prev\u0103zute de lege ce trebuie s\u0103 \u00eenso\u021beasc\u0103 cererea:<\/p>\n\n\n\n<p>a) copie hot\u0103r\u00e2re judec\u0103toareasc\u0103 definitiv\u0103 de deschidere a procedurii de insolven\u021b\u0103;<\/p>\n\n\n\n<p>b) copie hot\u0103r\u00e2re judec\u0103toreasc\u0103 prin care s-a dispus m\u0103sura ridic\u0103rii par\u021biale sau totale a dreptului de asministrare;<\/p>\n\n\n\n<p>c) situa\u021bia crean\u021belor salariale aferente perioadelor prev\u0103zute la art. 13 alin (1) lit b. \u0219i\/sau art 15 din lege, \u00eentocmit\u0103 de administrator sau lichidator, conform modelului prev\u0103zut \u00een <a href=\"https:\/\/www.anofm.ro\/wp-content\/uploads\/2024\/09\/Anexa_nr.2_Tabel_la_HG_nr.1850.docx\"><em>Anexa nr. 2 la HG nr. 1850\/2006<\/em><\/a>.<\/p>\n\n\n\n<p>d) copii ale pontajeleor care atest\u0103 prestarea muncii de c\u0103tre salaria\u021bi \u00een perioadele prev\u0103zute la art. 13 alin (1) lit b. \u0219i\/sau art 15 din lege, pentru crean\u0163ele salariale prev\u0103zute la art. 13 lit a) \u015fi e) din lege;<\/p>\n\n\n\n<p>e) copii ale statelor de de plat\u0103 care atest\u0103 existen\u0163a crean\u0163elor salariale aferente perioadelor prev\u0103zute la art. 13 alin (1) lit. b) \u0219i\/sau art. 15 din lege;<\/p>\n\n\n\n<p>f) copie contract colectiv de munc\u0103 aplicabil la nivelul angajatorului \u00een stare de insolven\u021b\u0103;<\/p>\n\n\n\n<p>g) copii ale contractelor individuale de munc\u0103 ale salaria\u021bilor care au suferit accidente de munc\u0103 sau boli profesionale;<\/p>\n\n\n\n<p>h) copii ale certificatelor medicale pe baza c\u0103rora se cord\u0103, potrivit legii, indemniza\u021bia pentur incapacitate temporar\u0103 de munc\u0103 datorat\u0103 acceidentelor de munc\u0103 \u0219i bolilor profesionale;<\/p>\n\n\n\n<p>i) copii ale proceselor-verbale de cercetare a accidentelor de munc\u0103 \u00eentocmite potrivit legii de autoritatea competent\u0103;<\/p>\n\n\n\n<p>j) copii ale formularelor de declarare final\u0103 a bolilot profesionale \u00eentocmite potrivit legii de autoritatea competent\u0103;<\/p>\n\n\n\n<p>k) copii ale fi\u0219elor de lichidare ale persoanelor ale c\u0103ror raporturi de munc\u0103 au \u00eencetat \u00een perioadele prev\u0103zute la art. 13 alin (1) lit b) \u0219i\/sau art. 15 din lege.<\/p>\n\n\n\n<p>3. Documente suplimentare&nbsp;<\/p>\n\n\n\n<p>&nbsp;&#8211; copii ale contractelor individuale de munc\u0103 ale salaria\u021bilor;<\/p>\n\n\n\n<p>&#8211; copii ale deciziilor de \u00eencetare ale contractelor individuale de munc\u0103;<\/p>\n\n\n\n<p>&#8211; copii ale c\u0103r\u021bilor de identitate ale salaria\u021bilor;<\/p>\n\n\n\n<p>&#8211; copie al certificatului de \u00eenregistrare fiscal\u0103 a societ\u0103\u021bii \u00een insolven\u021b\u0103;<\/p>\n\n\n\n<p>&#8211; copii ale balan\u021belor contabile lunare aferente perioadei \u00een care sunt \u00eenregistrate crean\u021bele salariale;<\/p>\n\n\n\n<p>&#8211; copii ale tabelului preliminar \u0219i\/sau definitiv al crean\u021belor \u00eempotriva debitoareli depus la dosarul cauzei \u00eenregistrat la Tribunal \u00een cadrul procedurii de insolven\u021b\u0103;<\/p>\n\n\n\n<p>&#8211; alte documente, dup\u0103 caz (date ale firmei de lichidare, situa\u021bii diverse, declara\u021bii etc)<\/p>\n\n\n\n<p><strong>NOT\u0102: Toate documentele \u00een copie trebuie s\u0103 fie \u00een conformitate originalul, semnate \u0219i \u0219tampilate.<\/strong><\/p>\n","protected":false},"excerpt":{"rendered":"<p>Legea nr. 200\/2006\u00a0 reglementeaz\u0103 constituirea \u015fi utilizarea Fondului de garantare pentru plata crean\u0163elor salariale. Fondul de garantare asigur\u0103 plata crean\u0163elor salariale ce rezult\u0103 din contractele individuale de munc\u0103 \u015fi din<\/p>\n","protected":false},"author":1,"featured_media":0,"parent":0,"menu_order":935,"comment_status":"closed","ping_status":"closed","template":"template-parts\/content-with-sidebar.php","meta":{"footnotes":""},"class_list":["post-5054","page","type-page","status-publish","hentry"],"_links":{"self":[{"href":"https:\/\/www.anofm.ro\/bucuresti\/wp-json\/wp\/v2\/pages\/5054","targetHints":{"allow":["GET"]}}],"collection":[{"href":"https:\/\/www.anofm.ro\/bucuresti\/wp-json\/wp\/v2\/pages"}],"about":[{"href":"https:\/\/www.anofm.ro\/bucuresti\/wp-json\/wp\/v2\/types\/page"}],"author":[{"embeddable":true,"href":"https:\/\/www.anofm.ro\/bucuresti\/wp-json\/wp\/v2\/users\/1"}],"replies":[{"embeddable":true,"href":"https:\/\/www.anofm.ro\/bucuresti\/wp-json\/wp\/v2\/comments?post=5054"}],"version-history":[{"count":3,"href":"https:\/\/www.anofm.ro\/bucuresti\/wp-json\/wp\/v2\/pages\/5054\/revisions"}],"predecessor-version":[{"id":5240,"href":"https:\/\/www.anofm.ro\/bucuresti\/wp-json\/wp\/v2\/pages\/5054\/revisions\/5240"}],"wp:attachment":[{"href":"https:\/\/www.anofm.ro\/bucuresti\/wp-json\/wp\/v2\/media?parent=5054"}],"curies":[{"name":"wp","href":"https:\/\/api.w.org\/{rel}","templated":true}]}}