{"id":5052,"date":"2024-05-09T13:03:27","date_gmt":"2024-05-09T10:03:27","guid":{"rendered":"https:\/\/www.anofm.ro\/bucuresti\/programe-de-formare-profesionala-la-cererea-angajatorilor\/"},"modified":"2024-05-09T13:08:11","modified_gmt":"2024-05-09T10:08:11","slug":"programe-de-formare-profesionala-la-cererea-angajatorilor","status":"publish","type":"page","link":"https:\/\/www.anofm.ro\/bucuresti\/programe-de-formare-profesionala-la-cererea-angajatorilor\/","title":{"rendered":"Programe de formare profesional\u0103 la cererea angajatorilor"},"content":{"rendered":"\n<p>Potrivit Art. 66 din Legea 76\/2002 privind&nbsp;sistemul asigur\u0103rilor pentru \u015fomaj \u015fi stimularea ocup\u0103rii for\u0163ei de munc\u0103,<\/p>\n\n\n\n<p>(1) Persoanele prev\u0103zute la art. 16 lit. a), b), d), e) \u015fi f), precum \u015fi persoanele care desf\u0103\u015foar\u0103 activit\u0103\u0163i \u00een mediul rural \u015fi nu realizeaz\u0103 venituri lunare sau realizeaz\u0103 venituri mai mici dec\u00e2t valoarea indicatorului social de referin\u0163\u0103 \u00een vigoare \u015fi care sunt \u00eenregistrate la agen\u0163iile pentru ocuparea for\u0163ei de munc\u0103 beneficiaz\u0103, \u00een mod gratuit, de servicii de formare profesional\u0103.\u00a0<br>(2) Serviciile de formare profesional\u0103 se asigur\u0103, gratuit, la cererea persoanelor angajate, cu acordul angajatorului, sau la cererea angajatorului, \u015fi pentru persoanele aflate \u00een urm\u0103toarele situa\u0163ii:\u00a0<\/p>\n\n\n\n<p>\u2003\u2003a) au reluat activitatea ca urmare a \u00eencet\u0103rii concediului pentru cre\u015fterea copilului p\u00e2n\u0103 la \u00eemplinirea v\u00e2rstei de 2 ani, respectiv 3 ani sau 7 ani \u00een cazul copilului cu handicap;&nbsp;<\/p>\n\n\n\n<p>\u2003\u2003b) au reluat activitatea dup\u0103 perioada \u00eendeplinirii serviciului militar activ;&nbsp;<\/p>\n\n\n\n<p>\u2003\u2003c) au reluat activitatea ca urmare a recuper\u0103rii capacit\u0103\u0163ii de munc\u0103 dup\u0103 pensionarea pentru invaliditate.<br>(3) Prevederile alin. (2) se aplic\u0103 \u00een cazul \u00een care cererea este formulat\u0103 \u00een termen de 12 luni de la data relu\u0103rii activit\u0103\u0163ii persoanelor, o singur\u0103 dat\u0103 pentru fiecare situa\u0163ie.<\/p>\n","protected":false},"excerpt":{"rendered":"<p>Potrivit Art. 66 din Legea 76\/2002 privind&nbsp;sistemul asigur\u0103rilor pentru \u015fomaj \u015fi stimularea ocup\u0103rii for\u0163ei de munc\u0103, (1) Persoanele prev\u0103zute la art. 16 lit. a), b), d), e) \u015fi f), precum<\/p>\n","protected":false},"author":1,"featured_media":0,"parent":0,"menu_order":933,"comment_status":"closed","ping_status":"closed","template":"template-parts\/content-with-sidebar.php","meta":{"footnotes":""},"class_list":["post-5052","page","type-page","status-publish","hentry"],"_links":{"self":[{"href":"https:\/\/www.anofm.ro\/bucuresti\/wp-json\/wp\/v2\/pages\/5052","targetHints":{"allow":["GET"]}}],"collection":[{"href":"https:\/\/www.anofm.ro\/bucuresti\/wp-json\/wp\/v2\/pages"}],"about":[{"href":"https:\/\/www.anofm.ro\/bucuresti\/wp-json\/wp\/v2\/types\/page"}],"author":[{"embeddable":true,"href":"https:\/\/www.anofm.ro\/bucuresti\/wp-json\/wp\/v2\/users\/1"}],"replies":[{"embeddable":true,"href":"https:\/\/www.anofm.ro\/bucuresti\/wp-json\/wp\/v2\/comments?post=5052"}],"version-history":[{"count":1,"href":"https:\/\/www.anofm.ro\/bucuresti\/wp-json\/wp\/v2\/pages\/5052\/revisions"}],"predecessor-version":[{"id":5058,"href":"https:\/\/www.anofm.ro\/bucuresti\/wp-json\/wp\/v2\/pages\/5052\/revisions\/5058"}],"wp:attachment":[{"href":"https:\/\/www.anofm.ro\/bucuresti\/wp-json\/wp\/v2\/media?parent=5052"}],"curies":[{"name":"wp","href":"https:\/\/api.w.org\/{rel}","templated":true}]}}