{"id":2896,"date":"2024-01-10T17:38:40","date_gmt":"2024-01-10T15:38:40","guid":{"rendered":"https:\/\/www.anofm.ro\/bucuresti\/harta-site\/"},"modified":"2024-01-10T17:38:41","modified_gmt":"2024-01-10T15:38:41","slug":"harta-site","status":"publish","type":"page","link":"https:\/\/www.anofm.ro\/bucuresti\/harta-site\/","title":{"rendered":"Hart\u0103 site"},"content":{"rendered":"<ul>\n<li>\n\t\t<a href=\"..\/despre-noi\/\">Despre noi<\/a>\n\t<\/li>\n<\/ul>\n<ul>\n<ul>\n<li>\n\t\t\t<a href=\"..\/istoric\/\">Istoric<\/a>\n\t\t<\/li>\n<li>\n\t\t\t<a href=\"..\/misiune\/\">Misiune<\/a>\n\t\t<\/li>\n<li>\n\t\t\t<a href=\"..\/legislatie-institutionala\/\">Legisla\u021bie Institu\u021bional\u0103<\/a>\n\t\t<\/li>\n<li>\n\t\t\t<a href=\"..\/conducere\/\">Conducere<\/a>\n\t\t<\/li>\n<li>\n\t\t\t<a href=\"..\/organizare\/\">Organizare<\/a>\n\t\t<\/li>\n<ol>\n<li>\n\t\t\t\t<a href=\"..\/regulamentul-de-organizare-si-functionare\/\">Regulamentul de organizare \u0219i func\u021bionare<\/a>\n\t\t\t<\/li>\n<li>\n\t\t\t\t<a href=\"..\/organigrama\/\">Organigram\u0103<\/a>\n\t\t\t<\/li>\n<li>\n\t\t\t\t<a href=\"..\/institutii-subordonate\/\">Institu\u021bii subordonate<\/a>\n\t\t\t<\/li>\n<li>\n\t\t\t\t<a href=\"..\/regulament-intern\/\">Regulament intern<\/a>\n\t\t\t<\/li>\n<li>\n\t\t\t\t<a href=\"..\/comisia-paritara\/\">Comisia Paritar\u0103<\/a>\n\t\t\t<\/li>\n<li>\n\t\t\t\t<a href=\"..\/categorie\/cariera-profesionala\/\">Carier\u0103 profesional\u0103<\/a>\n\t\t\t<\/li>\n<\/ol>\n<li>\n\t\t\t<a href=\"..\/strategii\/\">Strategii<\/a>\n\t\t<\/li>\n<li>\n\t\t\t<a href=\"..\/programe-statistici\/\">Programe, statistici<\/a>\n\t\t<\/li>\n<ol>\n<li>\n\t\t\t\t<a href=\"..\/categorie\/programul-de-ocupare\/\">Programul de Ocupare<\/a>\n\t\t\t<\/li>\n<li>\n\t\t\t\t<a href=\"..\/categorie\/programul-de-ocupare-tineri-cu-risc-de-marginalizare-sociala\/\">Programul de Ocupare &ndash; tineri cu risc de marginalizare social\u0103<\/a>\n\t\t\t<\/li>\n<li>\n\t\t\t\t<a href=\"..\/categorie\/planul-de-formare-profesionala\/\">Planul de Formare Profesional\u0103<\/a>\n\t\t\t<\/li>\n<li>\n\t\t\t\t<a href=\"..\/categorie\/statistica-somaj\/\">Statistic\u0103 \u0219omaj<\/a>\n\t\t\t<\/li>\n<\/ol>\n<li>\n\t\t\t<a href=\"..\/rapoarte-studii-bilant-de-ocupare\/\">Rapoarte, studii bilan\u021b de ocupare<\/a>\n\t\t<\/li>\n<ol>\n<li>\n\t\t\t\t<a href=\"..\/categorie\/raportul-de-activitate\/\">Raportul de activitate<\/a>\n\t\t\t<\/li>\n<li>\n\t\t\t\t<a href=\"..\/studii\/\">Studii<\/a>\n\t\t\t<\/li>\n<li>\n\t\t\t\t<a href=\"..\/bilantul-de-ocupare\/\">Bilan\u021bul de ocupare<\/a>\n\t\t\t<\/li>\n<\/ol>\n<li>\n\t\t\t<a href=\"..\/parteneriate-de-colaborare\/\">Parteneriate de colaborare<\/a>\n\t\t<\/li>\n<li>\n\t\t\t<a href=\"..\/date-cu-caracter-personal\/\">Date cu caracter personal<\/a>\n\t\t<\/li>\n<ol>\n<li>\n\t\t\t\t<a href=\"..\/protectia-datelor-cu-caracter-personal\/\">Protec\u021bia datelor cu caracter personal<\/a>\n\t\t\t<\/li>\n<li>\n\t\t\t\t<a href=\"..\/politica-de-cookies\/\">Politic\u0103 de cookies<\/a>\n\t\t\t<\/li>\n<\/ol>\n<li>\n\t\t\t<a href=\"..\/agentii-judetene\/\">Agen\u021bii jude\u021bene<\/a>\n\t\t<\/li>\n<li>\n\t\t\t<a href=\"..\/centre-crfpa\/\">Centre CRFPA<\/a>\n\t\t<\/li>\n<\/ul>\n<\/ul>\n<ul>\n<li>\n\t\t<a href=\"..\/informatii-publice\/\">Informa\u021bii publice<\/a>\n\t<\/li>\n<\/ul>\n<ul>\n<ul>\n<li>\n\t\t\t<a href=\"..\/solicitare-informatii-legea-544-2001\/\">Solicitare informa\u021bii Legea 544\/2001<\/a>\n\t\t<\/li>\n<ol>\n<li>\n\t\t\t\t<a href=\"..\/legislatie-legea-544-2001\/\">Legisla\u021bie &ndash; Legea 544\/2001<\/a>\n\t\t\t<\/li>\n<li>\n\t\t\t\t<a href=\"..\/numele-si-prenumele-persoanei-responsabile-legea-544-2001\/\">Numele \u0219i prenumele persoanei responsabile &ndash; Legea 544\/2001<\/a>\n\t\t\t<\/li>\n<li>\n\t\t\t\t<a href=\"..\/formular-solicitare-informatii-legea-544-2001\/\">Formular solicitare informa\u021bii &ndash; Legea 544\/2001<\/a>\n\t\t\t<\/li>\n<li>\n\t\t\t\t<a href=\"..\/contestarea-deciziei-legea-544-2001\/\">Contestarea deciziei &ndash; Legea 544\/2001<\/a>\n\t\t\t<\/li>\n<li>\n\t\t\t\t<a href=\"..\/lista-documentelor-de-interes-public\/\">Lista documentelor de interes public<\/a>\n\t\t\t<\/li>\n<li>\n\t\t\t\t<a href=\"..\/lista-documentelor-produse-gestionate\/\">Lista documentelor produse\/gestionate<\/a>\n\t\t\t<\/li>\n<li>\n\t\t\t\t<a href=\"..\/categorie\/raport-de-evaluare-a-implementarii-legii-nr-544-2001\/\">Raport de evaluare a implement\u0103rii Legii nr. 544\/2001<\/a>\n\t\t\t<\/li>\n<li>\n\t\t\t\t<a href=\"..\/categorie\/buletin-informativ-legea-544-2001\/\">Buletin informativ Legea 544\/2001<\/a>\n\t\t\t<\/li>\n<\/ol>\n<li>\n\t\t\t<a href=\"..\/buget\/\">Buget<\/a>\n\t\t<\/li>\n<ol>\n<li>\n\t\t\t\t<a href=\"..\/bugetul-pe-surse-financiare\/\">Bugetul pe surse financiare<\/a>\n\t\t\t<\/li>\n<li>\n\t\t\t\t<a href=\"..\/executia-bugetara\/\">Execu\u021bia bugetar\u0103<\/a>\n\t\t\t<\/li>\n<li>\n\t\t\t\t<a href=\"..\/categorie\/situatia-drepturilor-salariale-si-alte-drepturi\/\">Situa\u021bia drepturilor salariale \u0219i alte drepturi<\/a>\n\t\t\t<\/li>\n<\/ol>\n<li>\n\t\t\t<a href=\"..\/bilantul-contabil\/\">Bilan\u021bul contabil<\/a>\n\t\t<\/li>\n<li>\n\t\t\t<a href=\"..\/transparenta-achizitiilor-publice\/\">Transparen\u021ba achizi\u021biilor publice<\/a>\n\t\t<\/li>\n<ol>\n<li>\n\t\t\t\t<a href=\"..\/planul-anual-al-achizitiilor-publice\/\">Planul anual al achizi\u021biilor publice<\/a>\n\t\t\t<\/li>\n<li>\n\t\t\t\t<a href=\"..\/centralizatorul-achizitiilor-publice-cu-valoare-mai-mare-de-5000-euro\/\">Centralizatorul achizi\u021biilor publice cu valoare mai mare de 5000 Euro<\/a>\n\t\t\t<\/li>\n<li>\n\t\t\t\t<a href=\"..\/categorie\/contracte-de-achizitie-publica\/\">Contracte de achizi\u021bie public\u0103<\/a>\n\t\t\t<\/li>\n<li>\n\t\t\t\t<a href=\"..\/categorie\/anunturi-achizitii\/\">Anun\u021buri achizi\u021bii<\/a>\n\t\t\t<\/li>\n<li>\n\t\t\t\t<a href=\"..\/strategia-anuala-de-achizitii-publice\/\">Strategia anual\u0103 de achizi\u021bii publice<\/a>\n\t\t\t<\/li>\n<\/ol>\n<li>\n\t\t\t<a href=\"..\/declaratie-de-avere-si-interese\/\">Declara\u021bie de avere \u0219i interese<\/a>\n\t\t<\/li>\n<li>\n\t\t\t<a href=\"..\/integritate-institutionala\/\">Integritate institu\u021bional\u0103<\/a>\n\t\t<\/li>\n<ol>\n<li>\n\t\t\t\t<a href=\"..\/categorie\/strategia-nationala-anticoruptie\/\">Strategia Na\u021bional\u0103 Anticorup\u021bie<\/a>\n\t\t\t<\/li>\n<li>\n\t\t\t\t<a href=\"..\/lista-privind-bunurile-primite-cu-titlu-gratuit\/\">Lista privind bunurile primite cu titlu gratuit<\/a>\n\t\t\t<\/li>\n<li>\n\t\t\t\t<a href=\"..\/categorie\/cod-etic-deontologic-de-conduita\/\">Cod etic\/deontologic\/de conduit\u0103<\/a>\n\t\t\t<\/li>\n<\/ol>\n<li>\n\t\t\t<a href=\"..\/parteneriat-pentru-o-guvernare-deschisa\/\">Parteneriat pentru o guvernare deschis\u0103<\/a>\n\t\t<\/li>\n<li>\n\t\t\t<a href=\"..\/ghid-privind-aplicarea-legii-270-2017\/\">Ghid privind aplicarea Legii 270\/2017<\/a>\n\t\t<\/li>\n<li>\n\t\t\t<a href=\"..\/categorie\/situatie-debitori\/\">Situa\u021bie debitori<\/a>\n\t\t<\/li>\n<\/ul>\n<\/ul>\n<ul>\n<li>\n\t\t<a href=\"..\/persoane-fizice\/\">Persoane fizice<\/a>\n\t<\/li>\n<\/ul>\n<ul>\n<ul>\n<li>\n\t\t\t<a href=\"..\/locuri-de-munca-vacante\/\">Locuri de munc\u0103 vacante<\/a>\n\t\t<\/li>\n<li>\n\t\t\t<a href=\"..\/categorie\/burse-ale-locurilor-de-munca\/\">Burse ale locurilor de munc\u0103<\/a>\n\t\t<\/li>\n<li>\n\t\t\t<a href=\"..\/categorie\/cursuri-de-formare-profesionala\/\">Cursuri de formare profesional\u0103<\/a>\n\t\t<\/li>\n<li>\n\t\t\t<a href=\"..\/servicii-de-inregistrare\/\">Servicii de &icirc;nregistrare<\/a>\n\t\t<\/li>\n<ol>\n<li>\n\t\t\t\t<a href=\"..\/inregistrarea-somerilor\/\">&Icirc;nregistrarea \u0219omerilor<\/a>\n\t\t\t<\/li>\n<li>\n\t\t\t\t<a href=\"..\/inregistrarea-in-baza-de-date-a-altor-persoane-aflate-in-cautarea-unui-loc-de-munca-altele-decat-somerii\/\">&Icirc;nregistrarea &icirc;n baza de date a altor persoane aflate &icirc;n c\u0103utarea unui loc de munc\u0103, altele dec&acirc;t \u015fomerii<\/a>\n\t\t\t<\/li>\n<li>\n\t\t\t\t<a href=\"..\/alte-servicii\/\">Alte servicii<\/a>\n\t\t\t<\/li>\n<\/ol>\n<li>\n\t\t\t<a href=\"..\/servicii-pe-piata-muncii\/\">Servicii pe pia\u021b\u0103 muncii<\/a>\n\t\t<\/li>\n<ol>\n<li>\n\t\t\t\t<a href=\"..\/informarea-si-consilierea-profesionala\/\">Informarea \u0219i consilierea profesional\u0103<\/a>\n\t\t\t<\/li>\n<li>\n\t\t\t\t<a href=\"..\/medierea-muncii\/\">Medierea muncii<\/a>\n\t\t\t<\/li>\n<li>\n\t\t\t\t<a href=\"..\/servicii-de-preconcediere\/\">Servicii de preconcediere<\/a>\n\t\t\t<\/li>\n<li>\n\t\t\t\t<a href=\"..\/acompaniament-personalizat-pentru-tinerii-cu-risc-de-marginalizare-sociala\/\">Acompaniament personalizat pentru tinerii cu risc de marginalizare social\u0103<\/a>\n\t\t\t<\/li>\n<\/ol>\n<li>\n\t\t\t<a href=\"..\/indemnizatii-de-somaj-si-venituri-de-completare\/\">Indemniza\u021bii de \u0219omaj \u0219i venituri de completare<\/a>\n\t\t<\/li>\n<ol>\n<li>\n\t\t\t\t<a href=\"..\/indemnizatie-de-somaj-pentru-absolventii-institutiilor-de-invatamant\/\">Indemniza\u021bie de \u0219omaj pentru absolven\u021bii institu\u021biilor de &icirc;nv\u0103\u021b\u0103m&acirc;nt<\/a>\n\t\t\t<\/li>\n<li>\n\t\t\t\t<a href=\"..\/indemnizatie-de-somaj-pentru-persoanele-cu-experienta-in-munca\/\">Indemniza\u021bie de \u0219omaj pentru persoanele cu experien\u021b\u0103 &icirc;n munc\u0103<\/a>\n\t\t\t<\/li>\n<li>\n\t\t\t\t<a href=\"..\/venitul-lunar-de-completare\/\">Venitul lunar de completare<\/a>\n\t\t\t<\/li>\n<\/ol>\n<li>\n\t\t\t<a href=\"..\/stimulente-pentru-ocupare-acordate-persoanelor-inregistrate-in-evidentele-anofm\/\">Stimulente pentru ocupare acordate persoanelor &icirc;nregistrate &icirc;n eviden\u021bele ANOFM<\/a>\n\t\t<\/li>\n<ol>\n<li>\n\t\t\t\t<a href=\"..\/completarea-veniturilor-salariale-ale-angajatilor-care-se-incadreaza-inainte-de-expirarea-perioadei-de-somaj\/\">Completarea veniturilor salariale ale angaja\u021bilor care se &icirc;ncadreaz\u0103 &icirc;nainte de expirarea perioadei de \u0219omaj<\/a>\n\t\t\t<\/li>\n<li>\n\t\t\t\t<a href=\"..\/prima-de-insertie-absolventi\/\">Prim\u0103 de inser\u021bie (absolven\u021bi)<\/a>\n\t\t\t<\/li>\n<li>\n\t\t\t\t<a href=\"..\/prima-de-activare\/\">Prim\u0103 de activare<\/a>\n\t\t\t<\/li>\n<li>\n\t\t\t\t<a href=\"..\/stimularea-mobilitatii-prima-de-instalare\/\">Stimularea mobilit\u0103\u021bii: Prim\u0103 de instalare<\/a>\n\t\t\t<\/li>\n<li>\n\t\t\t\t<a href=\"..\/stimularea-mobilitatii-prima-de-incadrare\/\">Stimularea mobilit\u0103\u021bii: Prim\u0103 de &icirc;ncadrare<\/a>\n\t\t\t<\/li>\n<li>\n\t\t\t\t<a href=\"..\/stimularea-mobilitatii-prima-de-relocare\/\">Stimularea mobilit\u0103\u021bii: Prim\u0103 de relocare<\/a>\n\t\t\t<\/li>\n<\/ol>\n<li>\n\t\t\t<a href=\"..\/formare-profesionala-evaluare-si-certificare-competente-ucenicie-si-stagiu\/\">Formare profesional\u0103, evaluare \u0219i certificare competen\u021be, ucenicie \u0219i stagiu<\/a>\n\t\t<\/li>\n<ol>\n<li>\n\t\t\t\t<a href=\"..\/ucenicia-la-locul-de-munca\/\">Ucenicia la locul de munc\u0103<\/a>\n\t\t\t<\/li>\n<li>\n\t\t\t\t<a href=\"..\/stagiu-profesional-pentru-absolventii-de-invatamant-superior\/\">Stagiu profesional pentru absolven\u021bii de &icirc;nv\u0103\u021b\u0103m&acirc;nt superior<\/a>\n\t\t\t<\/li>\n<li>\n\t\t\t\t<a href=\"..\/programe-de-formare-profesionala-pentru-persoanele-aflate-in-cautarea-unui-loc-de-munca\/\">Programe de formare profesional\u0103 pentru persoanele aflate &icirc;n c\u0103utarea unui loc de munc\u0103<\/a>\n\t\t\t<\/li>\n<li>\n\t\t\t\t<a href=\"..\/evaluare-si-certificare-competente-dobandite-pe-alte-cai-decat-cele-formale\/\">Evaluare \u0219i certificare competen\u021be dob&acirc;ndite pe alte c\u0103i dec&acirc;t cele formale<\/a>\n\t\t\t<\/li>\n<li>\n\t\t\t\t<a href=\"..\/programe-de-formare-profesionala-pentru-persoanele-aflate-in-detentie\/\">Programe de formare profesional\u0103 pentru persoanele aflate &icirc;n deten\u021bie<\/a>\n\t\t\t<\/li>\n<\/ol>\n<li>\n\t\t\t<a href=\"..\/stimulente-de-start-up\/\">Stimulente de start-up<\/a>\n\t\t<\/li>\n<ol>\n<li>\n\t\t\t\t<a href=\"..\/consultanta-si-asistenta-pentru-inceperea-unei-activitati-independente-sau-initierea-unei-afaceri\/\">Consultan\u021b\u0103 \u0219i asisten\u021b\u0103 pentru &icirc;nceperea unei activit\u0103\u021bi independente sau ini\u021bierea unei afaceri<\/a>\n\t\t\t<\/li>\n<li>\n\t\t\t\t<a href=\"..\/credite-in-conditii-avantajoase-pentru-somerii-care-creeaza-locuri-de-munca-pentru-someri\/\">Credite &icirc;n condi\u021bii avantajoase pentru \u0219omerii care creeaz\u0103 locuri de munc\u0103 pentru \u0219omeri<\/a>\n\t\t\t<\/li>\n<li>\n\t\t\t\t<a href=\"..\/credite-in-conditii-avantajoase-pentru-alte-persoane-care-creeaza-locuri-de-munca-pentru-someri\/\">Credite &icirc;n condi\u021bii avantajoase pentru alte persoane care creeaz\u0103 locuri de munc\u0103 pentru \u0219omeri<\/a>\n\t\t\t<\/li>\n<\/ol>\n<li>\n\t\t\t<a href=\"..\/cv-europass\/\">CV EUROPASS<\/a>\n\t\t<\/li>\n<li>\n\t\t\t<a href=\"..\/categorie\/formulare-persoane-fizice\/\">Formulare persoane fizice<\/a>\n\t\t<\/li>\n<li>\n\t\t\t<a href=\"..\/categorie\/servicii-cetateni-ucraina\/\">Servicii cet\u0103\u021beni Ucraina<\/a>\n\t\t<\/li>\n<\/ul>\n<\/ul>\n<ul>\n<li>\n\t\t<a href=\"..\/persoane-juridice\/\">Persoane juridice<\/a>\n\t<\/li>\n<\/ul>\n<ul>\n<ul>\n<li>\n\t\t\t<a href=\"..\/obligatii-angajatori\/\">Obliga\u021bii angajatori<\/a>\n\t\t<\/li>\n<ol>\n<li>\n\t\t\t\t<a href=\"..\/declarare-locuri-de-munca-vacante\/\">Declarare locuri de munc\u0103 vacante<\/a>\n\t\t\t<\/li>\n<li>\n\t\t\t\t<a href=\"..\/disponibilizari-colective-servicii-de-preconcediere\/\">Disponibiliz\u0103ri colective\/servicii de preconcediere<\/a>\n\t\t\t<\/li>\n<li>\n\t\t\t\t<a href=\"..\/inregistrare-programe-internship\/\">&Icirc;nregistrare programe internship<\/a>\n\t\t\t<\/li>\n<\/ol>\n<li>\n\t\t\t<a href=\"..\/stimulente-acordate-angajatorilor\/\">Stimulente acordate angajatorilor<\/a>\n\t\t<\/li>\n<ol>\n<li>\n\t\t\t\t<a href=\"..\/subventionarea-locurilor-de-munca-pentru-absolventii-de-invatamant\/\">Subven\u021bionarea locurilor de munc\u0103 pentru absolven\u021bii de &icirc;nv\u0103\u021b\u0103m&acirc;nt<\/a>\n\t\t\t<\/li>\n<li>\n\t\t\t\t<a href=\"..\/subventionarea-locurilor-de-munca-pentru-tinerii-neet\/\">Subven\u021bionarea locurilor de munc\u0103 pentru tinerii NEET<\/a>\n\t\t\t<\/li>\n<li>\n\t\t\t\t<a href=\"..\/subventii-acordate-pentru-incadrarea-tinerilor-in-risc-de-marginalizare-sociala\/\">Subven\u021bii acordate pentru &icirc;ncadrarea tinerilor &icirc;n risc de marginalizare social\u0103<\/a>\n\t\t\t<\/li>\n<li>\n\t\t\t\t<a href=\"..\/subventionarea-locurilor-de-munca-pentru-somerii-de-lunga-durata\/\">Subven\u021bionarea locurilor de munc\u0103 pentru \u0219omerii de lung\u0103 durat\u0103<\/a>\n\t\t\t<\/li>\n<li>\n\t\t\t\t<a href=\"..\/subventionarea-locurilor-de-munca-pentru-persoane-cu-handicap\/\">Subven\u021bionarea locurilor de munc\u0103 pentru persoane cu handicap<\/a>\n\t\t\t<\/li>\n<li>\n\t\t\t\t<a href=\"..\/subventionarea-locurilor-de-munca-pentru-somerii-care-sunt-unici-sustinatori-ai-familiilor-monoparentale\/\">Subven\u021bionarea locurilor de munc\u0103 pentru \u0219omerii care sunt unici sus\u021bin\u0103tori ai familiilor monoparentale<\/a>\n\t\t\t<\/li>\n<li>\n\t\t\t\t<a href=\"..\/subventionarea-locurilor-de-munca-pentru-somerii-peste-45-de-ani\/\">Subven\u021bionarea locurilor de munc\u0103 pentru \u0219omerii peste 45 de ani<\/a>\n\t\t\t<\/li>\n<li>\n\t\t\t\t<a href=\"..\/subventionarea-locurilor-de-munca-pentru-somerii-care-in-termen-de-5-ani-de-la-data-angajarii-indeplinesc-conditiile-de-pensionare\/\">Subven\u021bionarea locurilor de munc\u0103 pentru \u0219omerii care, &icirc;n termen de 5 ani de la dat\u0103 angaj\u0103rii, &icirc;ndeplinesc condi\u021biile de pensionare<\/a>\n\t\t\t<\/li>\n<li>\n\t\t\t\t<a href=\"..\/subventii-acordate-pentru-organizarea-de-programe-de-ucenicie\/\">Subven\u021bii acordate pentru organizarea de programe de ucenicie<\/a>\n\t\t\t<\/li>\n<li>\n\t\t\t\t<a href=\"..\/subventii-pentru-efectuarea-stagiului-pentru-absolventii-de-invatamant-superior\/\">Subven\u021bii pentru efectuarea stagiului pentru absolven\u021bii de &icirc;nv\u0103\u021b\u0103m&acirc;nt superior<\/a>\n\t\t\t<\/li>\n<li>\n\t\t\t\t<a href=\"..\/subventii-pentru-incadrarea-elevilor-si-studentilor-pe-perioada-vacantelor\/\">Subven\u021bii pentru &icirc;ncadrarea elevilor \u0219i studen\u021bilor pe perioada vacan\u021belor<\/a>\n\t\t\t<\/li>\n<li>\n\t\t\t\t<a href=\"..\/ajutor-financiar-acordat-angajatorilor-portivit-art-841\/\">Ajutor financiar acordat angajatorilor portivit Art. 84^1<\/a>\n\t\t\t<\/li>\n<\/ol>\n<li>\n\t\t\t<a href=\"..\/categorie\/economie-sociala\/\">Economie social\u0103<\/a>\n\t\t<\/li>\n<li>\n\t\t\t<a href=\"..\/categorie\/formulare-persoane-juridice\/\">Formulare persoane juridice<\/a>\n\t\t<\/li>\n<\/ul>\n<\/ul>\n<ul>\n<li>\n\t\t<a href=\"..\/comunicare\/\">Comunicare<\/a>\n\t<\/li>\n<\/ul>\n<ul>\n<ul>\n<li>\n\t\t\t<a href=\"..\/categorie\/comunicate-de-presa\/\">Comunicate de pres\u0103<\/a>\n\t\t<\/li>\n<li>\n\t\t\t<a href=\"..\/evenimente\/\">Evenimente<\/a>\n\t\t<\/li>\n<li>\n\t\t\t<a href=\"..\/categorie\/materiale-informative\/\">Materiale informative<\/a>\n\t\t<\/li>\n<li>\n\t\t\t<a href=\"..\/intrebari-frecvente\/\">&Icirc;ntreb\u0103ri frecvente<\/a>\n\t\t<\/li>\n<li>\n\t\t\t<a href=\"..\/categorie\/anunturi-diverse\/\">Anun\u021buri diverse<\/a>\n\t\t<\/li>\n<\/ul>\n<\/ul>\n<ul>\n<li>\n\t\t<a href=\"..\/legislatie\/\">Legisla\u021bie<\/a>\n\t<\/li>\n<\/ul>\n<ul>\n<ul>\n<li>\n\t\t\t<a href=\"..\/categorie\/legislatie\/\">Legisla\u021bie<\/a>\n\t\t<\/li>\n<li>\n\t\t\t<a href=\"..\/categorie\/transparenta-decizionala\/\">Transparen\u021b\u0103 decizional\u0103<\/a>\n\t\t<\/li>\n<\/ul>\n<\/ul>\n<ul>\n<li>\n\t\t<a href=\"..\/legaturi-utile\/\">Leg\u0103turi utile<\/a>\n\t<\/li>\n<\/ul>\n<ul>\n<li>\n\t\t<a href=\"..\/registre\/\">Registre<\/a>\n\t<\/li>\n<\/ul>\n<ul>\n<ul>\n<li>\n\t\t\t<a href=\"..\/registrul-unic-de-evidenta-a-intreprinderilor-sociale\/\">Registrul unic de eviden\u021b\u0103 a &icirc;ntreprinderilor sociale<\/a>\n\t\t<\/li>\n<li>\n\t\t\t<a href=\"..\/registrul-national-al-furnizorilor-de-servicii-de-ocupare-acreditati\/\">Registrul na\u021bional al furnizorilor de servicii de ocupare acredita\u021bi<\/a>\n\t\t<\/li>\n<li>\n\t\t\t<a href=\"..\/registrul-de-evidenta-a-contractelor-de-internship\/\">Registrul de eviden\u021b\u0103 a contractelor de internship<\/a>\n\t\t<\/li>\n<li>\n\t\t\t<a href=\"..\/categorie\/registrul-angajatorilor-de-ucenici\/\">Registrul angajatorilor de ucenici<\/a>\n\t\t<\/li>\n<li>\n\t\t\t<a href=\"..\/categorie\/registrul-angajatorilor-la-care-se-efectueaza-stagiu\/\">Registrul angajatorilor la care se efectueaz\u0103 stagiu<\/a>\n\t\t<\/li>\n<\/ul>\n<\/ul>\n<ul>\n<li>\n\t\t<a href=\"..\/legaturi-eures\/\">EURES<\/a>\n\t<\/li>\n<li>\n\t\t<a href=\"..\/categorie\/proiecte\/\">Proiecte<\/a>\n\t<\/li>\n<li>\n\t\t<a href=\"..\/contact\/\">Contact<\/a>\n\t<\/li>\n<\/ul>\n","protected":false},"excerpt":{"rendered":"<p>Despre noi Istoric Misiune Legisla\u021bie Institu\u021bional\u0103 Conducere Organizare Regulamentul de organizare \u0219i func\u021bionare Organigram\u0103 Institu\u021bii subordonate Regulament intern Comisia Paritar\u0103 Carier\u0103 profesional\u0103 Strategii Programe, statistici Programul de Ocupare Programul de<\/p>\n","protected":false},"author":1,"featured_media":0,"parent":0,"menu_order":1060,"comment_status":"closed","ping_status":"closed","template":"","meta":{"footnotes":""},"class_list":["post-2896","page","type-page","status-publish","hentry"],"_links":{"self":[{"href":"https:\/\/www.anofm.ro\/bucuresti\/wp-json\/wp\/v2\/pages\/2896","targetHints":{"allow":["GET"]}}],"collection":[{"href":"https:\/\/www.anofm.ro\/bucuresti\/wp-json\/wp\/v2\/pages"}],"about":[{"href":"https:\/\/www.anofm.ro\/bucuresti\/wp-json\/wp\/v2\/types\/page"}],"author":[{"embeddable":true,"href":"https:\/\/www.anofm.ro\/bucuresti\/wp-json\/wp\/v2\/users\/1"}],"replies":[{"embeddable":true,"href":"https:\/\/www.anofm.ro\/bucuresti\/wp-json\/wp\/v2\/comments?post=2896"}],"version-history":[{"count":0,"href":"https:\/\/www.anofm.ro\/bucuresti\/wp-json\/wp\/v2\/pages\/2896\/revisions"}],"wp:attachment":[{"href":"https:\/\/www.anofm.ro\/bucuresti\/wp-json\/wp\/v2\/media?parent=2896"}],"curies":[{"name":"wp","href":"https:\/\/api.w.org\/{rel}","templated":true}]}}