{"id":2353,"date":"2023-12-14T23:54:05","date_gmt":"2023-12-14T20:54:05","guid":{"rendered":"https:\/\/www.anofm.ro\/registrul-de-evidenta-a-contractelor-de-internship\/"},"modified":"2024-09-13T11:24:32","modified_gmt":"2024-09-13T08:24:32","slug":"registrul-de-evidenta-a-contractelor-de-internship","status":"publish","type":"page","link":"https:\/\/www.anofm.ro\/bucuresti\/registrul-de-evidenta-a-contractelor-de-internship\/","title":{"rendered":"Registrul de eviden\u021b\u0103 a contractelor de internship"},"content":{"rendered":"\n<p>Registrul Internship este o platform\u0103 centralizat\u0103 esen\u021bial\u0103 pentru \u00eenregistrarea \u0219i monitorizarea contractelor de internship la nivel na\u021bional.<\/p>\n\n\n\n<p>Angajatorii au obliga\u021bia de a completa \u0219i transmite datele \u0219i informa\u021biile din contractul de internship \u00een Registrul Internship cel t\u00e2rziu \u00een ultima zi lucr\u0103toare anterioar\u0103 \u00eenceperii activit\u0103\u021bii \u00een cadrul programului de internship.<\/p>\n\n\n\n<p>\u00cenregistrarea contractelor \u00een Registrul Internship poate fi f\u0103cut\u0103 prin platforma PULS acces\u00e2nd linkul de mai jos<\/p>\n\n\n\n<a class=\"btn\" href=\"https:\/\/puls.anofm.ro\/\" target=\"\" rel=\"noopener\">https:\/\/puls.anofm.ro\/<\/a>\n\n\n\n<p><\/p>\n","protected":false},"excerpt":{"rendered":"<p>Registrul Internship este o platform\u0103 centralizat\u0103 esen\u021bial\u0103 pentru \u00eenregistrarea \u0219i monitorizarea contractelor de internship la nivel na\u021bional. Angajatorii au obliga\u021bia de a completa \u0219i transmite datele \u0219i informa\u021biile din contractul<\/p>\n","protected":false},"author":1,"featured_media":0,"parent":0,"menu_order":1010,"comment_status":"closed","ping_status":"closed","template":"template-parts\/content-with-sidebar.php","meta":{"footnotes":""},"class_list":["post-2353","page","type-page","status-publish","hentry"],"_links":{"self":[{"href":"https:\/\/www.anofm.ro\/bucuresti\/wp-json\/wp\/v2\/pages\/2353","targetHints":{"allow":["GET"]}}],"collection":[{"href":"https:\/\/www.anofm.ro\/bucuresti\/wp-json\/wp\/v2\/pages"}],"about":[{"href":"https:\/\/www.anofm.ro\/bucuresti\/wp-json\/wp\/v2\/types\/page"}],"author":[{"embeddable":true,"href":"https:\/\/www.anofm.ro\/bucuresti\/wp-json\/wp\/v2\/users\/1"}],"replies":[{"embeddable":true,"href":"https:\/\/www.anofm.ro\/bucuresti\/wp-json\/wp\/v2\/comments?post=2353"}],"version-history":[{"count":2,"href":"https:\/\/www.anofm.ro\/bucuresti\/wp-json\/wp\/v2\/pages\/2353\/revisions"}],"predecessor-version":[{"id":5231,"href":"https:\/\/www.anofm.ro\/bucuresti\/wp-json\/wp\/v2\/pages\/2353\/revisions\/5231"}],"wp:attachment":[{"href":"https:\/\/www.anofm.ro\/bucuresti\/wp-json\/wp\/v2\/media?parent=2353"}],"curies":[{"name":"wp","href":"https:\/\/api.w.org\/{rel}","templated":true}]}}